{"id":12910,"date":"2026-01-06T17:56:18","date_gmt":"2026-01-06T16:56:18","guid":{"rendered":"https:\/\/deep-space-astronomy.ch\/?post_type=product&#038;p=12910"},"modified":"2026-03-29T17:40:11","modified_gmt":"2026-03-29T15:40:11","slug":"lampe-frontale-double-eclairage-pour-photographie-nocturne","status":"publish","type":"product","link":"https:\/\/deep-space-astronomy.ch\/de\/produkt\/lampe-frontale-double-eclairage-pour-photographie-nocturne\/","title":{"rendered":"Stirnlampe mit doppelter Beleuchtung f\u00fcr die Nachtfotografie"},"content":{"rendered":"<h3>Stirnlampe mit doppelter Beleuchtung f\u00fcr die Nachtfotografie<\/h3>\n<p>Diese Stirnlampe wurde speziell f\u00fcr die Nachtfotografie und Astrofotografie entwickelt. Sie verf\u00fcgt \u00fcber <strong>zwei v\u00f6llig getrennte Tasten<\/strong>, Die Kamera verf\u00fcgt \u00fcber eine Reihe von LEDs, eine f\u00fcr jede Lichtfarbe, um Fehlbedienungen im Dunkeln zu vermeiden. Dank des robusten Designs k\u00f6nnen Sie die Kamera in aller Ruhe verwenden, ohne bef\u00fcrchten zu m\u00fcssen, dass andere Fotografen geblendet werden.<\/p>\n<h3>Funktionale Beschreibung<\/h3>\n<ul>\n<li><strong>Knopf 1 :<\/strong> rotes Licht<\/li>\n<li><strong>Knopf 2 :<\/strong> wei\u00dfes Licht<\/li>\n<\/ul>\n<p>Jede Lichtfarbe hat ihre eigene, dedizierte Taste, sodass die Bedienung intuitiv und perfekt f\u00fcr Nachtaufnahmen geeignet ist.<\/p>\n<h3>Technische Spezifikationen<\/h3>\n<ul>\n<li><strong>Gewicht :<\/strong> 79 g<\/li>\n<li><strong>Maximale Helligkeit :<\/strong> 220 Lumen<\/li>\n<li><strong>Laufzeit des Lithium-Akkus :<\/strong>\n<ul>\n<li>Ca. 4 Stunden bei maximaler Leistung<\/li>\n<li>Bis zu 30 Stunden bei minimaler Leistung<\/li>\n<\/ul>\n<\/li>\n<li><strong>Ladezeit :<\/strong> ca. 6 Stunden<\/li>\n<\/ul>\n<h3>Warum sollte man rotes Licht verwenden?<\/h3>\n<p>Bei der Nachtfotografie m\u00fcssen Sie in der Regel <strong>20 bis 30 Minuten<\/strong> damit sich die Augen vollst\u00e4ndig an die Dunkelheit anpassen k\u00f6nnen. Rotes Licht hat den Vorteil, dass <strong>diese Anpassung nicht st\u00f6ren<\/strong>. Umgekehrt zwingt wei\u00dfes Licht die Augen, sich wieder an die Dunkelheit zu gew\u00f6hnen, was die Arbeit des Fotografen stark beeintr\u00e4chtigen kann.<\/p>\n<h3>Warum sind separate Power-Buttons wichtig?<\/h3>\n<p>Wie erkl\u00e4rt <strong>Jim Doty<\/strong> :<\/p>\n<p>\u00abNachdem ich Dutzende von Nachtfotografieausfl\u00fcgen geleitet habe, habe ich festgestellt, dass eine der frustrierendsten Situationen darin besteht, dass eine Person versehentlich das wei\u00dfe Licht einschaltet und damit die Anpassung der gesamten Gruppe an die Dunkelheit st\u00f6rt. Bei manchen Stirnlampen besteht das Problem, dass man erst alle Einstellungen f\u00fcr das wei\u00dfe Licht durchlaufen muss, bevor man auf das rote Licht zugreifen kann. Dies ist eine unpraktische Konstruktion f\u00fcr die Nachtfotografie\u00bb.\u00bb<\/p>\n<p>Aus diesem Grund ist das wichtigste Merkmal einer Stirnlampe, die der Astrofotografie gewidmet ist, das Vorhandensein eines <strong>Taste, die vollst\u00e4ndig der roten LED gewidmet ist<\/strong>, Die LED-Leuchte ist mit einem Schalter ausgestattet, der ein sofortiges Ein- und Ausschalten ohne Fehlerrisiko erm\u00f6glicht.<\/p>","protected":false},"excerpt":{"rendered":"<p>Lampe frontale double \u00e9clairage pour photographie nocturne Cette lampe frontale est sp\u00e9cialement con\u00e7ue pour la photographie nocturne et l\u2019astrophotographie. Elle dispose de deux boutons totalement s\u00e9par\u00e9s, un pour chaque couleur de lumi\u00e8re, afin d\u2019\u00e9viter toute erreur de manipulation dans l\u2019obscurit\u00e9. Sa conception robuste vous permet de l\u2019utiliser en toute s\u00e9r\u00e9nit\u00e9, sans craindre d\u2019\u00e9blouir les autres [&hellip;]<\/p>\n","protected":false},"featured_media":12911,"comment_status":"open","ping_status":"closed","template":"","meta":[],"product_brand":[821],"product_cat":[816,19,858,833],"product_tag":[],"class_list":{"0":"post-12910","1":"product","2":"type-product","3":"status-publish","4":"has-post-thumbnail","6":"product_brand-move-shoot-move","7":"product_cat-nouveautes","8":"product_cat-accessoires","9":"product_cat-lampes-frontales","10":"product_cat-en-stock","12":"first","13":"instock","14":"taxable","15":"shipping-taxable","16":"purchasable","17":"product-type-simple"},"_links":{"self":[{"href":"https:\/\/deep-space-astronomy.ch\/de\/wp-json\/wp\/v2\/product\/12910","targetHints":{"allow":["GET"]}}],"collection":[{"href":"https:\/\/deep-space-astronomy.ch\/de\/wp-json\/wp\/v2\/product"}],"about":[{"href":"https:\/\/deep-space-astronomy.ch\/de\/wp-json\/wp\/v2\/types\/product"}],"replies":[{"embeddable":true,"href":"https:\/\/deep-space-astronomy.ch\/de\/wp-json\/wp\/v2\/comments?post=12910"}],"wp:featuredmedia":[{"embeddable":true,"href":"https:\/\/deep-space-astronomy.ch\/de\/wp-json\/wp\/v2\/media\/12911"}],"wp:attachment":[{"href":"https:\/\/deep-space-astronomy.ch\/de\/wp-json\/wp\/v2\/media?parent=12910"}],"wp:term":[{"taxonomy":"product_brand","embeddable":true,"href":"https:\/\/deep-space-astronomy.ch\/de\/wp-json\/wp\/v2\/product_brand?post=12910"},{"taxonomy":"product_cat","embeddable":true,"href":"https:\/\/deep-space-astronomy.ch\/de\/wp-json\/wp\/v2\/product_cat?post=12910"},{"taxonomy":"product_tag","embeddable":true,"href":"https:\/\/deep-space-astronomy.ch\/de\/wp-json\/wp\/v2\/product_tag?post=12910"}],"curies":[{"name":"wp","href":"https:\/\/api.w.org\/{rel}","templated":true}]}}