{"id":12914,"date":"2026-01-06T18:03:27","date_gmt":"2026-01-06T17:03:27","guid":{"rendered":"https:\/\/deep-space-astronomy.ch\/?post_type=product&#038;p=12914"},"modified":"2026-03-29T17:39:44","modified_gmt":"2026-03-29T15:39:44","slug":"filtre-msm-easy-focus-star-focus-ideal-pour-la-photographie-detoiles","status":"publish","type":"product","link":"https:\/\/deep-space-astronomy.ch\/de\/produkt\/filtre-msm-easy-focus-star-focus-ideal-pour-la-photographie-detoiles\/","title":{"rendered":"MSM Easy Focus-Filter - Star Focus - ideal f\u00fcr die Sternenfotografie"},"content":{"rendered":"<h3 style=\"text-align: center;\">Star Focus-Filter f\u00fcr Astrofotografie<\/h3>\n<p>Die <strong>Star Focus-Filter<\/strong> ist ein Zubeh\u00f6rteil, das f\u00fcr Kameras entwickelt wurde, um eine <strong>extrem genaue Fokussierung auf Sterne<\/strong>. Bei der Astrofotografie ist das zuverl\u00e4ssige Scharfstellen in der Dunkelheit oft einer der schwierigsten Schritte. Dank seines <strong>integrierte Bahtinov-Maske<\/strong>, Der Star Focus Filter erm\u00f6glicht es, den optimalen Fokuspunkt klar zu erkennen.<\/p>\n<p><strong>Wichtig :<\/strong> nur die <strong>Vollversion mit allen Adaptern<\/strong> ist erh\u00e4ltlich. Sie wird mit einem 82-mm-Filter und allen unten aufgelisteten Adapterringen geliefert.<\/p>\n<p><img decoding=\"async\" src=\"https:\/\/www.moveshootmove.com\/cdn\/shop\/files\/9db17b7441f2618501fe22d2fab1e784_1800x1800.jpg?v=1748251570\" \/><\/p>\n<h3>Kompatibilit\u00e4t mit Zoomobjektiven<\/h3>\n<p>Der Star-Focus-Filter ist <strong>perfekt kompatibel mit Zoomobjektiven<\/strong>. Je l\u00e4nger die verwendete Brennweite ist, desto besser ist die Fokussierungsleistung. Er funktioniert auch sehr gut mit Weitwinkelobjektiven.<\/p>\n<p>Videodemonstrationen werden in der Regel in Innenr\u00e4umen mit einer roten LED durchgef\u00fchrt (Testbeispiel: Canon 600D mit Objektiv Canon EF-S 18-135 mm 1:3,5-5,6 bei 18 mm).<\/p>\n<h3>Wie w\u00e4hle ich den richtigen Adapter?<\/h3>\n<p>W\u00e4hlen Sie einfach den Ring aus, der dem Gewindedurchmesser Ihres Objektivs entspricht. Der Hauptfilter ist in <strong>82 mm<\/strong>, Die mitgelieferten Adapter erm\u00f6glichen die Verwendung an den meisten g\u00e4ngigen Fotoobjektiven.<\/p>\n<h3>Wie verwende ich den Star-Focus-Filter?<\/h3>\n<h3>Methode 1 - Fokussieren in Live View<\/h3>\n<ol>\n<li>Befestigen Sie den Star Focus Filter an Ihrer Kamera.<\/li>\n<li>Aktivieren Sie den Modus <strong>Live View<\/strong>, stellen Sie den ISO-Wert auf die h\u00f6chste Stufe (ISO 1600 oder h\u00f6her) und die Belichtungszeit auf <strong>10 Sekunden oder mehr<\/strong>.<\/li>\n<li>Passen Sie den Bildausschnitt so an, dass der helle Stern oder die Lichtquelle perfekt zentriert ist. Es wird empfohlen, einen Stern mit <strong>Magnitude 1<\/strong>.<\/li>\n<li>Zoomen Sie in das Bild und drehen Sie den Fokusring, bis Folgendes angezeigt wird <strong>drei d\u00fcnne Beugungslinien<\/strong>.<\/li>\n<li>Passen Sie den Fokus an, bis die drei Linien in einem Punkt zusammenlaufen: Dann ist der Fokus optimal eingestellt.<\/li>\n<\/ol>\n<h3>Methode 2 - Nach Testfotos<\/h3>\n<p>Diese Methode ist n\u00fctzlich, wenn keine hellen Sterne zu sehen sind oder die Blende des Objektivs zu klein ist.<\/p>\n<ol>\n<li>Befestigen Sie den Star Focus Filter an der Kamera.<\/li>\n<li>Stellen Sie den Fokus ungef\u00e4hr auf Unendlich ein.<\/li>\n<li>Verwenden Sie einen hohen ISO-Wert und eine kurze Belichtungszeit (einige Sekunden) und machen Sie dann ein Testfoto.<\/li>\n<li>Analysieren Sie die drei Linien auf dem Bild :\n<ul>\n<li>Wenn der Mittelpunkt links liegt, drehen Sie den Ring nach rechts.<\/li>\n<li>Wenn er rechts steht, drehen Sie den Ring nach links.<\/li>\n<\/ul>\n<\/li>\n<li>Nehmen Sie ein neues Testfoto auf und wiederholen Sie dies, bis die drei Spitzen perfekt konvergieren.<\/li>\n<\/ol>\n<p><strong>Bemerkung :<\/strong> der Filter kann auch in der Hand gehalten werden, was eine punktuelle Verwendung ohne Adapter erm\u00f6glicht.<\/p>\n<h3>Tipps zur Verwendung<\/h3>\n<ul>\n<li>Positionieren Sie den hellen Stern immer in der Mitte des Rahmens.<\/li>\n<li>Stellen Sie bei Weitwinkelobjektiven die Blende auf ihre <strong>H\u00f6chstwert<\/strong>.<\/li>\n<li>Der Filter ist nicht verschlei\u00dffest: Bewahren Sie ihn nach dem Gebrauch in seinem Etui auf.<\/li>\n<li>Bei Staub oder \u00d6lspuren verwenden Sie einen Pinsel und ein neutrales Reinigungsmittel.<\/li>\n<li>Nicht in einer Umgebung mit hohen Temperaturen lagern.<\/li>\n<\/ul>\n<h3>Empfohlene Blenden je nach Brennweite<\/h3>\n<table>\n<thead>\n<tr>\n<th>Brennweite (mm)<\/th>\n<th>Empfohlene Blende (F)<\/th>\n<\/tr>\n<\/thead>\n<tbody>\n<tr>\n<td>10-11<\/td>\n<td>f\/1.2 - f\/2.5<\/td>\n<\/tr>\n<tr>\n<td>12<\/td>\n<td>f\/1.2 - f\/2.8<\/td>\n<\/tr>\n<tr>\n<td>14<\/td>\n<td>f\/1.2 - f\/3.5<\/td>\n<\/tr>\n<tr>\n<td>16<\/td>\n<td>f\/1.2 - f\/4.0<\/td>\n<\/tr>\n<tr>\n<td>18<\/td>\n<td>f\/1.2 - f\/4.5<\/td>\n<\/tr>\n<tr>\n<td>20<\/td>\n<td>f\/1.2 - f\/5.0<\/td>\n<\/tr>\n<tr>\n<td>24<\/td>\n<td>f\/1.2 - f\/5.6<\/td>\n<\/tr>\n<tr>\n<td>28 \u00e0 600+<\/td>\n<td>f\/1.2 - f\/5.6 oder h\u00f6her geschlossen<\/td>\n<\/tr>\n<\/tbody>\n<\/table>\n<h3>Technische Spezifikationen<\/h3>\n<ul>\n<li><strong>Durchmesser des Hauptfilters :<\/strong> 82 mm<\/li>\n<li><strong>Inklusive Adapterringe :<\/strong> 49 mm, 52 mm, 55 mm, 58 mm, 62 mm, 67 mm, 72 mm, 77 mm<\/li>\n<li><strong>Gewicht :<\/strong> 20 g (ohne Adapterring)<\/li>\n<li><strong>Gewicht mit Ring :<\/strong> 30,3 g<\/li>\n<\/ul>\n<h3>Inhalt der verf\u00fcgbaren Version<\/h3>\n<p>Die <strong>einzige vorgeschlagene Version<\/strong> wird geliefert mit :<\/p>\n<ul>\n<li>1 Star Focus Filter von <strong>82 mm<\/strong><\/li>\n<li>8 Adapterringe: 49 mm, 52 mm, 55 mm, 58 mm, 62 mm, 67 mm, 72 mm, 77 mm<\/li>\n<\/ul>\n<p><strong>Bemerkung :<\/strong> der Star Focus Filter kann mithilfe der mitgelieferten Adapterringe auch mit anderen Objektiven verwendet werden.<\/p>\n<h3>FAQ<\/h3>\n<p><strong>F1: Bei welchen Brennweiten funktioniert dieser Filter (14 mm, 20 mm, 35 mm, 50 mm)?<\/strong><br \/>\nJa, der Filter funktioniert bei all diesen Brennweiten, auch bei Weitwinkelobjektiven, hervorragend. Bei l\u00e4ngeren Brennweiten und Zoomobjektiven funktioniert er sogar noch besser.<\/p>\n<p><strong>F2: Ich habe ein Nikon 24-70-mm-Objektiv mit einem 82-mm-Gewinde. Ist es kompatibel?<\/strong><br \/>\nJa. Der Hauptfilter hat eine Gr\u00f6\u00dfe von 82 mm und wird direkt auf Ihr Objektiv geschraubt.<\/p>\n<p><strong>F3: Muss der Filter nach dem Fokussieren entfernt werden?<\/strong><br \/>\nJa. Der Star Focus Filter muss vor der Aufnahme entfernt werden.<\/p>","protected":false},"excerpt":{"rendered":"<p>Filtre de mise au point Star Focus pour astrophotographie Le filtre Star Focus est un accessoire con\u00e7u pour les appareils photo afin d\u2019obtenir une mise au point extr\u00eamement pr\u00e9cise sur les \u00e9toiles. En astrophotographie, r\u00e9aliser une mise au point fiable dans l\u2019obscurit\u00e9 est souvent l\u2019une des \u00e9tapes les plus d\u00e9licates. Gr\u00e2ce \u00e0 son masque de [&hellip;]<\/p>\n","protected":false},"featured_media":12915,"comment_status":"open","ping_status":"closed","template":"","meta":[],"product_brand":[821],"product_cat":[816,19,833,609],"product_tag":[],"class_list":{"0":"post-12914","1":"product","2":"type-product","3":"status-publish","4":"has-post-thumbnail","6":"product_brand-move-shoot-move","7":"product_cat-nouveautes","8":"product_cat-accessoires","9":"product_cat-en-stock","10":"product_cat-systeme-de-map-robotique","12":"first","13":"instock","14":"taxable","15":"shipping-taxable","16":"purchasable","17":"product-type-simple"},"_links":{"self":[{"href":"https:\/\/deep-space-astronomy.ch\/de\/wp-json\/wp\/v2\/product\/12914","targetHints":{"allow":["GET"]}}],"collection":[{"href":"https:\/\/deep-space-astronomy.ch\/de\/wp-json\/wp\/v2\/product"}],"about":[{"href":"https:\/\/deep-space-astronomy.ch\/de\/wp-json\/wp\/v2\/types\/product"}],"replies":[{"embeddable":true,"href":"https:\/\/deep-space-astronomy.ch\/de\/wp-json\/wp\/v2\/comments?post=12914"}],"wp:featuredmedia":[{"embeddable":true,"href":"https:\/\/deep-space-astronomy.ch\/de\/wp-json\/wp\/v2\/media\/12915"}],"wp:attachment":[{"href":"https:\/\/deep-space-astronomy.ch\/de\/wp-json\/wp\/v2\/media?parent=12914"}],"wp:term":[{"taxonomy":"product_brand","embeddable":true,"href":"https:\/\/deep-space-astronomy.ch\/de\/wp-json\/wp\/v2\/product_brand?post=12914"},{"taxonomy":"product_cat","embeddable":true,"href":"https:\/\/deep-space-astronomy.ch\/de\/wp-json\/wp\/v2\/product_cat?post=12914"},{"taxonomy":"product_tag","embeddable":true,"href":"https:\/\/deep-space-astronomy.ch\/de\/wp-json\/wp\/v2\/product_tag?post=12914"}],"curies":[{"name":"wp","href":"https:\/\/api.w.org\/{rel}","templated":true}]}}