{"id":1292,"date":"2024-12-18T16:54:58","date_gmt":"2024-12-18T15:54:58","guid":{"rendered":"https:\/\/deep-space-astronomy.geekworkers.dev\/?post_type=product&#038;p=1292"},"modified":"2025-06-03T10:36:31","modified_gmt":"2025-06-03T08:36:31","slug":"aplanisseurs-de-champs-pour-la-140apo","status":"publish","type":"product","link":"https:\/\/deep-space-astronomy.ch\/de\/produkt\/aplanisseurs-de-champs-pour-la-140apo\/","title":{"rendered":"Feldplaner f\u00fcr die 140APO"},"content":{"rendered":"<h3>Flattener 1.0x f\u00fcr Askar 140APO<\/h3>\n<p>Der 1,0x Flattener wurde speziell entwickelt, um die Leistung des Askar 140APO Teleskops zu optimieren. Durch die Beibehaltung eines Brennweitenverh\u00e4ltnisses von f\/7 und einer Brennweite von 980 mm garantiert dieser Flattener scharfe, verzerrungsfreie Bilder f\u00fcr hochwertige Beobachtungen und Aufnahmen. Er korrigiert effektiv die Feldkr\u00fcmmung und Koma und erm\u00f6glicht so flachere Feldr\u00e4nder und sch\u00e4rfere Sterne f\u00fcr ein optimiertes Seh- und Fotografieerlebnis.<\/p>\n<h3>Hauptmerkmale<\/h3>\n<ul>\n<li><strong>Optisches Design :<\/strong> Dieser Flattener verwendet ein optisches Triplet-Design und bietet ein Vollformat-Bildfeld von 44 mm, das ideal f\u00fcr gro\u00dfe Sensoren ist und ein gleichm\u00e4\u00dfiges Bild \u00fcber die gesamte Fl\u00e4che erm\u00f6glicht.<\/li>\n<li><strong>Gewicht und Abmessungen :<\/strong><\/li>\n<ul>\n<li><strong>Gewicht :<\/strong> 0,79 kg, ein ausgewogenes Verh\u00e4ltnis zwischen Robustheit und Handlichkeit.<\/li>\n<li><strong>Durchmesser :<\/strong> 88 mm, wodurch eine nahtlose Integration mit dem Askar 140APO gew\u00e4hrleistet wird.<\/li>\n<li><strong>Gesamtl\u00e4nge :<\/strong> 111 mm, f\u00fcr eine optimierte Montage in mehrere Abschnitte zerlegt.<\/li>\n<\/ul>\n<li><strong>Back Focus :<\/strong><\/li>\n<ul>\n<li>Die hintere Fokussierentfernung ist auf 55 mm von der Basis des M48-Au\u00dfengewindes standardisiert, was f\u00fcr pr\u00e4zise optische Einstellungen, insbesondere f\u00fcr Astrofotografie-Konfigurationen, unerl\u00e4sslich ist.<\/li>\n<\/ul>\n<li><strong>Kompatibilit\u00e4t und Verbindungen :<\/strong><\/li>\n<ul>\n<li><strong>Vorderes Gewinde :<\/strong> M68\u00d71, wodurch eine stabile Montage am Teleskop gew\u00e4hrleistet wird.<\/li>\n<li><strong>Hinteres Gewinde :<\/strong> Mehrere Anschlussoptionen, darunter M54\u00d70,75 und M48\u00d70,75, mit einem 2-Zoll-Filtergewinde (M48\u00d70,75). Diese Anschlussoptionen erm\u00f6glichen eine hohe Flexibilit\u00e4t f\u00fcr verschiedene Zubeh\u00f6rteile, einschlie\u00dflich Kameras und Filter.<\/li>\n<\/ul>\n<li><strong>Schutz und Nachbearbeitung :<\/strong><\/li>\n<ul>\n<li>Der Flattener ist CNC-gefr\u00e4st und hochwertig verarbeitet. Er ist an beiden Enden mit Metallkappen mit Gewinde versehen, die die optischen Oberfl\u00e4chen und Gewinde sch\u00fctzen, wenn er nicht in Gebrauch ist, und den Flattener vor Staub und Kratzern bewahren.<\/li>\n<\/ul>\n<\/ul>\n<h3>Weiteres Zubeh\u00f6r f\u00fcr den Askar 140APO<\/h3>\n<p>Neben dem Flattener 1.0x ist die Askar 140APO mit einem weiteren Premium-Zubeh\u00f6r kompatibel :<\/p>\n<ul>\n<li><strong>Getriebe 0.8x :<\/strong> Dieser Reducer verringert das \u00d6ffnungsverh\u00e4ltnis, um ein gr\u00f6\u00dferes Sichtfeld zu erm\u00f6glichen. Er ist ideal f\u00fcr die Beobachtung gro\u00dfer Teile des Himmels oder um ausgedehnte Details in Aufnahmen einzufangen.<\/li>\n<\/ul>\n<h3>Technische Spezifikationen<\/h3>\n<ul>\n<li><strong>Brennweite :<\/strong> 980 mm<\/li>\n<li><strong>Fokusbericht :<\/strong> f\/7<\/li>\n<li><strong>Optisches Design :<\/strong> Triplet<\/li>\n<li><strong>Bildfeld :<\/strong> 44 mm (Vollformat)<\/li>\n<li><strong>Back Focus :<\/strong> 55 mm (von der Basis des M48-Gewindes)<\/li>\n<li><strong>Gewicht :<\/strong> 0,79 kg<\/li>\n<li><strong>Durchmesser :<\/strong> 88 mm<\/li>\n<li><strong>Vorderes Gewinde :<\/strong> M68\u00d71<\/li>\n<li><strong>Hinteres Gewinde :<\/strong> M54\u00d70,75 und M48\u00d70,75 (mit integriertem 2-Zoll-Filtergewinde - M48\u00d70,75)<\/li>\n<li><strong>Schutz :<\/strong> Metallkappen mit Gewinde zum Schutz von optischen Oberfl\u00e4chen und Gewinden<\/li>\n<\/ul>","protected":false},"excerpt":{"rendered":"<p>Flattener 1.0x pour Askar 140APO Le flattener 1.0x est sp\u00e9cialement con\u00e7u pour optimiser les performances du t\u00e9lescope Askar 140APO. En pr\u00e9servant un rapport focal de f\/7 et une longueur focale de 980 mm, ce flattener garantit des images nettes et sans distorsion pour des observations et des prises de vues de haute qualit\u00e9. Il corrige [&hellip;]<\/p>\n","protected":false},"featured_media":5266,"comment_status":"open","ping_status":"closed","template":"","meta":[],"product_brand":[382],"product_cat":[19,650,575],"product_tag":[],"class_list":{"0":"post-1292","1":"product","2":"type-product","3":"status-publish","4":"has-post-thumbnail","6":"product_brand-askar","7":"product_cat-accessoires","8":"product_cat-rducteurs-correcteurs-ap","9":"product_cat-astrophotographie","11":"first","12":"on_supplier","13":"taxable","14":"shipping-taxable","15":"purchasable","16":"product-type-simple"},"_links":{"self":[{"href":"https:\/\/deep-space-astronomy.ch\/de\/wp-json\/wp\/v2\/product\/1292","targetHints":{"allow":["GET"]}}],"collection":[{"href":"https:\/\/deep-space-astronomy.ch\/de\/wp-json\/wp\/v2\/product"}],"about":[{"href":"https:\/\/deep-space-astronomy.ch\/de\/wp-json\/wp\/v2\/types\/product"}],"replies":[{"embeddable":true,"href":"https:\/\/deep-space-astronomy.ch\/de\/wp-json\/wp\/v2\/comments?post=1292"}],"wp:featuredmedia":[{"embeddable":true,"href":"https:\/\/deep-space-astronomy.ch\/de\/wp-json\/wp\/v2\/media\/5266"}],"wp:attachment":[{"href":"https:\/\/deep-space-astronomy.ch\/de\/wp-json\/wp\/v2\/media?parent=1292"}],"wp:term":[{"taxonomy":"product_brand","embeddable":true,"href":"https:\/\/deep-space-astronomy.ch\/de\/wp-json\/wp\/v2\/product_brand?post=1292"},{"taxonomy":"product_cat","embeddable":true,"href":"https:\/\/deep-space-astronomy.ch\/de\/wp-json\/wp\/v2\/product_cat?post=1292"},{"taxonomy":"product_tag","embeddable":true,"href":"https:\/\/deep-space-astronomy.ch\/de\/wp-json\/wp\/v2\/product_tag?post=1292"}],"curies":[{"name":"wp","href":"https:\/\/api.w.org\/{rel}","templated":true}]}}