{"id":1294,"date":"2024-12-18T16:56:50","date_gmt":"2024-12-18T15:56:50","guid":{"rendered":"https:\/\/deep-space-astronomy.geekworkers.dev\/?post_type=product&#038;p=1294"},"modified":"2025-06-03T10:36:31","modified_gmt":"2025-06-03T08:36:31","slug":"correcteur-de-coma-2-pour-newton-x0-95-f-3-a-f-6","status":"publish","type":"product","link":"https:\/\/deep-space-astronomy.ch\/de\/produkt\/correcteur-de-coma-2-pour-newton-x0-95-f-3-a-f-6\/","title":{"rendered":"Komakorrektur 2\u2033 f\u00fcr Newton x0.95 (f\/3 bis f\/6)"},"content":{"rendered":"<h3>Koma-Korrektor 2\" 0.95\u00d7 Sharpstar<\/h3>\n<p>Der Sharpstar 2\" 0.95\u00d7 Koma-Korrektor ist ein hochwertiges Zubeh\u00f6r, das speziell zur Verbesserung der Bildsch\u00e4rfe von Bildern entwickelt wurde, die mit Newtonschen Reflektor-Astrografen aufgenommen wurden. Er ist ideal f\u00fcr Benutzer von Newton-Teleskopen, die die Koma an den R\u00e4ndern des Feldes korrigieren und eine genaue und gleichm\u00e4\u00dfige Sternabbildung genie\u00dfen m\u00f6chten.<\/p>\n<h3>Kompatibilit\u00e4t mit Newton-Teleskopen<\/h3>\n<p>Dieser Korrektor ist mit einer breiten Palette von Newton-Teleskopen mit einem Brennweitenverh\u00e4ltnis von f\/3 bis f\/6 und einer \u00d6ffnung von 150 mm bis 600 mm kompatibel. Er ist speziell f\u00fcr Bildkreise im APS-C-Format (28 mm) optimiert, was ihn zu einer ausgezeichneten Wahl f\u00fcr Astrofotografen macht, die Sensoren dieser Gr\u00f6\u00dfe verwenden.<\/p>\n<h3>Technische Eigenschaften und Vorteile<\/h3>\n<p>Dieses Modell bietet einen Reduktionsfaktor von 0,95\u00d7, mit dem das urspr\u00fcngliche Brennweitenverh\u00e4ltnis verringert werden kann (z. B. wird aus einem 1:4 ein 1:3,8). Durch die Verringerung des Brennweitenverh\u00e4ltnisses verk\u00fcrzt es die erforderliche Belichtungszeit und verbessert die Form der Sterne \u00fcber das gesamte Bildfeld, wodurch der Durchmesser der Sterne in der Mitte des Bildfeldes auf weniger als 10 Mikrometer begrenzt wird.<\/p>\n<ul>\n<li><strong>Anwendung :<\/strong> Newton-Teleskope mit 150 bis 600 mm \u00d6ffnung und einem Brennweitenverh\u00e4ltnis von f\/3 bis f\/6<\/li>\n<li><strong>Reduktionsfaktor :<\/strong> 0.95\u00d7<\/li>\n<li><strong>Bildkreis :<\/strong> 44 mm (maximal), 28 mm (optimal f\u00fcr APS-C)<\/li>\n<li><strong>Linsendesign :<\/strong> Tripelstruktur f\u00fcr eine effektive Korrektur<\/li>\n<li><strong>Au\u00dfendurchmesser :<\/strong> 50,8 mm (2 Zoll), kompatibel mit Standard-2-Zoll-Okularhaltern<\/li>\n<li><strong>Back-focus :<\/strong> 56 mm (gemessen vom Sch\u00e4rfenring bis zur Fokusebene)<\/li>\n<li><strong>Gesamtl\u00e4nge :<\/strong> 79.7 mm<\/li>\n<li><strong>Verkleidung :<\/strong> Mehrschichtig f\u00fcr optimale Lichtdurchl\u00e4ssigkeit<\/li>\n<li><strong>Gewicht :<\/strong> 0.22 kg<\/li>\n<\/ul>\n<h3>Warum Sie den Sharpstar 2\" 0.95\u00d7 Koma-Korrektor w\u00e4hlen sollten<\/h3>\n<p>Dieser Korrektor ist die ideale Wahl f\u00fcr Astronomen mit Newton-Reflektoren, die ihre Bilder perfektionieren m\u00f6chten. Sein Design erm\u00f6glicht eine einfache Installation in den meisten 2-Zoll-Okularhaltern, und der 56-mm-Backfokus ist mit vielen auf dem Markt erh\u00e4ltlichen Bildgebungszubeh\u00f6rteilen kompatibel. Mit seinem Triplet-Design und den mehrschichtigen Beschichtungen sorgt es f\u00fcr klare Bilder ohne Reflexionen oder Kontrastverlust.<\/p>\n<p>Zusammenfassend l\u00e4sst sich sagen, dass der Sharpstar Koma-Korrektor 2\" 0,95\u00d7 ein wichtiges Zubeh\u00f6r f\u00fcr alle Astrofotografen ist, die die Qualit\u00e4t ihrer Bilder mit Newton-Teleskopen optimieren wollen, indem sie die Sch\u00e4rfe der Sterne verbessern und die erforderliche Belichtungszeit reduzieren.<\/p>","protected":false},"excerpt":{"rendered":"<p>Correcteur de Coma 2\u201d 0.95\u00d7 Sharpstar Le correcteur de coma Sharpstar 2\u201d 0.95\u00d7 est un accessoire de haute qualit\u00e9 sp\u00e9cialement con\u00e7u pour am\u00e9liorer la nettet\u00e9 des images obtenues avec des astrographes r\u00e9flecteurs newtoniens. Il est id\u00e9al pour les utilisateurs de t\u00e9lescopes newtoniens qui souhaitent corriger la coma sur les bords du champ et profiter d\u2019une [&hellip;]<\/p>\n","protected":false},"featured_media":5268,"comment_status":"open","ping_status":"closed","template":"","meta":[],"product_brand":[386],"product_cat":[19,650,575],"product_tag":[],"class_list":{"0":"post-1294","1":"product","2":"type-product","3":"status-publish","4":"has-post-thumbnail","6":"product_brand-sharpstar","7":"product_cat-accessoires","8":"product_cat-rducteurs-correcteurs-ap","9":"product_cat-astrophotographie","11":"first","12":"on_supplier","13":"taxable","14":"shipping-taxable","15":"purchasable","16":"product-type-simple"},"_links":{"self":[{"href":"https:\/\/deep-space-astronomy.ch\/de\/wp-json\/wp\/v2\/product\/1294","targetHints":{"allow":["GET"]}}],"collection":[{"href":"https:\/\/deep-space-astronomy.ch\/de\/wp-json\/wp\/v2\/product"}],"about":[{"href":"https:\/\/deep-space-astronomy.ch\/de\/wp-json\/wp\/v2\/types\/product"}],"replies":[{"embeddable":true,"href":"https:\/\/deep-space-astronomy.ch\/de\/wp-json\/wp\/v2\/comments?post=1294"}],"wp:featuredmedia":[{"embeddable":true,"href":"https:\/\/deep-space-astronomy.ch\/de\/wp-json\/wp\/v2\/media\/5268"}],"wp:attachment":[{"href":"https:\/\/deep-space-astronomy.ch\/de\/wp-json\/wp\/v2\/media?parent=1294"}],"wp:term":[{"taxonomy":"product_brand","embeddable":true,"href":"https:\/\/deep-space-astronomy.ch\/de\/wp-json\/wp\/v2\/product_brand?post=1294"},{"taxonomy":"product_cat","embeddable":true,"href":"https:\/\/deep-space-astronomy.ch\/de\/wp-json\/wp\/v2\/product_cat?post=1294"},{"taxonomy":"product_tag","embeddable":true,"href":"https:\/\/deep-space-astronomy.ch\/de\/wp-json\/wp\/v2\/product_tag?post=1294"}],"curies":[{"name":"wp","href":"https:\/\/api.w.org\/{rel}","templated":true}]}}