{"id":1296,"date":"2024-12-18T16:58:49","date_gmt":"2024-12-18T15:58:49","guid":{"rendered":"https:\/\/deep-space-astronomy.geekworkers.dev\/?post_type=product&#038;p=1296"},"modified":"2025-06-03T10:36:31","modified_gmt":"2025-06-03T08:36:31","slug":"aplanisseur-de-champ-full-frame-pour-61edphiii","status":"publish","type":"product","link":"https:\/\/deep-space-astronomy.ch\/de\/produkt\/aplanisseur-de-champ-full-frame-pour-61edphiii\/","title":{"rendered":"Full Frame Field Ebner f\u00fcr 61EDPHIII"},"content":{"rendered":"<h3>Vollbild-Feldkorrektur 61EDPHIII Sharpstar<\/h3>\n<p>Der 61EDPHIII Full Field Corrector wurde f\u00fcr Benutzer des Sharpstar 61EDPHIII Teleskops entwickelt und bietet eine optimale Bildkorrektur \u00fcber das gesamte Gesichtsfeld f\u00fcr Astrofotografen, die scharfe und pr\u00e4zise Full-Field-Bilder einfangen m\u00f6chten.<\/p>\n<h3>Kompatibilit\u00e4t und Anwendung<\/h3>\n<p>Dieser Korrektor wurde speziell f\u00fcr das Modell 61EDPHIII entwickelt und ist perfekt f\u00fcr Vollformatsensoren mit einem Bildkreis von 44 mm geeignet. Er garantiert eine gleichm\u00e4\u00dfige Abdeckung ohne Verzerrungen oder Vignettierungen an den R\u00e4ndern. Er verbessert die Bildfeldw\u00f6lbung, korrigiert Aberrationen und liefert Bilder mit perfekt runden Sternen, selbst an den Bildr\u00e4ndern.<\/p>\n<h3>Technische Eigenschaften und Vorteile<\/h3>\n<p>Mit einer Struktur aus Triplett-Linsen, die durch Luft voneinander getrennt sind, nutzt dieser Korrektor ein fortschrittliches optisches Design, um die Bildqualit\u00e4t zu verbessern und Aberrationen zu reduzieren. Der 55-mm-Backfokus erm\u00f6glicht eine einfache Integration mit den meisten Bildgebungsger\u00e4ten. Bei Konfigurationen, die eine Erweiterung erfordern, kann ein Adapter f\u00fcr einen erweiterten Back-Focus von 81,5 mm aufgeschraubt werden.<\/p>\n<ul>\n<li><strong>Anwendung :<\/strong> Sharpstar 61EDPHIII<\/li>\n<li><strong>Bildkreis :<\/strong> 44 mm, ideal f\u00fcr Vollformatsensoren<\/li>\n<li><strong>Linsendesign :<\/strong> Triplet mit durch Luft beabstandeter Struktur<\/li>\n<li><strong>Back-focus :<\/strong> 55 mm (erweiterbar auf 81,5 mm mit M54-Adapter)<\/li>\n<li><strong>Verkleidung :<\/strong> Mehrschichtig f\u00fcr maximale Lichtdurchl\u00e4ssigkeit<\/li>\n<li><strong>Gewicht :<\/strong> 0.4 kg<\/li>\n<\/ul>\n<h3>Kompatibilit\u00e4t mit Zubeh\u00f6r<\/h3>\n<p>Dieser Korrektor verf\u00fcgt \u00fcber ein M68x1-Gewinde f\u00fcr den Anschluss an den Okularhalter des Teleskops und ein M48x0,75-Gewinde auf der anderen Seite, mit einem integrierten Gewinde f\u00fcr 2-Zoll-Filter. Diese Konfiguration erm\u00f6glicht den einfachen Anschluss an eine Vielzahl von Kameras und Zubeh\u00f6rteilen und bietet Astrofotografen somit eine gro\u00dfe Flexibilit\u00e4t.<\/p>\n<p>Alles in allem ist der Sharpstar 61EDPHIII Full Frame Field Corrector ein wichtiges Zubeh\u00f6r f\u00fcr alle Astrofotografen, die das 61EDPHIII-Teleskop verwenden. Er gew\u00e4hrleistet eine hochwertige Bildgebung ohne Verzerrungen an den R\u00e4ndern und bietet eine ideale L\u00f6sung f\u00fcr die Deep-Sky-Bildgebung mit Vollformatsensoren.<\/p>","protected":false},"excerpt":{"rendered":"<p>Correcteur de Champ Plein Cadre 61EDPHIII Sharpstar Le correcteur de champ plein cadre 61EDPHIII est con\u00e7u pour les utilisateurs du t\u00e9lescope 61EDPHIII de Sharpstar, apportant une correction d\u2019image optimale sur l\u2019ensemble du champ de vision pour les astrophotographes qui souhaitent capturer des images plein cadre nettes et pr\u00e9cises. Compatibilit\u00e9 et Application Con\u00e7u sp\u00e9cifiquement pour le [&hellip;]<\/p>\n","protected":false},"featured_media":5270,"comment_status":"open","ping_status":"closed","template":"","meta":[],"product_brand":[386],"product_cat":[19,650,575],"product_tag":[],"class_list":{"0":"post-1296","1":"product","2":"type-product","3":"status-publish","4":"has-post-thumbnail","6":"product_brand-sharpstar","7":"product_cat-accessoires","8":"product_cat-rducteurs-correcteurs-ap","9":"product_cat-astrophotographie","11":"first","12":"on_supplier","13":"taxable","14":"shipping-taxable","15":"purchasable","16":"product-type-simple"},"_links":{"self":[{"href":"https:\/\/deep-space-astronomy.ch\/de\/wp-json\/wp\/v2\/product\/1296","targetHints":{"allow":["GET"]}}],"collection":[{"href":"https:\/\/deep-space-astronomy.ch\/de\/wp-json\/wp\/v2\/product"}],"about":[{"href":"https:\/\/deep-space-astronomy.ch\/de\/wp-json\/wp\/v2\/types\/product"}],"replies":[{"embeddable":true,"href":"https:\/\/deep-space-astronomy.ch\/de\/wp-json\/wp\/v2\/comments?post=1296"}],"wp:featuredmedia":[{"embeddable":true,"href":"https:\/\/deep-space-astronomy.ch\/de\/wp-json\/wp\/v2\/media\/5270"}],"wp:attachment":[{"href":"https:\/\/deep-space-astronomy.ch\/de\/wp-json\/wp\/v2\/media?parent=1296"}],"wp:term":[{"taxonomy":"product_brand","embeddable":true,"href":"https:\/\/deep-space-astronomy.ch\/de\/wp-json\/wp\/v2\/product_brand?post=1296"},{"taxonomy":"product_cat","embeddable":true,"href":"https:\/\/deep-space-astronomy.ch\/de\/wp-json\/wp\/v2\/product_cat?post=1296"},{"taxonomy":"product_tag","embeddable":true,"href":"https:\/\/deep-space-astronomy.ch\/de\/wp-json\/wp\/v2\/product_tag?post=1296"}],"curies":[{"name":"wp","href":"https:\/\/api.w.org\/{rel}","templated":true}]}}