{"id":1303,"date":"2024-12-18T17:19:49","date_gmt":"2024-12-18T16:19:49","guid":{"rendered":"https:\/\/deep-space-astronomy.geekworkers.dev\/?post_type=product&#038;p=1303"},"modified":"2025-06-03T10:36:39","modified_gmt":"2025-06-03T08:36:39","slug":"adaptateur-m54-m48-pour-sony-e-backfocus-de-37mm","status":"publish","type":"product","link":"https:\/\/deep-space-astronomy.ch\/de\/produkt\/adaptateur-m54-m48-pour-sony-e-backfocus-de-37mm\/","title":{"rendered":"M54\/M48-Adapter f\u00fcr Sony E (37mm Backfocus)"},"content":{"rendered":"<h3>Kameraadapter f\u00fcr spiegellose Kameras in der Astrofotografie<\/h3>\n<p>Da die spiegellosen Kameras von Nikon, Canon und Sony in der Astrofotografie immer h\u00e4ufiger von Hobbyastronomen verwendet werden, bietet Askar nun Kameraadapter an, die speziell f\u00fcr diese beliebten Modelle wie Nikon Z, Canon R und Sony E entwickelt wurden.<\/p>\n<h3>Warum diese Adapter notwendig sind<\/h3>\n<p>In vielen Astrofotografie-Konfigurationen ist die R\u00fcckseite von Teleskopen und anderem astronomischen Zubeh\u00f6r mit einem Au\u00dfengewinde konstruiert. Um eine Kamera richtig zu befestigen, ist jedoch oft ein kompatibles Innengewinde auf der Seite des Adapters erforderlich. Die neuen M54\/M48-Adapter von Askar erf\u00fcllen diesen Bedarf, indem sie passende Innengewinde f\u00fcr Nikon-, Canon- und Sony-Spiegelreflexkameras bieten und so eine stabile und pr\u00e4zise Verbindung zwischen Teleskop und Kamera erm\u00f6glichen.<\/p>\n<p>Diese M54\/M48-Adapter erleichtern die Integration von spiegellosen Kameras mit astronomischen Ausr\u00fcstungen. Sie erf\u00fcllen die speziellen Anforderungen der modernen Astrofotografie und garantieren eine perfekte Kompatibilit\u00e4t mit den spiegellosen Kameramodellen der f\u00fchrenden Marken.<\/p>","protected":false},"excerpt":{"rendered":"<p>Adaptateurs de cam\u00e9ra pour appareils photo mirrorless en astrophotographie Avec l\u2019augmentation de l\u2019utilisation des appareils photo mirrorless (sans miroir) Nikon, Canon et Sony en astrophotographie par les amateurs d\u2019astronomie, Askar propose d\u00e9sormais des adaptateurs de cam\u00e9ra sp\u00e9cialement con\u00e7us pour ces mod\u00e8les populaires, tels que le Nikon Z, le Canon R et le Sony E. Pourquoi [&hellip;]<\/p>\n","protected":false},"featured_media":5592,"comment_status":"open","ping_status":"closed","template":"","meta":[],"product_brand":[382],"product_cat":[631,19,731],"product_tag":[],"class_list":{"0":"post-1303","1":"product","2":"type-product","3":"status-publish","4":"has-post-thumbnail","6":"product_brand-askar","7":"product_cat-trepieds-bagues-et-accessoires-generaux","8":"product_cat-accessoires","9":"product_cat-bagues-dadaptation-et-de-conversion","11":"first","12":"on_supplier","13":"taxable","14":"shipping-taxable","15":"purchasable","16":"product-type-simple"},"_links":{"self":[{"href":"https:\/\/deep-space-astronomy.ch\/de\/wp-json\/wp\/v2\/product\/1303","targetHints":{"allow":["GET"]}}],"collection":[{"href":"https:\/\/deep-space-astronomy.ch\/de\/wp-json\/wp\/v2\/product"}],"about":[{"href":"https:\/\/deep-space-astronomy.ch\/de\/wp-json\/wp\/v2\/types\/product"}],"replies":[{"embeddable":true,"href":"https:\/\/deep-space-astronomy.ch\/de\/wp-json\/wp\/v2\/comments?post=1303"}],"wp:featuredmedia":[{"embeddable":true,"href":"https:\/\/deep-space-astronomy.ch\/de\/wp-json\/wp\/v2\/media\/5592"}],"wp:attachment":[{"href":"https:\/\/deep-space-astronomy.ch\/de\/wp-json\/wp\/v2\/media?parent=1303"}],"wp:term":[{"taxonomy":"product_brand","embeddable":true,"href":"https:\/\/deep-space-astronomy.ch\/de\/wp-json\/wp\/v2\/product_brand?post=1303"},{"taxonomy":"product_cat","embeddable":true,"href":"https:\/\/deep-space-astronomy.ch\/de\/wp-json\/wp\/v2\/product_cat?post=1303"},{"taxonomy":"product_tag","embeddable":true,"href":"https:\/\/deep-space-astronomy.ch\/de\/wp-json\/wp\/v2\/product_tag?post=1303"}],"curies":[{"name":"wp","href":"https:\/\/api.w.org\/{rel}","templated":true}]}}