{"id":1308,"date":"2024-12-18T17:23:11","date_gmt":"2024-12-18T16:23:11","guid":{"rendered":"https:\/\/deep-space-astronomy.geekworkers.dev\/?post_type=product&#038;p=1308"},"modified":"2025-06-03T10:36:39","modified_gmt":"2025-06-03T08:36:39","slug":"colour-magic-2-duo-narrowband-d-packaged1d2","status":"publish","type":"product","link":"https:\/\/deep-space-astronomy.ch\/de\/produkt\/colour-magic-2-duo-narrowband-d-packaged1d2\/","title":{"rendered":"Colour Magic 2\u2033 Duo-Narrowband D Package(D1+D2)"},"content":{"rendered":"<h3>Das Askar Duo-Narrowband D1 und D2 Pack: Die ultimative Kombination f\u00fcr pr\u00e4zise Astrofotografie ohne Halos!<\/h3>\n<p>Das Askar Duo-Narrowband-Paket D1 und D2 wurde speziell f\u00fcr die anspruchsvollsten Astrofotografen entwickelt, die detaillierte und kontrastreiche Bilder von Deep-Sky-Objekten aufnehmen m\u00f6chten und dabei eine optimale Flexibilit\u00e4t in Bezug auf die Beobachtungsbedingungen anstreben. Durch die Kombination der Filter D1 (Ha + OIII) und D2 (OIII + SII) k\u00f6nnen Sie mit diesem Paket einen breiten Bereich von Wellenl\u00e4ngenb\u00e4ndern abdecken und so ein au\u00dfergew\u00f6hnliches Abbildungspotenzial selbst in Umgebungen mit hoher Lichtverschmutzung erzielen.<\/p>\n<h3>Der D1-Filter: Ha und OIII f\u00fcr eine pr\u00e4zise Erfassung von Details<\/h3>\n<p>Der D1-Filter f\u00e4ngt die Emissionen der Ha- (Wasserstoff-Alpha) und OIII- (Sauerstoff-III) B\u00e4nder ein, Wellenl\u00e4ngen, die f\u00fcr die Enth\u00fcllung der feinen Strukturen von Nebeln und anderen Himmelsobjekten entscheidend sind. Mit einer schmalen Bandbreite von 6,5 nm f\u00fcr OIII und 8,5 nm f\u00fcr Ha und einer Spitzentransmission von 85 % ist der D1 ideal, um scharfe und kontrastreiche Bilder in st\u00e4dtischen Umgebungen mit hoher Lichtverschmutzung einzufangen. Dieser Filter wurde entwickelt, um die Details und den Kontrast von Nebeln zu maximieren und so Bilder mit bemerkenswerter Klarheit zu liefern.<\/p>\n<h3>Der D2-Filter: OIII und SII f\u00fcr verbesserten Kontrast und Halo-Kontrolle<\/h3>\n<p>Der D2-Filter, auch Super D genannt, ist den Emissionen der B\u00e4nder OIII und SII (Schwefel II) gewidmet. Mit einer hohen Transmission von 85 % und einer schmalen Bandbreite von 6,5 nm f\u00fcr OIII und 8,5 nm f\u00fcr SII erm\u00f6glicht er es, die Details von Nebeln in diesen speziellen Wellenl\u00e4ngen einzufangen, indem er die Quellen der Lichtverschmutzung effektiv blockiert. Das D2 zeichnet sich durch seine \"Super\"-Halo-Steuerung aus, die Halos um die Sterne minimiert und so die Sch\u00e4rfe und den Kontrast der Bilder selbst unter schwierigen Bedingungen verbessert. Seine Kompatibilit\u00e4t mit schnellen Teleskopen bis f\/1.9 macht ihn zu einem \u00e4u\u00dferst vielseitigen Filter.<\/p>\n<h3>Un\u00fcbertroffene Flexibilit\u00e4t f\u00fcr Astrofotografen<\/h3>\n<p>Durch die Kombination der Filter D1 und D2 bietet dieses Paket eine vollst\u00e4ndige Abdeckung der drei Schl\u00fcsselb\u00e4nder (Ha, OIII und SII), was Ihnen eine un\u00fcbertroffene Flexibilit\u00e4t bei Ihren Astrofotografie-Sessions erm\u00f6glicht. Ob Sie nun mit dem D1 die reichen Details von Nebeln in Ha und OIII einfangen oder mit dem D2 die Kontraste betonen und subtile Strukturen in OIII und SII aufdecken m\u00f6chten - mit diesem Filterduo k\u00f6nnen Sie Ihre Bilder ganz nach Ihren Bed\u00fcrfnissen und Beobachtungsbedingungen zusammenstellen.<\/p>\n<p>Dieses Paket ist ideal f\u00fcr Astrofotografen, die das volle Ausma\u00df von Nebelausstrahlungen und Himmelsobjekten erkunden und dabei Bilder in professioneller Qualit\u00e4t aufnehmen m\u00f6chten. Mit dem Askar Duo-Narrowband D1 und D2 Paket haben Sie die Werkzeuge zur Hand, die Sie ben\u00f6tigen, um tiefe, detaillierte und von unerw\u00fcnschter Lichtverschmutzung freie Bilder aufzunehmen, die eine un\u00fcbertroffene Qualit\u00e4t bieten.<\/p>\n<h3>Die Filterreihe Duo-Band \"C\" und Duo-Narrowband \"D\".<\/h3>\n<p>\n        1. Duo-Band-Filter C1 (2\")<br \/>\n        - Halbwertsbreite (FWHM): OIII bei 35 nm \u00b1 5 nm, Ha bei 15 nm \u00b1 3 nm<br \/>\n        - Zentrale Wellenl\u00e4nge (CWL): 500,7 nm und 656,6 nm<br \/>\n        - Spitzen\u00fcbertragung: 90 %<br \/>\n        - Dicke: 2 \u00b1 0,05 mm<br \/>\n        - Barriereeigenschaft: OD3 von 200 bis 1000 nm<br \/>\n        - Oberfl\u00e4chenfinish: 60\/40<br \/>\n        Dieser Filter ist ideal f\u00fcr Astrofotografie-Enthusiasten, die nach einer vielseitigen L\u00f6sung suchen, um sowohl Ha- als auch OIII-Emissionen zu erfassen. Mit einer Transmission von 90 % garantiert er eine klare und helle Aufnahme von Nebeln.\n<\/p>\n<p>\n        2. Duo-Band-Filter C2 (2\")<br \/>\n        - Halbwertsbreite (FWHM): OIII bei 35 nm \u00b1 5 nm, SII bei 15 nm \u00b1 3 nm<br \/>\n        - Zentrale Wellenl\u00e4nge (CWL): 500,7 nm und 672 nm<br \/>\n        - Spitzen\u00fcbertragung: 90 %<br \/>\n        - Dicke: 2 \u00b1 0,05 mm<br \/>\n        - Barriereeigenschaft: OD3 von 200 bis 1000 nm<br \/>\n        - Oberfl\u00e4chenfinish: 60\/40<br \/>\n        Dieser Filter ist eine ausgezeichnete Option f\u00fcr diejenigen, die neben OIII auch SII-Emissionen einfangen m\u00f6chten. Die Kombination der OIII- und SII-B\u00e4nder erm\u00f6glicht hochaufl\u00f6sende Bilder von Nebeln mit ausgezeichneter Klarheit.\n<\/p>\n<p>\n        3. Duo-Narrowband-Filter D1 (2\")<br \/>\n        - Halbwertsbreite (FWHM): OIII bei 6,5 nm \u00b1 0,5 nm, Ha bei 8,5 nm \u00b1 0,5 nm<br \/>\n        - Zentrale Wellenl\u00e4nge (CWL): 500,7 nm und 656,6 nm<br \/>\n        - Spitzen\u00fcbertragung: 85 %<br \/>\n        - Dicke: 1,85 \u00b1 0,05 mm<br \/>\n        - Barriereeigenschaft : \u2265OD5 von 200 bis 1100 nm<br \/>\n        - Oberfl\u00e4chenfinish: 60\/40<br \/>\n        Dieser Filter bietet eine schmalere Bandbreite, ideal f\u00fcr Anwender, die den Kontrast von Himmelsobjekten verbessern und gleichzeitig Lichtverschmutzungsquellen blockieren wollen. Das schmale OIII- und Ha-Band ist besonders n\u00fctzlich f\u00fcr st\u00e4dtische Umgebungen mit starker Lichtverschmutzung.\n<\/p>\n<p>\n        4. Filter Duo-narrowband D2 (2\") (Super D)<br \/>\n        - Halbwertsbreite (FWHM): OIII bei 6,5 nm \u00b1 0,5 nm, SII bei 8,5 nm \u00b1 0,5 nm<br \/>\n        - Zentrale Wellenl\u00e4nge (CWL): 500,7 nm und 672 nm<br \/>\n        - Spitzen\u00fcbertragung: 85 %<br \/>\n        - Dicke: 1,85 \u00b1 0,05 mm<br \/>\n        - Barriereeigenschaft : \u2265OD5 von 200 bis 1100 nm<br \/>\n        - Oberfl\u00e4chenfinish: 60\/40<br \/>\n        - Parallelit\u00e4t: 30\u2033.<br \/>\n        Der Super D2 Duo-Narrowband-Filter, die neueste Innovation von Askar, wurde f\u00fcr die hochpr\u00e4zise Astrofotografie entwickelt. Ausgestattet mit der \"Super\" Halo-Kontrollf\u00e4higkeit, verbessert er deutlich den Kontrast Ihrer Bilder und eliminiert unerw\u00fcnschte Halos um die Sterne. Dieser Filter ist f\u00fcr eine optimale Leistung selbst bei schnellen Teleskopen bis f\/1.9 optimiert und liefert klare und detailreiche Bilder von Nebeln, indem er nur die spezifischen Emissionen der B\u00e4nder SII und OIII einf\u00e4ngt.<\/p>","protected":false},"excerpt":{"rendered":"<p>Le Pack Duo-Narrowband D1 et D2 d\u2019Askar : La combinaison ultime pour une astrophotographie de pr\u00e9cision sans halos ! Le pack Duo-Narrowband D1 et D2 d\u2019Askar est sp\u00e9cialement con\u00e7u pour les astrophotographes les plus exigeants, cherchant \u00e0 capturer des images d\u00e9taill\u00e9es et contrast\u00e9es des objets du ciel profond, avec une flexibilit\u00e9 optimale en fonction des [&hellip;]<\/p>\n","protected":false},"featured_media":6754,"comment_status":"open","ping_status":"closed","template":"","meta":[],"product_brand":[382],"product_cat":[780],"product_tag":[],"class_list":{"0":"post-1308","1":"product","2":"type-product","3":"status-publish","4":"has-post-thumbnail","6":"product_brand-askar","7":"product_cat-filtres-bande-etroite","9":"first","10":"on_supplier","11":"taxable","12":"shipping-taxable","13":"purchasable","14":"product-type-simple"},"_links":{"self":[{"href":"https:\/\/deep-space-astronomy.ch\/de\/wp-json\/wp\/v2\/product\/1308","targetHints":{"allow":["GET"]}}],"collection":[{"href":"https:\/\/deep-space-astronomy.ch\/de\/wp-json\/wp\/v2\/product"}],"about":[{"href":"https:\/\/deep-space-astronomy.ch\/de\/wp-json\/wp\/v2\/types\/product"}],"replies":[{"embeddable":true,"href":"https:\/\/deep-space-astronomy.ch\/de\/wp-json\/wp\/v2\/comments?post=1308"}],"wp:featuredmedia":[{"embeddable":true,"href":"https:\/\/deep-space-astronomy.ch\/de\/wp-json\/wp\/v2\/media\/6754"}],"wp:attachment":[{"href":"https:\/\/deep-space-astronomy.ch\/de\/wp-json\/wp\/v2\/media?parent=1308"}],"wp:term":[{"taxonomy":"product_brand","embeddable":true,"href":"https:\/\/deep-space-astronomy.ch\/de\/wp-json\/wp\/v2\/product_brand?post=1308"},{"taxonomy":"product_cat","embeddable":true,"href":"https:\/\/deep-space-astronomy.ch\/de\/wp-json\/wp\/v2\/product_cat?post=1308"},{"taxonomy":"product_tag","embeddable":true,"href":"https:\/\/deep-space-astronomy.ch\/de\/wp-json\/wp\/v2\/product_tag?post=1308"}],"curies":[{"name":"wp","href":"https:\/\/api.w.org\/{rel}","templated":true}]}}