{"id":1309,"date":"2024-12-18T17:23:46","date_gmt":"2024-12-18T16:23:46","guid":{"rendered":"https:\/\/deep-space-astronomy.geekworkers.dev\/?post_type=product&#038;p=1309"},"modified":"2025-06-03T10:36:46","modified_gmt":"2025-06-03T08:36:46","slug":"colour-magic-2-duo-band-c1-h%ce%b1oiii","status":"publish","type":"product","link":"https:\/\/deep-space-astronomy.ch\/de\/produkt\/colour-magic-2-duo-band-c1-h%ce%b1oiii\/","title":{"rendered":"Colour Magic 2\u2033 Duo-band C1(H\u03b1+OIII)"},"content":{"rendered":"<h3>Der Askar Duo-Band C1 Filter: Das perfekte Werkzeug f\u00fcr qualitativ hochwertige Astrofotografie zu einem erschwinglichen Preis<\/h3>\n<p>Der Askar ColourMagic C1 Duo-Band-Filter ist die ideale Wahl f\u00fcr Astrofotografen, die den Deep-Sky-Himmel erkunden m\u00f6chten, ohne ihr Budget zu gef\u00e4hrden. Dieser Filter wurde entwickelt, um die B\u00e4nder Ha (Hydrogen Alpha) und OIII (Oxygen III) einzufangen. Er verf\u00fcgt \u00fcber eine gro\u00dfe Bandbreite von 35 nm f\u00fcr OIII und 15 nm f\u00fcr Ha.<\/p>\n<p>Diese gr\u00f6\u00dfere Bandbreite im Vergleich zu Schmalbandfiltern bedeutet, dass der C1-Filter etwas mehr Umgebungslicht durchl\u00e4sst, was in m\u00e4\u00dfig dunklen Umgebungen oder zum Einfangen von mehr Licht von Himmelsobjekten von Vorteil sein kann. In stark lichtverschmutzten st\u00e4dtischen Umgebungen k\u00f6nnte er jedoch im Vergleich zu Schmalbandfiltern, die Lichtverschmutzungsquellen effektiver blockieren sollen, etwas mehr St\u00f6rsignale durchlassen.<\/p>\n<p>Abgesehen davon macht diese relativ gro\u00dfe Bandbreite den C1-Filter erschwinglicher und bietet somit ein hervorragendes Preis-Leistungs-Verh\u00e4ltnis f\u00fcr Amateur- und semiprofessionelle Astrofotografen, die qualitativ hochwertige Bilder aufnehmen m\u00f6chten, ohne unbedingt in teurere Schmalbandfilter investieren zu m\u00fcssen. Dar\u00fcber hinaus erm\u00f6glicht die hochmoderne Transmission von \u00fcber 90 % die Aufnahme von hellen und kontrastreichen Bildern, die die Details von Sternen und Nebeln in den Wellenl\u00e4ngen Ha und OIII offenbaren.<\/p>\n<p>Der ColourMagic C1 Duo-Band-Filter ist daher ein perfekter Kompromiss zwischen Leistung und Erschwinglichkeit, der es Astrofotografie-Enthusiasten erm\u00f6glicht, eine verbesserte Bildqualit\u00e4t zu genie\u00dfen, ohne sich dabei in Unkosten zu st\u00fcrzen.<\/p>\n<h3>1. Duo-Band-Filter C1 (2\")<\/h3>\n<ul>\n<li>Halbwertsbreite (FWHM): OIII bei 35 nm \u00b1 5 nm, Ha bei 15 nm \u00b1 3 nm<\/li>\n<li>Zentrale Wellenl\u00e4nge (CWL): 500,7 nm und 656,6 nm<\/li>\n<li>Spitzen\u00fcbertragung: 90 %<\/li>\n<li>Dicke: 2 \u00b1 0,05 mm<\/li>\n<li>Barriereeigenschaft: OD3 von 200 bis 1000 nm<\/li>\n<li>Oberfl\u00e4chenfinish: 60\/40<\/li>\n<\/ul>\n<p>Dieser Filter ist ideal f\u00fcr Astrofotografie-Enthusiasten, die nach einer vielseitigen L\u00f6sung suchen, um sowohl Ha- als auch OIII-Emissionen zu erfassen. Mit einer Transmission von 90 % garantiert er eine klare und helle Aufnahme von Nebeln.<\/p>\n<h3>2. Duo-Band-Filter C2 (2\")<\/h3>\n<ul>\n<li>Halbwertsbreite (FWHM): OIII bei 35 nm \u00b1 5 nm, SII bei 15 nm \u00b1 3 nm<\/li>\n<li>Zentrale Wellenl\u00e4nge (CWL): 500,7 nm und 672 nm<\/li>\n<li>Spitzen\u00fcbertragung: 90 %<\/li>\n<li>Dicke: 2 \u00b1 0,05 mm<\/li>\n<li>Barriereeigenschaft: OD3 von 200 bis 1000 nm<\/li>\n<li>Oberfl\u00e4chenfinish: 60\/40<\/li>\n<\/ul>\n<p>Dieser Filter ist eine ausgezeichnete Option f\u00fcr diejenigen, die neben OIII auch SII-Emissionen einfangen m\u00f6chten. Die Kombination der OIII- und SII-B\u00e4nder erm\u00f6glicht hochaufl\u00f6sende Bilder von Nebeln mit ausgezeichneter Klarheit.<\/p>\n<h3>3. Duo-Narrowband-Filter D1 (2\")<\/h3>\n<ul>\n<li>Halbwertsbreite (FWHM): OIII bei 6,5 nm \u00b1 0,5 nm, Ha bei 8,5 nm \u00b1 0,5 nm<\/li>\n<li>Zentrale Wellenl\u00e4nge (CWL): 500,7 nm und 656,6 nm<\/li>\n<li>Spitzen\u00fcbertragung: 85 %<\/li>\n<li>Dicke: 1,85 \u00b1 0,05 mm<\/li>\n<li>Barriereeigenschaft : \u2265OD5 von 200 bis 1100 nm<\/li>\n<li>Oberfl\u00e4chenfinish: 60\/40<\/li>\n<\/ul>\n<p>Dieser Filter bietet eine schmalere Bandbreite, ideal f\u00fcr Anwender, die den Kontrast von Himmelsobjekten verbessern und gleichzeitig Lichtverschmutzungsquellen blockieren wollen. Das schmale OIII- und Ha-Band ist besonders n\u00fctzlich f\u00fcr st\u00e4dtische Umgebungen mit starker Lichtverschmutzung.<\/p>\n<h3>4. Filter Duo-narrowband D2 (2\") (Super D)<\/h3>\n<ul>\n<li>Halbwertsbreite (FWHM): OIII bei 6,5 nm \u00b1 0,5 nm, SII bei 8,5 nm \u00b1 0,5 nm<\/li>\n<li>Zentrale Wellenl\u00e4nge (CWL): 500,7 nm und 672 nm<\/li>\n<li>Spitzen\u00fcbertragung: 85 %<\/li>\n<li>Dicke: 1,85 \u00b1 0,05 mm<\/li>\n<li>Barriereeigenschaft : \u2265OD5 von 200 bis 1100 nm<\/li>\n<li>Oberfl\u00e4chenfinish: 60\/40<\/li>\n<li>Parallelit\u00e4t: 30\u2033.<\/li>\n<\/ul>\n<p>Der Super D2 Duo-Narrowband-Filter, die neueste Innovation von Askar, wurde f\u00fcr die hochpr\u00e4zise Astrofotografie entwickelt. Ausgestattet mit der \"Super\" Halo-Kontrollf\u00e4higkeit, verbessert er deutlich den Kontrast Ihrer Bilder und eliminiert unerw\u00fcnschte Halos um die Sterne. Dieser Filter ist f\u00fcr eine optimale Leistung selbst bei schnellen Teleskopen bis f\/1.9 optimiert und liefert klare und detailreiche Bilder von Nebeln, indem er nur die spezifischen Emissionen der B\u00e4nder SII und OIII einf\u00e4ngt.<\/p>","protected":false},"excerpt":{"rendered":"<p>Le Filtre Duo-Band C1 d\u2019Askar : L\u2019Outil Parfait pour une Astrophotographie de Qualit\u00e9, \u00e0 un Prix Abordable Le filtre ColourMagic C1 Duo-band d\u2019Askar est un choix id\u00e9al pour les astrophotographes souhaitant explorer le ciel profond sans compromettre leur budget. Ce filtre, con\u00e7u pour capter les bandes Ha (Hydrog\u00e8ne Alpha) et OIII (Oxyg\u00e8ne III), pr\u00e9sente une [&hellip;]<\/p>\n","protected":false},"featured_media":3794,"comment_status":"open","ping_status":"closed","template":"","meta":[],"product_brand":[382],"product_cat":[780],"product_tag":[],"class_list":{"0":"post-1309","1":"product","2":"type-product","3":"status-publish","4":"has-post-thumbnail","6":"product_brand-askar","7":"product_cat-filtres-bande-etroite","9":"first","10":"on_supplier","11":"taxable","12":"shipping-taxable","13":"purchasable","14":"product-type-simple"},"_links":{"self":[{"href":"https:\/\/deep-space-astronomy.ch\/de\/wp-json\/wp\/v2\/product\/1309","targetHints":{"allow":["GET"]}}],"collection":[{"href":"https:\/\/deep-space-astronomy.ch\/de\/wp-json\/wp\/v2\/product"}],"about":[{"href":"https:\/\/deep-space-astronomy.ch\/de\/wp-json\/wp\/v2\/types\/product"}],"replies":[{"embeddable":true,"href":"https:\/\/deep-space-astronomy.ch\/de\/wp-json\/wp\/v2\/comments?post=1309"}],"wp:featuredmedia":[{"embeddable":true,"href":"https:\/\/deep-space-astronomy.ch\/de\/wp-json\/wp\/v2\/media\/3794"}],"wp:attachment":[{"href":"https:\/\/deep-space-astronomy.ch\/de\/wp-json\/wp\/v2\/media?parent=1309"}],"wp:term":[{"taxonomy":"product_brand","embeddable":true,"href":"https:\/\/deep-space-astronomy.ch\/de\/wp-json\/wp\/v2\/product_brand?post=1309"},{"taxonomy":"product_cat","embeddable":true,"href":"https:\/\/deep-space-astronomy.ch\/de\/wp-json\/wp\/v2\/product_cat?post=1309"},{"taxonomy":"product_tag","embeddable":true,"href":"https:\/\/deep-space-astronomy.ch\/de\/wp-json\/wp\/v2\/product_tag?post=1309"}],"curies":[{"name":"wp","href":"https:\/\/api.w.org\/{rel}","templated":true}]}}