{"id":1310,"date":"2024-12-18T17:24:58","date_gmt":"2024-12-18T16:24:58","guid":{"rendered":"https:\/\/deep-space-astronomy.geekworkers.dev\/?post_type=product&#038;p=1310"},"modified":"2025-06-03T10:36:46","modified_gmt":"2025-06-03T08:36:46","slug":"colour-magic-2-duo-band-c2-siioiii","status":"publish","type":"product","link":"https:\/\/deep-space-astronomy.ch\/de\/produkt\/colour-magic-2-duo-band-c2-siioiii\/","title":{"rendered":"Colour Magic 2\u2033 Duo-band C2 (SII+OIII)"},"content":{"rendered":"<h3>Der Askar Duo-Band C2 Filter: Ein vielseitiger und erschwinglicher Filter f\u00fcr Deep Sky Bilder in SII und OIII<\/h3>\n<p>Askars ColourMagic C2 Duo-Band-Filter ist die ideale L\u00f6sung f\u00fcr Astrofotografen, die nach einem hochwertigen Werkzeug suchen, das speziell f\u00fcr die B\u00e4nder SII (Schwefel II) und OIII (Sauerstoff III) optimiert ist. Dieser 2-Zoll-Filter bietet eine beeindruckende Leistung, indem er die spezifischen Emissionen von Nebeln mit einer Spitzen\u00fcbertragung von 90 % einf\u00e4ngt. Er wurde entwickelt, um die zentralen Wellenl\u00e4ngen von 500,7 nm f\u00fcr OIII und 672 nm f\u00fcr SII einzufangen, und garantiert klare und helle Bilder mit einem verbesserten Kontrast zwischen den Himmelsobjekten und dem Himmelshintergrund.<\/p>\n<p>Der C2-Filter hat eine gro\u00dfe Bandbreite von 35 nm f\u00fcr OIII und 15 nm f\u00fcr SII, eine Wahl, die mehrere Vorteile und einige Einschr\u00e4nkungen mit sich bringt. Diese relativ gro\u00dfe Bandbreite erm\u00f6glicht es, mehr Licht einzufangen, was ideal f\u00fcr Astrofotografen ist, die in m\u00e4\u00dfig dunklen Umgebungen arbeiten und die Details von Himmelsobjekten einfangen m\u00f6chten, ohne lange Belichtungszeiten zu ben\u00f6tigen. Bei starker Lichtverschmutzung k\u00f6nnte der C2-Filter jedoch etwas mehr Umgebungslicht durchlassen als Schmalbandfilter, was sich in st\u00e4dtischen Umgebungen leicht auf die Bildqualit\u00e4t auswirken kann.<\/p>\n<p>Diese Eigenschaft macht den C2-Filter auch in Bezug auf das Budget erschwinglicher, da er ein hervorragendes Preis-Leistungs-Verh\u00e4ltnis f\u00fcr diejenigen bietet, die die Vorteile der Astrofotografie in SII und OIII nutzen m\u00f6chten, ohne in die oft teureren Ultra-Schmalbandfilter zu investieren. Dar\u00fcber hinaus ist der C2-Filter nach wie vor perfekt f\u00fcr Anf\u00e4nger und fortgeschrittene Benutzer geeignet und erm\u00f6glicht die Aufnahme detaillierter Bilder von Nebeln und Himmelsobjekten mit kontrastreicher Wiedergabe.<\/p>\n<p>Zusammenfassend l\u00e4sst sich sagen, dass der Askar ColourMagic C2 Duo-Band Filter eine vielseitige und kosteng\u00fcnstige Wahl f\u00fcr Astrofotografie-Enthusiasten ist, die die SII- und OIII-B\u00e4nder erkunden m\u00f6chten. Er bietet eine hervorragende Bildqualit\u00e4t und ist dennoch erschwinglich, sodass Sie mit einer erschwinglichen und leistungsstarken Ausr\u00fcstung qualitativ hochwertige Aufnahmen machen k\u00f6nnen.<\/p>\n<h3>1. Duo-Band-Filter C1 (2\")<\/h3>\n<ul>\n<li>Halbwertsbreite (FWHM): OIII bei 35 nm \u00b1 5 nm, Ha bei 15 nm \u00b1 3 nm<\/li>\n<li>Zentrale Wellenl\u00e4nge (CWL): 500,7 nm und 656,6 nm<\/li>\n<li>Spitzen\u00fcbertragung: 90 %<\/li>\n<li>Dicke: 2 \u00b1 0,05 mm<\/li>\n<li>Barriereeigenschaft: OD3 von 200 bis 1000 nm<\/li>\n<li>Oberfl\u00e4chenfinish: 60\/40<\/li>\n<\/ul>\n<p>Dieser Filter ist ideal f\u00fcr Astrofotografie-Enthusiasten, die nach einer vielseitigen L\u00f6sung suchen, um sowohl Ha- als auch OIII-Emissionen zu erfassen. Mit einer Transmission von 90 % garantiert er eine klare und helle Aufnahme von Nebeln.<\/p>\n<h3>2. Duo-Band-Filter C2 (2\")<\/h3>\n<ul>\n<li>Halbwertsbreite (FWHM): OIII bei 35 nm \u00b1 5 nm, SII bei 15 nm \u00b1 3 nm<\/li>\n<li>Zentrale Wellenl\u00e4nge (CWL): 500,7 nm und 672 nm<\/li>\n<li>Spitzen\u00fcbertragung: 90 %<\/li>\n<li>Dicke: 2 \u00b1 0,05 mm<\/li>\n<li>Barriereeigenschaft: OD3 von 200 bis 1000 nm<\/li>\n<li>Oberfl\u00e4chenfinish: 60\/40<\/li>\n<\/ul>\n<p>Dieser Filter ist eine ausgezeichnete Option f\u00fcr diejenigen, die neben OIII auch SII-Emissionen einfangen m\u00f6chten. Die Kombination der OIII- und SII-B\u00e4nder erm\u00f6glicht hochaufl\u00f6sende Bilder von Nebeln mit ausgezeichneter Klarheit.<\/p>\n<h3>3. Duo-Narrowband-Filter D1 (2\")<\/h3>\n<ul>\n<li>Halbwertsbreite (FWHM): OIII bei 6,5 nm \u00b1 0,5 nm, Ha bei 8,5 nm \u00b1 0,5 nm<\/li>\n<li>Zentrale Wellenl\u00e4nge (CWL): 500,7 nm und 656,6 nm<\/li>\n<li>Spitzen\u00fcbertragung: 85 %<\/li>\n<li>Dicke: 1,85 \u00b1 0,05 mm<\/li>\n<li>Barriereeigenschaft : \u2265OD5 von 200 bis 1100 nm<\/li>\n<li>Oberfl\u00e4chenfinish: 60\/40<\/li>\n<\/ul>\n<p>Dieser Filter bietet eine schmalere Bandbreite, ideal f\u00fcr Anwender, die den Kontrast von Himmelsobjekten verbessern und gleichzeitig Lichtverschmutzungsquellen blockieren wollen. Das schmale OIII- und Ha-Band ist besonders n\u00fctzlich f\u00fcr st\u00e4dtische Umgebungen mit starker Lichtverschmutzung.<\/p>\n<h3>4. Filter Duo-narrowband D2 (2\") (Super D)<\/h3>\n<ul>\n<li>Breite<br \/>","protected":false},"excerpt":{"rendered":"<p>Le Filtre Duo-Band C2 d\u2019Askar : Un Filtre Polyvalent et Abordable pour des Images du Ciel Profond en SII et OIII Le filtre ColourMagic C2 Duo-band d\u2019Askar est une solution id\u00e9ale pour les astrophotographes \u00e0 la recherche d\u2019un outil de qualit\u00e9, sp\u00e9cifiquement optimis\u00e9 pour les bandes SII (Soufre II) et OIII (Oxyg\u00e8ne III). Ce filtre [&hellip;]<\/p>\n","protected":false},"featured_media":3796,"comment_status":"open","ping_status":"closed","template":"","meta":[],"product_brand":[382],"product_cat":[780],"product_tag":[],"class_list":{"0":"post-1310","1":"product","2":"type-product","3":"status-publish","4":"has-post-thumbnail","6":"product_brand-askar","7":"product_cat-filtres-bande-etroite","9":"first","10":"on_supplier","11":"taxable","12":"shipping-taxable","13":"purchasable","14":"product-type-simple"},"_links":{"self":[{"href":"https:\/\/deep-space-astronomy.ch\/de\/wp-json\/wp\/v2\/product\/1310","targetHints":{"allow":["GET"]}}],"collection":[{"href":"https:\/\/deep-space-astronomy.ch\/de\/wp-json\/wp\/v2\/product"}],"about":[{"href":"https:\/\/deep-space-astronomy.ch\/de\/wp-json\/wp\/v2\/types\/product"}],"replies":[{"embeddable":true,"href":"https:\/\/deep-space-astronomy.ch\/de\/wp-json\/wp\/v2\/comments?post=1310"}],"wp:featuredmedia":[{"embeddable":true,"href":"https:\/\/deep-space-astronomy.ch\/de\/wp-json\/wp\/v2\/media\/3796"}],"wp:attachment":[{"href":"https:\/\/deep-space-astronomy.ch\/de\/wp-json\/wp\/v2\/media?parent=1310"}],"wp:term":[{"taxonomy":"product_brand","embeddable":true,"href":"https:\/\/deep-space-astronomy.ch\/de\/wp-json\/wp\/v2\/product_brand?post=1310"},{"taxonomy":"product_cat","embeddable":true,"href":"https:\/\/deep-space-astronomy.ch\/de\/wp-json\/wp\/v2\/product_cat?post=1310"},{"taxonomy":"product_tag","embeddable":true,"href":"https:\/\/deep-space-astronomy.ch\/de\/wp-json\/wp\/v2\/product_tag?post=1310"}],"curies":[{"name":"wp","href":"https:\/\/api.w.org\/{rel}","templated":true}]}}