{"id":1311,"date":"2024-12-18T17:25:33","date_gmt":"2024-12-18T16:25:33","guid":{"rendered":"https:\/\/deep-space-astronomy.geekworkers.dev\/?post_type=product&#038;p=1311"},"modified":"2025-06-03T10:36:46","modified_gmt":"2025-06-03T08:36:46","slug":"colour-magic-2-duo-band-c-packagec1c2","status":"publish","type":"product","link":"https:\/\/deep-space-astronomy.ch\/de\/produkt\/colour-magic-2-duo-band-c-packagec1c2\/","title":{"rendered":"Colour Magic 2\u2033 Duo-band C Package(C1+C2)"},"content":{"rendered":"<h3>Das Askar Duo-Band C1 und C2 Pack: Eine vielseitige L\u00f6sung zur Erforschung des tiefen Himmels in Ha, OIII und SII<\/h3>\n<p>Das Askar Duo-Band C1 und C2 Pack ist das ideale Werkzeug f\u00fcr Astrofotografen, die ihre Deep-Sky-Bildgebungsm\u00f6glichkeiten maximieren m\u00f6chten, ohne ihr Budget zu sprengen. Durch die Kombination der Filter C1 (Ha + OIII) und C2 (SII + OIII) bietet dieses Paket eine vollst\u00e4ndige Abdeckung der wichtigsten Wellenl\u00e4ngenb\u00e4nder und erm\u00f6glicht es, eine Vielzahl von Details in Nebeln und anderen Himmelsobjekten einzufangen.<\/p>\n<h3>C1-Filter: Ha und OIII f\u00fcr helle und kontrastreiche Bilder<\/h3>\n<p>Der C1-Filter wurde entwickelt, um Emissionen von Ha (Wasserstoff-Alpha) und OIII (Sauerstoff-III) einzufangen, zwei Wellenl\u00e4ngen, die f\u00fcr die Hervorhebung der feinen und leuchtenden Strukturen von Nebeln entscheidend sind. Mit einer breiten Bandbreite von 35 nm f\u00fcr OIII und 15 nm f\u00fcr Ha l\u00e4sst es eine gro\u00dfe Menge an Licht durch und erm\u00f6glicht so die Aufnahme von klaren und kontrastreichen Bildern, auch ohne lange Belichtungszeiten. Seine hochmoderne Transmission von \u00fcber 90 % sorgt f\u00fcr optimale Helligkeit, wodurch dieser Filter perfekt f\u00fcr m\u00e4\u00dfig dunkle Beobachtungsumgebungen geeignet ist.<\/p>\n<h3>Filter C2: SII und OIII f\u00fcr reiche Details und akzentuierten Kontrast<\/h3>\n<p>Der C2-Filter hingegen wurde entwickelt, um die B\u00e4nder SII (Schwefel II) und OIII (Sauerstoff III) einzufangen, und er\u00f6ffnet damit die M\u00f6glichkeit, zus\u00e4tzliche Details in Nebeln zu erfassen. Seine gro\u00dfe Bandbreite von 35 nm f\u00fcr OIII und 15 nm f\u00fcr SII erm\u00f6glicht es, mehr Licht zu sammeln, was besonders f\u00fcr schnelle Aufnahmen und eine lichtst\u00e4rkere Bildgebung n\u00fctzlich ist. Wie der C1 bietet auch der C2-Filter eine Spitzentransmission von 90 % und garantiert kontrastverst\u00e4rkte Bilder mit gut sichtbaren Details im SII- und OIII-Band.<\/p>\n<h3>Eine erschwingliche und vielseitige L\u00f6sung f\u00fcr die Astrofotografie<\/h3>\n<p>Einer der Hauptvorteile dieses Duo-Band-Pakets C1 und C2 ist sein au\u00dfergew\u00f6hnliches Preis-Leistungs-Verh\u00e4ltnis. Dank ihrer relativ gro\u00dfen Bandbreiten sind die C1- und C2-Filter erschwinglicher als Ultra-Schmalbandfilter, bieten aber dennoch eine bemerkenswerte Leistung. Dieses Paket ist daher ideal f\u00fcr Amateur- und fortgeschrittene Astrofotografen, die ein breites Spektrum an Nebelemissionen (Ha, OIII und SII) erforschen m\u00f6chten, ohne sich dabei zu ruinieren.<\/p>\n<p>Obwohl die gro\u00dfen Bandbreiten bei starker Lichtverschmutzung etwas mehr Streulicht durchlassen k\u00f6nnen, erm\u00f6glichen sie auch die Aufnahme von helleren Bildern in weniger verschmutzten Umgebungen oder mit k\u00fcrzeren Belichtungszeiten. Durch diesen Kompromiss eignet sich dieses Paket besonders f\u00fcr moderate Beobachtungsumgebungen und bietet mehr Flexibilit\u00e4t f\u00fcr eine Vielzahl von Bedingungen.<\/p>\n<h3>Askars C1- und C2-Paket: Ein Eintritt in die Sch\u00f6nheit des tiefen Himmels<\/h3>\n<p>Zusammenfassend l\u00e4sst sich sagen, dass das Askar Duo-Band C1 und C2 Paket eine vielseitige und kosteng\u00fcnstige L\u00f6sung f\u00fcr Astrofotografie-Enthusiasten ist. Es erm\u00f6glicht Ihnen, die Ha-, OIII- und SII-B\u00e4nder gr\u00fcndlich zu erforschen und bietet damit eine F\u00fclle von Optionen, um faszinierende Details von Nebeln und anderen Deep-Sky-Objekten einzufangen. Mit einer optimierten Bildqualit\u00e4t und einem hervorragenden Preis-Leistungs-Verh\u00e4ltnis ist dieses Paket die perfekte Wahl f\u00fcr alle, die ihre ersten Schritte in der Astrofotografie machen oder ihre Praxis kompromisslos erweitern m\u00f6chten.<\/p>\n<h3>Technische Eigenschaften<\/h3>\n<h3>1. Duo-Band-Filter C1 (2\")<\/h3>\n<ul>\n<li>Halbwertsbreite (FWHM): OIII bei 35 nm \u00b1 5 nm, Ha bei 15 nm \u00b1 3 nm<\/li>\n<li>Zentrale Wellenl\u00e4nge (CWL): 500,7 nm und 656,6 nm<\/li>\n<li>Spitzen\u00fcbertragung: 90 %<\/li>\n<li>Dicke: 2 \u00b1 0,05 mm<\/li>\n<li>Barriereeigenschaft: OD3 von 200 bis 1000 nm<\/li>\n<li>Oberfl\u00e4chenfinish: 60\/40<\/li>\n<\/ul>\n<p>Dieser Filter ist ideal f\u00fcr Astrofotografie-Enthusiasten, die nach einer vielseitigen L\u00f6sung suchen, um sowohl Ha- als auch OIII-Emissionen zu erfassen. Mit einer Transmission von 90 % garantiert er eine klare und helle Aufnahme von Nebeln.<\/p>\n<h3>2. Duo-Band-Filter C2 (2\")<\/h3>\n<ul>\n<li>Halbwertsbreite (FWHM): OIII bei 35 nm \u00b1 5 nm, SII bei 15 nm \u00b1 3 nm<\/li>\n<li>Zentrale Wellenl\u00e4nge (CWL): 500,7 nm und 672 nm<\/li>\n<li>Spitzen\u00fcbertragung: 90 %<\/li>\n<li>Dicke: 2 \u00b1 0,05 mm<\/li>\n<li>Barriereeigenschaft: OD3 von 200 bis 1000 nm<\/li>\n<li>Oberfl\u00e4chenfinish: 60\/40<\/li>\n<\/ul>\n<p>Dieser Filter ist eine ausgezeichnete Option f\u00fcr diejenigen, die neben OIII auch SII-Emissionen einfangen m\u00f6chten. Die Kombination der OIII- und SII-B\u00e4nder erm\u00f6glicht hochaufl\u00f6sende Bilder von Nebeln mit ausgezeichneter Klarheit.<\/p>\n<h3>3. Duo-Narrowband-Filter D1 (2\")<\/h3>\n<ul>\n<li>Halbwertsbreite (FWHM): OIII bei 6,5 nm \u00b1 0,5 nm, Ha bei 8,5 nm \u00b1 0,5 nm<\/li>\n<li>Zentrale Wellenl\u00e4nge (CWL): 500,7 nm und 656,6 nm<\/li>\n<li>Spitzen\u00fcbertragung: 85 %<\/li>\n<li>Dicke: 1,85 \u00b1 0,05 mm<\/li>\n<li>Barriereeigenschaft : \u2265OD5 von 200 bis 1100 nm<\/li>\n<li>Oberfl\u00e4chenfinish: 60\/40<\/li>\n<\/ul>\n<p>Dieser Filter bietet eine schmalere Bandbreite, ideal f\u00fcr Anwender, die den Kontrast von Himmelsobjekten verbessern und gleichzeitig Lichtverschmutzungsquellen blockieren wollen. Das schmale OIII- und Ha-Band ist besonders n\u00fctzlich f\u00fcr st\u00e4dtische Umgebungen mit starker Lichtverschmutzung.<\/p>\n<h3>4. Filter Duo-narrowband D2 (2\") (Super D)<\/h3>\n<ul>\n<li>Halbwertsbreite (FWHM): OIII bei 6,5 nm \u00b1 0,5 nm, SII bei 8,5 nm \u00b1 0,5 nm<\/li>\n<li>Zentrale Wellenl\u00e4nge (CWL): 500,7 nm und 672 nm<\/li>\n<li>Spitzen\u00fcbertragung: 85 %<\/li>\n<li>Dicke: 1,85 \u00b1 0,05 mm<\/li>\n<li>Barriereeigenschaft : \u2265OD5 von 200 bis 1100 nm<\/li>\n<li>Oberfl\u00e4chenfinish: 60\/40<\/li>\n<li>Parallelit\u00e4t: 30\u2033.<\/li>\n<\/ul>\n<p>Der Super D2 Duo-Narrowband-Filter, die neueste Innovation von Askar, wurde f\u00fcr die hochpr\u00e4zise Astrofotografie entwickelt. Ausgestattet mit der \"Super\" Halo-Kontrollf\u00e4higkeit, verbessert er deutlich den Kontrast Ihrer Bilder und eliminiert unerw\u00fcnschte Halos um die Sterne. Dieser Filter ist f\u00fcr eine optimale Leistung selbst bei schnellen Teleskopen bis f\/1.9 optimiert und liefert klare und detailreiche Bilder von Nebeln, indem er nur die spezifischen Emissionen der B\u00e4nder SII und OIII einf\u00e4ngt.<\/p>","protected":false},"excerpt":{"rendered":"<p>Le Pack Duo-Band C1 et C2 d\u2019Askar : Une Solution Polyvalente pour Explorer le Ciel Profond en Ha, OIII et SII Le pack Duo-Band C1 et C2 d\u2019Askar est l\u2019outil id\u00e9al pour les astrophotographes qui souhaitent maximiser leurs possibilit\u00e9s d\u2019imagerie du ciel profond sans d\u00e9passer leur budget. En combinant les filtres C1 (Ha + OIII) [&hellip;]<\/p>\n","protected":false},"featured_media":3798,"comment_status":"open","ping_status":"closed","template":"","meta":[],"product_brand":[382],"product_cat":[780],"product_tag":[],"class_list":{"0":"post-1311","1":"product","2":"type-product","3":"status-publish","4":"has-post-thumbnail","6":"product_brand-askar","7":"product_cat-filtres-bande-etroite","9":"first","10":"on_supplier","11":"taxable","12":"shipping-taxable","13":"purchasable","14":"product-type-simple"},"_links":{"self":[{"href":"https:\/\/deep-space-astronomy.ch\/de\/wp-json\/wp\/v2\/product\/1311","targetHints":{"allow":["GET"]}}],"collection":[{"href":"https:\/\/deep-space-astronomy.ch\/de\/wp-json\/wp\/v2\/product"}],"about":[{"href":"https:\/\/deep-space-astronomy.ch\/de\/wp-json\/wp\/v2\/types\/product"}],"replies":[{"embeddable":true,"href":"https:\/\/deep-space-astronomy.ch\/de\/wp-json\/wp\/v2\/comments?post=1311"}],"wp:featuredmedia":[{"embeddable":true,"href":"https:\/\/deep-space-astronomy.ch\/de\/wp-json\/wp\/v2\/media\/3798"}],"wp:attachment":[{"href":"https:\/\/deep-space-astronomy.ch\/de\/wp-json\/wp\/v2\/media?parent=1311"}],"wp:term":[{"taxonomy":"product_brand","embeddable":true,"href":"https:\/\/deep-space-astronomy.ch\/de\/wp-json\/wp\/v2\/product_brand?post=1311"},{"taxonomy":"product_cat","embeddable":true,"href":"https:\/\/deep-space-astronomy.ch\/de\/wp-json\/wp\/v2\/product_cat?post=1311"},{"taxonomy":"product_tag","embeddable":true,"href":"https:\/\/deep-space-astronomy.ch\/de\/wp-json\/wp\/v2\/product_tag?post=1311"}],"curies":[{"name":"wp","href":"https:\/\/api.w.org\/{rel}","templated":true}]}}