{"id":13133,"date":"2026-01-20T18:33:55","date_gmt":"2026-01-20T17:33:55","guid":{"rendered":"https:\/\/deep-space-astronomy.ch\/?post_type=product&#038;p=13133"},"modified":"2026-01-20T18:34:09","modified_gmt":"2026-01-20T17:34:09","slug":"celestron-nexstar-8se","status":"publish","type":"product","link":"https:\/\/deep-space-astronomy.ch\/de\/produkt\/celestron-nexstar-8se\/","title":{"rendered":"Celestron NexStar 8SE"},"content":{"rendered":"<h3 style=\"text-align: center;\">Celestron NexStar 8SE \u201cOrange Tube\u201d: Der Klassiker modernisiert<\/h3>\n<p>Die <strong>Celestron NexStar 8SE<\/strong> ist eines der symboltr\u00e4chtigsten Teleskope der Amateurastronomie. Sein Konzept <strong>Schmidt-Cassegrain 8 Zoll<\/strong> revolutionierte den Markt bereits in den 1970er Jahren dank eines seltenen Gleichgewichts : <strong>viel Offenheit<\/strong>, ein Instrument <strong>kompakt<\/strong> und eine Nutzung <strong>einfach<\/strong>.<\/p>\n<p>Diese Version \u201cSE\u201d \u00fcbernimmt das ikonische Design <em>orange Rohr<\/em> durch Hinzuf\u00fcgen moderner Funktionen (GoTo, Datenbank, schnelle Ausrichtung), um sowohl Anf\u00e4ngern als auch erfahrenen Beobachtern ein Premium-Erlebnis zu bieten.<\/p>\n<h3>Warum es hervorragend ist (sogar als erstes \u201crichtiges\u201d Teleskop)<\/h3>\n<ul>\n<li><strong>Blende von 203,2 mm (8\u2033)<\/strong> : Starke Lichtsammlung zur Enth\u00fcllung von Details auf dem Mond, den Planeten und vielen Deep-Sky-Objekten.<\/li>\n<li><strong>Motorisierter GoTo<\/strong> : Das Reittier zeigt und folgt automatisch auf Objekte (mehr Zeit zum Beobachten, weniger Zeit zum Suchen).<\/li>\n<li><strong>Datenbank 40.000+ Objekte<\/strong> : Planeten, Nebel, Galaxien, Sternhaufen, Doppelsterne...<\/li>\n<li><strong>SkyAlign<\/strong> : Stationierung und Ausrichtung in wenigen Minuten, auch wenn Sie wenig \u00fcber den Himmel wissen.<\/li>\n<li><strong>Transportables Format<\/strong> : Gestaltung <strong>Einarmige Gabel<\/strong> + Stahlstativ, zum Transport und zur Aufbewahrung in einzelne Elemente zerlegbar.<\/li>\n<li><strong>StarBright XLT-Optiken<\/strong> : Hochwertige Behandlungen zur Maximierung der Transmission und des Kontrasts.<\/li>\n<\/ul>\n<h3>Was Sie (konkret) sehen werden<\/h3>\n<p>Dank seiner <strong>Sammelkraft 843\u00d7 die des Auges<\/strong> und einer feinen Aufl\u00f6sung (Dawes <strong>0,57\u2033<\/strong>), ist das NexStar 8SE im visuellen Bereich furchteinfl\u00f6\u00dfend:<\/p>\n<ul>\n<li><strong>Mond<\/strong> : Reliefs, Krater, Verwerfungen und feine Strukturen \u201cwie nie zuvor\u201d.<\/li>\n<li><strong>Planeten<\/strong> : Cassini-Teilung in den Ringen des Saturn, Wolkenb\u00e4nder des Jupiter und atmosph\u00e4rische Details je nach Bedingungen.<\/li>\n<li><strong>Tiefer Himmel<\/strong> Kugelsternhaufen (z. B. Herkules), Galaxien (z. B. Whirlpool \/ M51) und eine gro\u00dfe Vielfalt an Objekten, die von einem korrekten Standort aus zug\u00e4nglich sind.<\/li>\n<\/ul>\n<h3>GoTo + Tracking: Beobachten wird fl\u00fcssig<\/h3>\n<p>Das Gestell <strong>alt-azimutale GoTo<\/strong> integriert Objekte automatisch und verfolgt sie. Sie w\u00e4hlen ein Ziel aus, das Teleskop f\u00e4hrt es an und h\u00e4lt es dann zentriert. Das Ergebnis: Die Beobachtung ist komfortabler, vor allem bei hoher Vergr\u00f6\u00dferung.<\/p>\n<ul>\n<li><strong>Zeigegeschwindigkeiten<\/strong> : 9 Geschwindigkeiten, bis zu <strong>5\u00b0\/Sekunde<\/strong><\/li>\n<li><strong>Folgegeschwindigkeiten<\/strong> : siderisch, solar, lunar<\/li>\n<li><strong>Modi<\/strong> Alt-Az, EQ Nord \/ EQ S\u00fcd (EQ-Modus mit Wedge m\u00f6glich)<\/li>\n<li><strong>NexStar+ Tennisschl\u00e4ger<\/strong> : zweizeiliger LCD-Bildschirm + Basis <strong>40.000 Objekte<\/strong> + <strong>200 programmierbare Objekte<\/strong><\/li>\n<li><strong>Sky Tour<\/strong> : Das Teleskop kann die derzeit besten sichtbaren Ziele anbieten.<\/li>\n<\/ul>\n<h3>SkyAlign-Ausrichtung: einfach, schnell, effektiv<\/h3>\n<p>Der NexStar 8SE verwendet <strong>SkyAlign<\/strong> : einfach zentrieren <strong>drei gl\u00e4nzende Objekte<\/strong> (Sterne oder Planeten) und best\u00e4tigen Sie dann. Auch ohne Kenntnisse des Himmels ist die Ausrichtung in wenigen Minuten erledigt.<\/p>\n<h3>StarSense-Kompatibilit\u00e4t (sehr wichtig)<\/h3>\n<p><strong>Ja: Der NexStar 8SE ist mit der StarSense\u00ae-Technologie kompatibel.<\/strong> (ex. <em>StarSense AutoAlign<\/em>). Durch Hinzuf\u00fcgen dieses Zubeh\u00f6rs kann die Ausrichtung <strong>automatisch<\/strong>, Das macht die ersten Ausfl\u00fcge noch einfacher und den Einstieg schneller.<\/p>\n<h3>Weiterf\u00fchrende Fragen: Zubeh\u00f6r und erweiterte Nutzung<\/h3>\n<ul>\n<li><strong>Fastar kompatibel<\/strong> : Entwickelt, um mit entsprechender Konfiguration zu einer \u201cschnellen\u201d Gro\u00dffeldbildgebung aufzur\u00fcsten.<\/li>\n<li><strong>Autoguide-Anschluss<\/strong> : verf\u00fcgbar.<\/li>\n<li><strong>Konnektivit\u00e4t<\/strong> : USB-Anschluss (Racket-Eingang) und <strong>1 AUX-Anschluss<\/strong>.<\/li>\n<li><strong>WiFi<\/strong> Kompatibel \u00fcber Modul (Typ SkyPortal WiFi Module).<\/li>\n<li><strong>Software<\/strong> : Celestron <strong>Starry Night Special Edition<\/strong> + Anwendung <strong>SkyPortal<\/strong>.<\/li>\n<\/ul>\n<h3>Inhalt der Schachtel<\/h3>\n<ul>\n<li>Optischer Tubus Schmidt-Cassegrain 8\u2033<\/li>\n<li>GoTo Alt-azimutale Einarm-Montierung + Stativ<\/li>\n<li>Ablage f\u00fcr Zubeh\u00f6r<\/li>\n<li>Sucher roter Punkt <strong>StarPointer\u2122<\/strong><\/li>\n<li>Schneeschuh <strong>NexStar+<\/strong><\/li>\n<li>Okular <strong>25 mm<\/strong> (Vergr\u00f6\u00dferung <strong>81\u00d7<\/strong>)<\/li>\n<li>Abgewinkelte Umlenkung <strong>1,25\u2033<\/strong><\/li>\n<\/ul>\n<h3>Technische Daten<\/h3>\n<h3>Optik (R\u00f6hre)<\/h3>\n<table>\n<tbody>\n<tr>\n<td><strong>Optisches Design<\/strong><\/td>\n<td>Schmidt-Cassegrain<\/td>\n<\/tr>\n<tr>\n<td><strong>Er\u00f6ffnung<\/strong><\/td>\n<td>203,2 mm (8\u2033)<\/td>\n<\/tr>\n<tr>\n<td><strong>Brennweite<\/strong><\/td>\n<td>2032 mm (80\u2033)<\/td>\n<\/tr>\n<tr>\n<td><strong>Fokusbericht<\/strong><\/td>\n<td>f\/10<\/td>\n<\/tr>\n<tr>\n<td><strong>Okular im Lieferumfang enthalten<\/strong><\/td>\n<td>25 mm<\/td>\n<\/tr>\n<tr>\n<td><strong>Vergr\u00f6\u00dferung mit mitgeliefertem Okular<\/strong><\/td>\n<td>81\u00d7<\/td>\n<\/tr>\n<tr>\n<td><strong>Forscher<\/strong><\/td>\n<td>StarPointer\u2122 roter Punkt<\/td>\n<\/tr>\n<tr>\n<td><strong>Abgewinkelte Umlenkung<\/strong><\/td>\n<td>1,25\u2033 Star Diagonal<\/td>\n<\/tr>\n<tr>\n<td><strong>Max. nutzbare Vergr\u00f6\u00dferung<\/strong><\/td>\n<td>480\u00d7<\/td>\n<\/tr>\n<tr>\n<td><strong>Vergr\u00f6\u00dferung min.<\/strong><\/td>\n<td>29\u00d7<\/td>\n<\/tr>\n<tr>\n<td><strong>Grenzmagnitude<\/strong><\/td>\n<td>14<\/td>\n<\/tr>\n<tr>\n<td><strong>Aufl\u00f6sung (Rayleigh)<\/strong><\/td>\n<td>0,69\u2033<\/td>\n<\/tr>\n<tr>\n<td><strong>Aufl\u00f6sung (Dawes)<\/strong><\/td>\n<td>0,57\u2033<\/td>\n<\/tr>\n<tr>\n<td><strong>Sammeln von Licht<\/strong><\/td>\n<td>843\u00d7 (vs. menschliches Auge)<\/td>\n<\/tr>\n<tr>\n<td><strong>Sekund\u00e4re Obstruktion<\/strong><\/td>\n<td>64 mm (2,5\u2033)<\/td>\n<\/tr>\n<tr>\n<td><strong>Obstruktion (Durchmesser)<\/strong><\/td>\n<td>31%<\/td>\n<\/tr>\n<tr>\n<td><strong>Obstruktion (Oberfl\u00e4che)<\/strong><\/td>\n<td>9,77%<\/td>\n<\/tr>\n<tr>\n<td><strong>Optische Behandlungen<\/strong><\/td>\n<td>StarBright XLT<\/td>\n<\/tr>\n<tr>\n<td><strong>L\u00e4nge des Rohrs<\/strong><\/td>\n<td>432 mm (17\u2033)<\/td>\n<\/tr>\n<tr>\n<td><strong>Durchmesser des Rohrs<\/strong><\/td>\n<td>232 mm (9,1\u2033)<\/td>\n<\/tr>\n<tr>\n<td><strong>Gewicht der R\u00f6hre<\/strong><\/td>\n<td>5,4 kg<\/td>\n<\/tr>\n<tr>\n<td><strong>Schwalbenschwanz<\/strong><\/td>\n<td>CG-5 dovetail bar<\/td>\n<\/tr>\n<\/tbody>\n<\/table>\n<h3>Montierung &amp; Stativ<\/h3>\n<table>\n<tbody>\n<tr>\n<td><strong>Typ<\/strong><\/td>\n<td>Alt-Azimuth GoTo einarmig (single fork arm)<\/td>\n<\/tr>\n<tr>\n<td><strong>Ladekapazit\u00e4t Instrument<\/strong><\/td>\n<td>5,44 kg<\/td>\n<\/tr>\n<tr>\n<td><strong>H\u00f6he (Montierung + Stativ)<\/strong><\/td>\n<td>965,2 mm bis 1422,4 mm (38\u2033 bis 56\u2033)<\/td>\n<\/tr>\n<tr>\n<td><strong>Durchmesser der F\u00fc\u00dfe<\/strong><\/td>\n<td>38,1 mm (1,5\u2033) Edelstahl<\/td>\n<\/tr>\n<tr>\n<td><strong>Gewicht Kopf der Fassung<\/strong><\/td>\n<td>5 kg<\/td>\n<\/tr>\n<tr>\n<td><strong>Tablett Zubeh\u00f6r<\/strong><\/td>\n<td>Ja<\/td>\n<\/tr>\n<tr>\n<td><strong>Gewicht Stativ<\/strong><\/td>\n<td>4,08 kg<\/td>\n<\/tr>\n<tr>\n<td><strong>Reisegeschwindigkeiten<\/strong><\/td>\n<td>9 Geschwindigkeiten, max. 5\u00b0\/s<\/td>\n<\/tr>\n<tr>\n<td><strong>Folgegeschwindigkeiten<\/strong><\/td>\n<td>siderisch, solar, lunar<\/td>\n<\/tr>\n<tr>\n<td><strong>Nachverfolgungsmodi<\/strong><\/td>\n<td>Alt-Az, EQ Nord \/ EQ S\u00fcd (Wedge erforderlich f\u00fcr EQ)<\/td>\n<\/tr>\n<tr>\n<td><strong>GPS<\/strong><\/td>\n<td>Nicht<\/td>\n<\/tr>\n<tr>\n<td><strong>Schwalbenschwanz-Kompatibilit\u00e4t<\/strong><\/td>\n<td>CG-5<\/td>\n<\/tr>\n<tr>\n<td><strong>Ports<\/strong><\/td>\n<td>1\u00d7 AUX, Autoguiding: ja, USB: ja (Racket-Eingang)<\/td>\n<\/tr>\n<tr>\n<td><strong>Motorisierung<\/strong><\/td>\n<td>DC-Servomotoren<\/td>\n<\/tr>\n<tr>\n<td><strong>Ern\u00e4hrung<\/strong><\/td>\n<td>8\u00d7 AA (nicht im Lieferumfang enthalten) oder 12 VDC 750 mA (tip positiv)<\/td>\n<\/tr>\n<tr>\n<td><strong>RLP<\/strong><\/td>\n<td>Nicht<\/td>\n<\/tr>\n<tr>\n<td><strong>Schneeschuh<\/strong><\/td>\n<td>2-zeiliges LCD, 18 Zeichen, hintergrundbeleuchtete Tasten<\/td>\n<\/tr>\n<tr>\n<td><strong>NexStar+ Basis<\/strong><\/td>\n<td>40.000 Objekte + 200 programmierbare Objekte<\/td>\n<\/tr>\n<tr>\n<td><strong>Gesamtgewicht Kit<\/strong><\/td>\n<td>14,51 kg<\/td>\n<\/tr>\n<\/tbody>\n<\/table>\n<h3>Celestron-Technologien inbegriffen<\/h3>\n<ul>\n<li>SkyAlign<\/li>\n<li>StarBright XLT Coatings<\/li>\n<li>Fastar Technology<\/li>\n<li>All-Star Polar Alignment<\/li>\n<li>CPWI<\/li>\n<li>Starry Night (Software)<\/li>\n<\/ul>\n<h3>Sicherheitsinformationen<\/h3>\n<ul>\n<li><strong>Sonne :<\/strong> beobachten Sie die Sonne niemals mit blo\u00dfem Auge oder mit dem Instrument ohne geeigneten Sonnenfilter. Gefahr von bleibenden Augensch\u00e4den.<\/li>\n<li>Projizieren Sie das Bild der Sonne niemals \u00fcber die Optik auf eine Oberfl\u00e4che (Gefahr von Erhitzung und Besch\u00e4digung).<\/li>\n<li>Lassen Sie das Instrument niemals unbeaufsichtigt, vor allem nicht in Gegenwart von Kindern.<\/li>\n<\/ul>\n<h3>Zusammenfassend<\/h3>\n<p>Die <strong>NexStar 8SE<\/strong> ist eine besonders solide Wahl, wenn Sie ein Teleskop suchen <strong>vielseitig<\/strong>, <strong>visuell m\u00e4chtig<\/strong> und <strong>einfach zu verwenden<\/strong> dank GoTo und SkyAlign. Und wenn Sie noch mehr Komfort w\u00fcnschen, merken Sie sich das Wichtigste : <strong>er ist StarSense\u00ae-kompatibel<\/strong>.<\/p>","protected":false},"excerpt":{"rendered":"<p>Celestron NexStar 8SE \u201cOrange Tube\u201d : le grand classique modernis\u00e9 Le Celestron NexStar 8SE est l\u2019un des t\u00e9lescopes les plus embl\u00e9matiques de l\u2019astronomie amateur. Son concept Schmidt-Cassegrain de 8 pouces a r\u00e9volutionn\u00e9 le march\u00e9 d\u00e8s les ann\u00e9es 1970 gr\u00e2ce \u00e0 un \u00e9quilibre rare : beaucoup d\u2019ouverture, un instrument compact et une utilisation simple. Cette version [&hellip;]<\/p>\n","protected":false},"featured_media":13134,"comment_status":"open","ping_status":"closed","template":"","meta":[],"product_brand":[413],"product_cat":[815,748,392],"product_tag":[],"class_list":{"0":"post-13133","1":"product","2":"type-product","3":"status-publish","4":"has-post-thumbnail","6":"product_brand-celestron","7":"product_cat-debutants","8":"product_cat-schmidt-cassegrain","9":"product_cat-telescopes_reflecteurs","11":"first","12":"instock","13":"taxable","14":"shipping-taxable","15":"purchasable","16":"product-type-simple"},"_links":{"self":[{"href":"https:\/\/deep-space-astronomy.ch\/de\/wp-json\/wp\/v2\/product\/13133","targetHints":{"allow":["GET"]}}],"collection":[{"href":"https:\/\/deep-space-astronomy.ch\/de\/wp-json\/wp\/v2\/product"}],"about":[{"href":"https:\/\/deep-space-astronomy.ch\/de\/wp-json\/wp\/v2\/types\/product"}],"replies":[{"embeddable":true,"href":"https:\/\/deep-space-astronomy.ch\/de\/wp-json\/wp\/v2\/comments?post=13133"}],"wp:featuredmedia":[{"embeddable":true,"href":"https:\/\/deep-space-astronomy.ch\/de\/wp-json\/wp\/v2\/media\/13134"}],"wp:attachment":[{"href":"https:\/\/deep-space-astronomy.ch\/de\/wp-json\/wp\/v2\/media?parent=13133"}],"wp:term":[{"taxonomy":"product_brand","embeddable":true,"href":"https:\/\/deep-space-astronomy.ch\/de\/wp-json\/wp\/v2\/product_brand?post=13133"},{"taxonomy":"product_cat","embeddable":true,"href":"https:\/\/deep-space-astronomy.ch\/de\/wp-json\/wp\/v2\/product_cat?post=13133"},{"taxonomy":"product_tag","embeddable":true,"href":"https:\/\/deep-space-astronomy.ch\/de\/wp-json\/wp\/v2\/product_tag?post=13133"}],"curies":[{"name":"wp","href":"https:\/\/api.w.org\/{rel}","templated":true}]}}