{"id":1315,"date":"2024-12-18T17:29:26","date_gmt":"2024-12-18T16:29:26","guid":{"rendered":"https:\/\/deep-space-astronomy.geekworkers.dev\/?post_type=product&#038;p=1315"},"modified":"2025-06-17T17:03:51","modified_gmt":"2025-06-17T15:03:51","slug":"rehausseur-pour-sqa85-106","status":"publish","type":"product","link":"https:\/\/deep-space-astronomy.ch\/de\/produkt\/rehausseur-pour-sqa85-106\/","title":{"rendered":"Aufsatz f\u00fcr SQA85\/106"},"content":{"rendered":"<div>\n<h3>Optionale Aufsatzsektion der SQA-Serie<\/h3>\n<ul>\n<li><strong>Kompatibilit\u00e4t :<\/strong> Geeignet f\u00fcr die meisten Modelle der SQA-Serie (au\u00dfer Modell SQA55).<\/li>\n<li><strong>Solide Konstruktion :<\/strong> 20 mm Aufsatz aus Metall, CNC-gefr\u00e4st f\u00fcr perfekte Pr\u00e4zision, bietet eine langlebige, glatte Beschichtung.<\/li>\n<li><strong>Verbesserte Funktionalit\u00e4t :<\/strong> Wenn Sie diesen Erh\u00f6hungsabschnitt unter dem OTA der SQA-Serie positionieren, verringern Sie das Risiko von Sch\u00e4den bei der Verwendung auf einer \u00e4quatorialen Montierung. Au\u00dferdem schafft sie unter dem OTA mehr Platz f\u00fcr verschiedene angeschlossene Ger\u00e4te.<\/li>\n<li><strong>Enthaltenes Zubeh\u00f6r :<\/strong> Wird mit 4 M6*40-Schrauben und 5 Kabelbindern f\u00fcr eine sichere Installation geliefert.<\/li>\n<\/ul>\n<\/div>","protected":false},"excerpt":{"rendered":"<p>Section de Rehaussement Optionnelle de la S\u00e9rie SQA Compatibilit\u00e9 : Convient \u00e0 la plupart des mod\u00e8les de la s\u00e9rie SQA (sauf le mod\u00e8le SQA55). Construction Solide : \u00c9l\u00e9ment de rehaussement en m\u00e9tal de 20 mm, usin\u00e9 CNC pour une pr\u00e9cision parfaite, offrant un rev\u00eatement durable et lisse. Fonctionnalit\u00e9 Am\u00e9lior\u00e9e : En positionnant cette section de [&hellip;]<\/p>\n","protected":false},"featured_media":4939,"comment_status":"open","ping_status":"closed","template":"","meta":[],"product_brand":[382],"product_cat":[631,19,633],"product_tag":[],"class_list":{"0":"post-1315","1":"product","2":"type-product","3":"status-publish","4":"has-post-thumbnail","6":"product_brand-askar","7":"product_cat-trepieds-bagues-et-accessoires-generaux","8":"product_cat-accessoires","9":"product_cat-platines-et-accessoires-trpieds-bagues-et-accessoires-gnraux","11":"first","12":"on_supplier","13":"taxable","14":"shipping-taxable","15":"purchasable","16":"product-type-simple"},"_links":{"self":[{"href":"https:\/\/deep-space-astronomy.ch\/de\/wp-json\/wp\/v2\/product\/1315","targetHints":{"allow":["GET"]}}],"collection":[{"href":"https:\/\/deep-space-astronomy.ch\/de\/wp-json\/wp\/v2\/product"}],"about":[{"href":"https:\/\/deep-space-astronomy.ch\/de\/wp-json\/wp\/v2\/types\/product"}],"replies":[{"embeddable":true,"href":"https:\/\/deep-space-astronomy.ch\/de\/wp-json\/wp\/v2\/comments?post=1315"}],"wp:featuredmedia":[{"embeddable":true,"href":"https:\/\/deep-space-astronomy.ch\/de\/wp-json\/wp\/v2\/media\/4939"}],"wp:attachment":[{"href":"https:\/\/deep-space-astronomy.ch\/de\/wp-json\/wp\/v2\/media?parent=1315"}],"wp:term":[{"taxonomy":"product_brand","embeddable":true,"href":"https:\/\/deep-space-astronomy.ch\/de\/wp-json\/wp\/v2\/product_brand?post=1315"},{"taxonomy":"product_cat","embeddable":true,"href":"https:\/\/deep-space-astronomy.ch\/de\/wp-json\/wp\/v2\/product_cat?post=1315"},{"taxonomy":"product_tag","embeddable":true,"href":"https:\/\/deep-space-astronomy.ch\/de\/wp-json\/wp\/v2\/product_tag?post=1315"}],"curies":[{"name":"wp","href":"https:\/\/api.w.org\/{rel}","templated":true}]}}