{"id":13174,"date":"2026-01-23T16:05:53","date_gmt":"2026-01-23T15:05:53","guid":{"rendered":"https:\/\/deep-space-astronomy.ch\/?post_type=product&#038;p=13174"},"modified":"2026-01-23T16:06:06","modified_gmt":"2026-01-23T15:06:06","slug":"microscope-stereo-bresser-researcher-icd-led-20x-80x","status":"publish","type":"product","link":"https:\/\/deep-space-astronomy.ch\/de\/produkt\/microscope-stereo-bresser-researcher-icd-led-20x-80x\/","title":{"rendered":"Stereomikroskop BRESSER Researcher ICD LED 20x-80x"},"content":{"rendered":"<h3>Professionelles stereoskopisches Auflicht- und Durchlichtmikroskop<\/h3>\n<p>Die <strong>Stereomikroskop Researcher ICD LED 20x-80x<\/strong> von Bresser ist ein vielseitiges und robustes Instrument, das den Anforderungen anspruchsvoller Amateure ebenso gerecht wird wie denen fortgeschrittener und professioneller Benutzer. Es kombiniert die Beobachtung in <strong>einfallendes (reflektiertes) Licht<\/strong> und in <strong>durchgelassenes Licht<\/strong>, Dies erm\u00f6glicht eine hohe Flexibilit\u00e4t bei der Analyse von opaken oder transluzenten Objekten.<\/p>\n<p>Sein stereoskopisches Design garantiert eine <strong>detailliertes und kontrastreiches dreidimensionales Bild<\/strong>, Das Modell ist ideal f\u00fcr Pr\u00e4zisionsarbeiten, den Unterricht, wissenschaftliche Freizeitaktivit\u00e4ten und viele technische Anwendungen.<\/p>\n<h3>Um 360\u00b0 drehbarer binokularer Kopf f\u00fcr optimalen Komfort<\/h3>\n<p>Der binokulare Kopf des Mikroskops dreht sich frei um <strong>360\u00b0<\/strong>, Sie k\u00f6nnen jede beliebige Beobachtungsposition einnehmen, ohne die Probe zu bewegen. Die <strong>Okulare sind individuell einstellbar<\/strong>, Die Brillengl\u00e4ser k\u00f6nnen sowohl im Augenabstand als auch in der Dioptrie angepasst werden, um die Sehkraft jedes einzelnen Nutzers perfekt zu unterst\u00fctzen.<\/p>\n<p>Die Fokussierung erfolgt \u00fcber einen <strong>Grobfokussystem<\/strong> flie\u00dfend und pr\u00e4zise, wodurch eine einfache und effektive Handhabung auch bei l\u00e4ngeren Beobachtungen gew\u00e4hrleistet ist.<\/p>\n<h3>Mehrfachvergr\u00f6\u00dferungen und stereoskopische Optik<\/h3>\n<p>Der ICD LED Researcher bietet einen <strong>umschaltbare Vergr\u00f6\u00dferung 2x \/ 4x auf Objektivebene<\/strong>. In Kombination mit den beiden mitgelieferten Okularpaaren (<strong>WF10x<\/strong> und <strong>WF20x<\/strong>), erreicht er Vergr\u00f6\u00dferungen von <strong>20x, 40x und 80x<\/strong>.<\/p>\n<p>Die beiden optischen Kan\u00e4le bewahren den stereoskopischen Effekt und bieten eine realistische Wahrnehmung von Volumen und Reliefs, die f\u00fcr sorgf\u00e4ltige Arbeiten unerl\u00e4sslich ist.<\/p>\n<h3>Starke, dimmbare LED-Beleuchtung<\/h3>\n<p>Das Mikroskop ist mit zwei Beleuchtungssystemen ausgestattet <strong>Unabh\u00e4ngige LEDs<\/strong> : eine f\u00fcr das einfallende Licht und eine f\u00fcr das durchgelassene Licht. Jede Quelle kann separat oder gleichzeitig verwendet werden, mit einer <strong>Intensit\u00e4t \u00fcber Dimmer einstellbar<\/strong>.<\/p>\n<p>Das optische System der Lichtstreuung sorgt f\u00fcr eine <strong>gleichm\u00e4\u00dfige Verteilung<\/strong>, Der Kontrast der Bilder wird dadurch erh\u00f6ht und die Lesbarkeit von feinen Details verbessert.<\/p>\n<h3>F\u00fcr eine breite Palette von Anwendungen konzipiert<\/h3>\n<p>Dank seiner Vielseitigkeit und Robustheit eignet sich dieses Stereomikroskop f\u00fcr viele Bereiche:<\/p>\n<ul>\n<li>Botanik und Entomologie,<\/li>\n<li>Mineralogie und Gemmologie,<\/li>\n<li>Numismatik und Philatelie,<\/li>\n<li>Unterricht und Laboratorien,<\/li>\n<li>Materialpr\u00fcfung, Metallurgie,<\/li>\n<li>Inspektion von Halbleiterwafern und Forschung.<\/li>\n<\/ul>\n<h3>Technische Daten<\/h3>\n<table>\n<tbody>\n<tr>\n<td>Art des Mikroskops<\/td>\n<td>Auflicht-\/Durchlicht-Stereomikroskop<\/td>\n<\/tr>\n<tr>\n<td>Optisches Design<\/td>\n<td>Stereo<\/td>\n<\/tr>\n<tr>\n<td>Kopf<\/td>\n<td>Um 360\u00b0 drehbares Binokular<\/td>\n<\/tr>\n<tr>\n<td>Vergr\u00f6\u00dferung<\/td>\n<td>20x \/ 40x \/ 80x<\/td>\n<\/tr>\n<tr>\n<td>Ziele<\/td>\n<td>2x \/ 4x umschaltbar<\/td>\n<\/tr>\n<tr>\n<td>Mitgelieferte Okulare<\/td>\n<td>WF10x und WF20x<\/td>\n<\/tr>\n<tr>\n<td>Dioptrieneinstellung<\/td>\n<td>Ja<\/td>\n<\/tr>\n<tr>\n<td>Arbeitsabstand<\/td>\n<td>\u2248 68 mm<\/td>\n<\/tr>\n<tr>\n<td>Max. H\u00f6he des Objekts<\/td>\n<td>32 mm<\/td>\n<\/tr>\n<tr>\n<td>Durchmesser Okularauszug<\/td>\n<td>30,5 mm<\/td>\n<\/tr>\n<tr>\n<td>Art der Beleuchtung<\/td>\n<td>LEDs mit variabler Intensit\u00e4t<\/td>\n<\/tr>\n<tr>\n<td>Beleuchtung<\/td>\n<td>Einfallendes und durchgelassenes Licht<\/td>\n<\/tr>\n<tr>\n<td>Material des Geh\u00e4uses<\/td>\n<td>Aluminium<\/td>\n<\/tr>\n<tr>\n<td>Material<\/td>\n<td>Metall<\/td>\n<\/tr>\n<tr>\n<td>Gewicht (inkl. Zubeh\u00f6r)<\/td>\n<td>2300 g<\/td>\n<\/tr>\n<tr>\n<td>Abmessungen (L \u00d7 B \u00d7 H)<\/td>\n<td>210 \u00d7 160 \u00d7 330 mm<\/td>\n<\/tr>\n<tr>\n<td>Farbe<\/td>\n<td>Wei\u00df<\/td>\n<\/tr>\n<tr>\n<td>Zielpublikum<\/td>\n<td>Anf\u00e4nger, fortgeschrittene Nutzer, Experten, Profis<\/td>\n<\/tr>\n<tr>\n<td>Garantie<\/td>\n<td>5 Jahre<\/td>\n<\/tr>\n<\/tbody>\n<\/table>\n<h3>Inhalt der Lieferung<\/h3>\n<ul>\n<li>Stereoskopisches Mikroskop BRESSER Researcher ICD LED<\/li>\n<li>Um 360\u00b0 drehbarer binokularer Kopf<\/li>\n<li>2 Okularpaare: WF10x und WF20x<\/li>\n<li>Augenmuscheln aus Gummi<\/li>\n<li>Glastisch<\/li>\n<li>Schwarze und wei\u00dfe Tabletts<\/li>\n<li>Elektrische Versorgung<\/li>\n<li>Staubschutzkappe<\/li>\n<\/ul>\n<h3>Ein zuverl\u00e4ssiges Werkzeug f\u00fcr die Pr\u00e4zisionsbeobachtung<\/h3>\n<p>Solide, ergonomisch und vielseitig, der <strong>BRESSER Researcher ICD LED 20x-80x<\/strong> ist ein Referenz-Stereomikroskop f\u00fcr alle, die ein pr\u00e4zises und langlebiges Instrument suchen, das sich f\u00fcr eine sehr breite Palette von wissenschaftlichen, p\u00e4dagogischen und technischen Anwendungen eignet.<\/p>","protected":false},"excerpt":{"rendered":"<p>Microscope st\u00e9r\u00e9oscopique professionnel \u00e0 lumi\u00e8re incidente et transmise Le st\u00e9r\u00e9omicroscope Researcher ICD LED 20x\u201380x de Bresser est un instrument polyvalent et robuste, con\u00e7u pour r\u00e9pondre aux besoins des amateurs exigeants comme des utilisateurs avanc\u00e9s et professionnels. Il combine l\u2019observation en lumi\u00e8re incidente (r\u00e9fl\u00e9chie) et en lumi\u00e8re transmise, offrant ainsi une grande flexibilit\u00e9 pour l\u2019analyse d\u2019objets [&hellip;]<\/p>\n","protected":false},"featured_media":13175,"comment_status":"open","ping_status":"closed","template":"","meta":[],"product_brand":[807],"product_cat":[864,869],"product_tag":[],"class_list":{"0":"post-13174","1":"product","2":"type-product","3":"status-publish","4":"has-post-thumbnail","6":"product_brand-bresser","7":"product_cat-microscopes-2","8":"product_cat-stereomicroscopes","10":"first","11":"on_supplier","12":"taxable","13":"shipping-taxable","14":"purchasable","15":"product-type-simple"},"_links":{"self":[{"href":"https:\/\/deep-space-astronomy.ch\/de\/wp-json\/wp\/v2\/product\/13174","targetHints":{"allow":["GET"]}}],"collection":[{"href":"https:\/\/deep-space-astronomy.ch\/de\/wp-json\/wp\/v2\/product"}],"about":[{"href":"https:\/\/deep-space-astronomy.ch\/de\/wp-json\/wp\/v2\/types\/product"}],"replies":[{"embeddable":true,"href":"https:\/\/deep-space-astronomy.ch\/de\/wp-json\/wp\/v2\/comments?post=13174"}],"wp:featuredmedia":[{"embeddable":true,"href":"https:\/\/deep-space-astronomy.ch\/de\/wp-json\/wp\/v2\/media\/13175"}],"wp:attachment":[{"href":"https:\/\/deep-space-astronomy.ch\/de\/wp-json\/wp\/v2\/media?parent=13174"}],"wp:term":[{"taxonomy":"product_brand","embeddable":true,"href":"https:\/\/deep-space-astronomy.ch\/de\/wp-json\/wp\/v2\/product_brand?post=13174"},{"taxonomy":"product_cat","embeddable":true,"href":"https:\/\/deep-space-astronomy.ch\/de\/wp-json\/wp\/v2\/product_cat?post=13174"},{"taxonomy":"product_tag","embeddable":true,"href":"https:\/\/deep-space-astronomy.ch\/de\/wp-json\/wp\/v2\/product_tag?post=13174"}],"curies":[{"name":"wp","href":"https:\/\/api.w.org\/{rel}","templated":true}]}}