{"id":13179,"date":"2026-01-23T16:09:11","date_gmt":"2026-01-23T15:09:11","guid":{"rendered":"https:\/\/deep-space-astronomy.ch\/?post_type=product&#038;p=13179"},"modified":"2026-01-23T16:10:50","modified_gmt":"2026-01-23T15:10:50","slug":"microscope-stereo-trinoculaire-analyth-str-trino-10x-40x","status":"publish","type":"product","link":"https:\/\/deep-space-astronomy.ch\/de\/produkt\/microscope-stereo-trinoculaire-analyth-str-trino-10x-40x\/","title":{"rendered":"Trinokulares Stereomikroskop Analyth STR Trino 10x-40x"},"content":{"rendered":"<h3>Trinokulares Stereomikroskop mit Auflicht- und Durchlichtbeleuchtung<\/h3>\n<p>Das trinokulare Stereomikroskop Analyth STR Trino 10x-40x ist ein vielseitiges Instrument, das f\u00fcr die dreidimensionale Beobachtung von strukturierten Objekten entwickelt wurde. Dank des speziellen trinokularen Tubus f\u00fcr den Anschluss einer Kamera k\u00f6nnen die Beobachtungen leicht dokumentiert werden. Es eignet sich besonders f\u00fcr den Einsatz in der Schule, f\u00fcr wissenschaftliche Hobbys und f\u00fcr viele praktische Anwendungen in Werkst\u00e4tten oder am Arbeitsplatz.<\/p>\n<p>Sein stereoskopisches Design gibt Reliefs auf nat\u00fcrliche Weise wieder, mit einem stabilen und kontrastreichen Bild. Die geringe Anfangsvergr\u00f6\u00dferung erleichtert die Betrachtung gro\u00dfer Objekte, wodurch es sich auch sehr gut f\u00fcr den p\u00e4dagogischen Einsatz und die Arbeit mit Kindern eignet.<\/p>\n<h3>Drei Vergr\u00f6\u00dferungen, die durch einfaches Drehen ausgew\u00e4hlt werden k\u00f6nnen<\/h3>\n<p>Das Mikroskop integriert <strong>drei Objektivpaare<\/strong> umschaltbar <strong>1x \/ 2x \/ 4x<\/strong>, Sie k\u00f6nnen durch einfaches Drehen des Objektivrevolvers ausgew\u00e4hlt werden. Die verf\u00fcgbaren Vergr\u00f6\u00dferungen sind so direkt zug\u00e4nglich :<\/p>\n<ul>\n<li>10x<\/li>\n<li>20x<\/li>\n<li>40x<\/li>\n<\/ul>\n<p>Die 10-fache Vergr\u00f6\u00dferung ist besonders n\u00fctzlich f\u00fcr die Beobachtung von Objekten bis zu <strong>20 mm<\/strong> in ihrer Gesamtheit, w\u00e4hrend 20x und 40x eine detailliertere Analyse erm\u00f6glichen.<\/p>\n<h3>Trinokularer Kopf zur Aufnahme von Bildern und zur Dokumentation<\/h3>\n<p>Die <strong>Trinokulartubus<\/strong> erm\u00f6glicht den komfortablen Anschluss einer Mikroskopkamera f\u00fcr die Foto-\/Videoaufnahme und Dokumentation. Je nach verwendetem Adapter kann das Mikroskop mit verschiedenen Aufnahmel\u00f6sungen (Mikroskopkameras, Spiegelreflex- oder Hybridkameras) kompatibel sein.<\/p>\n<p>Der trinokulare Ausgang verf\u00fcgt \u00fcber eine <strong>23,2-mm-Stecker<\/strong>.<\/p>\n<h3>Beobachtungskomfort: individuelle Einstellungen und gro\u00dfes Feld<\/h3>\n<p>Der Augenabstand und der Dioptrienausgleich sind individuell einstellbar, um das Instrument perfekt an die Sehkraft des Benutzers anzupassen. Die Weitfeldokulare bieten eine <strong>20 mm Sichtfeld<\/strong> und sind mit\u2019<strong>abnehmbare Gummiaugenmuscheln<\/strong>. Die Okulare sind gegen versehentliches Herausnehmen gesichert.<\/p>\n<h3>Doppelte LED-Beleuchtung, separat einstellbar<\/h3>\n<p>Das Mikroskop verf\u00fcgt \u00fcber eine Beleuchtung <strong>LED f\u00fcr Auflicht (reflektiertes Licht)<\/strong> und einer Beleuchtung <strong>LED f\u00fcr Durchlicht<\/strong>. Die beiden Quellen k\u00f6nnen getrennt oder gleichzeitig genutzt werden.<\/p>\n<p>Eine <strong>elektronischer Dimmer<\/strong> mit Statusanzeige erm\u00f6glicht eine Feineinstellung der Lichtintensit\u00e4t, was die Beobachtung verschiedener Arten von Proben erleichtert.<\/p>\n<h3>Flexible Ern\u00e4hrung und mobiler Einsatz<\/h3>\n<p>Das Mikroskop kann gespeist werden durch <strong>Netzadapter<\/strong> oder durch <strong>Batterien<\/strong> (je nach Konfiguration), was es praktisch f\u00fcr den mobilen Einsatz macht, z. B. bei Ausfl\u00fcgen, im Freien, im Garten oder im Klassenzimmer.<\/p>\n<p>Die <strong>Tragegriff<\/strong> verbessert die Tragbarkeit und die Handhabung im Alltag.<\/p>\n<h3>Anwendungsbereiche<\/h3>\n<ul>\n<li>Biologie, Botanik<\/li>\n<li>Entomologie (Insekten)<\/li>\n<li>Mineralogie<\/li>\n<li>Unterricht und p\u00e4dagogische Aktivit\u00e4ten<\/li>\n<li>Dokumentation von Beobachtungen (Foto\/Video \u00fcber Kamera)<\/li>\n<\/ul>\n<h3>Technische Daten<\/h3>\n<table>\n<tbody>\n<tr>\n<td>Typ<\/td>\n<td>Stereomikroskop<\/td>\n<\/tr>\n<tr>\n<td>Optisches Design<\/td>\n<td>Stereo<\/td>\n<\/tr>\n<tr>\n<td>Vision<\/td>\n<td>Trinokular<\/td>\n<\/tr>\n<tr>\n<td>Vergr\u00f6\u00dferungen<\/td>\n<td>10x \/ 20x \/ 40x<\/td>\n<\/tr>\n<tr>\n<td>Ziele<\/td>\n<td>1x \/ 2x \/ 4x umschaltbar<\/td>\n<\/tr>\n<tr>\n<td>Trinokularer Tubus<\/td>\n<td>Ja, 23,2-mm-Buchse<\/td>\n<\/tr>\n<tr>\n<td>Sichtfeld der Okulare<\/td>\n<td>20 mm<\/td>\n<\/tr>\n<tr>\n<td>Durchmesser der Okulareinf\u00fchrung<\/td>\n<td>30,5 mm<\/td>\n<\/tr>\n<tr>\n<td>Pupillendistanz<\/td>\n<td>50 bis 77 mm<\/td>\n<\/tr>\n<tr>\n<td>Dioptrieneinstellung<\/td>\n<td>Ja<\/td>\n<\/tr>\n<tr>\n<td>Fokussieren<\/td>\n<td>Grobe Fokussierung<\/td>\n<\/tr>\n<tr>\n<td>Arbeitsabstand<\/td>\n<td>Ca. 50 mm<\/td>\n<\/tr>\n<tr>\n<td>Maximale H\u00f6he des Objekts<\/td>\n<td>35 mm<\/td>\n<\/tr>\n<tr>\n<td>Beleuchtung<\/td>\n<td>LEDs, einfallendes und durchgelassenes Licht<\/td>\n<\/tr>\n<tr>\n<td>Steuerung Beleuchtung<\/td>\n<td>Dimmer + Incident\/Transmissive Switch<\/td>\n<\/tr>\n<tr>\n<td>Ern\u00e4hrung<\/td>\n<td>Netzteil oder Batterien (je nach Verwendungszweck)<\/td>\n<\/tr>\n<tr>\n<td>Laser<\/td>\n<td>Klasse 1<\/td>\n<\/tr>\n<tr>\n<td>Materialien<\/td>\n<td>Aluminium und Kunststoff<\/td>\n<\/tr>\n<tr>\n<td>Gewicht (mit Zubeh\u00f6r)<\/td>\n<td>2493 g<\/td>\n<\/tr>\n<tr>\n<td>Abmessungen (L \u00d7 B \u00d7 H)<\/td>\n<td>230 \u00d7 185 \u00d7 260 mm<\/td>\n<\/tr>\n<tr>\n<td>Farbe<\/td>\n<td>Wei\u00df<\/td>\n<\/tr>\n<tr>\n<td>Garantie<\/td>\n<td>5 Jahre<\/td>\n<\/tr>\n<\/tbody>\n<\/table>\n<h3>Inhalt der Lieferung<\/h3>\n<ul>\n<li>Trinokulares Stereomikroskop mit drei Vergr\u00f6\u00dferungen (10x \/ 20x \/ 40x)<\/li>\n<li>Einstellbarer trinokularer Tubus<\/li>\n<li>Metallstativ mit LED-Beleuchtung (einfallend\/durchfallend) und Batteriefach<\/li>\n<li>2 Okulare mit Gummiaugenmuscheln<\/li>\n<li>Tablett Objekt aus Glas<\/li>\n<li>Schwarzes\/wei\u00dfes Objekttablett aus Kunststoff<\/li>\n<li>Staubschutzh\u00fclle<\/li>\n<li>Gebrauchsanweisung<\/li>\n<\/ul>\n<h3>Ein einfaches Stereomikroskop zum Beobachten und Dokumentieren<\/h3>\n<p>Das Analyth STR Trino 10x-40x mit seinen sofort verf\u00fcgbaren Vergr\u00f6\u00dferungen, seiner doppelt verstellbaren LED-Beleuchtung und seinem trinokularen Kameratubus ist eine praktische L\u00f6sung f\u00fcr die Reliefbeobachtung und das Festhalten von Beobachtungen, sei es im p\u00e4dagogischen Kontext, in der Freizeit oder f\u00fcr Dokumentationszwecke am Arbeitsplatz.<\/p>","protected":false},"excerpt":{"rendered":"<p>St\u00e9r\u00e9omicroscope trinoculaire avec \u00e9clairage incident et transmis Le microscope st\u00e9r\u00e9o trinoculaire Analyth STR Trino 10x\u201340x est un instrument polyvalent con\u00e7u pour l\u2019observation tridimensionnelle d\u2019objets structur\u00e9s, avec la possibilit\u00e9 de documenter facilement les observations gr\u00e2ce \u00e0 son tube trinoculaire d\u00e9di\u00e9 \u00e0 la connexion d\u2019une cam\u00e9ra. Il convient particuli\u00e8rement \u00e0 l\u2019\u00e9cole, aux loisirs scientifiques et \u00e0 de [&hellip;]<\/p>\n","protected":false},"featured_media":13180,"comment_status":"open","ping_status":"closed","template":"","meta":[],"product_brand":[807],"product_cat":[869],"product_tag":[],"class_list":{"0":"post-13179","1":"product","2":"type-product","3":"status-publish","4":"has-post-thumbnail","6":"product_brand-bresser","7":"product_cat-stereomicroscopes","9":"first","10":"on_supplier","11":"taxable","12":"shipping-taxable","13":"purchasable","14":"product-type-simple"},"_links":{"self":[{"href":"https:\/\/deep-space-astronomy.ch\/de\/wp-json\/wp\/v2\/product\/13179","targetHints":{"allow":["GET"]}}],"collection":[{"href":"https:\/\/deep-space-astronomy.ch\/de\/wp-json\/wp\/v2\/product"}],"about":[{"href":"https:\/\/deep-space-astronomy.ch\/de\/wp-json\/wp\/v2\/types\/product"}],"replies":[{"embeddable":true,"href":"https:\/\/deep-space-astronomy.ch\/de\/wp-json\/wp\/v2\/comments?post=13179"}],"wp:featuredmedia":[{"embeddable":true,"href":"https:\/\/deep-space-astronomy.ch\/de\/wp-json\/wp\/v2\/media\/13180"}],"wp:attachment":[{"href":"https:\/\/deep-space-astronomy.ch\/de\/wp-json\/wp\/v2\/media?parent=13179"}],"wp:term":[{"taxonomy":"product_brand","embeddable":true,"href":"https:\/\/deep-space-astronomy.ch\/de\/wp-json\/wp\/v2\/product_brand?post=13179"},{"taxonomy":"product_cat","embeddable":true,"href":"https:\/\/deep-space-astronomy.ch\/de\/wp-json\/wp\/v2\/product_cat?post=13179"},{"taxonomy":"product_tag","embeddable":true,"href":"https:\/\/deep-space-astronomy.ch\/de\/wp-json\/wp\/v2\/product_tag?post=13179"}],"curies":[{"name":"wp","href":"https:\/\/api.w.org\/{rel}","templated":true}]}}