{"id":13183,"date":"2026-01-23T16:14:00","date_gmt":"2026-01-23T15:14:00","guid":{"rendered":"https:\/\/deep-space-astronomy.ch\/?post_type=product&#038;p=13183"},"modified":"2026-01-23T16:15:57","modified_gmt":"2026-01-23T15:15:57","slug":"stereomicroscope-trinoculaire-a-zoom-7-63x-science-etd-301","status":"publish","type":"product","link":"https:\/\/deep-space-astronomy.ch\/de\/produkt\/stereomicroscope-trinoculaire-a-zoom-7-63x-science-etd-301\/","title":{"rendered":"Trinokulares Stereomikroskop mit 7-63x Zoom Science ETD-301"},"content":{"rendered":"<h3>Trinokulares Stereomikroskop mit 7-63-fachem Zoom f\u00fcr Beobachtung und Fotografie<\/h3>\n<p>Das Stereomikroskop Science ETD-301 ist eine Stereolupe mit hochwertiger Optik, die f\u00fcr die Reliefbeobachtung mit der M\u00f6glichkeit der Foto-\/Videodokumentation entwickelt wurde. Ton <strong>Zoomobjektiv 0,7x bis 6,3x<\/strong> (9-facher Zoom) erm\u00f6glicht eine <strong>stufenlose Vergr\u00f6\u00dferung von 7x bis 63x<\/strong>, verbunden mit einer <strong>langer Arbeitsabstand von ca. 100 mm<\/strong> um bequem um die Probe herum arbeiten zu k\u00f6nnen.<\/p>\n<p>Es eignet sich f\u00fcr viele Zwecke: Medizin, Land- und Forstwirtschaft, Kriminalistik, Forschung, Lehre sowie f\u00fcr die Montage und Pr\u00fcfung von Kleinteilen in der Feinmechanik und Elektronik.<\/p>\n<h3>Leistungsstarker Zoom und pr\u00e4zise Fokuseinstellungen<\/h3>\n<p>Das 9-fach-Zoomobjektiv bietet Flexibilit\u00e4t beim Wechsel von der \u00dcbersicht zur Detailbetrachtung. Das Stativ integriert eine <strong>Grob- und Feinfokussierung<\/strong>, Diese Funktion ist besonders bei hohen Vergr\u00f6\u00dferungen und beim Fotografieren n\u00fctzlich, um eine genaue und stabile Sch\u00e4rfeeinstellung zu erhalten.<\/p>\n<h3>Drehbarer trinokularer Kopf und optimierter optischer Pfad f\u00fcr die Kamera<\/h3>\n<p>Der trinokulare Kopf l\u00e4sst sich schwenken um <strong>360\u00b0<\/strong> und verf\u00fcgt \u00fcber zwei Okulartuben, die mit einer Neigung von <strong>45\u00b0<\/strong> f\u00fcr eine komfortable Beobachtung. Der trinokulare Ausgang erm\u00f6glicht den Anschluss einer Kamera \u00fcber Adapter, einschlie\u00dflich :<\/p>\n<ul>\n<li>Spiegelreflex- und Hybridkameras (\u00fcber Mount <strong>T2<\/strong> mit kameraspezifischem T2-Ring),<\/li>\n<li>montierte Kameras <strong>C<\/strong> (bis zu Sensor <strong>1\u2033<\/strong> je nach Adapter\/Kamera).<\/li>\n<\/ul>\n<p>Ein Schalter erm\u00f6glicht es, den Strahl eines Okulars auf die Kamera umzulenken und setzt <strong>50% des Lichts<\/strong> zur Verf\u00fcgung, was im Vergleich zu einer st\u00e4ndigen gemeinsamen Nutzung des Strahls vorteilhaft sein kann.<\/p>\n<h3>Stufenlos einstellbare LED-Auf- und Durchlichtbeleuchtung<\/h3>\n<p>Das Mikroskop verf\u00fcgt \u00fcber eine Beleuchtung <strong>LEDs im Auflicht<\/strong> und einer Beleuchtung <strong>LEDs im Durchlicht<\/strong>. Die beiden Beleuchtungen k\u00f6nnen separat oder gleichzeitig verwendet werden und sind <strong>stufenlos verstellbar<\/strong> \u00fcber Dimmer, um die Helligkeit genau an die Probe und die Beobachtungsmethode anzupassen.<\/p>\n<h3>Breiter Sockel und Arbeitsbereich f\u00fcr gro\u00dfe Gegenst\u00e4nde geeignet<\/h3>\n<p>Der breite Standfu\u00df mit Tischplatte erleichtert die Beobachtung gr\u00f6\u00dferer Objekte. Die <strong>maximale Objekth\u00f6he betr\u00e4gt ca. 85 mm<\/strong>. Der gro\u00dfe Arbeitsabstand erm\u00f6glicht auch die Verwendung von Werkzeugen f\u00fcr Aufgaben wie Pr\u00e4paration, Dissektion, Messung oder Kontrolle.<\/p>\n<h3>Technische Daten<\/h3>\n<table>\n<tbody>\n<tr>\n<td>Typ<\/td>\n<td>Trinokulares Zoom-Stereomikroskop<\/td>\n<\/tr>\n<tr>\n<td>Optisches Design<\/td>\n<td>Stereo<\/td>\n<\/tr>\n<tr>\n<td>Vergr\u00f6\u00dferung<\/td>\n<td>Kontinuierlich von 7x bis 63x<\/td>\n<\/tr>\n<tr>\n<td>Zoom-Objektiv<\/td>\n<td>0,7x bis 6,3x (9x Zoom)<\/td>\n<\/tr>\n<tr>\n<td>Arbeitsabstand<\/td>\n<td>Ca. 100 mm (angegebener Wert) \/ ca. 110 mm (Spezifikation)<\/td>\n<\/tr>\n<tr>\n<td>Maximale H\u00f6he des Objekts<\/td>\n<td>85 mm<\/td>\n<\/tr>\n<tr>\n<td>Mitgelieferte Okulare<\/td>\n<td>WF10x (2 St\u00fcck)<\/td>\n<\/tr>\n<tr>\n<td>Sichtfeld der Okulare<\/td>\n<td>22 mm (Referenz: 1x Objektiv)<\/td>\n<\/tr>\n<tr>\n<td>Vision<\/td>\n<td>Trinokular, 360\u00b0 drehbarer Kopf, 45\u00b0-Tuben<\/td>\n<\/tr>\n<tr>\n<td>Dioptrieneinstellung<\/td>\n<td>Ja<\/td>\n<\/tr>\n<tr>\n<td>Durchmesser der Okulareinf\u00fchrung<\/td>\n<td>30 mm<\/td>\n<\/tr>\n<tr>\n<td>Fokussieren<\/td>\n<td>Grob und fein<\/td>\n<\/tr>\n<tr>\n<td>Beleuchtung<\/td>\n<td>LEDs, einfallendes und durchgelassenes Licht<\/td>\n<\/tr>\n<tr>\n<td>Einstellen der Beleuchtung<\/td>\n<td>Variable Intensit\u00e4t (dimmbar)<\/td>\n<\/tr>\n<tr>\n<td>Ern\u00e4hrung<\/td>\n<td>12 V, 4 A<\/td>\n<\/tr>\n<tr>\n<td>Materialien<\/td>\n<td>Aluminium und Kunststoff<\/td>\n<\/tr>\n<tr>\n<td>Gewicht (mit Zubeh\u00f6r)<\/td>\n<td>6600 g<\/td>\n<\/tr>\n<tr>\n<td>Abmessungen (L \u00d7 B \u00d7 H)<\/td>\n<td>310 \u00d7 280 \u00d7 460 mm<\/td>\n<\/tr>\n<tr>\n<td>Farbe<\/td>\n<td>Wei\u00df<\/td>\n<\/tr>\n<tr>\n<td>Garantie<\/td>\n<td>10 Jahre<\/td>\n<\/tr>\n<\/tbody>\n<\/table>\n<h3>Inhalt der Lieferung<\/h3>\n<ul>\n<li>Stereoskopischer Zoom-Kopf<\/li>\n<li>Mikroskopstativ mit Netzkabel<\/li>\n<li>WF10x Weitfeldokulare (2 St\u00fcck)<\/li>\n<li>Objekttr\u00e4ger aus lichtdurchl\u00e4ssigem Kunststoff<\/li>\n<li>Staubschutzh\u00fclle<\/li>\n<\/ul>\n<h3>Ein Stereomikroskop, das zum Beobachten und Dokumentieren entwickelt wurde<\/h3>\n<p>Mit seinem 9-fachen Zoom, der Feinfokussierung, der zweifachen LED-Beleuchtung und dem fotoorientierten trinokularen Kopf ist dieses Stereomikroskop eine Komplettl\u00f6sung f\u00fcr die Reliefbeobachtung und Dokumentation von Proben, sowohl im Bildungskontext als auch in technischen oder wissenschaftlichen Umgebungen.<\/p>","protected":false},"excerpt":{"rendered":"<p>St\u00e9r\u00e9omicroscope trinoculaire \u00e0 zoom 7\u201363x pour observation et photographie Le st\u00e9r\u00e9omicroscope Science ETD-301 est une loupe st\u00e9r\u00e9o \u00e0 optique de haute qualit\u00e9, con\u00e7ue pour l\u2019observation en relief avec possibilit\u00e9 de documentation photo\/vid\u00e9o. Son objectif zoom 0,7x \u00e0 6,3x (zoom 9x) permet un grossissement continu de 7x \u00e0 63x, associ\u00e9 \u00e0 une longue distance de travail [&hellip;]<\/p>\n","protected":false},"featured_media":13184,"comment_status":"open","ping_status":"closed","template":"","meta":[],"product_brand":[807],"product_cat":[864,869],"product_tag":[],"class_list":{"0":"post-13183","1":"product","2":"type-product","3":"status-publish","4":"has-post-thumbnail","6":"product_brand-bresser","7":"product_cat-microscopes-2","8":"product_cat-stereomicroscopes","10":"first","11":"on_supplier","12":"taxable","13":"shipping-taxable","14":"purchasable","15":"product-type-simple"},"_links":{"self":[{"href":"https:\/\/deep-space-astronomy.ch\/de\/wp-json\/wp\/v2\/product\/13183","targetHints":{"allow":["GET"]}}],"collection":[{"href":"https:\/\/deep-space-astronomy.ch\/de\/wp-json\/wp\/v2\/product"}],"about":[{"href":"https:\/\/deep-space-astronomy.ch\/de\/wp-json\/wp\/v2\/types\/product"}],"replies":[{"embeddable":true,"href":"https:\/\/deep-space-astronomy.ch\/de\/wp-json\/wp\/v2\/comments?post=13183"}],"wp:featuredmedia":[{"embeddable":true,"href":"https:\/\/deep-space-astronomy.ch\/de\/wp-json\/wp\/v2\/media\/13184"}],"wp:attachment":[{"href":"https:\/\/deep-space-astronomy.ch\/de\/wp-json\/wp\/v2\/media?parent=13183"}],"wp:term":[{"taxonomy":"product_brand","embeddable":true,"href":"https:\/\/deep-space-astronomy.ch\/de\/wp-json\/wp\/v2\/product_brand?post=13183"},{"taxonomy":"product_cat","embeddable":true,"href":"https:\/\/deep-space-astronomy.ch\/de\/wp-json\/wp\/v2\/product_cat?post=13183"},{"taxonomy":"product_tag","embeddable":true,"href":"https:\/\/deep-space-astronomy.ch\/de\/wp-json\/wp\/v2\/product_tag?post=13183"}],"curies":[{"name":"wp","href":"https:\/\/api.w.org\/{rel}","templated":true}]}}