{"id":13196,"date":"2026-01-23T16:26:02","date_gmt":"2026-01-23T15:26:02","guid":{"rendered":"https:\/\/deep-space-astronomy.ch\/?post_type=product&#038;p=13196"},"modified":"2026-01-23T16:27:50","modified_gmt":"2026-01-23T15:27:50","slug":"microscope-numerique-bresser-wlan-1080p-2l-avec-ecran-lcd","status":"publish","type":"product","link":"https:\/\/deep-space-astronomy.ch\/de\/produkt\/microscope-numerique-bresser-wlan-1080p-2l-avec-ecran-lcd\/","title":{"rendered":"BRESSER WLAN 1080P 2L Digitalmikroskop mit LCD-Bildschirm"},"content":{"rendered":"<h1 class=\"product-detail-name\" style=\"text-align: center;\"><span dir=\"auto\">BRESSER WLAN 1080P 2L Digitalmikroskop mit LCD-Bildschirm<\/span><\/h1>\n<p>Digitales All-in-One-Mikroskop: 7\u2033-Display, Wi-Fi, HDMI\/USB und integrierte Aufnahme.<\/p>\n<p>Das digitale Mikroskop <strong>BRESSER WLAN 1080P 2L<\/strong> wurde so konzipiert, dass es sofort einsatzbereit ist, ohne dass ein Computer ben\u00f6tigt wird. Er integriert einen <strong>gro\u00dfer, einstellbarer 7\u2033 (17,8 cm) LCD-Farbbildschirm<\/strong>eine <strong>1080p-Kamera<\/strong>, sowie das Steuerungszubeh\u00f6r (Maus und Fernbedienung). Das Ergebnis: ein \u00e4u\u00dferst praktisches Werkzeug f\u00fcr <strong>Inspektionen, Qualit\u00e4tskontrollen, Messungen<\/strong> und die genaue Beobachtung im Atelier, in der Schule oder im Hobbygebrauch.<\/p>\n<p>Dank seiner <strong>HDMI-Ausg\u00e4nge<\/strong>, <strong>USB (UVC)<\/strong> und <strong>Wi-Fi<\/strong>, Die Kamera kann auch mit einem PC, einem externen Monitor, einem Smartphone oder einem Tablet verwendet werden, je nachdem, wie Ihr Arbeitsablauf aussieht. Die Kamera, die <strong>Fokussierung auf unendlich<\/strong>, Er kann sogar als <strong>Webcam<\/strong> wenn Sie sie brauchen.<\/p>\n<h3>Vergr\u00f6\u00dferung auf dem Bildschirm 2x bis 44x und Digitalzoom 1x bis 16x<\/h3>\n<p>Das optische System kombiniert ein <strong>eingebautes HD-Zoomobjektiv<\/strong> und ein <strong>Digitalzoom<\/strong> :<\/p>\n<ul>\n<li><strong>Vergr\u00f6\u00dferung auf dem integrierten Bildschirm: 2x bis 44x<\/strong> (je nach Konfiguration)<\/li>\n<li><strong>Digitaler Zoom: 1x bis 16x<\/strong><\/li>\n<\/ul>\n<p>Eine <strong>drehbarer Zoomring<\/strong> erm\u00f6glicht es, das Bild fein abzustimmen und eine pr\u00e4zise Fokussierung zu erreichen. Bei gr\u00f6\u00dferen Teilen kann die <strong>Stativverl\u00e4ngerung um 100 mm<\/strong> inkluse hilft, einen guten Arbeitskomfort zu bewahren, mit einem <strong>gro\u00dfes beobachtbares Feld bis zu ca. 70 \u00d7 40 mm<\/strong> und ein <strong>gro\u00dfer Freiraum<\/strong>.<\/p>\n<h3>Starke, gleichm\u00e4\u00dfige Beleuchtung: LED-Ring + 2 Schwanenh\u00e4lse<\/h3>\n<p>F\u00fcr eine gleichm\u00e4\u00dfige Ausleuchtung (und zur Begrenzung von Schatten) verf\u00fcgt das Mikroskop \u00fcber <strong>3 Lichtquellen<\/strong> :<\/p>\n<ul>\n<li><strong>1 Ringbeleuchtung<\/strong> (6 einstellbare LEDs)<\/li>\n<li><strong>2 Schwanenhals-LEDs<\/strong> um das Licht genau dorthin zu lenken, wo es ben\u00f6tigt wird<\/li>\n<\/ul>\n<p>Die Einstellung erfolgt einfach \u00fcber eine <strong>LED-Touchbar<\/strong>, Dies ist sehr praktisch, wenn Sie zwischen verschiedenen Arten von Objekten (Oberfl\u00e4chen, Komponenten, Materialien usw.) wechseln.<\/p>\n<h3>Fotos, Videos und Messungen: Dokumentation ohne PC<\/h3>\n<p>Die eingebaute Kamera erm\u00f6glicht <strong>Fotos<\/strong> und <strong>Videos<\/strong> direkt von der Oberfl\u00e4che auf dem Bildschirm aus. Die Aufnahme erfolgt auf <strong>MicroSD-Karte<\/strong> (bis zu 64 GB, nicht im Lieferumfang enthalten). Die <strong>Fernbedienung<\/strong> hilft beim Ausl\u00f6sen ohne Vibrationen, n\u00fctzlich f\u00fcr Analysen und sorgf\u00e4ltige Arbeit.<\/p>\n<p>Das Mikroskop bietet auch erweiterte Funktionen f\u00fcr die Analyse :<\/p>\n<ul>\n<li><strong>Bild im Bild<\/strong><\/li>\n<li><strong>Mess- und Kalibrierungsfunktionen<\/strong><\/li>\n<li>Bildeinstellungen (Helligkeit, Kontrast, Farbmodi, Spiegel usw.)<\/li>\n<li>DSP-Bildverarbeitung mit <strong>3D-Rauschunterdr\u00fcckung<\/strong><\/li>\n<\/ul>\n<h3>Anschl\u00fcsse und Verwendungszwecke: Werkstatt, Schule, Inspektion, \u201ceinfache\u201d Biologie\u201d<\/h3>\n<p>Dieses digitale Mikroskop eignet sich besonders als <strong>Werkstattmikroskop<\/strong> f\u00fcr die Pr\u00fcfung von <strong>elektronische Karten, Bauteile, Materialien, Oberfl\u00e4chen<\/strong>, Pflanzen und Insekten werden auf dem gro\u00dfen Bildschirm sehr detailliert dargestellt, was das gemeinsame Beobachten und Demonstrieren erleichtert.<\/p>\n<p>Mit den verf\u00fcgbaren Ausg\u00e4ngen l\u00e4sst sie sich leicht in Ihre Umgebung integrieren :<br \/>\n<strong>HDMI<\/strong> (Bildschirm\/TV), <strong>USB UVC<\/strong> (PC), <strong>Wi-Fi<\/strong> (mobile Ger\u00e4te).<\/p>\n<h3>Technische Daten<\/h3>\n<table>\n<tbody>\n<tr>\n<td>Typ<\/td>\n<td>Digitales Auflichtmikroskop (Auflicht)<\/td>\n<\/tr>\n<tr>\n<td>Bildschirm<\/td>\n<td>7\u2033 (17,8 cm) TFT-Farb-LCD, einstellbar<\/td>\n<\/tr>\n<tr>\n<td>Vergr\u00f6\u00dferung (auf dem Bildschirm)<\/td>\n<td>2x bis 44x (je nach Konfiguration)<\/td>\n<\/tr>\n<tr>\n<td>Digitaler Zoom<\/td>\n<td>1x bis 16x<\/td>\n<\/tr>\n<tr>\n<td>Optik<\/td>\n<td>Integriertes HD-Zoomobjektiv, drehbarer Zoomring<\/td>\n<\/tr>\n<tr>\n<td>Beleuchtung<\/td>\n<td>LED-Ring (6 einstellbare LEDs) + 2 Schwanenhals-LEDs<\/td>\n<\/tr>\n<tr>\n<td>Kontrolle<\/td>\n<td>Maus + Fernbedienung<\/td>\n<\/tr>\n<tr>\n<td>Funktionen<\/td>\n<td>Bild-in-Bild, Messung, Kalibrierung, Bildeinstellungen, 3D-Rauschunterdr\u00fcckung<\/td>\n<\/tr>\n<tr>\n<td>Video<\/td>\n<td>1080p @ 30 fps \/ 720p @ 60 fps<\/td>\n<\/tr>\n<tr>\n<td>Foto<\/td>\n<td>4 MP \/ 16 MP (interpoliert)<\/td>\n<\/tr>\n<tr>\n<td>Formate<\/td>\n<td>JPG (Foto), MP4 H.264 (Video)<\/td>\n<\/tr>\n<tr>\n<td>Ausg\u00e4nge<\/td>\n<td>HDMI, USB (UVC), Wi-Fi<\/td>\n<\/tr>\n<tr>\n<td>Speicherung<\/td>\n<td>MicroSD bis zu 64 GB (nicht im Lieferumfang enthalten)<\/td>\n<\/tr>\n<tr>\n<td>Arbeitsabstand<\/td>\n<td>Ca. 22 bis 195 mm (mit Halterung)<\/td>\n<\/tr>\n<tr>\n<td>Kamerafokus<\/td>\n<td>Bis zur Unendlichkeit (Webcam-Nutzung m\u00f6glich)<\/td>\n<\/tr>\n<tr>\n<td>Ern\u00e4hrung<\/td>\n<td>5-V-Adapter (USB Typ-C) oder 18650 Li-Ion-Akku (nicht im Lieferumfang enthalten)<\/td>\n<\/tr>\n<tr>\n<td>PC-Kompatibilit\u00e4t<\/td>\n<td>Windows 8.1 \/ 10 \/ 11<\/td>\n<\/tr>\n<tr>\n<td>Materialien<\/td>\n<td>Kunststoff \/ Metall<\/td>\n<\/tr>\n<tr>\n<td>Abmessungen<\/td>\n<td>Ca. 174 \u00d7 129 \u00d7 51 mm (Indikation) \/ 200 \u00d7 120 \u00d7 330 mm (spec mit Standfu\u00df)<\/td>\n<\/tr>\n<tr>\n<td>Gewicht<\/td>\n<td>Ca. 270 g (Indikation)<\/td>\n<\/tr>\n<tr>\n<td>Garantie<\/td>\n<td>5 Jahre<\/td>\n<\/tr>\n<\/tbody>\n<\/table>\n<h3>Inhalt der Lieferung<\/h3>\n<ul>\n<li>LCD-Mikroskop (integrierter Bildschirm)<\/li>\n<li>Mikroskopst\u00e4nder \/ -stativ + <strong>Verl\u00e4ngerungskabel<\/strong><\/li>\n<li>Fernbedienung<\/li>\n<li>Maus<\/li>\n<li>Netzadapter<\/li>\n<li>2 USB-Typ-C-Kabel<\/li>\n<li>HDMI-Kabel<\/li>\n<li>Handbuch<\/li>\n<\/ul>\n<h3>Warum es ein hervorragendes digitales \u201cWerkstatt\u201d-Mikroskop ist\u201d<\/h3>\n<p>Dieses Modell zeichnet sich durch seinen Ansatz aus <strong>all-in-one<\/strong> (Bildschirm, Steuerung, Aufnahme), Ton <strong>sehr modulierbare Beleuchtung<\/strong> (Ring + 2 Schwanenh\u00e4lse) und seine <strong>Mess-\/Kalibrierungsfunktionen<\/strong>. Es eignet sich sowohl f\u00fcr die Inspektion von Teilen und Komponenten als auch f\u00fcr die Foto-\/Videodokumentation mit der Freiheit zu arbeiten <strong>ohne PC<\/strong> oder stattdessen je nach Umgebung \u00fcber HDMI\/USB\/Wi-Fi exportieren.<\/p>","protected":false},"excerpt":{"rendered":"<p>Microscope num\u00e9rique BRESSER WLAN 1080P 2L avec \u00e9cran LCD Microscope num\u00e9rique tout-en-un : \u00e9cran 7&Prime;, Wi-Fi, HDMI\/USB et enregistrement int\u00e9gr\u00e9 Le microscope num\u00e9rique BRESSER WLAN 1080P 2L a \u00e9t\u00e9 con\u00e7u pour \u00eatre imm\u00e9diatement op\u00e9rationnel, sans ordinateur obligatoire. Il int\u00e8gre un grand \u00e9cran LCD couleur de 7&Prime; (17,8 cm) r\u00e9glable, une cam\u00e9ra 1080p, ainsi que les [&hellip;]<\/p>\n","protected":false},"featured_media":13197,"comment_status":"open","ping_status":"closed","template":"","meta":[],"product_brand":[807],"product_cat":[864,867],"product_tag":[],"class_list":{"0":"post-13196","1":"product","2":"type-product","3":"status-publish","4":"has-post-thumbnail","6":"product_brand-bresser","7":"product_cat-microscopes-2","8":"product_cat-microscopes-detudiant","10":"first","11":"on_supplier","12":"taxable","13":"shipping-taxable","14":"purchasable","15":"product-type-simple"},"_links":{"self":[{"href":"https:\/\/deep-space-astronomy.ch\/de\/wp-json\/wp\/v2\/product\/13196","targetHints":{"allow":["GET"]}}],"collection":[{"href":"https:\/\/deep-space-astronomy.ch\/de\/wp-json\/wp\/v2\/product"}],"about":[{"href":"https:\/\/deep-space-astronomy.ch\/de\/wp-json\/wp\/v2\/types\/product"}],"replies":[{"embeddable":true,"href":"https:\/\/deep-space-astronomy.ch\/de\/wp-json\/wp\/v2\/comments?post=13196"}],"wp:featuredmedia":[{"embeddable":true,"href":"https:\/\/deep-space-astronomy.ch\/de\/wp-json\/wp\/v2\/media\/13197"}],"wp:attachment":[{"href":"https:\/\/deep-space-astronomy.ch\/de\/wp-json\/wp\/v2\/media?parent=13196"}],"wp:term":[{"taxonomy":"product_brand","embeddable":true,"href":"https:\/\/deep-space-astronomy.ch\/de\/wp-json\/wp\/v2\/product_brand?post=13196"},{"taxonomy":"product_cat","embeddable":true,"href":"https:\/\/deep-space-astronomy.ch\/de\/wp-json\/wp\/v2\/product_cat?post=13196"},{"taxonomy":"product_tag","embeddable":true,"href":"https:\/\/deep-space-astronomy.ch\/de\/wp-json\/wp\/v2\/product_tag?post=13196"}],"curies":[{"name":"wp","href":"https:\/\/api.w.org\/{rel}","templated":true}]}}