{"id":1320,"date":"2024-12-18T17:34:14","date_gmt":"2024-12-18T16:34:14","guid":{"rendered":"https:\/\/deep-space-astronomy.geekworkers.dev\/?post_type=product&#038;p=1320"},"modified":"2025-06-03T10:36:54","modified_gmt":"2025-06-03T08:36:54","slug":"diviseur-optique-pour-guidage-hors-axe","status":"publish","type":"product","link":"https:\/\/deep-space-astronomy.ch\/de\/produkt\/diviseur-optique-pour-guidage-hors-axe\/","title":{"rendered":"Optischer Teiler f\u00fcr Off-Axis-F\u00fchrung"},"content":{"rendered":"<div>\n<h3>Vorstellung des Askar M54 Off-Axis Guider (OAG)<\/h3>\n<p>\n    Der Askar M54 Off-Axis Guider (OAG) wird mit mehreren Adaptern geliefert, die die Integration mit verschiedenen astronomischen Ausr\u00fcstungen vereinfachen. Diese Adapter wurden entwickelt, um den OAG mit einer Vielzahl von Teleskopen und Kameras kompatibel zu machen, indem sie die Montage vereinfachen und eine stabile Verbindung gew\u00e4hrleisten.\n  <\/p>\n<h3>Teleskopseite: Adapter f\u00fcr den Anschluss an die optische R\u00f6hre<\/h3>\n<p>\n    Die Teleskopseite des OAG wird mithilfe von Adaptern mit verschiedenen Gewindegr\u00f6\u00dfen, die den g\u00e4ngigsten Gr\u00f6\u00dfen in der Astronomie entsprechen, direkt mit dem optischen Tubus verbunden.\n  <\/p>\n<ul>\n<li>\n      <strong>Teleskopadapter M42 :<\/strong> Entwickelt f\u00fcr Teleskope oder Zubeh\u00f6r mit einem 42 mm (M42)-Gewinde. Mit diesem Adapter k\u00f6nnen Sie den OAG stabil an Ihrem optischen Tubus befestigen.\n    <\/li>\n<li>\n      <strong>M48-Teleskopadapter :<\/strong> Vorgesehen f\u00fcr 48-mm-Gewinde (M48), sorgt er f\u00fcr eine passende Verbindung bei etwas breiterem Zubeh\u00f6r.\n    <\/li>\n<\/ul>\n<p>\n    <strong>Anmerkung :<\/strong> Zus\u00e4tzlich zu diesen Adaptern ist der OAG mit einer M54 Frontdichtung ausgestattet, einem zus\u00e4tzlichen Ring, der die Verbindung zwischen Teleskop und OAG st\u00e4rker abdichtet, Lichtlecks minimiert und das Ganze f\u00fcr eine bessere F\u00fchrungsgenauigkeit stabilisiert.\n  <\/p>\n<h3>Kameraseitig: Adapter f\u00fcr den Anschluss an Ihre Kamera<\/h3>\n<p>\n    Auf der Kameraseite bietet das OAG ebenfalls mehrere Adapter an, die auf die verschiedenen Gewinde passen, die bei astronomischen Kameras \u00fcblich sind. Dadurch kann die Kamera sicher am OAG befestigt werden, was eine pr\u00e4zise F\u00fchrung ohne die Gefahr von Verschiebungen gew\u00e4hrleistet.\n  <\/p>\n<ul>\n<li>\n      <strong>Kameraadapter M42 :<\/strong> Er wurde f\u00fcr Kameras mit einem M42-Gewinde entwickelt und erm\u00f6glicht eine direkte und sichere Verbindung zwischen dem OAG und der Kamera.\n    <\/li>\n<li>\n      <strong>Kameraadapter M48 :<\/strong> Bei Kameras mit einem M48-Gewinde bietet dieser Adapter eine optimale Kompatibilit\u00e4t mit gr\u00f6\u00dferen Sensoren.\n    <\/li>\n<li>\n      <strong>Kameraadapter M54 :<\/strong> Bei Kameras mit einem 54-mm-Gewinde sorgt dieser Adapter f\u00fcr eine feste und stabile Verbindung. Er ist ideal f\u00fcr Konfigurationen, die eine robustere Befestigung erfordern.\n    <\/li>\n<\/ul>\n<h3>Bedeutung von Adaptern<\/h3>\n<p>\n    Mit diesen Adaptern k\u00f6nnen Sie den OAG so einstellen, dass er perfekt zwischen Teleskop und Kamera passt, unabh\u00e4ngig vom Durchmesser des Gewindes. Mit dem richtigen Adapter sorgen Sie f\u00fcr eine stabile und dichte Verbindung, die entscheidend ist, um Verschiebungen zu vermeiden und eine pr\u00e4zise F\u00fchrung zu erreichen.\n  <\/p>\n<h3>In Zusammenfassung<\/h3>\n<p>\n    Die mit dem Askar M54 OAG gelieferten Adapter sind entscheidend, um eine flexible Kompatibilit\u00e4t mit verschiedenen Teleskop- und Kamerakonfigurationen zu gew\u00e4hrleisten. Egal, ob Ihre Ausr\u00fcstung M42-, M48- oder M54-Gewinde verwendet, mit diesen Adaptern k\u00f6nnen Sie den OAG einfach und sicher anschlie\u00dfen und so die Leistung Ihrer Anlage maximieren.\n  <\/p>\n<\/div>","protected":false},"excerpt":{"rendered":"<p>Pr\u00e9sentation de l\u2019Askar M54 Off-Axis Guider (OAG) L\u2019Askar M54 Off-Axis Guider (OAG) est livr\u00e9 avec plusieurs adaptateurs qui facilitent son int\u00e9gration avec diff\u00e9rents \u00e9quipements astronomiques. Ces adaptateurs sont con\u00e7us pour rendre l\u2019OAG compatible avec une large gamme de t\u00e9lescopes et de cam\u00e9ras, en simplifiant le montage et en assurant une connexion stable. C\u00f4t\u00e9 T\u00e9lescope : [&hellip;]<\/p>\n","protected":false},"featured_media":4086,"comment_status":"open","ping_status":"closed","template":"","meta":[],"product_brand":[382],"product_cat":[19,606,575],"product_tag":[],"class_list":{"0":"post-1320","1":"product","2":"type-product","3":"status-publish","4":"has-post-thumbnail","6":"product_brand-askar","7":"product_cat-accessoires","8":"product_cat-diviseurs-optiques-astrophotographie","9":"product_cat-astrophotographie","11":"first","12":"on_supplier","13":"taxable","14":"shipping-taxable","15":"purchasable","16":"product-type-simple"},"_links":{"self":[{"href":"https:\/\/deep-space-astronomy.ch\/de\/wp-json\/wp\/v2\/product\/1320","targetHints":{"allow":["GET"]}}],"collection":[{"href":"https:\/\/deep-space-astronomy.ch\/de\/wp-json\/wp\/v2\/product"}],"about":[{"href":"https:\/\/deep-space-astronomy.ch\/de\/wp-json\/wp\/v2\/types\/product"}],"replies":[{"embeddable":true,"href":"https:\/\/deep-space-astronomy.ch\/de\/wp-json\/wp\/v2\/comments?post=1320"}],"wp:featuredmedia":[{"embeddable":true,"href":"https:\/\/deep-space-astronomy.ch\/de\/wp-json\/wp\/v2\/media\/4086"}],"wp:attachment":[{"href":"https:\/\/deep-space-astronomy.ch\/de\/wp-json\/wp\/v2\/media?parent=1320"}],"wp:term":[{"taxonomy":"product_brand","embeddable":true,"href":"https:\/\/deep-space-astronomy.ch\/de\/wp-json\/wp\/v2\/product_brand?post=1320"},{"taxonomy":"product_cat","embeddable":true,"href":"https:\/\/deep-space-astronomy.ch\/de\/wp-json\/wp\/v2\/product_cat?post=1320"},{"taxonomy":"product_tag","embeddable":true,"href":"https:\/\/deep-space-astronomy.ch\/de\/wp-json\/wp\/v2\/product_tag?post=1320"}],"curies":[{"name":"wp","href":"https:\/\/api.w.org\/{rel}","templated":true}]}}