{"id":13208,"date":"2026-01-23T16:44:24","date_gmt":"2026-01-23T15:44:24","guid":{"rendered":"https:\/\/deep-space-astronomy.ch\/?post_type=product&#038;p=13208"},"modified":"2026-01-23T16:47:46","modified_gmt":"2026-01-23T15:47:46","slug":"microscope-lcd-bresser-analyth","status":"publish","type":"product","link":"https:\/\/deep-space-astronomy.ch\/de\/produkt\/microscope-lcd-bresser-analyth\/","title":{"rendered":"LCD-Mikroskop BRESSER Analyth"},"content":{"rendered":"<h3>LCD-Mikroskop BRESSER Analyth - eigenst\u00e4ndiges digitales Werkstattmikroskop (QC \/ Inspektion \/ Freizeit)<\/h3>\n<p>Die <strong>BRESSER Analyth LCD<\/strong> ist ein <strong>Werkstattmikroskop<\/strong> in erster Linie f\u00fcr die\u2019<strong>Beobachtung im reflektierten Licht<\/strong><br \/>\n(Inspektionen von Oberfl\u00e4chen, Komponenten, Rohmaterialien), wobei eine <strong>durchgelassenes Licht<\/strong> integriert f\u00fcr transparente Proben.<br \/>\nDer Ansatz ist \u201cproduktionsfreundlich\u201d : <strong>integrierter 22,5-cm-Bildschirm<\/strong>, Die <strong>USB-Maus<\/strong>, Aufnahme auf <strong>microSD<\/strong>,<br \/>\nund einen stufenlosen optischen Zoom, um schnell zur richtigen Vergr\u00f6\u00dferung zu gelangen. Ein PC ist nicht erforderlich.<\/p>\n<h3>Positionierung: Warum sich dieses Modell abhebt<\/h3>\n<ul>\n<li><strong>Echtes Werkstattwerkzeug<\/strong> : optimiert f\u00fcr das einfallende Licht, mit <strong>21 LED-Ringbeleuchtung<\/strong> Anti-Schatten.<\/li>\n<li><strong>Komfort<\/strong> : gro\u00dfer integrierter Bildschirm (<strong>22,5 cm<\/strong>), um lange erm\u00fcdungsfrei arbeiten zu k\u00f6nnen.<\/li>\n<li><strong>Qualit\u00e4tskontrolle<\/strong> : entwickelt f\u00fcr Inspektion und Messung (mit <strong>optionale Kalibrierung<\/strong>).<\/li>\n<li><strong>Selbstst\u00e4ndig<\/strong> : Fotos\/Videos auf microSD mit einem Klick (microSD 16 GB enthalten).<\/li>\n<\/ul>\n<h3>Stufenloser optischer Zoom: schnell und effektiv<\/h3>\n<p>Hier befindet man sich nicht an einem Mikroskop \u201cBiologie am Okular\u201d, sondern an einer <strong>Zoom-Optik<\/strong> integriert, sehr praktisch, um schnell den richtigen Kompromiss zu finden<br \/>\nzwischen Feld und Ausschnitt. Der angek\u00fcndigte Zoom ist <strong>0,7x bis 4,5x<\/strong> (optisch), wodurch sich auf dem Bildschirm eine Vergr\u00f6\u00dferung von ca. <strong>8,2x bis 52,7x<\/strong><br \/>\n(gem\u00e4\u00df der Herstellerkalibrierung).<\/p>\n<ul>\n<li><strong>Optischer Zoom<\/strong> : 0,7x - 4,5x (kontinuierlich)<\/li>\n<li><strong>Vergr\u00f6\u00dferung auf dem Bildschirm<\/strong> : ~8,2x bis ~52,7x<\/li>\n<li><strong>Arbeitsabstand<\/strong> ~97 mm (bequem f\u00fcr die Handhabung unter dem Objektiv)<\/li>\n<li><strong>Max. H\u00f6he Objekt<\/strong> : 17 mm<\/li>\n<\/ul>\n<h3>Bildfeld: anfangs gro\u00df, bei starkem Zoom pr\u00e4zise<\/h3>\n<p>Das Feld ist ein guter Indikator f\u00fcr die Verwendung \u201cInspektion\u201d :<\/p>\n<ul>\n<li><strong>Bei minimalem Zoom<\/strong> : ~<strong>17,5 mm x 10,0 mm<\/strong> (\u00dcberblick)<\/li>\n<li><strong>Bei maximalem Zoom<\/strong> : ~<strong>4,7 mm x 2,5 mm<\/strong> (feine Details)<\/li>\n<\/ul>\n<h3>Beleuchtung: Auflicht + Durchlicht, getrennt einstellbar<\/h3>\n<p>Um Schatten zu vermeiden und Mikroreliefs zu enth\u00fcllen, integriert das Mikroskop :<\/p>\n<ul>\n<li><strong>Einfallendes Licht<\/strong> : <strong>Ring 21 LEDs<\/strong> (Einstellung <strong>5 Ebenen<\/strong>)<\/li>\n<li><strong>Durchgelassenes Licht<\/strong> : f\u00fcr transparente Objekte (Einstellung <strong>5 Ebenen<\/strong>, getrennt)<\/li>\n<\/ul>\n<p>Diese Kombination ist n\u00fctzlich, wenn Sie zwischen <strong>undurchsichtige Oberfl\u00e4chen\/Objekte<\/strong> (PCB, M\u00fcnzen, Mineralien, Insekten)<br \/>\nund <strong>lichtdurchl\u00e4ssige Proben<\/strong> (Filme, d\u00fcnne Lamellen, bestimmte Materialien).<\/p>\n<h3>Fokussierung: Pr\u00e4zision bei hoher Vergr\u00f6\u00dferung<\/h3>\n<p>Wenn Sie heranzoomen, nimmt die Sch\u00e4rfentiefe ab. BRESSER hat daher eine <strong>Grob- + Feinfokussierung<\/strong>,<br \/>\nwas f\u00fcr eine regelm\u00e4\u00dfige und genaue Nutzung unerl\u00e4sslich ist.<\/p>\n<ul>\n<li><strong>Fokus<\/strong> : grob + fein<\/li>\n<li><strong>Tablett<\/strong> : 2 austauschbare Objektplatten<\/li>\n<\/ul>\n<h3>Integrierte Kamera: Sony IMX335 (5 MP) + Aufnahme auf microSD<\/h3>\n<p>Das Mikroskop integriert eine sensorbasierte Kamera <strong>Sony IMX335<\/strong> (Format <strong>1\/2,8\u2033<\/strong>), mit einer angek\u00fcndigten Aufl\u00f6sung von <strong>5 MP<\/strong>.<br \/>\nDie Anzeige ist gegeben f\u00fcr <strong>1024 x 600 px<\/strong> auf dem eingebauten Bildschirm. Fotos\/Videos lassen sich direkt auf <strong>microSD<\/strong><br \/>\n(in der Praxis: ideal zum Dokumentieren von M\u00e4ngeln, Inspektionsreihen oder Beobachtungen).<\/p>\n<ul>\n<li><strong>Sensor<\/strong> : Sony IMX335 (1\/2,8\u2033)<\/li>\n<li><strong>Aufl\u00f6sung Sensor<\/strong> : 5 MP<\/li>\n<li><strong>Bildschirmanzeige<\/strong> : 1024 x 600 px<\/li>\n<li><strong>Speicherung<\/strong> : microSD (bis zu 32 GB) -. <strong>microSD 16 GB inbegriffen<\/strong><\/li>\n<\/ul>\n<h3>Inhalt der Schachtel<\/h3>\n<ul>\n<li>Digitales Mikroskop mit <strong>Zoomobjektiv<\/strong> und <strong>integrierter Bildschirm<\/strong><\/li>\n<li>Integrierte LED-Beleuchtung : <strong>Vorfall + \u00fcbermittelt<\/strong><\/li>\n<li>Kontrastlinse + Durchlichtlinse<\/li>\n<li><strong>USB-Maus<\/strong> (Steuerung \u00fcber Bildschirmmen\u00fc)<\/li>\n<li>Staubschutzkappe<\/li>\n<li><strong>16 GB microSD-Karte<\/strong><\/li>\n<li>Ern\u00e4hrung EU <strong>12 V \/ 2 A<\/strong><\/li>\n<\/ul>\n<h3>Wichtigste technische Daten<\/h3>\n<table>\n<tbody>\n<tr>\n<td>Typ<\/td>\n<td>Digitales Werkstattmikroskop (integrierter Bildschirm)<\/td>\n<\/tr>\n<tr>\n<td>Dominierende Nutzung<\/td>\n<td>Auflicht (Inspektion \/ QC)<\/td>\n<\/tr>\n<tr>\n<td>Optischer Zoom<\/td>\n<td><strong>0,7x - 4,5x<\/strong> (weiter)<\/td>\n<\/tr>\n<tr>\n<td>Vergr\u00f6\u00dferung auf dem Bildschirm<\/td>\n<td>~<strong>8,2x bis 52,7x<\/strong><\/td>\n<\/tr>\n<tr>\n<td>Beleuchtung<\/td>\n<td>Vorfall : <strong>Ring 21 LEDs<\/strong> + Transmissiv, separat dimmbar (5 Stufen)<\/td>\n<\/tr>\n<tr>\n<td>Fokussieren<\/td>\n<td>Grob + Fein<\/td>\n<\/tr>\n<tr>\n<td>Sensor<\/td>\n<td><strong>Sony IMX335<\/strong> - 5 MP<\/td>\n<\/tr>\n<tr>\n<td>Bildschirm<\/td>\n<td><strong>22,5 cm<\/strong> (Anzeige 1024 x 600)<\/td>\n<\/tr>\n<tr>\n<td>Speicherung<\/td>\n<td>microSD (\u2264 32 GB) - - <strong>16 GB inbegriffen<\/strong><\/td>\n<\/tr>\n<tr>\n<td>Ern\u00e4hrung<\/td>\n<td><strong>12 V \/ 2 A<\/strong><\/td>\n<\/tr>\n<\/tbody>\n<\/table>\n<h3>Wem ich es empfehle (und wem nicht)<\/h3>\n<ul>\n<li><strong>Ausgezeichnete Wahl<\/strong> wenn Ihre Priorit\u00e4t : <strong>Oberfl\u00e4cheninspektion<\/strong>, Sie k\u00f6nnen eine Vielzahl von Materialien, Komponenten, Teilen, Mineralien, Insekten, Qualit\u00e4tskontrolle und schnelle Dokumentationen erhalten.<\/li>\n<li><strong>Sehr gut<\/strong> wenn Sie ein System wollen <strong>autonom<\/strong> (ohne PC) mit einem <strong>Gro\u00dfbildschirm<\/strong> um bequem zu arbeiten.<\/li>\n<li><strong>Weniger geeignet<\/strong> wenn Ihr Hauptziel die <strong>klassische biologische Mikroskopie<\/strong> auf Objekttr\u00e4gern mit starker Vergr\u00f6\u00dferung (Zellen\/Bakterien) :<br \/>\nin diesem Fall ist ein biologisches Mikroskop mit 40x\/100x-Objektiven (mit geeignetem Kondensor) relevanter.<\/li>\n<\/ul>","protected":false},"excerpt":{"rendered":"<p>Microscope LCD BRESSER Analyth \u2013 microscope d\u2019atelier num\u00e9rique autonome (QC \/ inspection \/ loisir) Le BRESSER Analyth LCD est un microscope d\u2019atelier con\u00e7u avant tout pour l\u2019observation en lumi\u00e8re r\u00e9fl\u00e9chie (inspections de surfaces, composants, mati\u00e8res premi\u00e8res), tout en gardant une lumi\u00e8re transmise int\u00e9gr\u00e9e pour des \u00e9chantillons transparents. L\u2019approche est \u201cproduction-friendly\u201d : \u00e9cran int\u00e9gr\u00e9 22,5 cm, [&hellip;]<\/p>\n","protected":false},"featured_media":13209,"comment_status":"open","ping_status":"closed","template":"","meta":[],"product_brand":[807],"product_cat":[870],"product_tag":[],"class_list":{"0":"post-13208","1":"product","2":"type-product","3":"status-publish","4":"has-post-thumbnail","6":"product_brand-bresser","7":"product_cat-microscopes-numeriques","9":"first","10":"on_supplier","11":"taxable","12":"shipping-taxable","13":"purchasable","14":"product-type-simple"},"_links":{"self":[{"href":"https:\/\/deep-space-astronomy.ch\/de\/wp-json\/wp\/v2\/product\/13208","targetHints":{"allow":["GET"]}}],"collection":[{"href":"https:\/\/deep-space-astronomy.ch\/de\/wp-json\/wp\/v2\/product"}],"about":[{"href":"https:\/\/deep-space-astronomy.ch\/de\/wp-json\/wp\/v2\/types\/product"}],"replies":[{"embeddable":true,"href":"https:\/\/deep-space-astronomy.ch\/de\/wp-json\/wp\/v2\/comments?post=13208"}],"wp:featuredmedia":[{"embeddable":true,"href":"https:\/\/deep-space-astronomy.ch\/de\/wp-json\/wp\/v2\/media\/13209"}],"wp:attachment":[{"href":"https:\/\/deep-space-astronomy.ch\/de\/wp-json\/wp\/v2\/media?parent=13208"}],"wp:term":[{"taxonomy":"product_brand","embeddable":true,"href":"https:\/\/deep-space-astronomy.ch\/de\/wp-json\/wp\/v2\/product_brand?post=13208"},{"taxonomy":"product_cat","embeddable":true,"href":"https:\/\/deep-space-astronomy.ch\/de\/wp-json\/wp\/v2\/product_cat?post=13208"},{"taxonomy":"product_tag","embeddable":true,"href":"https:\/\/deep-space-astronomy.ch\/de\/wp-json\/wp\/v2\/product_tag?post=13208"}],"curies":[{"name":"wp","href":"https:\/\/api.w.org\/{rel}","templated":true}]}}