{"id":13212,"date":"2026-01-23T16:57:25","date_gmt":"2026-01-23T15:57:25","guid":{"rendered":"https:\/\/deep-space-astronomy.ch\/?post_type=product&#038;p=13212"},"modified":"2026-01-23T16:58:46","modified_gmt":"2026-01-23T15:58:46","slug":"camera-oculaire-bresser-microocular-full-hd","status":"publish","type":"product","link":"https:\/\/deep-space-astronomy.ch\/de\/produkt\/camera-oculaire-bresser-microocular-full-hd\/","title":{"rendered":"BRESSER MicroOcular Full HD-Okular-Kamera"},"content":{"rendered":"<h3>BRESSER MicroOcular Full HD-Okular-Kamera - die einfache L\u00f6sung f\u00fcr Aufnahmen mit Mikroskopen und Teleskopen<\/h3>\n<p>Die <strong>BRESSER MicroOcular Full HD<\/strong> ist eine <strong>USB-Augenkamera<\/strong> entwickelt, um ein Okular direkt zu ersetzen und aufzuzeichnen<br \/>\n<strong>Fotos<\/strong> und <strong>Videos<\/strong> auf PC in <strong>1920 \u00d7 1080<\/strong> (Full HD). Es ist ein \u201cEinfachheit-Preis-Verh\u00e4ltnis\u201d-orientiertes Produkt: ideal, um Beobachtungen zu dokumentieren,<br \/>\nim Unterricht teilen, Inhalte erstellen oder Mond-\/Planetenaufnahmen mit dem Teleskop machen, ohne sich auf eine komplexe Konfiguration einlassen zu m\u00fcssen.<\/p>\n<h3>Wozu dient diese Art von Kamera?<\/h3>\n<ul>\n<li><strong>Unter dem Mikroskop<\/strong> : Dokumentation in <strong>heller Hintergrund<\/strong> und in <strong>reflektiertes Licht<\/strong> (undurchsichtige Proben: Insekten, K\u00f6rner, Mineralien, PCBs usw.).<\/li>\n<li><strong>Mit dem Teleskop<\/strong> : Erfassung der <strong>Mond<\/strong> und <strong>helle Planeten<\/strong> (typische Verwendung in Videos, um anschlie\u00dfend zu stapeln).<\/li>\n<\/ul>\n<h3>Starke Punkte<\/h3>\n<ul>\n<li><strong>Full HD (1920 \u00d7 1080)<\/strong> : Standard-Videoformat, praktisch und leicht zu verarbeiten.<\/li>\n<li><strong>Bis zu 25 fps<\/strong> : Ausreichend f\u00fcr eine Einf\u00fchrung in das Planeten-\/Mondvideo und f\u00fcr Live-Mikroskopie.<\/li>\n<li><strong>Einfache Installation<\/strong> : Okular austauschen, per USB anschlie\u00dfen, \u00fcber die mitgelieferte Software aufnehmen.<\/li>\n<li><strong>Metallgeh\u00e4use<\/strong> + <strong>Mini-USB 2.0<\/strong> : robustes Design und universelle Verbindung.<\/li>\n<li><strong>Breite Kompatibilit\u00e4t<\/strong> \u00fcber mitgelieferte Adapter (Mikroskope + Teleskope im 1,25\u2033-Format).<\/li>\n<li><strong>Integrierter UV\/IR-Filter<\/strong> : N\u00fctzlich, um Fokussierungsdrifts zu begrenzen und die Wiedergabe mit bestimmten Optiken\/Sensoren zu verbessern.<\/li>\n<\/ul>\n<h3>Was Sie vor der Wahl wissen sollten<\/h3>\n<ul>\n<li><strong>Es handelt sich nicht um eine \u201cwissenschaftliche\u201d Kamera\u201d<\/strong> : Der Sensor und USB 2.0 zielen auf Einfachheit ab, nicht auf maximalen Durchsatz.<\/li>\n<li><strong>Feld und Stichproben<\/strong> : Wie bei jeder \u201cOkularkamera\u201d h\u00e4ngt das tats\u00e4chliche Feld stark von der Optik (Mikroskop\/Teleskop) und der mechanischen Anpassung ab.<\/li>\n<li><strong>F\u00fcr die anspruchsvolle planetarische Astro<\/strong> (hohe Bildrate, ROI, umfangreiche Bearbeitungen), wird eine dedizierte USB 3.0-Kamera in der Regel leistungsf\u00e4higer sein.<\/li>\n<\/ul>\n<h3>Wichtigste technische Daten<\/h3>\n<table>\n<tbody>\n<tr>\n<td>Typ<\/td>\n<td>USB-Okular-Kamera (ersetzt ein Okular)<\/td>\n<\/tr>\n<tr>\n<td>Sensor<\/td>\n<td>Farb-CMOS<\/td>\n<\/tr>\n<tr>\n<td>Aufl\u00f6sung<\/td>\n<td><strong>1920 \u00d7 1080<\/strong> (Full HD)<\/td>\n<\/tr>\n<tr>\n<td>Taktung<\/td>\n<td>Bis zu <strong>25 Bilder\/s<\/strong><\/td>\n<\/tr>\n<tr>\n<td>Pixelgr\u00f6\u00dfe<\/td>\n<td><strong>3 \u00d7 3 \u00b5m<\/strong><\/td>\n<\/tr>\n<tr>\n<td>Aktive Sensorfl\u00e4che<\/td>\n<td><strong>5,86 \u00d7 3,28 mm<\/strong><\/td>\n<\/tr>\n<tr>\n<td>Schnittstelle<\/td>\n<td>USB 2.0 (Mini-USB)<\/td>\n<\/tr>\n<tr>\n<td>Formate<\/td>\n<td>Foto: jpg\/tif\/png - Video: mp4<\/td>\n<\/tr>\n<tr>\n<td>Systeme<\/td>\n<td>Windows 10 \/ 11<\/td>\n<\/tr>\n<\/tbody>\n<\/table>\n<h3>Kompatibilit\u00e4t und Adapter enthalten<\/h3>\n<ul>\n<li><strong>Einsetzen des Mikroskops<\/strong> Format: 23,2 mm (Standard), mit Adaptern <strong>30 mm<\/strong> und <strong>30,5 mm<\/strong>.<\/li>\n<li><strong>Einsetzen des Teleskops<\/strong> : Adapter <strong>31,7 mm (1,25\u2033)<\/strong> mit <strong>Filtergewinde 1,25\u2033.<\/strong> (praktisch, um einen Mond-\/IR-Cut-Filter usw. hinzuzuf\u00fcgen).<\/li>\n<\/ul>\n<h3>Software &amp; Nutzung<\/h3>\n<p>F\u00fcr Windows wird eine (mehrsprachige) Aufnahmesoftware zum Download bereitgestellt, mit der Bilder und Videos aufgenommen werden k\u00f6nnen.<br \/>\nIn der Praxis: Bei planetarischen Videos ist die h\u00e4ufigste Verwendung die Aufnahme einer Sequenz und das anschlie\u00dfende Stapeln\/Verarbeiten in einer Drittanbietersoftware.<\/p>\n<h3>Inhalt der Schachtel<\/h3>\n<ul>\n<li>Kameramodul mit Staubschutzkappe<\/li>\n<li>USB-Kabel<\/li>\n<li>Software (Download-Link, mehrere Sprachen)<\/li>\n<li>Adapter: 30 mm, 30,5 mm, 31,7 mm (1,25\u2033)<\/li>\n<\/ul>\n<h3>F\u00fcr wen ist es die richtige Wahl?<\/h3>\n<ul>\n<li>Sie wollen eine <strong>einfache und kosteng\u00fcnstige Kamera<\/strong> f\u00fcr <strong>dokumentieren<\/strong> Ihre Beobachtungen unter dem Mikroskop.<\/li>\n<li>Sie wollen Ihre ersten Aufnahmen machen <strong>Mond\/Planeten<\/strong> am Teleskop, ohne in eine spezielle Astrokamera zu investieren.<\/li>\n<li>Sie suchen nach einer L\u00f6sung <strong>Schule \/ Workshop \/ Vorf\u00fchrung<\/strong> : Schneller Anschluss, sofortiges Ergebnis.<\/li>\n<\/ul>","protected":false},"excerpt":{"rendered":"<p>Cam\u00e9ra oculaire BRESSER MicroOcular Full HD \u2013 la solution simple pour capturer au microscope et au t\u00e9lescope La BRESSER MicroOcular Full HD est une cam\u00e9ra oculaire USB con\u00e7ue pour remplacer directement un oculaire et enregistrer photos et vid\u00e9os sur PC en 1920 \u00d7 1080 (Full HD). C\u2019est un produit orient\u00e9 \u201crapport simplicit\u00e9 \/ prix\u201d : [&hellip;]<\/p>\n","protected":false},"featured_media":13213,"comment_status":"open","ping_status":"closed","template":"","meta":[],"product_brand":[807],"product_cat":[864,874],"product_tag":[],"class_list":{"0":"post-13212","1":"product","2":"type-product","3":"status-publish","4":"has-post-thumbnail","6":"product_brand-bresser","7":"product_cat-microscopes-2","8":"product_cat-cameras-pour-microscope","10":"first","11":"on_supplier","12":"taxable","13":"shipping-taxable","14":"purchasable","15":"product-type-simple"},"_links":{"self":[{"href":"https:\/\/deep-space-astronomy.ch\/de\/wp-json\/wp\/v2\/product\/13212","targetHints":{"allow":["GET"]}}],"collection":[{"href":"https:\/\/deep-space-astronomy.ch\/de\/wp-json\/wp\/v2\/product"}],"about":[{"href":"https:\/\/deep-space-astronomy.ch\/de\/wp-json\/wp\/v2\/types\/product"}],"replies":[{"embeddable":true,"href":"https:\/\/deep-space-astronomy.ch\/de\/wp-json\/wp\/v2\/comments?post=13212"}],"wp:featuredmedia":[{"embeddable":true,"href":"https:\/\/deep-space-astronomy.ch\/de\/wp-json\/wp\/v2\/media\/13213"}],"wp:attachment":[{"href":"https:\/\/deep-space-astronomy.ch\/de\/wp-json\/wp\/v2\/media?parent=13212"}],"wp:term":[{"taxonomy":"product_brand","embeddable":true,"href":"https:\/\/deep-space-astronomy.ch\/de\/wp-json\/wp\/v2\/product_brand?post=13212"},{"taxonomy":"product_cat","embeddable":true,"href":"https:\/\/deep-space-astronomy.ch\/de\/wp-json\/wp\/v2\/product_cat?post=13212"},{"taxonomy":"product_tag","embeddable":true,"href":"https:\/\/deep-space-astronomy.ch\/de\/wp-json\/wp\/v2\/product_tag?post=13212"}],"curies":[{"name":"wp","href":"https:\/\/api.w.org\/{rel}","templated":true}]}}