{"id":13214,"date":"2026-01-23T17:02:23","date_gmt":"2026-01-23T16:02:23","guid":{"rendered":"https:\/\/deep-space-astronomy.ch\/?post_type=product&#038;p=13214"},"modified":"2026-01-23T17:03:50","modified_gmt":"2026-01-23T16:03:50","slug":"camera-pour-microscope-bresser-mikrocam-sp-5-0","status":"publish","type":"product","link":"https:\/\/deep-space-astronomy.ch\/de\/produkt\/camera-pour-microscope-bresser-mikrocam-sp-5-0\/","title":{"rendered":"Kamera f\u00fcr BRESSER MikroCam SP 5.0 Mikroskop"},"content":{"rendered":"<h3>BRESSER MikroCam SP 5.0 Mikroskopkamera - Foto\/Videoaufnahme + Messungen, C-Mount-Format<\/h3>\n<p>Die <strong>BRESSER MikroCam SP 5.0<\/strong> ist eine USB-Kamera, die f\u00fcr die \u201cernsthafte\u201d Mikroskopie (Werkstatt, Labor, Unterricht) gedacht ist,<br \/>\nmit einem <strong>5-MP-Sensor<\/strong> (2592 \u00d7 1944) und vor allem ein <strong>C-Mount-Gewinde<\/strong> die die Integration in viele Mikroskope erleichtert<br \/>\n(Trinokulare, Kameraanschl\u00fcsse, Fotoadapter). Sie zielt auf eine <strong>nat\u00fcrliche Farbmetrik<\/strong> und ein <strong>geringes Rauschen<\/strong> um Ihre Beobachtungen sauber zu dokumentieren,<br \/>\nmit reichhaltiger Software (Messungen, Focus Stacking, Mosaik, Timelapse).<\/p>\n<h3>Wozu dient die MikroCam SP 5.0?<\/h3>\n<ul>\n<li><strong>Bildgebung unter dem Mikroskop<\/strong> Foto\/Videoaufnahmen f\u00fcr Biologie, Forschung, Labor, Materialien, Metallurgie, Qualit\u00e4tskontrolle.<\/li>\n<li><strong>Dokumentation und Berichte<\/strong> : eigene Erfassungen, Archivierung, Weitergabe und Drucken.<\/li>\n<li><strong>Messungen auf dem Bildschirm<\/strong> (mit Kalibrierung): L\u00e4nge, Durchmesser, Zonen usw. direkt auf der Live.<\/li>\n<\/ul>\n<h3>Starke Punkte<\/h3>\n<ul>\n<li><strong>Aufl\u00f6sung 5 MP<\/strong> (2592 \u00d7 1944): detaillierter als einfaches Full HD (n\u00fctzlich f\u00fcr Fotos und Messungen).<\/li>\n<li><strong>C-Mount<\/strong> : Pro-Standard, kompatibel mit einer Vielzahl von Adaptern und trinokularen K\u00f6pfen.<\/li>\n<li><strong>Inklusive Adapter<\/strong> 23,2 mm \/ 30 mm \/ 30,5 mm (zur Montage in einem Okularhalter).<\/li>\n<li><strong>Vollst\u00e4ndige Software (Windows)<\/strong> :<br \/>\n<em>Ma\u00dfnahme<\/em>, <em>Focus Stacking<\/em> (gr\u00f6\u00dfere Sch\u00e4rfentiefe), <em>Mosaik<\/em> (gro\u00dfes Feld), <em>timelapse<\/em>.<\/li>\n<li><strong>Metallgeh\u00e4use<\/strong> : robust f\u00fcr den regelm\u00e4\u00dfigen Gebrauch in Werkst\u00e4tten oder Klassenzimmern.<\/li>\n<\/ul>\n<h3>Was Sie vor dem Kauf wissen sollten<\/h3>\n<ul>\n<li><strong>Ma\u00dfnahmen = Kalibrierungspflicht<\/strong> : Die Messfunktion erfordert einen <strong>Kalibrierungspr\u00e4parat<\/strong> (nicht inbegriffen), um fair zu sein.<\/li>\n<li><strong>USB 2.0<\/strong> : Sehr kompatibel, aber die Daten\u00fcbertragungsrate ist geringer als bei USB 3.0 (weniger auf \u201csehr hohe Geschwindigkeit\u201d ausgerichtet als die USB-3.0-Reihen).<\/li>\n<li><strong>Windows-PC erforderlich<\/strong> Windows 10 \/ 11 (im mitgelieferten Datenblatt nicht f\u00fcr macOS angek\u00fcndigt).<\/li>\n<\/ul>\n<h3>Wichtigste technische Daten<\/h3>\n<table>\n<tbody>\n<tr>\n<td>Aufl\u00f6sung Sensor<\/td>\n<td><strong>2592 \u00d7 1944<\/strong> (5.0 MP)<\/td>\n<\/tr>\n<tr>\n<td>Art des Sensors<\/td>\n<td>Farb-CMOS<\/td>\n<\/tr>\n<tr>\n<td>Gr\u00f6\u00dfe des Sensors<\/td>\n<td><strong>1\/2,5\u2033<\/strong> - env. <strong>5,70 \u00d7 4,28 mm<\/strong><\/td>\n<\/tr>\n<tr>\n<td>Pixelgr\u00f6\u00dfe<\/td>\n<td><strong>2,2 \u00d7 2,2 \u00b5m<\/strong><\/td>\n<\/tr>\n<tr>\n<td>Rahmen<\/td>\n<td><strong>C-Mount<\/strong> + M\u00f6glichkeit in <strong>steck<\/strong> \u00fcber Adapter<\/td>\n<\/tr>\n<tr>\n<td>Schnittstelle<\/td>\n<td>USB 2.0 (Kabel ~ 1,8 m)<\/td>\n<\/tr>\n<tr>\n<td>Fotoformate<\/td>\n<td>bmp, jpg, tif<\/td>\n<\/tr>\n<tr>\n<td>Videoformate<\/td>\n<td>AVI, MP4 (H.264)<\/td>\n<\/tr>\n<tr>\n<td>Systeme<\/td>\n<td>Windows 10 \/ 11<\/td>\n<\/tr>\n<\/tbody>\n<\/table>\n<h3>Kompatibilit\u00e4t &amp; Montage<\/h3>\n<ul>\n<li><strong>Empfohlene Montage<\/strong> : auf einem <strong>C-Mount-Kameraanschluss<\/strong> (trinokular) \u00fcber einen Adapter, der f\u00fcr Ihr Mikroskop geeignet ist.<\/li>\n<li><strong>Schnelle Montage<\/strong> : Einsetzen in einen Okulartubus \u00fcber Adapter <strong>23,2 \/ 30 \/ 30,5 mm<\/strong> (eingeschlossen).<\/li>\n<li><strong>N\u00fctzliche Option<\/strong> : eine <strong>Reduktion 0,5\u00d7<\/strong> (fest oder variabel, je nach Konfig) kann helfen, das Feld zu vergr\u00f6\u00dfern und den Sensor besser an das Mikroskop anzupassen.<\/li>\n<\/ul>\n<h3>Inhalt der Schachtel<\/h3>\n<ul>\n<li>Kamerakopf MikroCam SP 5.0<\/li>\n<li>USB 2.0-Kabel (~ 1,8 m)<\/li>\n<li>Adapter 23,2 mm \/ 30 mm \/ 30,5 mm<\/li>\n<li>Software zur Erfassung + Verarbeitung (Windows)<\/li>\n<\/ul>\n<h3>F\u00fcr wen ist es eine gute Wahl?<\/h3>\n<ul>\n<li>Sie wollen eine Kamera <strong>\u201cprofessioneller\u201d als eine grundlegende Augenkamera<\/strong>mit <strong>Ma\u00dfnahme<\/strong> und erweiterte Funktionen.<\/li>\n<li>Sie haben ein Mikroskop <strong>trinokular<\/strong> oder ein Setup, das leicht den <strong>C-Mount<\/strong>.<\/li>\n<li>Sie machen von <strong>Qualit\u00e4tskontrolle<\/strong>, der <strong>Biologie<\/strong> oder der <strong>Materialien\/Metallurgie<\/strong> und Sie m\u00fcssen Ihre Ergebnisse archivieren.<\/li>\n<\/ul>","protected":false},"excerpt":{"rendered":"<p>Cam\u00e9ra pour microscope BRESSER MikroCam SP 5.0 \u2013 capture photo\/vid\u00e9o + mesures, format C-Mount La BRESSER MikroCam SP 5.0 est une cam\u00e9ra USB pens\u00e9e pour la microscopie \u201cs\u00e9rieuse\u201d (atelier, labo, enseignement), avec un capteur 5 MP (2592 \u00d7 1944) et surtout un filetage C-Mount qui facilite l\u2019int\u00e9gration sur de nombreux microscopes (trinoculaires, ports cam\u00e9ra, adaptateurs [&hellip;]<\/p>\n","protected":false},"featured_media":13215,"comment_status":"open","ping_status":"closed","template":"","meta":[],"product_brand":[807],"product_cat":[864,874],"product_tag":[],"class_list":{"0":"post-13214","1":"product","2":"type-product","3":"status-publish","4":"has-post-thumbnail","6":"product_brand-bresser","7":"product_cat-microscopes-2","8":"product_cat-cameras-pour-microscope","10":"first","11":"on_supplier","12":"taxable","13":"shipping-taxable","14":"purchasable","15":"product-type-simple"},"_links":{"self":[{"href":"https:\/\/deep-space-astronomy.ch\/de\/wp-json\/wp\/v2\/product\/13214","targetHints":{"allow":["GET"]}}],"collection":[{"href":"https:\/\/deep-space-astronomy.ch\/de\/wp-json\/wp\/v2\/product"}],"about":[{"href":"https:\/\/deep-space-astronomy.ch\/de\/wp-json\/wp\/v2\/types\/product"}],"replies":[{"embeddable":true,"href":"https:\/\/deep-space-astronomy.ch\/de\/wp-json\/wp\/v2\/comments?post=13214"}],"wp:featuredmedia":[{"embeddable":true,"href":"https:\/\/deep-space-astronomy.ch\/de\/wp-json\/wp\/v2\/media\/13215"}],"wp:attachment":[{"href":"https:\/\/deep-space-astronomy.ch\/de\/wp-json\/wp\/v2\/media?parent=13214"}],"wp:term":[{"taxonomy":"product_brand","embeddable":true,"href":"https:\/\/deep-space-astronomy.ch\/de\/wp-json\/wp\/v2\/product_brand?post=13214"},{"taxonomy":"product_cat","embeddable":true,"href":"https:\/\/deep-space-astronomy.ch\/de\/wp-json\/wp\/v2\/product_cat?post=13214"},{"taxonomy":"product_tag","embeddable":true,"href":"https:\/\/deep-space-astronomy.ch\/de\/wp-json\/wp\/v2\/product_tag?post=13214"}],"curies":[{"name":"wp","href":"https:\/\/api.w.org\/{rel}","templated":true}]}}