{"id":13220,"date":"2026-01-23T17:07:27","date_gmt":"2026-01-23T16:07:27","guid":{"rendered":"https:\/\/deep-space-astronomy.ch\/?post_type=product&#038;p=13220"},"modified":"2026-01-23T17:08:44","modified_gmt":"2026-01-23T16:08:44","slug":"camera-de-microscope-autofocus-bresser-mikrocam-pro-hdmi","status":"publish","type":"product","link":"https:\/\/deep-space-astronomy.ch\/de\/produkt\/camera-de-microscope-autofocus-bresser-mikrocam-pro-hdmi\/","title":{"rendered":"Autofokus-Mikroskopkamera BRESSER MikroCam PRO HDMI"},"content":{"rendered":"<h3>BRESSER MikroCam PRO HDMI Autofokus-Mikroskopkamera - Full HD 60 fps, HDMI\/Wi-Fi, Autofokus durch Sensorverschiebung<\/h3>\n<p>\nDie <strong>BRESSER MikroCam PRO HDMI Autofokus<\/strong> ist eine Kamera, mit der ein trinokulares Mikroskop in eine<br \/>\n<strong>Visualisierung\/Messung<\/strong> sehr effizient, ohne obligatorischen PC. Seine DNA : <strong>HDMI-Ausgabe in Echtzeit (ohne Latenz)<\/strong>,<br \/>\n<strong>Autofokus<\/strong> (mit gro\u00dfem Strand), und <strong>Workflow \u201cBildschirm + Maus\u201d<\/strong> f\u00fcr die Industrie, den Unterricht und die Qualit\u00e4tskontrolle,<br \/>\ndie Pr\u00e4sentation und die Dokumentation.\n<\/p>\n<h3>Warum dieses Modell anders ist<\/h3>\n<ul>\n<li><strong>Integrierter Autofokus<\/strong> : Die Fokussierung erfolgt, ohne die R\u00e4der des Mikroskops zu ber\u00fchren, \u00fcber einen <strong>Sensorbewegung<\/strong><br \/>\n      (angek\u00fcndigtes Rennen <strong>16 mm<\/strong>). N\u00fctzlich, um Zeit zu sparen, Manipulationen einzuschr\u00e4nken und die Wiedergabe zu standardisieren.<\/li>\n<li><strong>Parfokalit\u00e4t leicht gemacht<\/strong> bei vielen trinokularen Mikroskopen: Der Autofokus hilft, eine konsistente Sch\u00e4rfe zwischen<br \/>\n      visuelle Beobachtung und Kamera (Praxis in Mehrbenutzerumgebungen).<\/li>\n<li><strong>Full HD 60 Bilder\/s \u00fcber HDMI<\/strong> Bild: Fl\u00fcssiges Bild f\u00fcr Inspektion, Demonstration und schnelle Entscheidungsfindung.<\/li>\n<li><strong>Funktionen \u201cIndustrien\u201d<\/strong> : OSD-Men\u00fc, <strong>WDR<\/strong> (erweiterte Dynamik), <strong>Ma\u00dfnahme<\/strong> (nach Kalibrierung), Aufnahmeoptionen.<\/li>\n<\/ul>\n<h3>Typische Anwendungsf\u00e4lle<\/h3>\n<ul>\n<li><strong>Werkstatt \/ Industrie<\/strong> Oberfl\u00e4chenkontrolle, Bauteilinspektion, Sortieren, schnelle Analyse (Einstiegskamera vom Typ \u201cMachine Vision\u201d).<\/li>\n<li><strong>Bildung \/ Ausbildung<\/strong> : Projektion auf HDMI-Leinwand f\u00fcr Gruppenarbeit, ohne dass ein Computer eingerichtet werden muss.<\/li>\n<li><strong>Anspruchsvolle Techniken<\/strong> : vom Hersteller empfohlen f\u00fcr <strong>schwarzer Hintergrund<\/strong> oder <strong>Phasenkontrast<\/strong> dank der richtigen Sensibilit\u00e4t.<\/li>\n<li><strong>Dokumentation<\/strong> : Foto-\/Videoaufnahmen direkt auf Medien (je nach SD-Konfiguration).<\/li>\n<\/ul>\n<h3>Anschl\u00fcsse &amp; Funktionsweise (muss verstanden werden)<\/h3>\n<ul>\n<li><strong>Hauptausgang: HDMI<\/strong> (Monitor\/TV). Livebild \u201cNull Verz\u00f6gerung\u201d.<\/li>\n<li><strong>Steuerung: USB-Maus<\/strong> \u00fcber das Bildschirmmen\u00fc (OSD).<\/li>\n<li><strong>Aufnahme auf SD-Karte<\/strong> : m\u00f6glich (Karte nicht enthalten, <strong>max 32 GB<\/strong>).<\/li>\n<li><strong>Wi-Fi<\/strong> : M\u00f6glichkeit, das Bild \u00fcber ein Netzwerk zu verbreiten (angek\u00fcndigte Datenrate bis zu <strong>25 fps<\/strong> in Wi-Fi, gegen\u00fcber <strong>60 fps<\/strong> in HDMI).<\/li>\n<li><strong>Keine PC-Verbindung \u00fcber USB<\/strong> f\u00fcr die Bildgebung bei diesem Modell (der Hersteller verweist auf eine andere Referenz, falls USB ben\u00f6tigt wird).<\/li>\n<\/ul>\n<h3>Autofokus: Fokussierungsbereich (Herstellerangaben)<\/h3>\n<p>\nDie Kamera deckt einen <strong>gro\u00dfer Fokusbereich<\/strong> um den Abstand C-mount :<br \/>\n<strong>-5,4 mm<\/strong> (nach vorne) bis <strong>+10,6 mm<\/strong> (nach innen), mit der M\u00f6glichkeit der <strong>manuelle Fokussierung<\/strong> \u00fcber die Maus<br \/>\nund Begrenzung des Fokusbereichs, wenn n\u00f6tig.\n<\/p>\n<h3>Messen &amp; Kalibrieren<\/h3>\n<p>\nDie <strong>Messfunktion<\/strong> erfolgt \u00fcber das Bildschirmmen\u00fc und erfordert einen <strong>Mikrometerobjekt<\/strong> f\u00fcr die Kalibrierung<br \/>\n(ex. Ref. erw\u00e4hnt : <strong>5916720<\/strong>). Ohne Kalibrierung sind die Messungen nicht metrologisch zuverl\u00e4ssig.\n<\/p>\n<h3>Wichtigste technische Daten<\/h3>\n<table>\n<tr>\n<td>Sensor<\/td>\n<td><strong>Sony IMX185<\/strong> - CMOS-Farbkamera - Format <strong>1\/1,9\u2033<\/strong><\/td>\n<\/tr>\n<tr>\n<td>Aktive Fl\u00e4che<\/td>\n<td><strong>7,2 \u00d7 4,05 mm<\/strong><\/td>\n<\/tr>\n<tr>\n<td>Pixelgr\u00f6\u00dfe<\/td>\n<td><strong>3,75 \u00d7 3,75 \u00b5m<\/strong><\/td>\n<\/tr>\n<tr>\n<td>HDMI-Aufl\u00f6sung<\/td>\n<td><strong>1920 \u00d7 1080<\/strong> (Full HD)<\/td>\n<\/tr>\n<tr>\n<td>Taktung<\/td>\n<td><strong>60 fps<\/strong> in HDMI (Wi-Fi bis zu <strong>25 fps<\/strong>)<\/td>\n<\/tr>\n<tr>\n<td>Ausg\u00e4nge \/ Transfer<\/td>\n<td><strong>HDMI<\/strong> + <strong>Wi-Fi<\/strong><\/td>\n<\/tr>\n<tr>\n<td>Rahmen<\/td>\n<td><strong>C-Mount<\/strong> (kompatibel mit C-Mount-Objektiven)<\/td>\n<\/tr>\n<tr>\n<td>Registrierung<\/td>\n<td><strong>SD<\/strong> (optional, max. 32 GB)<\/td>\n<\/tr>\n<tr>\n<td>WDR<\/td>\n<td><strong>Ja<\/strong> (\u00fcber OSD-Men\u00fc)<\/td>\n<\/tr>\n<tr>\n<td>Ern\u00e4hrung<\/td>\n<td><strong>12 V \/ 2 A<\/strong><\/td>\n<\/tr>\n<\/table>\n<h3>Inhalt der Schachtel<\/h3>\n<ul>\n<li>Kamera (Kopf)<\/li>\n<li>HDMI-Kabel<\/li>\n<li>USB-Maus<\/li>\n<li>Ern\u00e4hrung<\/li>\n<li>Wi-Fi-Antenne<\/li>\n<li>Software (Windows) + Erfassungs-\/Verarbeitungsfunktionen (nach Herstellerpaket)<\/li>\n<\/ul>\n<h3>Zu w\u00e4hlen, wenn... \/ Zu vermeiden, wenn...<\/h3>\n<ul>\n<li><strong>Zu w\u00e4hlen, wenn<\/strong> du willst ein System <strong>autonom<\/strong> (HDMI-Bildschirm), <strong>Fl\u00fcssigkeit<\/strong>, Die meisten Menschen sind in der Lage, sich selbst zu helfen,<br \/>\n      orientiert <strong>Inspektion \/ Pr\u00e4sentation \/ QC<\/strong>, mit Autofokus und OSD-Messungen.<\/li>\n<li><strong>Zu vermeiden, wenn<\/strong> dein Hauptbed\u00fcrfnis ist die <strong>capture auf PC<\/strong> \u00fcber USB (PC-Software-Workflow, Stacking\/Mosaik auf dem Computer usw.).<\/li>\n<li><strong>Zu beachten<\/strong> : es ist von <strong>Full HD<\/strong>. F\u00fcr die sehr hochaufl\u00f6sende \u201cFotover\u00f6ffentlichung\u201d ist eine MikroCam USB 12\/20 MP besser geeignet.<\/li>\n<\/ul>","protected":false},"excerpt":{"rendered":"<p>Cam\u00e9ra de microscope autofocus BRESSER MikroCam PRO HDMI \u2013 Full HD 60 i\/s, HDMI\/Wi-Fi, autofocus par d\u00e9placement du capteur La BRESSER MikroCam PRO HDMI Autofocus est une cam\u00e9ra pens\u00e9e pour transformer un microscope trinoculaire en poste de visualisation\/mesure tr\u00e8s efficace, sans PC obligatoire. Son ADN : sortie HDMI en temps r\u00e9el (sans latence), autofocus (avec [&hellip;]<\/p>\n","protected":false},"featured_media":13221,"comment_status":"open","ping_status":"closed","template":"","meta":[],"product_brand":[807],"product_cat":[864,874],"product_tag":[],"class_list":{"0":"post-13220","1":"product","2":"type-product","3":"status-publish","4":"has-post-thumbnail","6":"product_brand-bresser","7":"product_cat-microscopes-2","8":"product_cat-cameras-pour-microscope","10":"first","11":"on_supplier","12":"taxable","13":"shipping-taxable","14":"purchasable","15":"product-type-simple"},"_links":{"self":[{"href":"https:\/\/deep-space-astronomy.ch\/de\/wp-json\/wp\/v2\/product\/13220","targetHints":{"allow":["GET"]}}],"collection":[{"href":"https:\/\/deep-space-astronomy.ch\/de\/wp-json\/wp\/v2\/product"}],"about":[{"href":"https:\/\/deep-space-astronomy.ch\/de\/wp-json\/wp\/v2\/types\/product"}],"replies":[{"embeddable":true,"href":"https:\/\/deep-space-astronomy.ch\/de\/wp-json\/wp\/v2\/comments?post=13220"}],"wp:featuredmedia":[{"embeddable":true,"href":"https:\/\/deep-space-astronomy.ch\/de\/wp-json\/wp\/v2\/media\/13221"}],"wp:attachment":[{"href":"https:\/\/deep-space-astronomy.ch\/de\/wp-json\/wp\/v2\/media?parent=13220"}],"wp:term":[{"taxonomy":"product_brand","embeddable":true,"href":"https:\/\/deep-space-astronomy.ch\/de\/wp-json\/wp\/v2\/product_brand?post=13220"},{"taxonomy":"product_cat","embeddable":true,"href":"https:\/\/deep-space-astronomy.ch\/de\/wp-json\/wp\/v2\/product_cat?post=13220"},{"taxonomy":"product_tag","embeddable":true,"href":"https:\/\/deep-space-astronomy.ch\/de\/wp-json\/wp\/v2\/product_tag?post=13220"}],"curies":[{"name":"wp","href":"https:\/\/api.w.org\/{rel}","templated":true}]}}