{"id":13222,"date":"2026-01-23T17:14:49","date_gmt":"2026-01-23T16:14:49","guid":{"rendered":"https:\/\/deep-space-astronomy.ch\/?post_type=product&#038;p=13222"},"modified":"2026-01-23T17:17:45","modified_gmt":"2026-01-23T16:17:45","slug":"camera-de-microscope-bresser-mikrocam-pro-hdmi-5mp-avec-ecran-mini-hdmi-full-hd-133","status":"publish","type":"product","link":"https:\/\/deep-space-astronomy.ch\/de\/produkt\/camera-de-microscope-bresser-mikrocam-pro-hdmi-5mp-avec-ecran-mini-hdmi-full-hd-133\/","title":{"rendered":"BRESSER MikroCam PRO HDMI 5MP Mikroskop-Kamera mit Mini HDMI Full HD Bildschirm 13,3\u2033."},"content":{"rendered":"<h3>BRESSER MikroCam PRO HDMI 5MP Mikroskop-Kamera mit Mini HDMI Full HD 13,3\u2033 Monitor - Komplettpaket \u201cKamera + Monitor\u201d.\u201d<\/h3>\n<p>Diese <strong>BRESSER-Paket<\/strong> vereint eine <strong>MikroCam PRO HDMI 5MP<\/strong> und ein <strong>13,3\u2033 Full-HD-Bildschirm<\/strong> der direkt an der Kamera angebracht wird.<br \/>\nDas Ziel ist klar: <strong>fast jedes trinokulare Mikroskop umwandeln<\/strong> (mit Kameraausgang) in <strong>eigenst\u00e4ndiges Digitalmikroskop<\/strong>,<br \/>\nbereit f\u00fcr die <strong>Pr\u00e4sentation<\/strong>Die <strong>Dokumentation<\/strong> und der <strong>Qualit\u00e4tskontrolle<\/strong>, Sie k\u00f6nnen die Daten auch ohne einen PC am Arbeitsplatz bearbeiten.<\/p>\n<h3>Schl\u00fcsselpunkte des Pakets<\/h3>\n<ul>\n<li><strong>All-in-one\u201c-Einheit\u201d<\/strong> : Kamera + Monitor, der an der Kamera montiert werden kann, f\u00fcr eine kompakte und saubere Station.<\/li>\n<li><strong>Echtzeitanzeige (HDMI)<\/strong> : Bild <strong>ohne Latenz<\/strong> in <strong>Full HD 60 fps<\/strong> auf dem Monitor.<\/li>\n<li><strong>Sony IMX178-Sensor (5 MP)<\/strong> : ideal f\u00fcr <strong>detailliertere Fotos<\/strong> als der einfache Full-HD-Stream.<\/li>\n<li><strong>Integrierte Messung \u00fcber Bildschirmmen\u00fc<\/strong> (nach der Kalibrierung): macht die Installation zu <strong>Messmikroskop<\/strong>.<\/li>\n<li><strong>Wi-Fi<\/strong> : M\u00f6glichkeit, die Mikroskopansicht \u00fcber ein drahtloses Netzwerk zu \u00fcbertragen (praktische Verwendung bei Demonstrationen\/Schulungen).<\/li>\n<\/ul>\n<h3>Kamera: Was Sie beachten sollten<\/h3>\n<p>Die <strong>MikroCam PRO HDMI 5MP<\/strong> liefert einen Stream <strong>HDMI Full HD (1920\u00d71080)<\/strong> sehr fl\u00fcssig (60 fps), um bequem zu arbeiten.<br \/>\nParallel dazu erm\u00f6glicht sie\u2019<strong>auf SD-Karte aufnehmen<\/strong> (optional, nicht enthalten) von Bildern\/Videos in <strong>hohe Aufl\u00f6sung (5 MP)<\/strong>,<br \/>\nalso detaillierter als die Full-HD-Anzeige.<\/p>\n<ul>\n<li><strong>Fotoaufl\u00f6sung<\/strong> : 2592 \u00d7 1944 (5 MP)<\/li>\n<li><strong>HDMI-Ausgang<\/strong> : 1920 \u00d7 1080 (Full HD) bei 60 Bildern pro Sekunde<\/li>\n<li><strong>Sensor<\/strong> : Sony IMX178 - Farb-CMOS<\/li>\n<li><strong>Rahmen<\/strong> : C-Mount (je nach Mikroskop kann eine Anpassung erforderlich sein)<\/li>\n<li><strong>Kontrolle<\/strong> : via <strong>Maus<\/strong> direkt \u00fcber das OSD-Men\u00fc auf dem Bildschirm<\/li>\n<li><strong>Ma\u00dfnahme<\/strong> : \u00fcber OSD-Men\u00fc, <strong>Kalibrierung erforderlich<\/strong> (mikrometrisches Objekt, z. B. BRESSER 5916720)<\/li>\n<li><strong>Speicherung<\/strong> : SD bis zu 32 GB (Karte nicht enthalten)<\/li>\n<li><strong>Wichtig<\/strong> : <strong>keine direkte Erfassung auf PC \u00fcber USB<\/strong> auf dieses Modell (der Hersteller bietet eine andere Referenz f\u00fcr einen PC-Workflow an).<\/li>\n<\/ul>\n<h3>13,3-Zoll-Bildschirm: Komfort und Pr\u00e4sentation<\/h3>\n<p>Der Bildschirm <strong>13,3\u201d (33,8 cm)<\/strong> ist so dimensioniert, dass der Bediener \u201cwie gewohnt\u201d am Mikroskop arbeiten kann und gleichzeitig<br \/>\neine <strong>komfortable Visualisierung<\/strong> nebenan. Die Technologie <strong>IPS<\/strong> (angek\u00fcndigter Blickwinkel <strong>178\u00b0<\/strong>) erleichtert die Beobachtung durch mehrere Personen,<br \/>\nwas perfekt ist f\u00fcr <strong>Ausbildung<\/strong>, <strong>Werkstatt<\/strong> oder <strong>Kundendemonstration<\/strong>.<\/p>\n<table>\n<tbody>\n<tr>\n<td>Diagonale<\/td>\n<td><strong>13,3\u2033<\/strong><\/td>\n<\/tr>\n<tr>\n<td>Aufl\u00f6sung<\/td>\n<td><strong>1920 \u00d7 1080<\/strong> (Full HD, 16:9)<\/td>\n<\/tr>\n<tr>\n<td>Aktiver Bereich<\/td>\n<td><strong>16,5 \u00d7 29,4 cm<\/strong><\/td>\n<\/tr>\n<tr>\n<td>Technologie<\/td>\n<td><strong>IPS<\/strong> (\u201cFull View\u201d)<\/td>\n<\/tr>\n<tr>\n<td>Ern\u00e4hrung<\/td>\n<td><strong>\u00fcber denselben Block<\/strong> als die Kamera (Y-Kabel wird mitgeliefert)<\/td>\n<\/tr>\n<\/tbody>\n<\/table>\n<h3>Ergonomie &amp; konkrete Vorteile (Feld)<\/h3>\n<ul>\n<li><strong>Gewinn an Komfort<\/strong> : weniger Erm\u00fcdung der Augen, nat\u00fcrlichere K\u00f6rperhaltung als bei l\u00e4ngerem Gebrauch an den Okularen.<\/li>\n<li><strong>Besser f\u00fcr die Geste<\/strong> : Bei der Manipulation unter mikroskopischer Kontrolle ist die HDMI 60 fps-Wiedergabe oft angenehmer als USB + Laptop.<\/li>\n<li><strong>Eigener Posten<\/strong> : reduzierte Verkabelung, kurzer Bildschirm abgewinkeltes HDMI-Kabel, geteilte Stromversorgung.<\/li>\n<\/ul>\n<h3>An wen sich dieses Paket richtet<\/h3>\n<ul>\n<li><strong>Workshop \/ QC<\/strong> : Inspektion von Teilen, Sortieren, Oberfl\u00e4chenkontrolle, Dokumentation.<\/li>\n<li><strong>Labor \/ Unterricht<\/strong> : Demonstrationen, TP, kollektive Beobachtung.<\/li>\n<li><strong>Gesch\u00e4ft \/ Showroom<\/strong> : Kundenpr\u00e4sentation \u201cplug &amp; play\u201d, ohne PC an der Theke.<\/li>\n<\/ul>\n<h3>Inhalt der Lieferung (Pack)<\/h3>\n<ul>\n<li><strong>MikroCam PRO HDMI 5MP<\/strong> (C-Mount)<\/li>\n<li>Bildschirm <strong>13,3\u201d Full HD<\/strong> + Montagehalterung<\/li>\n<li>Ern\u00e4hrung + <strong>Y-Kabel<\/strong> (Bildschirm + Kamera auf einem Block)<\/li>\n<li>HDMI-Kabel (einschlie\u00dflich eines <strong>kurz\/abgewinkelt<\/strong> um den Platzbedarf zu begrenzen)<\/li>\n<li>Maus + Schrauben\/Montagewerkzeug<\/li>\n<li>Analyse-\/Verarbeitungssoftware (Windows) zur Nachbearbeitung (ohne USB-Direkterfassung)<\/li>\n<\/ul>\n<h3>Vor dem Kauf zu beachten<\/h3>\n<ul>\n<li><strong>Anpassung<\/strong> : Die Kamera ist in <strong>C-Mount<\/strong>, Wenn Sie eine Kamera verwenden, ben\u00f6tigen Sie je nach Kameraanschluss des Mikroskops m\u00f6glicherweise einen Adapterring\/eine Adapteroptik.<\/li>\n<li><strong>Ma\u00dfnahme<\/strong> : immer den\u2019<strong>Mikrometerobjekt<\/strong> f\u00fcr eine seri\u00f6se Kalibrierung.<\/li>\n<\/ul>","protected":false},"excerpt":{"rendered":"<p>Cam\u00e9ra de microscope BRESSER MikroCam PRO HDMI 5MP avec \u00e9cran Mini HDMI Full HD 13,3&Prime; \u2013 Pack complet \u201ccam\u00e9ra + moniteur\u201d Ce pack BRESSER r\u00e9unit une MikroCam PRO HDMI 5MP et un \u00e9cran Full HD 13,3&Prime; qui se monte directement sur la cam\u00e9ra. L\u2019objectif est clair : convertir presque n\u2019importe quel microscope trinoculaire (avec sortie [&hellip;]<\/p>\n","protected":false},"featured_media":13224,"comment_status":"open","ping_status":"closed","template":"","meta":[],"product_brand":[807],"product_cat":[864,874],"product_tag":[],"class_list":{"0":"post-13222","1":"product","2":"type-product","3":"status-publish","4":"has-post-thumbnail","6":"product_brand-bresser","7":"product_cat-microscopes-2","8":"product_cat-cameras-pour-microscope","10":"first","11":"on_supplier","12":"taxable","13":"shipping-taxable","14":"purchasable","15":"product-type-simple"},"_links":{"self":[{"href":"https:\/\/deep-space-astronomy.ch\/de\/wp-json\/wp\/v2\/product\/13222","targetHints":{"allow":["GET"]}}],"collection":[{"href":"https:\/\/deep-space-astronomy.ch\/de\/wp-json\/wp\/v2\/product"}],"about":[{"href":"https:\/\/deep-space-astronomy.ch\/de\/wp-json\/wp\/v2\/types\/product"}],"replies":[{"embeddable":true,"href":"https:\/\/deep-space-astronomy.ch\/de\/wp-json\/wp\/v2\/comments?post=13222"}],"wp:featuredmedia":[{"embeddable":true,"href":"https:\/\/deep-space-astronomy.ch\/de\/wp-json\/wp\/v2\/media\/13224"}],"wp:attachment":[{"href":"https:\/\/deep-space-astronomy.ch\/de\/wp-json\/wp\/v2\/media?parent=13222"}],"wp:term":[{"taxonomy":"product_brand","embeddable":true,"href":"https:\/\/deep-space-astronomy.ch\/de\/wp-json\/wp\/v2\/product_brand?post=13222"},{"taxonomy":"product_cat","embeddable":true,"href":"https:\/\/deep-space-astronomy.ch\/de\/wp-json\/wp\/v2\/product_cat?post=13222"},{"taxonomy":"product_tag","embeddable":true,"href":"https:\/\/deep-space-astronomy.ch\/de\/wp-json\/wp\/v2\/product_tag?post=13222"}],"curies":[{"name":"wp","href":"https:\/\/api.w.org\/{rel}","templated":true}]}}