{"id":13226,"date":"2026-01-23T17:28:27","date_gmt":"2026-01-23T16:28:27","guid":{"rendered":"https:\/\/deep-space-astronomy.ch\/?post_type=product&#038;p=13226"},"modified":"2026-03-29T17:39:15","modified_gmt":"2026-03-29T15:39:15","slug":"carte-du-ciel-stelvision-365","status":"publish","type":"product","link":"https:\/\/deep-space-astronomy.ch\/de\/produkt\/carte-du-ciel-stelvision-365\/","title":{"rendered":"Himmelskarte Stelvision 365"},"content":{"rendered":"<p><strong>Es ist ein grundlegender Leitfaden f\u00fcr die einfache Erkundung des Himmels :\u00a0<\/strong>in einem praktischen Format (kartoniertes Doppel-A4-Faltblatt) enth\u00e4lt die Stelvision 365 Sky Guide Card eine \u00dcbersichtskarte des Himmels und drei Seiten, die zu den wichtigsten Himmelswundern f\u00fchren.<\/p>\n<p>Auf dem Titelbild ist ein\u00a0<strong>Drehscheibe<\/strong>\u00a0erm\u00f6glicht das einfache Auffinden von Sternen in\u00a0<strong>jedes beliebige Datum des Jahres<\/strong>\u00a0und zu jeder Stunde der Nacht in\u00a0<strong>Metropolitan-Frankreich, Belgien, Schweiz, Kanada<\/strong>\u00a0und an jedem Ort mit vergleichbarer geographischer Breite (etwa zwischen 40\u00b0 und 55\u00b0 n\u00f6rdlicher Breite).<\/p>\n<p>Im Inneren des Faltblatts ist eine Seite den\u00a0<strong>leicht beobachtbare Planeten<\/strong>\u00a0: Saturn, Jupiter, Mars und Venus. Da sie sich im Laufe der Wochen auf dem Hintergrund der Sterne bewegen, werden\u00a0<strong>Landkarten<\/strong>\u00a0wurden auf einer herausnehmbaren Karteikarte zusammengefasst, die vier Jahre lang g\u00fcltig ist (Karteikarte beidseitig, 2 Jahre pro Seite). So stehen Ihnen in der aktuellen Ausgabe die Positionen der Planeten zur Verf\u00fcgung\u00a0<strong>bis 2028<\/strong>. Aktualisierungen k\u00f6nnen auf der Stelvision-Website kostenlos ausgedruckt werden. Schlie\u00dflich sind zwei weitere Seiten den\u00a0<strong>Wunder des Deep Sky<\/strong>\u00a0: Die bekanntesten Sternhaufen, Nebel und Galaxien werden mit Orientierungskarten vorgestellt, die Ihnen helfen, sie mit einem kleinen Teleskop oder manchmal sogar nur mit einem Fernglas zu beobachten.<\/p>\n<p>Die Stelvision 365 Guide Card wird von einer Plastikh\u00fclle gesch\u00fctzt. Man kann sie \u00fcberall hin mitnehmen, wo man unter den Sternen steht!<\/p>\n<p>Produkt\u00a0<strong>in Frankreich entworfen und hergestellt<\/strong>, in Toulouse und im Tarn<\/p>","protected":false},"excerpt":{"rendered":"<p>C\u2019est un guide de base pour explorer facilement le ciel :\u00a0sous un format pratique (d\u00e9pliant cartonn\u00e9 double-A4), la carte-guide du ciel Stelvision 365 comprend une carte g\u00e9n\u00e9rale du ciel et trois pages de guide vers les principales merveilles c\u00e9lestes. En couverture, un\u00a0disque rotatif\u00a0permet de rep\u00e9rer facilement les \u00e9toiles \u00e0\u00a0n\u2019importe quelle date de l\u2019ann\u00e9e\u00a0et \u00e0 toute [&hellip;]<\/p>\n","protected":false},"featured_media":13227,"comment_status":"open","ping_status":"closed","template":"","meta":[],"product_brand":[],"product_cat":[878,833],"product_tag":[],"class_list":{"0":"post-13226","1":"product","2":"type-product","3":"status-publish","4":"has-post-thumbnail","6":"product_cat-livres-et-cartes-du-ciel","7":"product_cat-en-stock","9":"first","10":"instock","11":"taxable","12":"shipping-taxable","13":"purchasable","14":"product-type-simple"},"_links":{"self":[{"href":"https:\/\/deep-space-astronomy.ch\/de\/wp-json\/wp\/v2\/product\/13226","targetHints":{"allow":["GET"]}}],"collection":[{"href":"https:\/\/deep-space-astronomy.ch\/de\/wp-json\/wp\/v2\/product"}],"about":[{"href":"https:\/\/deep-space-astronomy.ch\/de\/wp-json\/wp\/v2\/types\/product"}],"replies":[{"embeddable":true,"href":"https:\/\/deep-space-astronomy.ch\/de\/wp-json\/wp\/v2\/comments?post=13226"}],"wp:featuredmedia":[{"embeddable":true,"href":"https:\/\/deep-space-astronomy.ch\/de\/wp-json\/wp\/v2\/media\/13227"}],"wp:attachment":[{"href":"https:\/\/deep-space-astronomy.ch\/de\/wp-json\/wp\/v2\/media?parent=13226"}],"wp:term":[{"taxonomy":"product_brand","embeddable":true,"href":"https:\/\/deep-space-astronomy.ch\/de\/wp-json\/wp\/v2\/product_brand?post=13226"},{"taxonomy":"product_cat","embeddable":true,"href":"https:\/\/deep-space-astronomy.ch\/de\/wp-json\/wp\/v2\/product_cat?post=13226"},{"taxonomy":"product_tag","embeddable":true,"href":"https:\/\/deep-space-astronomy.ch\/de\/wp-json\/wp\/v2\/product_tag?post=13226"}],"curies":[{"name":"wp","href":"https:\/\/api.w.org\/{rel}","templated":true}]}}