{"id":13228,"date":"2026-01-23T17:38:00","date_gmt":"2026-01-23T16:38:00","guid":{"rendered":"https:\/\/deep-space-astronomy.ch\/?post_type=product&#038;p=13228"},"modified":"2026-04-03T10:32:47","modified_gmt":"2026-04-03T08:32:47","slug":"carte-de-la-lune","status":"publish","type":"product","link":"https:\/\/deep-space-astronomy.ch\/de\/produkt\/carte-de-la-lune\/","title":{"rendered":"Karte des Mondes"},"content":{"rendered":"<h2>Ein neuartiges Format, um den Mond mit blo\u00dfem Auge, Fernglas oder Teleskop zu erkunden<\/h2>\n<p>In Form eines praktischen und robusten Faltblatts zeigt die Mondkarte die Meere, die wichtigsten Krater, das Relief und die Landepl\u00e4tze der Apollo-Missionen.<br \/>\nDie Karte gibt es in drei Versionen, um allen Beobachtungssituationen gerecht zu werden. Auf der Titelseite entspricht eine erste Karte der Betrachtung mit blo\u00dfem Auge und mit dem Fernglas. Im Inneren des Faltblatts zeigt eine umkehrbare Karte das Aussehen des Mondes, wenn er mit einem astronomischen Instrument betrachtet wird: rechts-links-Umkehrung bei einem Fernrohr und rechts-links\/oben-unten-Umkehrung bei einem Teleskop. Neun der spektakul\u00e4rsten Mondlandschaften werden detailliert beschrieben. Schlie\u00dflich werden Erkl\u00e4rungen zu den Mondphasen gegeben, um dem Beobachter bei der Planung seiner Beobachtungen zu helfen.<\/p>\n<p>Das Produkt wurde in Frankreich (in Toulouse und im Departement Tarn) entworfen und hergestellt.<\/p>","protected":false},"excerpt":{"rendered":"<p>Un format in\u00e9dit pour explorer la Lune \u00e0 l\u2019\u0153il nu, aux jumelles ou avec un t\u00e9lescope Sous la forme d\u2019un d\u00e9pliant pratique et robuste, la Carte de la Lune indique les mers, les principaux crat\u00e8res, les reliefs et les sites d\u2019alunissage des missions Apollo. La carte est d\u00e9clin\u00e9e en trois versions pour r\u00e9pondre \u00e0 toutes [&hellip;]<\/p>\n","protected":false},"featured_media":13229,"comment_status":"open","ping_status":"closed","template":"","meta":[],"product_brand":[],"product_cat":[878],"product_tag":[],"class_list":{"0":"post-13228","1":"product","2":"type-product","3":"status-publish","4":"has-post-thumbnail","6":"product_cat-livres-et-cartes-du-ciel","8":"first","9":"outofstock","10":"taxable","11":"shipping-taxable","12":"purchasable","13":"product-type-simple"},"_links":{"self":[{"href":"https:\/\/deep-space-astronomy.ch\/de\/wp-json\/wp\/v2\/product\/13228","targetHints":{"allow":["GET"]}}],"collection":[{"href":"https:\/\/deep-space-astronomy.ch\/de\/wp-json\/wp\/v2\/product"}],"about":[{"href":"https:\/\/deep-space-astronomy.ch\/de\/wp-json\/wp\/v2\/types\/product"}],"replies":[{"embeddable":true,"href":"https:\/\/deep-space-astronomy.ch\/de\/wp-json\/wp\/v2\/comments?post=13228"}],"wp:featuredmedia":[{"embeddable":true,"href":"https:\/\/deep-space-astronomy.ch\/de\/wp-json\/wp\/v2\/media\/13229"}],"wp:attachment":[{"href":"https:\/\/deep-space-astronomy.ch\/de\/wp-json\/wp\/v2\/media?parent=13228"}],"wp:term":[{"taxonomy":"product_brand","embeddable":true,"href":"https:\/\/deep-space-astronomy.ch\/de\/wp-json\/wp\/v2\/product_brand?post=13228"},{"taxonomy":"product_cat","embeddable":true,"href":"https:\/\/deep-space-astronomy.ch\/de\/wp-json\/wp\/v2\/product_cat?post=13228"},{"taxonomy":"product_tag","embeddable":true,"href":"https:\/\/deep-space-astronomy.ch\/de\/wp-json\/wp\/v2\/product_tag?post=13228"}],"curies":[{"name":"wp","href":"https:\/\/api.w.org\/{rel}","templated":true}]}}