{"id":13230,"date":"2026-01-23T17:42:57","date_gmt":"2026-01-23T16:42:57","guid":{"rendered":"https:\/\/deep-space-astronomy.ch\/?post_type=product&#038;p=13230"},"modified":"2026-03-29T17:38:48","modified_gmt":"2026-03-29T15:38:48","slug":"le-ciel-aux-jumelles-explorer-simplement-les-etoiles-et-les-curiosites-du-ciel","status":"publish","type":"product","link":"https:\/\/deep-space-astronomy.ch\/de\/produkt\/le-ciel-aux-jumelles-explorer-simplement-les-etoiles-et-les-curiosites-du-ciel\/","title":{"rendered":"Der Himmel mit dem Fernglas - Sterne und Kuriosit\u00e4ten am Himmel einfach erkunden"},"content":{"rendered":"<h2>Der wichtigste Leitfaden, um die Astronomie mit dem Fernglas zu entdecken<\/h2>\n<p><span class=\"color2\">\u00a0Neue, \u00fcberarbeitete und erweiterte Ausgabe. Erschienen im Mai 2025.<\/span><\/p>\n<p>Erkunden Sie den Himmel mit einem einfachen Fernglas dank dieses Leitfadens, der Sie zu den Sternen f\u00fchrt! Ein Fernglas ist einfach zu bedienen und immer griffbereit. Es zeigt Myriaden von Sternen und viele Himmelskuriosit\u00e4ten, die mit blo\u00dfem Auge nicht zu sehen sind: Sternhaufen, Nebel, Galaxien, Kometen, die wichtigsten Krater des Mondes...<\/p>\n<p>Nach einer kurzen Einf\u00fchrung in die Grundlagen der Astronomie mit dem Fernglas f\u00fchren Sie die 40 Arbeitsbl\u00e4tter in diesem Buch zu den Sch\u00f6nheiten des Himmels, die Sie unbedingt entdecken sollten. Die meisten der vorgeschlagenen Beobachtungen, die nach Jahreszeit und Schwierigkeitsgrad geordnet sind, sind einfach und manchmal sogar mitten in der Stadt m\u00f6glich. Einige der schwierigeren Beobachtungen laden Sie dazu ein, die Herausforderung kosmischer Reisen \u00fcber Millionen von Lichtjahren anzunehmen.<\/p>\n<p>Beobachtungen von der n\u00f6rdlichen Hemisph\u00e4re aus durchf\u00fchrbar.<\/p>\n<ul>\n<li><strong>Zug\u00e4nglich<\/strong>\u00a0: Einfache Erkl\u00e4rungen und Beobachtungen, die von Anf\u00e4ngern mit den meisten Ferngl\u00e4sern durchgef\u00fchrt werden k\u00f6nnen.<\/li>\n<li><strong>Praxis<\/strong>\u00a0: 40 Karteikarten mit allen Karten und Hinweisen f\u00fcr erfolgreiche Beobachtungen.<\/li>\n<li><strong>Inspirierend<\/strong>\u00a0: ein sch\u00f6ner F\u00fchrer, der dazu einl\u00e4dt, zu den Sternen zu entfliehen.<\/li>\n<\/ul>","protected":false},"excerpt":{"rendered":"<p>Le guide essentiel pour d\u00e9couvrir l\u2019astronomie aux jumelles \u00a0Nouvelle \u00e9dition revue et augment\u00e9e. Parution mai 2025. Explorez le ciel avec de simples jumelles gr\u00e2ce \u00e0 ce guide qui vous emm\u00e8ne dans les \u00e9toiles\u2009! Faciles \u00e0 utiliser et toujours \u00e0 port\u00e9e de main, les jumelles r\u00e9v\u00e8lent des myriades d\u2019\u00e9toiles et de nombreuses curiosit\u00e9s c\u00e9lestes invisibles \u00e0 [&hellip;]<\/p>\n","protected":false},"featured_media":13231,"comment_status":"open","ping_status":"closed","template":"","meta":[],"product_brand":[],"product_cat":[878,833],"product_tag":[],"class_list":{"0":"post-13230","1":"product","2":"type-product","3":"status-publish","4":"has-post-thumbnail","6":"product_cat-livres-et-cartes-du-ciel","7":"product_cat-en-stock","9":"first","10":"instock","11":"taxable","12":"shipping-taxable","13":"purchasable","14":"product-type-simple"},"_links":{"self":[{"href":"https:\/\/deep-space-astronomy.ch\/de\/wp-json\/wp\/v2\/product\/13230","targetHints":{"allow":["GET"]}}],"collection":[{"href":"https:\/\/deep-space-astronomy.ch\/de\/wp-json\/wp\/v2\/product"}],"about":[{"href":"https:\/\/deep-space-astronomy.ch\/de\/wp-json\/wp\/v2\/types\/product"}],"replies":[{"embeddable":true,"href":"https:\/\/deep-space-astronomy.ch\/de\/wp-json\/wp\/v2\/comments?post=13230"}],"wp:featuredmedia":[{"embeddable":true,"href":"https:\/\/deep-space-astronomy.ch\/de\/wp-json\/wp\/v2\/media\/13231"}],"wp:attachment":[{"href":"https:\/\/deep-space-astronomy.ch\/de\/wp-json\/wp\/v2\/media?parent=13230"}],"wp:term":[{"taxonomy":"product_brand","embeddable":true,"href":"https:\/\/deep-space-astronomy.ch\/de\/wp-json\/wp\/v2\/product_brand?post=13230"},{"taxonomy":"product_cat","embeddable":true,"href":"https:\/\/deep-space-astronomy.ch\/de\/wp-json\/wp\/v2\/product_cat?post=13230"},{"taxonomy":"product_tag","embeddable":true,"href":"https:\/\/deep-space-astronomy.ch\/de\/wp-json\/wp\/v2\/product_tag?post=13230"}],"curies":[{"name":"wp","href":"https:\/\/api.w.org\/{rel}","templated":true}]}}