{"id":1327,"date":"2024-12-18T17:49:50","date_gmt":"2024-12-18T16:49:50","guid":{"rendered":"https:\/\/deep-space-astronomy.geekworkers.dev\/?post_type=product&#038;p=1327"},"modified":"2025-06-03T10:36:54","modified_gmt":"2025-06-03T08:36:54","slug":"explore-scientific-2-100-20mm","status":"publish","type":"product","link":"https:\/\/deep-space-astronomy.ch\/de\/produkt\/explore-scientific-2-100-20mm\/","title":{"rendered":"Explore Scientific 2\u2033 100\u00b0 - 20mm"},"content":{"rendered":"<div>\n<h3>Immersive Erfahrung mit Explore Scientific 100\u00b0.<\/h3>\n<p>Die Explore Scientific 100\u00b0-Okulare kombinieren bemerkenswerte Sch\u00e4rfe und hohen Kontrast mit einem gigantischen scheinbaren Feld von 100\u00b0 und machen so jede Beobachtung zu einem immersiven Erlebnis. Sie sind ideal f\u00fcr schnelle Optiken und bieten beeindruckend scharfe Sterne und einen Panoramablick, der das Auge entspannt, sodass Sie auch bei langen Beobachtungssessions jedes subtile Detail erkennen k\u00f6nnen.<\/p>\n<h3>Nachhaltiges Design und optimaler Schutz<\/h3>\n<p>Diese Okulare wurden f\u00fcr eine lange Lebensdauer entwickelt. Sie sind mit Argon gef\u00fcllt und vollst\u00e4ndig abgedichtet, wodurch das Eindringen von Partikeln, das Wachstum von Pilzen oder die Ansammlung von Reinigungsr\u00fcckst\u00e4nden verhindert wird. Dieser Schutz gew\u00e4hrleistet auch eine l\u00e4ngere Lebensdauer der internen optischen Verg\u00fctungen.<\/p>\n<h3>Wichtigste Merkmale<\/h3>\n<ul>\n<li><strong>Mehrschichtige EMD-Behandlung :<\/strong> f\u00fcr Bilder mit au\u00dfergew\u00f6hnlicher Klarheit und Kontrast.<\/li>\n<li><strong>Linsen mit geschw\u00e4rzten R\u00e4ndern :<\/strong> maximieren den Kontrast, indem sie interne Reflexionen reduzieren.<\/li>\n<li><strong>Wasserdichtes und gasgef\u00fclltes (Argon) Design :<\/strong> erleichtert die Reinigung und sch\u00fctzt das Okular dauerhaft.<\/li>\n<li><strong>Rock aus rostfreiem Stahl :<\/strong> die Robustheit und Zuverl\u00e4ssigkeit gew\u00e4hrleisten.<\/li>\n<li><strong>Umklappbare Gummiaugenmuscheln :<\/strong> f\u00fcr einen optimalen Beobachtungskomfort.<\/li>\n<li><strong>Premium-Transportkoffer :<\/strong> wird mit einer eleganten und sch\u00fctzenden Magnetbox geliefert.<\/li>\n<li><strong>Lasergravierte Seriennummer :<\/strong> die Authentizit\u00e4t und Qualit\u00e4tssicherung garantieren.<\/li>\n<\/ul>\n<h3>Entdecken Sie die Astronomische Beobachtung neu<\/h3>\n<p>Mit den Explore Scientific 100\u00b0-Okularen tauchen Sie in eine Welt voller Details und Klarheit ein und entdecken die astronomische Beobachtung von ihrer besten Seite.<\/p>\n<\/div>","protected":false},"excerpt":{"rendered":"<p>Exp\u00e9rience Immersive avec Explore Scientific 100\u00b0 Les oculaires Explore Scientific 100\u00b0 allient une nettet\u00e9 remarquable et un contraste \u00e9lev\u00e9 \u00e0 un champ apparent gigantesque de 100\u00b0, transformant chaque observation en une exp\u00e9rience immersive. Id\u00e9ales pour les optiques rapides, ils offrent des \u00e9toiles d\u2019une nettet\u00e9 impressionnante et une vision panoramique qui d\u00e9tend l\u2019\u0153il, permettant de d\u00e9tecter [&hellip;]<\/p>\n","protected":false},"featured_media":5719,"comment_status":"open","ping_status":"closed","template":"","meta":[],"product_brand":[403],"product_cat":[19,368,695],"product_tag":[],"class_list":{"0":"post-1327","1":"product","2":"type-product","3":"status-publish","4":"has-post-thumbnail","6":"product_brand-explore-scientific","7":"product_cat-accessoires","8":"product_cat-visuel","9":"product_cat-oculaires-et-smart-oculaires","11":"first","12":"on_supplier","13":"taxable","14":"shipping-taxable","15":"purchasable","16":"product-type-simple"},"_links":{"self":[{"href":"https:\/\/deep-space-astronomy.ch\/de\/wp-json\/wp\/v2\/product\/1327","targetHints":{"allow":["GET"]}}],"collection":[{"href":"https:\/\/deep-space-astronomy.ch\/de\/wp-json\/wp\/v2\/product"}],"about":[{"href":"https:\/\/deep-space-astronomy.ch\/de\/wp-json\/wp\/v2\/types\/product"}],"replies":[{"embeddable":true,"href":"https:\/\/deep-space-astronomy.ch\/de\/wp-json\/wp\/v2\/comments?post=1327"}],"wp:featuredmedia":[{"embeddable":true,"href":"https:\/\/deep-space-astronomy.ch\/de\/wp-json\/wp\/v2\/media\/5719"}],"wp:attachment":[{"href":"https:\/\/deep-space-astronomy.ch\/de\/wp-json\/wp\/v2\/media?parent=1327"}],"wp:term":[{"taxonomy":"product_brand","embeddable":true,"href":"https:\/\/deep-space-astronomy.ch\/de\/wp-json\/wp\/v2\/product_brand?post=1327"},{"taxonomy":"product_cat","embeddable":true,"href":"https:\/\/deep-space-astronomy.ch\/de\/wp-json\/wp\/v2\/product_cat?post=1327"},{"taxonomy":"product_tag","embeddable":true,"href":"https:\/\/deep-space-astronomy.ch\/de\/wp-json\/wp\/v2\/product_tag?post=1327"}],"curies":[{"name":"wp","href":"https:\/\/api.w.org\/{rel}","templated":true}]}}