{"id":13305,"date":"2026-01-31T12:04:24","date_gmt":"2026-01-31T11:04:24","guid":{"rendered":"https:\/\/deep-space-astronomy.ch\/?post_type=product&#038;p=13305"},"modified":"2026-01-31T12:04:37","modified_gmt":"2026-01-31T11:04:37","slug":"telescope-acuter-voyager-mak70-monture-2d-microtune","status":"publish","type":"product","link":"https:\/\/deep-space-astronomy.ch\/de\/produkt\/telescope-acuter-voyager-mak70-monture-2d-microtune\/","title":{"rendered":"Teleskop ACUTER Voyager MAK70 + 2D-MicroTune-Montierung"},"content":{"rendered":"<h2>Teleskop ACUTER Voyager MAK70 2D-MicroTune<\/h2>\n<p><strong>ACUTER<\/strong> ist eine f\u00fchrende Marke im Bereich der Amateur- und Bildungsastronomie, die f\u00fcr ihre innovativen, zuverl\u00e4ssigen und qualitativ hochwertigen Produkte bekannt ist. Die <strong>Voyager MAK70<\/strong> passt perfekt in diese Philosophie und bietet ein vielseitiges, kompaktes und leistungsstarkes Instrument.<\/p>\n<h3>Ein kompaktes und vielseitiges Teleskop<\/h3>\n<p>Die <strong>ACUTER Voyager MAK70<\/strong> ist ein Teleskop <strong>Maksutov-Kassette 70 mm<\/strong>, das sowohl f\u00fcr die astronomische Beobachtung als auch f\u00fcr die terrestrische Beobachtung und gelegentliche Fotografie konzipiert wurde. Dank seiner <strong>begradigtes Bild<\/strong>, Es kann tags\u00fcber zur Beobachtung der Natur, von Landschaften oder weit entfernten Objekten und nachts zur Entdeckung des Mondes, der Planeten und der hellen Deep-Sky-Objekte verwendet werden.<\/p>\n<p>Seine kompakte Gr\u00f6\u00dfe und sein geringes Gewicht machen es zu einem idealen Teleskop f\u00fcr Anf\u00e4nger, Reisende und alle, die ein leicht zu transportierendes und schnell einsatzbereites Instrument w\u00fcnschen.<\/p>\n<h3>Maksutov-Cassegrain-Optik: Pr\u00e4zision und Kontrast<\/h3>\n<p>Mit einer <strong>1000 mm Brennweite (f\/14)<\/strong>, Das Voyager MAK70 bietet eine hohe Vergr\u00f6\u00dferung in einem sehr kurzen Tubus. Diese Art von Optik ist bekannt f\u00fcr :<\/p>\n<ul>\n<li>Ein ausgezeichneter Kontrast<\/li>\n<li>Eine sehr gute Sch\u00e4rfe auf Planeten und dem Mond<\/li>\n<li>Eine stabile und dauerhafte Kollimation<\/li>\n<\/ul>\n<h3>2D-MicroTune-Fassung: Stabilit\u00e4t und Pr\u00e4zision<\/h3>\n<p>Das Teleskop wird mit der <strong>alt-azimutales Gestell ACUTER 2D-MicroTune<\/strong>, ist mit mikrometrischen Steuerungen auf der H\u00f6hen- und Azimutachse ausgestattet. Dies erm\u00f6glicht eine pr\u00e4zise und fl\u00fcssige Verfolgung sowohl bei niedriger als auch bei hoher Vergr\u00f6\u00dferung.<\/p>\n<p>Das Reittier ist mit einem <strong>h\u00f6henverstellbares Stativ<\/strong> mit ausziehbarer Mittels\u00e4ule, die Stabilit\u00e4t und Beobachtungskomfort garantiert.<\/p>\n<h3>Fotografieren mit dem Smartphone<\/h3>\n<p>Die Voyager MAK70 wird mit einem <strong>Universaladapter f\u00fcr Smartphones<\/strong>, Damit k\u00f6nnen Sie ganz einfach Bilder vom Mond, von Planeten oder von Landschaften direkt durch das Okular aufnehmen.<\/p>\n<p><em>Smartphone nicht enthalten.<\/em><\/p>\n<h3>Inhalt des Pakets<\/h3>\n<ul>\n<li>70 mm Maksutov-Cassegrain-Teleskop (OTA)<\/li>\n<li>Okulare 1,25\u2033: <strong>20 mm (50\u00d7)<\/strong> und <strong>10 mm (100\u00d7)<\/strong><\/li>\n<li>Optischer Sucher <strong>5\u00d724<\/strong><\/li>\n<li>Abgewinkelte Umlenkung 90\u00b0 (rechtes Bild, aber links\/rechts gespiegelt)<\/li>\n<li>Universaladapter f\u00fcr Smartphones<\/li>\n<li>Alt-azimutales Gestell <strong>2D-MicroTune<\/strong><\/li>\n<li>Ausziehbares Stativ mit Mittels\u00e4ule<\/li>\n<li>Schwalbenschwanzstange 45 mm mit 1\/4-Gewinde\u2033-20<\/li>\n<li>Tragetasche<\/li>\n<li>Schutzkappen<\/li>\n<li>Geschenkschachtel<\/li>\n<\/ul>\n<h3>Technische Daten<\/h3>\n<table border=\"1\" cellspacing=\"0\" cellpadding=\"6\">\n<tbody>\n<tr>\n<td><strong>Optischer Typ<\/strong><\/td>\n<td>Maksutov-Cassegrain<\/td>\n<\/tr>\n<tr>\n<td><strong>Durchmesser<\/strong><\/td>\n<td>70 mm<\/td>\n<\/tr>\n<tr>\n<td><strong>Brennweite<\/strong><\/td>\n<td>1000 mm (f\/14)<\/td>\n<\/tr>\n<tr>\n<td><strong>Mitgelieferte Vergr\u00f6\u00dferungen<\/strong><\/td>\n<td>50\u00d7 und 100\u00d7<\/td>\n<\/tr>\n<tr>\n<td><strong>Max. empfohlene Vergr\u00f6\u00dferung<\/strong><\/td>\n<td>140\u00d7<\/td>\n<\/tr>\n<tr>\n<td><strong>Okulare<\/strong><\/td>\n<td>10 mm und 20 mm (1,25\u2033)<\/td>\n<\/tr>\n<tr>\n<td><strong>Rahmen<\/strong><\/td>\n<td>Alt-azimutal mit mikrometrischen Einstellungen<\/td>\n<\/tr>\n<tr>\n<td><strong>Fokussieren<\/strong><\/td>\n<td>Durch Verschieben des Hauptspiegels<\/td>\n<\/tr>\n<tr>\n<td><strong>Fokussierungsbereich<\/strong><\/td>\n<td>10 m bis unendlich<\/td>\n<\/tr>\n<tr>\n<td><strong>OTA-Gewicht<\/strong><\/td>\n<td>1,1 kg<\/td>\n<\/tr>\n<tr>\n<td><strong>Gesamtgewicht<\/strong><\/td>\n<td>3,46 kg<\/td>\n<\/tr>\n<tr>\n<td><strong>Max. H\u00f6he.<\/strong><\/td>\n<td>150 cm<\/td>\n<\/tr>\n<tr>\n<td><strong>OTA-Dimensionen<\/strong><\/td>\n<td>95 \u00d7 105 \u00d7 265 mm<\/td>\n<\/tr>\n<\/tbody>\n<\/table>\n<h3>Ideal f\u00fcr<\/h3>\n<ul>\n<li>Anf\u00e4nger in der Astronomie<\/li>\n<li>Beobachtung des Mondes und der Planeten<\/li>\n<li>Landbeobachtung (Natur, Landschaften)<\/li>\n<li>Fotografieren mit dem Smartphone<\/li>\n<li>Reisen und nomadische Nutzung<\/li>\n<\/ul>\n<p><strong>Der ACUTER Voyager MAK70<\/strong> ist eine ausgezeichnete Wahl, um die Astronomie mit einem seri\u00f6sen, kompakten und erweiterbaren Instrument zu entdecken, das bei Tag und bei Nacht gleicherma\u00dfen angenehm ist.<\/p>","protected":false},"excerpt":{"rendered":"<p>T\u00e9lescope ACUTER Voyager MAK70 2D-MicroTune ACUTER est une marque de r\u00e9f\u00e9rence dans le domaine de l\u2019astronomie amateur et \u00e9ducative, reconnue pour ses produits innovants, fiables et de haute qualit\u00e9. Le Voyager MAK70 s\u2019inscrit parfaitement dans cette philosophie en proposant un instrument polyvalent, compact et performant. Un t\u00e9lescope compact et polyvalent Le ACUTER Voyager MAK70 est [&hellip;]<\/p>\n","protected":false},"featured_media":13306,"comment_status":"open","ping_status":"closed","template":"","meta":[],"product_brand":[849],"product_cat":[392,752,745],"product_tag":[],"class_list":{"0":"post-13305","1":"product","2":"type-product","3":"status-publish","4":"has-post-thumbnail","6":"product_brand-acuter","7":"product_cat-telescopes_reflecteurs","8":"product_cat-maksutov-cassegrain","9":"product_cat-telescope-dinitiation","11":"first","12":"on_supplier","13":"taxable","14":"shipping-taxable","15":"purchasable","16":"product-type-simple"},"_links":{"self":[{"href":"https:\/\/deep-space-astronomy.ch\/de\/wp-json\/wp\/v2\/product\/13305","targetHints":{"allow":["GET"]}}],"collection":[{"href":"https:\/\/deep-space-astronomy.ch\/de\/wp-json\/wp\/v2\/product"}],"about":[{"href":"https:\/\/deep-space-astronomy.ch\/de\/wp-json\/wp\/v2\/types\/product"}],"replies":[{"embeddable":true,"href":"https:\/\/deep-space-astronomy.ch\/de\/wp-json\/wp\/v2\/comments?post=13305"}],"wp:featuredmedia":[{"embeddable":true,"href":"https:\/\/deep-space-astronomy.ch\/de\/wp-json\/wp\/v2\/media\/13306"}],"wp:attachment":[{"href":"https:\/\/deep-space-astronomy.ch\/de\/wp-json\/wp\/v2\/media?parent=13305"}],"wp:term":[{"taxonomy":"product_brand","embeddable":true,"href":"https:\/\/deep-space-astronomy.ch\/de\/wp-json\/wp\/v2\/product_brand?post=13305"},{"taxonomy":"product_cat","embeddable":true,"href":"https:\/\/deep-space-astronomy.ch\/de\/wp-json\/wp\/v2\/product_cat?post=13305"},{"taxonomy":"product_tag","embeddable":true,"href":"https:\/\/deep-space-astronomy.ch\/de\/wp-json\/wp\/v2\/product_tag?post=13305"}],"curies":[{"name":"wp","href":"https:\/\/api.w.org\/{rel}","templated":true}]}}