{"id":13307,"date":"2026-01-31T12:08:02","date_gmt":"2026-01-31T11:08:02","guid":{"rendered":"https:\/\/deep-space-astronomy.ch\/?post_type=product&#038;p=13307"},"modified":"2026-01-31T12:08:15","modified_gmt":"2026-01-31T11:08:15","slug":"telescope-solaire-acuter-solarus-80","status":"publish","type":"product","link":"https:\/\/deep-space-astronomy.ch\/de\/produkt\/telescope-solaire-acuter-solarus-80\/","title":{"rendered":"ACUTER Solar-Teleskop Solarus 80"},"content":{"rendered":"<h2>ACUTER Solar-Teleskop Solarus 80 - Beobachtung der Sonne im Wei\u00dflicht<\/h2>\n<p><em>\u00abEs ist kein Teleskop f\u00fcr die Beobachtung von Protuberanzen oder feinen Details auf der Sonnenoberfl\u00e4che, aber f\u00fcr Sonnenflecken hat es sich als bemerkenswert erwiesen ... Das Preis-Leistungs-Verh\u00e4ltnis und die visuelle Erfahrung beweisen, dass es ein ausgezeichnetes Instrument f\u00fcr den Anfang ist.\u00bb<\/em><br \/>\n<strong>- BBC Sky at Night Magazine<\/strong><\/p>\n<p><strong>ACUTER<\/strong> ist eine internationale Marke, die f\u00fcr ihre innovativen und qualitativ hochwertigen Instrumente f\u00fcr die Amateurastronomie und die wissenschaftliche Ausbildung bekannt ist. Die <strong>Solarus 80<\/strong> wurde speziell f\u00fcr die sichere Sonnenbeobachtung mit einem p\u00e4dagogischen, einfachen und effektiven Ansatz entwickelt.<\/p>\n<h3>Ein dediziertes, sicheres und einsatzbereites Sonnenteleskop<\/h3>\n<p>Die <strong>ACUTER Solarus 80<\/strong> ist ein Sonnenteleskop von <strong>80 mm Durchmesser<\/strong> ausgestattet mit einem <strong>dauerhaft montierter Wei\u00dflicht-Sonnenfilter aus Glas<\/strong>. Es erm\u00f6glicht die sichere Beobachtung zahlreicher Sonnenph\u00e4nomene :<\/p>\n<ul>\n<li>Sonnenflecken und ihre Entwicklung<\/li>\n<li>Granulation und Strukturen der Photosph\u00e4re<\/li>\n<li>Sonnenfinsternisse (partiell oder total)<\/li>\n<li>Transite von Merkur und Venus vor der Sonne<\/li>\n<\/ul>\n<p>Der Filter ist fest integriert, um das Risiko einer unsachgem\u00e4\u00dfen Verwendung auszuschlie\u00dfen. Der Solarus 80 entspricht der Norm <strong>ISO 12312-2:2015<\/strong> \u00fcber die direkte Beobachtung der Sonne.<\/p>\n<h3>Integriertes Filterrad zur Variation der Kontraste<\/h3>\n<p>Der Solarus 80 zeichnet sich durch seine <strong>integriertes rotierendes Filterrad<\/strong>, Die Sonne kann in verschiedenen Farbt\u00f6nen beobachtet werden, um den Kontrast und die Sichtbarkeit von Details zu verbessern:<\/p>\n<ul>\n<li>Filter: Rot, Gelb, Blau, Gr\u00fcn, Orange<\/li>\n<li>ND-Filter (Neutraldichte)<\/li>\n<li>Ein leerer Platz zur Beobachtung ohne Farbfilter<\/li>\n<\/ul>\n<p>Ein visueller Indikator zeigt sofort an, welcher Filter gerade in Gebrauch ist.<\/p>\n<h3>Bequeme und einfache Beobachtung<\/h3>\n<p>Das Teleskop ist mit einem <strong>90\u00b0 abgewinkelte Umlenkung<\/strong> f\u00fcr eine komfortable Beobachtung sowie ein <strong>focuser Crayford<\/strong> pr\u00e4zise und fl\u00fcssig. Mit dem mitgelieferten Zoom-Okular k\u00f6nnen Sie die Vergr\u00f6\u00dferung sofort anpassen, ohne das Zubeh\u00f6r wechseln zu m\u00fcssen.<\/p>\n<h3>Solarfotografie mit dem Smartphone<\/h3>\n<p>Eine <strong>Universaladapter f\u00fcr Smartphones<\/strong> ist enthalten, mit dem Sie Sonnenflecken und Finsternisse einfach fotografieren k\u00f6nnen, um Ihre Beobachtungen festzuhalten.<\/p>\n<p><em>Smartphone nicht enthalten.<\/em><\/p>\n<h3>Inhalt des Pakets<\/h3>\n<ul>\n<li>ACUTER Solar-Teleskop Solarus 80<\/li>\n<li>Sonnenfilter Wei\u00dflicht aus Glas (dauerhaft montiert)<\/li>\n<li>Festes Zoom-Okular 5-16 mm<\/li>\n<li>Integriertes Filterrad (rot, gelb, blau, gr\u00fcn, orange, ND + 1 freier Slot)<\/li>\n<li>Sicherer Sonnensucher<\/li>\n<li>Abgewinkelte Umlenkung 90\u00b0<\/li>\n<li>Universaladapter f\u00fcr Smartphones<\/li>\n<li>Schwalbenschwanz Typ Vixen 45 mm mit Stativgewinde 1\/4\u2033-20<\/li>\n<\/ul>\n<h3>Technische Daten<\/h3>\n<table border=\"1\" cellspacing=\"0\" cellpadding=\"6\">\n<tbody>\n<tr>\n<td><strong>Typ<\/strong><\/td>\n<td>Sonnenteleskop im Wei\u00dflicht<\/td>\n<\/tr>\n<tr>\n<td><strong>Durchmesser<\/strong><\/td>\n<td>80 mm (mehrfach verg\u00fctete Optik)<\/td>\n<\/tr>\n<tr>\n<td><strong>Brennweite<\/strong><\/td>\n<td>400 mm (f\/5)<\/td>\n<\/tr>\n<tr>\n<td><strong>Okular im Lieferumfang enthalten<\/strong><\/td>\n<td>Zoom 5-16 mm<\/td>\n<\/tr>\n<tr>\n<td><strong>Vergr\u00f6\u00dferungen<\/strong><\/td>\n<td>25\u00d7, 40\u00d7, 80\u00d7<\/td>\n<\/tr>\n<tr>\n<td><strong>Sonnenfilter<\/strong><\/td>\n<td>Wei\u00dflicht, Glas, dauerhaft montiert<\/td>\n<\/tr>\n<tr>\n<td><strong>Filterrad<\/strong><\/td>\n<td>Integriert, 6 Filter + 1 freier Slot<\/td>\n<\/tr>\n<tr>\n<td><strong>Forscher<\/strong><\/td>\n<td>Sicherer Sonnensucher<\/td>\n<\/tr>\n<tr>\n<td><strong>Empfohlenes Gestell<\/strong><\/td>\n<td>Alt-azimutale oder Sky-Watcher SolarQuest<\/td>\n<\/tr>\n<tr>\n<td><strong>L\u00e4nge des Rohrs<\/strong><\/td>\n<td>378 mm<\/td>\n<\/tr>\n<tr>\n<td><strong>Gewicht der R\u00f6hre<\/strong><\/td>\n<td>1,75 kg<\/td>\n<\/tr>\n<\/tbody>\n<\/table>\n<h3>Ideal f\u00fcr<\/h3>\n<ul>\n<li>Sichere Sonnenbeobachtung<\/li>\n<li>Anf\u00e4nger und Sonnenanbeter<\/li>\n<li>Verfolgung von Sonnenflecken<\/li>\n<li>Finsternisse und Planetentransite<\/li>\n<li>P\u00e4dagogische Nutzung und Bildung<\/li>\n<\/ul>\n<p><strong>Der ACUTER Solarus 80<\/strong> ist ein echtes, schl\u00fcsselfertiges Sonnenteleskop: sicher, intuitiv und effizient, perfekt geeignet, um die Sonnenaktivit\u00e4t ohne Komplexit\u00e4t zu entdecken und zu verfolgen.<\/p>","protected":false},"excerpt":{"rendered":"<p>T\u00e9lescope solaire ACUTER Solarus 80 \u2013 Observation du Soleil en lumi\u00e8re blanche \u00ab Ce n\u2019est pas un t\u00e9lescope destin\u00e9 \u00e0 l\u2019observation des protub\u00e9rances ou des fins d\u00e9tails de la surface solaire, mais pour les taches solaires il s\u2019est montr\u00e9 remarquable\u2026 Le rapport qualit\u00e9\/prix et l\u2019exp\u00e9rience visuelle prouvent qu\u2019il s\u2019agit d\u2019un excellent instrument pour d\u00e9buter. \u00bb [&hellip;]<\/p>\n","protected":false},"featured_media":13308,"comment_status":"open","ping_status":"closed","template":"","meta":[],"product_brand":[849],"product_cat":[816,643,642],"product_tag":[],"class_list":{"0":"post-13307","1":"product","2":"type-product","3":"status-publish","4":"has-post-thumbnail","6":"product_brand-acuter","7":"product_cat-nouveautes","8":"product_cat-lunettes-solaires","9":"product_cat-materiel-pour-lobservation-solaire","11":"first","12":"on_supplier","13":"taxable","14":"shipping-taxable","15":"purchasable","16":"product-type-simple"},"_links":{"self":[{"href":"https:\/\/deep-space-astronomy.ch\/de\/wp-json\/wp\/v2\/product\/13307","targetHints":{"allow":["GET"]}}],"collection":[{"href":"https:\/\/deep-space-astronomy.ch\/de\/wp-json\/wp\/v2\/product"}],"about":[{"href":"https:\/\/deep-space-astronomy.ch\/de\/wp-json\/wp\/v2\/types\/product"}],"replies":[{"embeddable":true,"href":"https:\/\/deep-space-astronomy.ch\/de\/wp-json\/wp\/v2\/comments?post=13307"}],"wp:featuredmedia":[{"embeddable":true,"href":"https:\/\/deep-space-astronomy.ch\/de\/wp-json\/wp\/v2\/media\/13308"}],"wp:attachment":[{"href":"https:\/\/deep-space-astronomy.ch\/de\/wp-json\/wp\/v2\/media?parent=13307"}],"wp:term":[{"taxonomy":"product_brand","embeddable":true,"href":"https:\/\/deep-space-astronomy.ch\/de\/wp-json\/wp\/v2\/product_brand?post=13307"},{"taxonomy":"product_cat","embeddable":true,"href":"https:\/\/deep-space-astronomy.ch\/de\/wp-json\/wp\/v2\/product_cat?post=13307"},{"taxonomy":"product_tag","embeddable":true,"href":"https:\/\/deep-space-astronomy.ch\/de\/wp-json\/wp\/v2\/product_tag?post=13307"}],"curies":[{"name":"wp","href":"https:\/\/api.w.org\/{rel}","templated":true}]}}