{"id":13309,"date":"2026-01-31T12:12:02","date_gmt":"2026-01-31T11:12:02","guid":{"rendered":"https:\/\/deep-space-astronomy.ch\/?post_type=product&#038;p=13309"},"modified":"2026-01-31T12:12:14","modified_gmt":"2026-01-31T11:12:14","slug":"acuter-solarus-80-avec-monture","status":"publish","type":"product","link":"https:\/\/deep-space-astronomy.ch\/de\/produkt\/acuter-solarus-80-avec-monture\/","title":{"rendered":"ACUTER Solarus 80 mit Montierung"},"content":{"rendered":"<h2>ACUTER Solar-Teleskop Solarus 80 mit motorisierter Solar-Montierung<\/h2>\n<p><em>\u00abWir haben unsere Erfahrung mit dem Acuter Solarus 80 Sonnenteleskop sehr genossen... Es ist kein Instrument f\u00fcr die Beobachtung von Protuberanzen oder feinsten Details auf der Sonnenoberfl\u00e4che, aber f\u00fcr Sonnenflecken hat es sich als bemerkenswert erwiesen. Das Verh\u00e4ltnis von visueller Erfahrung und Zug\u00e4nglichkeit macht es zu einem ausgezeichneten Einsteigerset. Mit oder ohne Montierung verstaubt das Solarus 80 nicht: Es ist praktisch und lohnend genug, um immer wieder darauf zur\u00fcckzugreifen.\u00bb<\/em><br \/>\n<strong>- BBC Sky at Night Magazine<\/strong><\/p>\n<p><strong>ACUTER<\/strong> ist eine internationale Referenzmarke, die f\u00fcr ihre innovativen und hochwertigen Instrumente bekannt ist, die der Amateurastronomie und der wissenschaftlichen Ausbildung gewidmet sind. Die <strong>Solarus 80<\/strong> ist ein schl\u00fcsselfertiges Sonnenteleskop, das f\u00fcr die sichere Beobachtung der Sonne mit beispielhafter Benutzerfreundlichkeit entwickelt wurde.<\/p>\n<hr \/>\n<h3>Sichere Sonnenbeobachtung - wei\u00dfes Licht<\/h3>\n<p>Die <strong>ACUTER Solarus 80<\/strong> ist ein Sonnenteleskop von <strong>80 mm Durchmesser<\/strong>, ausgestattet mit einem <strong>dauerhaft montierter Wei\u00dflicht-Sonnenfilter aus Glas<\/strong>. Dieses Design schlie\u00dft das Risiko einer falschen Handhabung aus und erm\u00f6glicht eine sichere Beobachtung vieler Sonnenph\u00e4nomene :<\/p>\n<ul>\n<li>Sonnenflecken und ihre Entwicklung<\/li>\n<li>Details der Photosph\u00e4re<\/li>\n<li>Sonnenfinsternisse<\/li>\n<li>Transite von Merkur und Venus<\/li>\n<\/ul>\n<p>Der Solarus 80 entspricht dem internationalen Standard <strong>ISO 12312-2:2015<\/strong> zur direkten Beobachtung der Sonne. Es muss immer gem\u00e4\u00df den Anweisungen verwendet werden.<\/p>\n<hr \/>\n<h3>Integriertes Filterrad zur Verbesserung der Kontraste<\/h3>\n<p>Das Teleskop verf\u00fcgt \u00fcber eine <strong>integriertes rotierendes Filterrad<\/strong>, Die Sonne kann in verschiedenen Farbt\u00f6nen beobachtet werden, um die Lesbarkeit der Strukturen zu verbessern:<\/p>\n<ul>\n<li>Vorinstallierte Filter: Rot, Gelb, Blau, Gr\u00fcn, Orange<\/li>\n<li>ND-Filter (Neutraldichte)<\/li>\n<li>Ein leerer Platz zur Beobachtung ohne Farbfilter<\/li>\n<\/ul>\n<p>Ein visueller Indikator zeigt deutlich an, welcher Filter gerade verwendet wird.<\/p>\n<hr \/>\n<h3>Revolution\u00e4res selbsttragendes Sonnenbrillengestell<\/h3>\n<p>Diese Version des Solarus 80 wird mit einer <strong>selbsttragendes Sonnenbrillengestell Sky-Watcher<\/strong>, Die Sonne wird mithilfe einer fortschrittlichen Technologie automatisch geortet und verfolgt.<\/p>\n<p><strong>Funktionsprinzip :<\/strong><\/p>\n<ul>\n<li>Automatische Nivellierung durch eingebauten Neigungssensor<\/li>\n<li>Automatische Berechnung des Sonnenstandes \u00fcber GPS (Datum, Uhrzeit und Position)<\/li>\n<li>Automatische Suche nach der Sonne durch Scannen<\/li>\n<li>Erkennung der Sonne durch Sonnensensor und sofortige Verriegelung<\/li>\n<li>Leise und kontinuierliche Verfolgung der Sonne im Feld des Okulars<\/li>\n<\/ul>\n<p>Stellen Sie das Stativ einfach ungef\u00e4hr waagerecht auf und richten Sie das Teleskop grob links von der Sonne aus: Die Montierung erledigt den Rest, ohne komplizierte Ausrichtung.<\/p>\n<hr \/>\n<h3>Solarfotografie mit dem Smartphone<\/h3>\n<p>Eine <strong>Universaladapter f\u00fcr Smartphones<\/strong> wird mitgeliefert, mit dem Sie ganz einfach Bilder der Sonne, von Sonnenflecken oder Sonnenfinsternissen aufnehmen k\u00f6nnen, um Ihre Beobachtungen fotografisch festzuhalten.<\/p>\n<p><em>Smartphone nicht enthalten.<\/em><\/p>\n<hr \/>\n<h3>Technische Daten - Solarus 80-Teleskop<\/h3>\n<table border=\"1\" cellspacing=\"0\" cellpadding=\"6\">\n<tbody>\n<tr>\n<td><strong>Typ<\/strong><\/td>\n<td>Sonnenteleskop Wei\u00dflicht<\/td>\n<\/tr>\n<tr>\n<td><strong>Durchmesser<\/strong><\/td>\n<td>80 mm (mehrfach verg\u00fctete Optik)<\/td>\n<\/tr>\n<tr>\n<td><strong>Brennweite<\/strong><\/td>\n<td>400 mm (f\/5)<\/td>\n<\/tr>\n<tr>\n<td><strong>Okular<\/strong><\/td>\n<td>Festes Zoomobjektiv 5-16 mm<\/td>\n<\/tr>\n<tr>\n<td><strong>Vergr\u00f6\u00dferungen<\/strong><\/td>\n<td>25\u00d7, 40\u00d7, 80\u00d7<\/td>\n<\/tr>\n<tr>\n<td><strong>Sonnenfilter<\/strong><\/td>\n<td>Wei\u00dflicht, Glas, dauerhaft montiert<\/td>\n<\/tr>\n<tr>\n<td><strong>Filterrad<\/strong><\/td>\n<td>Rot, Gelb, Blau, Gr\u00fcn, Orange, ND + 1 freier Slot<\/td>\n<\/tr>\n<tr>\n<td><strong>Abgewinkelte Umlenkung<\/strong><\/td>\n<td>90\u00b0 (nicht drehbar)<\/td>\n<\/tr>\n<tr>\n<td><strong>Fokussieren<\/strong><\/td>\n<td>Crayford (nicht rotierend)<\/td>\n<\/tr>\n<tr>\n<td><strong>Schwalbenschwanz<\/strong><\/td>\n<td>Vixen 45 mm mit 1\/4\u2033-20 Gewinde<\/td>\n<\/tr>\n<tr>\n<td><strong>L\u00e4nge<\/strong><\/td>\n<td>378 mm<\/td>\n<\/tr>\n<tr>\n<td><strong>Gewicht<\/strong><\/td>\n<td>1,75 kg<\/td>\n<\/tr>\n<\/tbody>\n<\/table>\n<hr \/>\n<h3>Technische Daten - Selbsttragendes Sonnengestell<\/h3>\n<table border=\"1\" cellspacing=\"0\" cellpadding=\"6\">\n<tbody>\n<tr>\n<td><strong>Technologie<\/strong><\/td>\n<td>Sonnensensor + eingebautes GPS<\/td>\n<\/tr>\n<tr>\n<td><strong>Folge<\/strong><\/td>\n<td>Automatische Solaranlage, zweiachsig<\/td>\n<\/tr>\n<tr>\n<td><strong>Genauigkeit beim Zeigen<\/strong><\/td>\n<td>Bis zu 3 Bogenminuten (nach der Kalibrierung)<\/td>\n<\/tr>\n<tr>\n<td><strong>Reisegeschwindigkeiten<\/strong><\/td>\n<td>16\u00d7 und 1200\u00d7<\/td>\n<\/tr>\n<tr>\n<td><strong>Maximale Belastung<\/strong><\/td>\n<td>4 kg<\/td>\n<\/tr>\n<tr>\n<td><strong>Stativ<\/strong><\/td>\n<td>Verstellbares Aluminium mit Zubeh\u00f6rtablett<\/td>\n<\/tr>\n<tr>\n<td><strong>H\u00f6he<\/strong><\/td>\n<td>80,5 cm bis 152 cm<\/td>\n<\/tr>\n<tr>\n<td><strong>Gesamtgewicht<\/strong><\/td>\n<td>4,05 kg (Montierung + Stativ)<\/td>\n<\/tr>\n<tr>\n<td><strong>Ern\u00e4hrung<\/strong><\/td>\n<td>8 AA-Batterien oder externes Netzteil 12 V DC<\/td>\n<\/tr>\n<\/tbody>\n<\/table>\n<hr \/>\n<h3>Ideal f\u00fcr<\/h3>\n<ul>\n<li>Anf\u00e4nger, die die Sonne sicher beobachten m\u00f6chten<\/li>\n<li>Schulische und p\u00e4dagogische Einrichtungen<\/li>\n<li>Regelm\u00e4\u00dfige Beobachtung von Sonnenflecken<\/li>\n<li>Finsternisse und Planetentransite<\/li>\n<li>Nutzerinnen und Nutzer, die ein einfaches, automatisiertes und zuverl\u00e4ssiges Solarsystem suchen<\/li>\n<\/ul>\n<p><strong>Der ACUTER Solarus 80 mit selbstnachf\u00fchrender Sonnenfassung<\/strong> ist eine umfassende, moderne und sichere L\u00f6sung f\u00fcr die Sonnenbeobachtung, die fortschrittliche Technologie, Benutzerfreundlichkeit und einen hohen p\u00e4dagogischen Wert vereint.<\/p>","protected":false},"excerpt":{"rendered":"<p>T\u00e9lescope solaire ACUTER Solarus 80 avec monture solaire motoris\u00e9e \u00ab Nous avons \u00e9norm\u00e9ment appr\u00e9ci\u00e9 notre exp\u00e9rience avec le t\u00e9lescope solaire Acuter Solarus 80\u2026 Ce n\u2019est pas un instrument destin\u00e9 \u00e0 l\u2019observation des protub\u00e9rances ou des d\u00e9tails les plus fins de la surface solaire, mais pour les taches solaires il s\u2019est montr\u00e9 remarquable. Le rapport exp\u00e9rience [&hellip;]<\/p>\n","protected":false},"featured_media":13310,"comment_status":"open","ping_status":"closed","template":"","meta":[],"product_brand":[849],"product_cat":[642,643],"product_tag":[],"class_list":{"0":"post-13309","1":"product","2":"type-product","3":"status-publish","4":"has-post-thumbnail","6":"product_brand-acuter","7":"product_cat-materiel-pour-lobservation-solaire","8":"product_cat-lunettes-solaires","10":"first","11":"on_supplier","12":"taxable","13":"shipping-taxable","14":"purchasable","15":"product-type-simple"},"_links":{"self":[{"href":"https:\/\/deep-space-astronomy.ch\/de\/wp-json\/wp\/v2\/product\/13309","targetHints":{"allow":["GET"]}}],"collection":[{"href":"https:\/\/deep-space-astronomy.ch\/de\/wp-json\/wp\/v2\/product"}],"about":[{"href":"https:\/\/deep-space-astronomy.ch\/de\/wp-json\/wp\/v2\/types\/product"}],"replies":[{"embeddable":true,"href":"https:\/\/deep-space-astronomy.ch\/de\/wp-json\/wp\/v2\/comments?post=13309"}],"wp:featuredmedia":[{"embeddable":true,"href":"https:\/\/deep-space-astronomy.ch\/de\/wp-json\/wp\/v2\/media\/13310"}],"wp:attachment":[{"href":"https:\/\/deep-space-astronomy.ch\/de\/wp-json\/wp\/v2\/media?parent=13309"}],"wp:term":[{"taxonomy":"product_brand","embeddable":true,"href":"https:\/\/deep-space-astronomy.ch\/de\/wp-json\/wp\/v2\/product_brand?post=13309"},{"taxonomy":"product_cat","embeddable":true,"href":"https:\/\/deep-space-astronomy.ch\/de\/wp-json\/wp\/v2\/product_cat?post=13309"},{"taxonomy":"product_tag","embeddable":true,"href":"https:\/\/deep-space-astronomy.ch\/de\/wp-json\/wp\/v2\/product_tag?post=13309"}],"curies":[{"name":"wp","href":"https:\/\/api.w.org\/{rel}","templated":true}]}}