{"id":1331,"date":"2024-12-18T17:57:38","date_gmt":"2024-12-18T16:57:38","guid":{"rendered":"https:\/\/deep-space-astronomy.geekworkers.dev\/?post_type=product&#038;p=1331"},"modified":"2025-06-03T10:37:01","modified_gmt":"2025-06-03T08:37:01","slug":"explore-scientific-2-92-17mm","status":"publish","type":"product","link":"https:\/\/deep-space-astronomy.ch\/de\/produkt\/explore-scientific-2-92-17mm\/","title":{"rendered":"Explore Scientific 2\u2033 92\u00b0 - 17mm"},"content":{"rendered":"<div>\n<h3>Un\u00fcbertroffene Leistung und Komfort<\/h3>\n<p>\n    Entdecken Sie die neuen 92\u00b0-Okulare von Explore Scientific, die f\u00fcr anspruchsvolle Beobachter entwickelt wurden. Diese hochwertigen Okulare bieten ein au\u00dfergew\u00f6hnliches Sichtfeld und eine perfekte Pr\u00e4zision bis zum Feldrand, selbst bei schnellen Optiken. Sie vereinen au\u00dfergew\u00f6hnliche Bildqualit\u00e4t, hervorragenden Kontrast und optimalen Bedienungskomfort.\n  <\/p>\n<h3>Optimaler Beobachtungskomfort<\/h3>\n<p>\n    Mit ihrem langen Augenabstand sind diese Okulare ideal f\u00fcr Brillentr\u00e4ger: Sie genie\u00dfen ein vollst\u00e4ndiges Sichtfeld, ohne Kompromisse beim Komfort eingehen zu m\u00fcssen. Ihr ergonomisches Design reduziert Erm\u00fcdungserscheinungen und erm\u00f6glicht lange, m\u00fchelose Beobachtungssitzungen.\n  <\/p>\n<h3>Un\u00fcbertroffene Qualit\u00e4t und Genauigkeit<\/h3>\n<p>\n    Die 92\u00b0-Okulare garantieren dank der Verwendung moderner optischer Materialien und einer pr\u00e4zisen Fertigung nach h\u00f6chsten Standards eine makellose Bildqualit\u00e4t bis zum Rand des Gesichtsfeldes. Ihre patentierte EMD\u2122-Verg\u00fctung sorgt f\u00fcr maximalen Kontrast und eliminiert st\u00f6rende Reflexionen durch perfekt gestaltete Innenblenden.\n  <\/p>\n<h3>Haltbarkeit und Widerstandsf\u00e4higkeit<\/h3>\n<p>\n    Explore Scientific zeichnet sich durch robuste und langlebige Produkte aus. Diese Okulare verf\u00fcgen \u00fcber eine Gummibeschichtung f\u00fcr einen optimalen Griff, eine Argonf\u00fcllung, um ein Beschlagen im Inneren zu verhindern, und sind vollst\u00e4ndig wasserdicht, um Staub, Pilzen und Reinigungsmitteln zu widerstehen.\n  <\/p>\n<h3>Schl\u00fcsselmerkmale<\/h3>\n<ul>\n<li>EMD\u2122-Verarbeitung f\u00fcr einen au\u00dfergew\u00f6hnlichen Kontrast<\/li>\n<li>Geschw\u00e4rzte Linsenr\u00e4nder zur Reduzierung von Streulicht<\/li>\n<li>Vollst\u00e4ndige Abdichtung und Argonf\u00fcllung f\u00fcr maximale Haltbarkeit<\/li>\n<li>Sch\u00fcrze aus rostfreiem Stahl f\u00fcr mehr Robustheit<\/li>\n<li>Umklappbare Gummiaugenmuscheln f\u00fcr optimalen Komfort<\/li>\n<li>Lieferung in einer eleganten Transportbox mit Magnetverschluss<\/li>\n<li>Lasergravierte Seriennummer zur eindeutigen Identifizierung<\/li>\n<\/ul>\n<h3>F\u00fcr Amateure wie f\u00fcr Profis<\/h3>\n<p>\n    Die 92\u00b0 Explore Scientific Okulare bieten Ihnen Beobachtungen mit un\u00fcbertroffener Pr\u00e4zision und Klarheit, egal ob Sie Sterne, Planeten oder Deep-Sky-Objekte erforschen. Ob Sie Anf\u00e4nger oder erfahrener Astronom sind, diese Okulare werden Ihre astronomischen Erfahrungen bereichern.\n  <\/p>\n<\/div>","protected":false},"excerpt":{"rendered":"<p>Performance et Confort In\u00e9gal\u00e9s D\u00e9couvrez les nouveaux oculaires 92\u00b0 d\u2019Explore Scientific, con\u00e7us pour les observateurs exigeants. Ces oculaires haut de gamme offrent un champ de vision exceptionnel et une pr\u00e9cision parfaite jusqu\u2019au bord du champ, m\u00eame avec des optiques rapides. Ils allient qualit\u00e9 d\u2019image exceptionnelle, contraste remarquable et confort d\u2019utilisation optimal. Un Confort d\u2019Observation Optimal [&hellip;]<\/p>\n","protected":false},"featured_media":5736,"comment_status":"open","ping_status":"closed","template":"","meta":[],"product_brand":[403],"product_cat":[19,368,695],"product_tag":[],"class_list":{"0":"post-1331","1":"product","2":"type-product","3":"status-publish","4":"has-post-thumbnail","6":"product_brand-explore-scientific","7":"product_cat-accessoires","8":"product_cat-visuel","9":"product_cat-oculaires-et-smart-oculaires","11":"first","12":"on_supplier","13":"taxable","14":"shipping-taxable","15":"purchasable","16":"product-type-simple"},"_links":{"self":[{"href":"https:\/\/deep-space-astronomy.ch\/de\/wp-json\/wp\/v2\/product\/1331","targetHints":{"allow":["GET"]}}],"collection":[{"href":"https:\/\/deep-space-astronomy.ch\/de\/wp-json\/wp\/v2\/product"}],"about":[{"href":"https:\/\/deep-space-astronomy.ch\/de\/wp-json\/wp\/v2\/types\/product"}],"replies":[{"embeddable":true,"href":"https:\/\/deep-space-astronomy.ch\/de\/wp-json\/wp\/v2\/comments?post=1331"}],"wp:featuredmedia":[{"embeddable":true,"href":"https:\/\/deep-space-astronomy.ch\/de\/wp-json\/wp\/v2\/media\/5736"}],"wp:attachment":[{"href":"https:\/\/deep-space-astronomy.ch\/de\/wp-json\/wp\/v2\/media?parent=1331"}],"wp:term":[{"taxonomy":"product_brand","embeddable":true,"href":"https:\/\/deep-space-astronomy.ch\/de\/wp-json\/wp\/v2\/product_brand?post=1331"},{"taxonomy":"product_cat","embeddable":true,"href":"https:\/\/deep-space-astronomy.ch\/de\/wp-json\/wp\/v2\/product_cat?post=1331"},{"taxonomy":"product_tag","embeddable":true,"href":"https:\/\/deep-space-astronomy.ch\/de\/wp-json\/wp\/v2\/product_tag?post=1331"}],"curies":[{"name":"wp","href":"https:\/\/api.w.org\/{rel}","templated":true}]}}