{"id":13311,"date":"2026-01-31T12:15:08","date_gmt":"2026-01-31T11:15:08","guid":{"rendered":"https:\/\/deep-space-astronomy.ch\/?post_type=product&#038;p=13311"},"modified":"2026-01-31T12:15:22","modified_gmt":"2026-01-31T11:15:22","slug":"telescope-acuter-voyager-mak90-fast-avec-monture-go-to","status":"publish","type":"product","link":"https:\/\/deep-space-astronomy.ch\/de\/produkt\/telescope-acuter-voyager-mak90-fast-avec-monture-go-to\/","title":{"rendered":"ACUTER Voyager MAK90-FAST Teleskop mit Go-To-Mount"},"content":{"rendered":"<h2>ACUTER Voyager MAK90-FAST Teleskop mit Go-To Montierung TRAVERSE PRO<\/h2>\n<p><strong>ACUTER<\/strong> ist eine internationale Marke, die f\u00fcr ihre innovativen und hochwertigen Instrumente f\u00fcr die Amateurastronomie und den Unterricht bekannt ist. Die <strong>Voyager MAK90-FAST (Pro Traverse)<\/strong> ist eine Einheit aus Teleskop + computergesteuerter Montierung, die als echtes <em>grab-and-go<\/em> : kompakt, leicht, schnell zu installieren und dennoch extrem leistungsstark.<\/p>\n<hr \/>\n<h3>Ein kompakter und leistungsstarker Maksutov-Cassegrain<\/h3>\n<p>Die <strong>Voyager MAK90-FAST<\/strong> ist ein Maksutov-Cassegrain-Teleskop von <strong>90 mm Durchmesser<\/strong>, Das Buch ist besonders f\u00fcr die Beobachtung geeignet:<\/p>\n<ul>\n<li>Doppelsterne<\/li>\n<li>Details der Mondoberfl\u00e4che<\/li>\n<li>helle Planeten (Jupiter, Saturn, Mars, Venus)<\/li>\n<\/ul>\n<p>Sein optisches System mit <strong>lange Brennweite (1170 mm)<\/strong>, In Kombination mit einer Breitband-Mehrschichtverg\u00fctung bietet es einen ausgezeichneten Kontrast und ein scharfes, pr\u00e4zises und stabiles Bild. Das Instrument ist au\u00dferdem mit einem <strong>neues, innovatives Fokussierungssystem<\/strong> mit <strong>Anzeige der Fokussierungsentfernung<\/strong>, Die Fokussierung erfolgt schnell, intuitiv und reproduzierbar.<\/p>\n<p>Dank seiner <strong>abgewinkelte Umlenkung 90\u00b0-Bildgleichrichter<\/strong>, Das Teleskop kann daher auch tags\u00fcber f\u00fcr die Land- und Landschaftsbeobachtung verwendet werden.<\/p>\n<hr \/>\n<h3>Ein vollst\u00e4ndiges und erweiterbares optisches Set<\/h3>\n<p>Der optische Tubus wird mit einer Reihe von sorgf\u00e4ltig ausgew\u00e4hlten Zubeh\u00f6rteilen geliefert, um ein sofort vollst\u00e4ndiges Erlebnis zu bieten :<\/p>\n<ul>\n<li>20 mm Weitfeldokular (70\u00b0) - Vergr\u00f6\u00dferung 58,5\u00d7<\/li>\n<li>Optischer Sucher Gleichrichter 6\u00d721<\/li>\n<li>Abgewinkelte Umlenkung Gleichrichter 90\u00b0 (Phasenverarbeitung)<\/li>\n<li>Universaladapter f\u00fcr Smartphones (Erinnerungsfoto)<\/li>\n<li>Seitlicher Schwalbenschwanz 45 mm<\/li>\n<li>Transportkoffer f\u00fcr die R\u00f6hre<\/li>\n<\/ul>\n<p>Der Okularhalter nimmt alle <strong>Standardokulare mit 1,25er Schieber\u2033.<\/strong>, Die Vergr\u00f6\u00dferungsstufen lassen sich leicht erweitern.<\/p>\n<hr \/>\n<h3>ACUTER TRAVERSE PRO computergest\u00fctztes Brillengestell - Go-To ohne Kompromisse<\/h3>\n<p>Der MAK90-FAST wird mit der <strong>ACUTER TRAVERSE PRO-Rahmen<\/strong>, Eine moderne, leise und sehr stabile Go-To-Montierung, die f\u00fcr den mobilen und intuitiven Gebrauch entwickelt wurde.<\/p>\n<p>Dank seiner <strong>integrierte Bluetooth- und Wi-Fi-Konnektivit\u00e4t<\/strong>, Mit der neuen Technologie funktioniert die Montierung v\u00f6llig autonom, ohne auf ein externes Netzwerk angewiesen zu sein. Die Steuerung erfolgt direkt von einem Smartphone oder Tablet aus \u00fcber die kostenlose App <strong>Acuter Sky<\/strong> (iOS \/ Android).<\/p>\n<p>Nach einem einfachen Ausrichtungsverfahren (1, 2 oder 3 Sterne) erm\u00f6glicht die Fassung :<\/p>\n<ul>\n<li>Zeigen Sie automatisch mehr als <strong>11.000 Himmelsobjekte<\/strong><\/li>\n<li>Genaue Verfolgung der beobachteten Objekte<\/li>\n<li>Den Himmel \u00fcber eine intuitive Touchscreen-Schnittstelle erkunden<\/li>\n<\/ul>\n<p>Die Halterung unterst\u00fctzt optische Tuben bis zu <strong>5 kg<\/strong>, Das bedeutet, dass der MAK90 eine ausgezeichnete Stabilit\u00e4tsspanne hat.<\/p>\n<hr \/>\n<h3>Technische Daten - ACUTER Voyager MAK90-FAST Teleskop<\/h3>\n<table border=\"1\" cellspacing=\"0\" cellpadding=\"6\">\n<tbody>\n<tr>\n<td><strong>Optischer Typ<\/strong><\/td>\n<td>Maksutov-Cassegrain<\/td>\n<\/tr>\n<tr>\n<td><strong>Durchmesser<\/strong><\/td>\n<td>90 mm<\/td>\n<\/tr>\n<tr>\n<td><strong>Brennweite<\/strong><\/td>\n<td>1170 mm (f\/13)<\/td>\n<\/tr>\n<tr>\n<td><strong>Gelieferte Vergr\u00f6\u00dferung<\/strong><\/td>\n<td>58,5\u00d7<\/td>\n<\/tr>\n<tr>\n<td><strong>Maximal nutzbare Vergr\u00f6\u00dferung<\/strong><\/td>\n<td>180\u00d7<\/td>\n<\/tr>\n<tr>\n<td><strong>Okular<\/strong><\/td>\n<td>20 mm - 70\u00b0 (1,25\u2033)<\/td>\n<\/tr>\n<tr>\n<td><strong>Abgewinkelte Umlenkung<\/strong><\/td>\n<td>90\u00b0 Bildgleichrichter (Phasenverarbeitung)<\/td>\n<\/tr>\n<tr>\n<td><strong>Forscher<\/strong><\/td>\n<td>6\u00d721 Gleichrichter<\/td>\n<\/tr>\n<tr>\n<td><strong>Fokussieren<\/strong><\/td>\n<td>Durch Verschieben des Hauptspiegels<\/td>\n<\/tr>\n<tr>\n<td><strong>Fokussystem<\/strong><\/td>\n<td>Reibungsgetriebe + Entfernungsanzeige<\/td>\n<\/tr>\n<tr>\n<td><strong>L\u00e4nge des Rohrs<\/strong><\/td>\n<td>380 mm<\/td>\n<\/tr>\n<tr>\n<td><strong>Gewicht der R\u00f6hre<\/strong><\/td>\n<td>1,9 kg<\/td>\n<\/tr>\n<\/tbody>\n<\/table>\n<hr \/>\n<h3>Technische Daten - ACUTER TRAVERSE PRO Gestell<\/h3>\n<table border=\"1\" cellspacing=\"0\" cellpadding=\"6\">\n<tbody>\n<tr>\n<td><strong>Typ<\/strong><\/td>\n<td>Go-To alt-azimutales Gestell<\/td>\n<\/tr>\n<tr>\n<td><strong>Maximale Belastung<\/strong><\/td>\n<td>5 kg<\/td>\n<\/tr>\n<tr>\n<td><strong>Datenbank<\/strong><\/td>\n<td>11.000+ Himmelsobjekte<\/td>\n<\/tr>\n<tr>\n<td><strong>Ausrichtung<\/strong><\/td>\n<td>1, 2 oder 3 Sterne<\/td>\n<\/tr>\n<tr>\n<td><strong>Konnektivit\u00e4t<\/strong><\/td>\n<td>Bluetooth \/ Wi-Fi<\/td>\n<\/tr>\n<tr>\n<td><strong>Aufl\u00f6sung des Trainings<\/strong><\/td>\n<td>0,676 Bogensekunde<\/td>\n<\/tr>\n<tr>\n<td><strong>Motoren<\/strong><\/td>\n<td>DC-Servomotoren<\/td>\n<\/tr>\n<tr>\n<td><strong>\u00dcbertragung<\/strong><\/td>\n<td>Schnecke\/Zahnrad<\/td>\n<\/tr>\n<tr>\n<td><strong>Ern\u00e4hrung<\/strong><\/td>\n<td>12 V DC (AA-Batteriepack oder Powerbank)<\/td>\n<\/tr>\n<tr>\n<td><strong>Stativ<\/strong><\/td>\n<td>Edelstahl, 2 Abschnitte<\/td>\n<\/tr>\n<tr>\n<td><strong>H\u00f6he<\/strong><\/td>\n<td>870 mm bis 1340 mm<\/td>\n<\/tr>\n<tr>\n<td><strong>Gewicht Fassung<\/strong><\/td>\n<td>1,2 kg<\/td>\n<\/tr>\n<tr>\n<td><strong>Gewicht Stativ<\/strong><\/td>\n<td>2,7 kg<\/td>\n<\/tr>\n<\/tbody>\n<\/table>\n<hr \/>\n<h3>An wen richtet sich dieses Set?<\/h3>\n<ul>\n<li>Anf\u00e4nger, die ein einfaches, erweiterbares Go-To-System w\u00fcnschen<\/li>\n<li>Erfahrene Nutzerinnen und Nutzer, die ein kompaktes Setup f\u00fcr unterwegs suchen<\/li>\n<li>Hochwertige Planeten- und Mondbeobachtung<\/li>\n<li>Erdbeobachtung am Tag<\/li>\n<li>Nutzung in der Familie, zu Bildungszwecken oder in Vereinen<\/li>\n<\/ul>\n<p><strong>Das ACUTER Voyager MAK90-FAST mit TRAVERSE PRO Montierung<\/strong> ist ein modernes, intelligentes und vielseitiges Paket, das hochwertige Optik, fortschrittliche Automatisierung und hohe Benutzerfreundlichkeit vereint, um den Himmel zu erkunden ... ohne Einschr\u00e4nkungen.<\/p>","protected":false},"excerpt":{"rendered":"<p>T\u00e9lescope ACUTER Voyager MAK90-FAST avec monture Go-To TRAVERSE PRO ACUTER est une marque internationale reconnue pour ses instruments innovants et de haute qualit\u00e9 destin\u00e9s \u00e0 l\u2019astronomie amateur et \u00e0 l\u2019enseignement. Le Voyager MAK90-FAST (Traverse Pro) est un ensemble t\u00e9lescope + monture informatis\u00e9e pens\u00e9 comme un v\u00e9ritable grab-and-go : compact, l\u00e9ger, rapide \u00e0 installer et pourtant [&hellip;]<\/p>\n","protected":false},"featured_media":13312,"comment_status":"open","ping_status":"closed","template":"","meta":[],"product_brand":[849],"product_cat":[816,752,815],"product_tag":[],"class_list":{"0":"post-13311","1":"product","2":"type-product","3":"status-publish","4":"has-post-thumbnail","6":"product_brand-acuter","7":"product_cat-nouveautes","8":"product_cat-maksutov-cassegrain","9":"product_cat-debutants","11":"first","12":"on_supplier","13":"taxable","14":"shipping-taxable","15":"purchasable","16":"product-type-simple"},"_links":{"self":[{"href":"https:\/\/deep-space-astronomy.ch\/de\/wp-json\/wp\/v2\/product\/13311","targetHints":{"allow":["GET"]}}],"collection":[{"href":"https:\/\/deep-space-astronomy.ch\/de\/wp-json\/wp\/v2\/product"}],"about":[{"href":"https:\/\/deep-space-astronomy.ch\/de\/wp-json\/wp\/v2\/types\/product"}],"replies":[{"embeddable":true,"href":"https:\/\/deep-space-astronomy.ch\/de\/wp-json\/wp\/v2\/comments?post=13311"}],"wp:featuredmedia":[{"embeddable":true,"href":"https:\/\/deep-space-astronomy.ch\/de\/wp-json\/wp\/v2\/media\/13312"}],"wp:attachment":[{"href":"https:\/\/deep-space-astronomy.ch\/de\/wp-json\/wp\/v2\/media?parent=13311"}],"wp:term":[{"taxonomy":"product_brand","embeddable":true,"href":"https:\/\/deep-space-astronomy.ch\/de\/wp-json\/wp\/v2\/product_brand?post=13311"},{"taxonomy":"product_cat","embeddable":true,"href":"https:\/\/deep-space-astronomy.ch\/de\/wp-json\/wp\/v2\/product_cat?post=13311"},{"taxonomy":"product_tag","embeddable":true,"href":"https:\/\/deep-space-astronomy.ch\/de\/wp-json\/wp\/v2\/product_tag?post=13311"}],"curies":[{"name":"wp","href":"https:\/\/api.w.org\/{rel}","templated":true}]}}