{"id":13326,"date":"2026-01-31T12:44:22","date_gmt":"2026-01-31T11:44:22","guid":{"rendered":"https:\/\/deep-space-astronomy.ch\/?post_type=product&#038;p=13326"},"modified":"2026-01-31T12:44:35","modified_gmt":"2026-01-31T11:44:35","slug":"sky-watcher-evostar-90-660-az-pronto","status":"publish","type":"product","link":"https:\/\/deep-space-astronomy.ch\/de\/produkt\/sky-watcher-evostar-90-660-az-pronto\/","title":{"rendered":"Sky-Watcher Evostar 90\/660 AZ Pronto"},"content":{"rendered":"<h2>Sky-Watcher Evostar 90\/660 AZ Pronto - Einfache, effektive und gebrauchsfertige Brille<\/h2>\n<p>Die <strong>Sky-Watcher Evostar 90\/660 AZ Pronto<\/strong> ist ein astronomisches Fernrohr, das auf das Wesentliche ausgerichtet ist:<br \/>\n<strong>einfach zu verwenden, schnell zu installieren und angenehm zu beobachten<\/strong>. Es ist ein echtes Instrument<br \/>\n<strong>\u00abgrab-and-go\u00bb<\/strong>, Dieses Buch ist ideal f\u00fcr Einsteiger in die Astronomie oder f\u00fcr erfahrene Beobachter.<br \/>\nauf der Suche nach einem leichten und vielseitigen Teleskop sind.<\/p>\n<p>Mit ihrer ausgewogenen Optik und dem flie\u00dfenden azimutalen Rahmen erm\u00f6glicht sie schnellen Genuss<br \/>\ndes Mondes, der Planeten und vieler Deep-Sky-Objekte ohne komplizierte Einstellungen oder Elektronik.<\/p>\n<hr \/>\n<h3>Achromatische 90-mm-Optik - perfektes Gleichgewicht zwischen Helligkeit und Kontrast<\/h3>\n<p>Die Evostar 90\/660 ist eine <strong>achromatische L\u00fcnette mit luftgetrennter Dublette<\/strong>, eine optische Formel<br \/>\nklassisch, zuverl\u00e4ssig und bew\u00e4hrt.<\/p>\n<p>Mit einem <strong>90 mm Durchmesser<\/strong>, Sie nimmt etwa <strong>65 % mehr Licht als ein 70-mm-Fernrohr<\/strong>,<br \/>\nwas in helleren und detailreicheren Bildern resultiert.<\/p>\n<p>Sein Fokusverh\u00e4ltnis <strong>f\/7.3<\/strong> bietet einen hervorragenden Kompromiss zwischen :<\/p>\n<ul>\n<li>Beobachtung der <strong>Mond<\/strong> und ihre Details<\/li>\n<li>helle Planeten (Jupiter, Saturn, Mars)<\/li>\n<li>zug\u00e4ngliche Sternhaufen und Deep-Sky-Objekte<\/li>\n<\/ul>\n<hr \/>\n<h3>Landbeobachtung m\u00f6glich (optional)<\/h3>\n<p>Durch Hinzuf\u00fcgen eines <strong>abgewinkelte Umlenkung Gleichrichter optional<\/strong> (nicht im Lieferumfang enthalten), liefert das Fernrohr eine<br \/>\n<strong>gerades und vollst\u00e4ndig korrigiertes Bild<\/strong>. Sie kann dann f\u00fcr die Beobachtung<br \/>\nterrestrisch: Landschaften, Natur, Tierwelt oder Schifffahrt.<\/p>\n<p>Eine beachtliche Vielseitigkeit f\u00fcr ein kompaktes und transportables Instrument.<\/p>\n<hr \/>\n<h3>AZ Pronto-Rahmen - Stabilit\u00e4t und pr\u00e4zise Bewegungen<\/h3>\n<p>Die <strong>alt-azimutale Fassung AZ Pronto<\/strong> ist so konzipiert, dass sie einfach, robust und komfortabel zu verwenden ist.<\/p>\n<ul>\n<li>flie\u00dfende Bewegungen im Azimut und in der H\u00f6he<\/li>\n<li><strong>Feinjustierungskabel<\/strong> f\u00fcr eine genaue Verfolgung<\/li>\n<li>schnelle Installation, kein Einrichten von Stationen<\/li>\n<\/ul>\n<p>Das verstellbare Aluminiumstativ mit einer Zubeh\u00f6rablage sorgt f\u00fcr Stabilit\u00e4t<br \/>\nund eine bequeme Beobachtungsposition.<\/p>\n<hr \/>\n<h3>Einfache Astrofotografie mit dem Smartphone<\/h3>\n<p>Das Fernrohr wird mit einem <strong>Universaladapter f\u00fcr Smartphones<\/strong> (Breite 54 bis 90 mm),<br \/>\nmit dem Sie ganz einfach Bilder vom Mond, von Planeten oder von Himmelslandschaften aufnehmen k\u00f6nnen,<br \/>\nohne komplexe Hardware.<\/p>\n<p>Ein ausgezeichneter Einstieg in die astronomische Fotografie.<\/p>\n<hr \/>\n<h3>Technische Daten<\/h3>\n<table border=\"1\" cellspacing=\"0\" cellpadding=\"6\">\n<tbody>\n<tr>\n<td><strong>Typ<\/strong><\/td>\n<td>Achromatisches Fernrohr (luftgef\u00fcllte Dublette)<\/td>\n<\/tr>\n<tr>\n<td><strong>Durchmesser<\/strong><\/td>\n<td>90 mm<\/td>\n<\/tr>\n<tr>\n<td><strong>Brennweite<\/strong><\/td>\n<td>660 mm<\/td>\n<\/tr>\n<tr>\n<td><strong>Fokusbericht<\/strong><\/td>\n<td>f\/7.3<\/td>\n<\/tr>\n<tr>\n<td><strong>Optische Verarbeitung<\/strong><\/td>\n<td>Multi-Treatment-Ziel<\/td>\n<\/tr>\n<tr>\n<td><strong>Mitgelieferte Vergr\u00f6\u00dferungen<\/strong><\/td>\n<td>33\u00d7 und 66\u00d7<\/td>\n<\/tr>\n<tr>\n<td><strong>Maximal nutzbare Vergr\u00f6\u00dferung<\/strong><\/td>\n<td>180\u00d7<\/td>\n<\/tr>\n<tr>\n<td><strong>Mitgelieferte Okulare<\/strong><\/td>\n<td>10 mm &amp; 20 mm (1,25\u2033)<\/td>\n<\/tr>\n<tr>\n<td><strong>Abgewinkelte Umlenkung<\/strong><\/td>\n<td>90\u00b0 Spiegel - 1,25\u2033.<\/td>\n<\/tr>\n<tr>\n<td><strong>Forscher<\/strong><\/td>\n<td>Roter Punkt<\/td>\n<\/tr>\n<\/tbody>\n<\/table>\n<hr \/>\n<h3>Montierung und Stativ<\/h3>\n<table border=\"1\" cellspacing=\"0\" cellpadding=\"6\">\n<tbody>\n<tr>\n<td><strong>Art der Fassung<\/strong><\/td>\n<td>AZ Pronto Alt-Azimuth<\/td>\n<\/tr>\n<tr>\n<td><strong>Rotation<\/strong><\/td>\n<td>360\u00b0 (Azimut), -70\u00b0 bis +90\u00b0 (H\u00f6he)<\/td>\n<\/tr>\n<tr>\n<td><strong>Befehle<\/strong><\/td>\n<td>Feineinstellungen auf beiden Achsen<\/td>\n<\/tr>\n<tr>\n<td><strong>Stativ<\/strong><\/td>\n<td>Aluminium mit Zubeh\u00f6rablage<\/td>\n<\/tr>\n<\/tbody>\n<\/table>\n<hr \/>\n<h3>Warum sollten Sie sich f\u00fcr den Sky-Watcher Evostar 90\/660 AZ Pronto entscheiden?<\/h3>\n<ul>\n<li>Perfekt f\u00fcr den Einstieg ohne Komplexit\u00e4t<\/li>\n<li>Helle und vielseitige Optik<\/li>\n<li>Stabiles und intuitives Gestell<\/li>\n<li>Schnelle Installation, ideal f\u00fcr spontane Beobachtungen<\/li>\n<li>Kompatibel mit astronomischen und terrestrischen Beobachtungen<\/li>\n<\/ul>\n<p>Die <strong>Sky-Watcher Evostar 90\/660 AZ Pronto<\/strong> ist ein zuverl\u00e4ssiges, ausgewogenes und angenehm zu benutzendes Fernrohr,<br \/>\nperfekt, um den Himmel zu entdecken oder schnelle und ungezwungene Beobachtungssitzungen zu genie\u00dfen.<\/p>","protected":false},"excerpt":{"rendered":"<p>Sky-Watcher Evostar 90\/660 AZ Pronto \u2013 Lunette simple, efficace et pr\u00eate \u00e0 l\u2019emploi La Sky-Watcher Evostar 90\/660 AZ Pronto est une lunette astronomique pens\u00e9e pour aller \u00e0 l\u2019essentiel : facile \u00e0 utiliser, rapide \u00e0 installer et agr\u00e9able \u00e0 observer. C\u2019est un v\u00e9ritable instrument \u00ab grab-and-go \u00bb, id\u00e9al pour d\u00e9buter en astronomie ou pour les observateurs [&hellip;]<\/p>\n","protected":false},"featured_media":13327,"comment_status":"open","ping_status":"closed","template":"","meta":[],"product_brand":[822],"product_cat":[815,754],"product_tag":[],"class_list":{"0":"post-13326","1":"product","2":"type-product","3":"status-publish","4":"has-post-thumbnail","6":"product_brand-sky-watcher","7":"product_cat-debutants","8":"product_cat-lunettes-achromatiques","10":"first","11":"on_supplier","12":"taxable","13":"shipping-taxable","14":"purchasable","15":"product-type-simple"},"_links":{"self":[{"href":"https:\/\/deep-space-astronomy.ch\/de\/wp-json\/wp\/v2\/product\/13326","targetHints":{"allow":["GET"]}}],"collection":[{"href":"https:\/\/deep-space-astronomy.ch\/de\/wp-json\/wp\/v2\/product"}],"about":[{"href":"https:\/\/deep-space-astronomy.ch\/de\/wp-json\/wp\/v2\/types\/product"}],"replies":[{"embeddable":true,"href":"https:\/\/deep-space-astronomy.ch\/de\/wp-json\/wp\/v2\/comments?post=13326"}],"wp:featuredmedia":[{"embeddable":true,"href":"https:\/\/deep-space-astronomy.ch\/de\/wp-json\/wp\/v2\/media\/13327"}],"wp:attachment":[{"href":"https:\/\/deep-space-astronomy.ch\/de\/wp-json\/wp\/v2\/media?parent=13326"}],"wp:term":[{"taxonomy":"product_brand","embeddable":true,"href":"https:\/\/deep-space-astronomy.ch\/de\/wp-json\/wp\/v2\/product_brand?post=13326"},{"taxonomy":"product_cat","embeddable":true,"href":"https:\/\/deep-space-astronomy.ch\/de\/wp-json\/wp\/v2\/product_cat?post=13326"},{"taxonomy":"product_tag","embeddable":true,"href":"https:\/\/deep-space-astronomy.ch\/de\/wp-json\/wp\/v2\/product_tag?post=13326"}],"curies":[{"name":"wp","href":"https:\/\/api.w.org\/{rel}","templated":true}]}}