{"id":13330,"date":"2026-01-31T12:51:26","date_gmt":"2026-01-31T11:51:26","guid":{"rendered":"https:\/\/deep-space-astronomy.ch\/?post_type=product&#038;p=13330"},"modified":"2026-01-31T13:00:02","modified_gmt":"2026-01-31T12:00:02","slug":"sky-watcher-skymax-102s-az-pronto","status":"publish","type":"product","link":"https:\/\/deep-space-astronomy.ch\/de\/produkt\/sky-watcher-skymax-102s-az-pronto\/","title":{"rendered":"Sky-Watcher Skymax 102S AZ Pronto"},"content":{"rendered":"<h2>Sky-Watcher Skymax 102S AZ Pronto - Kompakt, pr\u00e4zise und ideal f\u00fcr Anf\u00e4nger<\/h2>\n<p>Die <strong>Sky-Watcher Skymax 102S AZ Pronto<\/strong> ist ein Teleskop <strong>einfach zu benutzen, ohne Kopfzerbrechen<\/strong>,<br \/>\nperfekt f\u00fcr alle, die ein Instrument suchen <strong>kompakt, leistungsstark und sofort einsatzbereit<\/strong>.<br \/>\nDank seiner Optik vom Typ <strong>Maksutov-Cassegrain<\/strong> mit langer Brennweite zeichnet er sich bei der Beobachtung von<br \/>\n<strong>Monddetails<\/strong>Die <strong>helle Planeten<\/strong> und <strong>Doppelsterne<\/strong>.<\/p>\n<p>Sein kurzes und robustes Format macht es zu einem echten Teleskop <strong>grab-and-go<\/strong>, Leicht zu transportieren, schnell zu installieren<br \/>\nund sehr angenehm zu verwenden, sowohl f\u00fcr Anf\u00e4nger als auch f\u00fcr anspruchsvolle Gelegenheitsbeobachter.<\/p>\n<hr \/>\n<h3>102 mm Maksutov-Optik - Kontrast und feine Details<\/h3>\n<p>Der Skymax 102S basiert auf einer Optik <strong>Maksutov-Cassegrain hochaufl\u00f6send<\/strong>, Die f\u00fcr ihren hervorragenden Kontrast bekannte Farbe<br \/>\nund seine F\u00e4higkeit, feine Details bei hoher Vergr\u00f6\u00dferung zu enth\u00fcllen.<\/p>\n<ul>\n<li><strong>102 mm Durchmesser<\/strong>, also etwa <strong>28 % mehr Licht als ein 90-mm-Film<\/strong><\/li>\n<li>Lange Brennweite von <strong>1300 mm<\/strong>, Die ideale L\u00f6sung f\u00fcr den Planeten<\/li>\n<li>Behandelte Spiegel <strong>Radiant\u2122 Aluminum Quarz (RAQ\u2122)<\/strong> mit bis zu <strong>94 % Reflektivit\u00e4t<\/strong><\/li>\n<\/ul>\n<p>Diese Art von Optik eignet sich besonders f\u00fcr die Beobachtung :<\/p>\n<ul>\n<li>der Krater und Reliefs der <strong>Mond<\/strong><\/li>\n<li>Wolkenb\u00e4nder von <strong>Jupiter<\/strong><\/li>\n<li>der Ringe von <strong>Saturn<\/strong><\/li>\n<li>der <strong>enge Doppelsterne<\/strong><\/li>\n<\/ul>\n<p>Mit einem optionalen Gleichrichterprisma (nicht im Lieferumfang enthalten) kann der Skymax 102S auch f\u00fcr Folgendes verwendet werden<br \/>\n<strong>die terrestrische Beobachtung mit starker Vergr\u00f6\u00dferung<\/strong>.<\/p>\n<hr \/>\n<h3>AZ Pronto-Rahmen - Stabilit\u00e4t und intuitive Steuerung<\/h3>\n<p>Die <strong>alt-azimutale Fassung AZ Pronto<\/strong> passt perfekt zu dieser kompakten R\u00f6hre.<br \/>\nSie bietet eine nat\u00fcrliche und fl\u00fcssige Nutzung ohne komplizierte Stationierung.<\/p>\n<ul>\n<li>feine Bewegungen durch <strong>langsame Einstellkabel<\/strong> in H\u00f6he und Azimut<\/li>\n<li>genaue und komfortable Verfolgung von Objekten<\/li>\n<li>stabiles Aluminiumstativ mit <strong>Zubeh\u00f6rtablett<\/strong><\/li>\n<\/ul>\n<p>Eine ausgezeichnete Wahl, um zu lernen, sich am Himmel zurechtzufinden, und dabei gleichzeitig einen hohen Beobachtungskomfort zu bewahren.<\/p>\n<hr \/>\n<h3>Einfaches Fotografieren mit dem Smartphone<\/h3>\n<p>Der Skymax 102S wird mit einem <strong>Universaladapter f\u00fcr Smartphones<\/strong> (Breite 54 bis 90 mm),<br \/>\nmit dem man ohne komplizierte Ausr\u00fcstung ganz einfach Bilder vom Mond und den Planeten aufnehmen kann.<\/p>\n<p>Eine ideale L\u00f6sung, um Erinnerungen an Ihre Beobachtungen festzuhalten oder Ihre Entdeckungen mit anderen zu teilen.<\/p>\n<hr \/>\n<h3>Technische Daten<\/h3>\n<table border=\"1\" cellspacing=\"0\" cellpadding=\"6\">\n<tbody>\n<tr>\n<td><strong>Optischer Typ<\/strong><\/td>\n<td>Maksutov-Cassegrain<\/td>\n<\/tr>\n<tr>\n<td><strong>Durchmesser<\/strong><\/td>\n<td>102 mm<\/td>\n<\/tr>\n<tr>\n<td><strong>Brennweite<\/strong><\/td>\n<td>1300 mm<\/td>\n<\/tr>\n<tr>\n<td><strong>Fokusbericht<\/strong><\/td>\n<td>f\/12.74<\/td>\n<\/tr>\n<tr>\n<td><strong>Optische Verarbeitung<\/strong><\/td>\n<td>RAQ\u2122 - bis zu 94 % Reflektivit\u00e4t<\/td>\n<\/tr>\n<tr>\n<td><strong>Mitgelieferte Vergr\u00f6\u00dferungen<\/strong><\/td>\n<td>65\u00d7 und 130\u00d7<\/td>\n<\/tr>\n<tr>\n<td><strong>Maximal nutzbare Vergr\u00f6\u00dferung<\/strong><\/td>\n<td>204\u00d7<\/td>\n<\/tr>\n<tr>\n<td><strong>Okulare<\/strong><\/td>\n<td>10 mm &amp; 20 mm (1,25\u2033)<\/td>\n<\/tr>\n<tr>\n<td><strong>Forscher<\/strong><\/td>\n<td>Roter Punkt<\/td>\n<\/tr>\n<tr>\n<td><strong>Abgewinkelte Umlenkung<\/strong><\/td>\n<td>90\u00b0 - 1,25\u2033<\/td>\n<\/tr>\n<\/tbody>\n<\/table>\n<hr \/>\n<h3>Montierung und Stativ<\/h3>\n<table border=\"1\" cellspacing=\"0\" cellpadding=\"6\">\n<tbody>\n<tr>\n<td><strong>Art der Fassung<\/strong><\/td>\n<td>AZ Pronto Alt-Azimuth<\/td>\n<\/tr>\n<tr>\n<td><strong>Bewegungsbereich<\/strong><\/td>\n<td>360\u00b0 (Azimut), -70\u00b0 bis +90\u00b0 (H\u00f6he)<\/td>\n<\/tr>\n<tr>\n<td><strong>Befehle<\/strong><\/td>\n<td>Slow-Motion-Kabel auf beiden Achsen<\/td>\n<\/tr>\n<tr>\n<td><strong>Stativ<\/strong><\/td>\n<td>Aluminium mit Zubeh\u00f6rablage<\/td>\n<\/tr>\n<\/tbody>\n<\/table>\n<hr \/>\n<h3>Warum sollten Sie sich f\u00fcr den Sky-Watcher Skymax 102S AZ Pronto entscheiden?<\/h3>\n<ul>\n<li>Kompaktes, kontrastreiches Teleskop<\/li>\n<li>Hervorragend geeignet f\u00fcr den Mond, Planeten und Doppelsterne<\/li>\n<li>Einfaches, stabiles und intuitives Gestell<\/li>\n<li>Ideal f\u00fcr frustfreie Anf\u00e4nge<\/li>\n<li>Kompatibel mit Smartphone-Fotografie<\/li>\n<\/ul>\n<p>Die <strong>Sky-Watcher Skymax 102S AZ Pronto<\/strong> ist ein zuverl\u00e4ssiges, pr\u00e4zises und leicht zu handhabendes Instrument,<br \/>\nperfekt, um die visuelle Astronomie unter ausgezeichneten Bedingungen und ohne unn\u00f6tige Komplexit\u00e4t zu entdecken.<\/p>","protected":false},"excerpt":{"rendered":"<p>Sky-Watcher Skymax 102S AZ Pronto \u2013 Compact, pr\u00e9cis et id\u00e9al pour d\u00e9buter Le Sky-Watcher Skymax 102S AZ Pronto est un t\u00e9lescope simple \u00e0 utiliser, sans prise de t\u00eate, parfait pour celles et ceux qui recherchent un instrument compact, performant et imm\u00e9diatement op\u00e9rationnel. Gr\u00e2ce \u00e0 son optique de type Maksutov-Cassegrain \u00e0 longue focale, il excelle dans [&hellip;]<\/p>\n","protected":false},"featured_media":13332,"comment_status":"open","ping_status":"closed","template":"","meta":[],"product_brand":[822],"product_cat":[815,752,392],"product_tag":[],"class_list":{"0":"post-13330","1":"product","2":"type-product","3":"status-publish","4":"has-post-thumbnail","6":"product_brand-sky-watcher","7":"product_cat-debutants","8":"product_cat-maksutov-cassegrain","9":"product_cat-telescopes_reflecteurs","11":"first","12":"on_supplier","13":"taxable","14":"shipping-taxable","15":"purchasable","16":"product-type-simple"},"_links":{"self":[{"href":"https:\/\/deep-space-astronomy.ch\/de\/wp-json\/wp\/v2\/product\/13330","targetHints":{"allow":["GET"]}}],"collection":[{"href":"https:\/\/deep-space-astronomy.ch\/de\/wp-json\/wp\/v2\/product"}],"about":[{"href":"https:\/\/deep-space-astronomy.ch\/de\/wp-json\/wp\/v2\/types\/product"}],"replies":[{"embeddable":true,"href":"https:\/\/deep-space-astronomy.ch\/de\/wp-json\/wp\/v2\/comments?post=13330"}],"wp:featuredmedia":[{"embeddable":true,"href":"https:\/\/deep-space-astronomy.ch\/de\/wp-json\/wp\/v2\/media\/13332"}],"wp:attachment":[{"href":"https:\/\/deep-space-astronomy.ch\/de\/wp-json\/wp\/v2\/media?parent=13330"}],"wp:term":[{"taxonomy":"product_brand","embeddable":true,"href":"https:\/\/deep-space-astronomy.ch\/de\/wp-json\/wp\/v2\/product_brand?post=13330"},{"taxonomy":"product_cat","embeddable":true,"href":"https:\/\/deep-space-astronomy.ch\/de\/wp-json\/wp\/v2\/product_cat?post=13330"},{"taxonomy":"product_tag","embeddable":true,"href":"https:\/\/deep-space-astronomy.ch\/de\/wp-json\/wp\/v2\/product_tag?post=13330"}],"curies":[{"name":"wp","href":"https:\/\/api.w.org\/{rel}","templated":true}]}}