{"id":13351,"date":"2026-02-01T18:22:09","date_gmt":"2026-02-01T17:22:09","guid":{"rendered":"https:\/\/deep-space-astronomy.ch\/?post_type=product&#038;p=13351"},"modified":"2026-02-01T18:22:23","modified_gmt":"2026-02-01T17:22:23","slug":"sky-watcher-startravel-102-az-go2","status":"publish","type":"product","link":"https:\/\/deep-space-astronomy.ch\/de\/produkt\/sky-watcher-startravel-102-az-go2\/","title":{"rendered":"Sky-Watcher STARTRAVEL-102 (AZ-GO2)"},"content":{"rendered":"<h3>Sky-Watcher STARTRAVEL 102 AZ-Go2 WiFi (SynScan) - GoTo-Brille mit Smartphone steuerbar<\/h3>\n<p>Die <strong>Sky-Watcher STARTRAVEL-102 (AZ-Go2)<\/strong> ist ein achromatisches Fernrohr <strong>102 mm<\/strong> ultra-transportabel, konzipiert f\u00fcr die \u00abRich-Field\u00bb-Beobachtung\u00bb<br \/>\n(gro\u00dfes Feld) und f\u00fcr eine einfache Bedienung durch den <strong>drahtlose Steuerung<\/strong>. Das Gestell <strong>AZ-Go2<\/strong> integriert einen <strong>Wi-Fi-Modul<\/strong> der seinen<br \/>\n<strong>eigenes Netzwerk<\/strong> : Sie steuern das Teleskop <strong>irgendwo<\/strong>, Sie sind nicht auf eine Box, ein \u00f6ffentliches Wi-Fi oder ein Mobilfunknetz angewiesen.<br \/>\nVon Ihrem <strong>Smartphone<\/strong> oder <strong>Tablet<\/strong>, die kostenlose Anwendung <strong>SynScan<\/strong> (iOS \/ Android) f\u00fchrt Sie: Geben Sie Ihre Kontaktdaten ein, f\u00fchren Sie eine Ausrichtung durch<br \/>\nsehr einfach und erkunden Sie dann den Himmel \u00fcber ein intuitives Touchmen\u00fc.<\/p>\n<p>Die Kombination <strong>AZ-Go2 + SynScan<\/strong> bietet einen <strong>vollst\u00e4ndig computergest\u00fctzte Go-To-Kontrolle<\/strong> : Das Reittier zeigt automatisch auf einen der<br \/>\n<strong>10.000+ Gegenst\u00e4nde<\/strong> aus der SynScan-Datenbank (Messier-, NGC-, IC-, Caldwell-Kataloge, benannte Objekte, benannte Sterne, Doppelsterne und Objekte des Sonnensystems).<br \/>\nUm noch einen Schritt weiter zu gehen, kann die Montierung auch mit <strong>Planetariumsanwendungen<\/strong> kompatible (z. B. SkySafari Plus\/Pro, weitere folgen) und eine<br \/>\n<strong>ASCOM-Kompatibilit\u00e4t<\/strong> f\u00fcr Windows.<\/p>\n<p>Optisch ist der STARTRAVEL-102 ein <strong>achromatisches Fernrohr<\/strong> \u00e0 <strong>2 Elemente<\/strong> <strong>Luftabstand<\/strong>, mit Behandlung <strong>vollst\u00e4ndig mehrfach liegend<\/strong>.<br \/>\nSeine kurze Brennweite von <strong>500 mm<\/strong> (Er\u00f6ffnung <strong>f\/4,9<\/strong>) macht sie zu einer hervorragenden Option f\u00fcr <strong>Sternenfelder<\/strong>, <strong>Cluster<\/strong>, <strong>Nebel<\/strong>,<br \/>\n<strong>helle Galaxien<\/strong>, sondern auch die <strong>Planeten<\/strong> und die <strong>Mond<\/strong>. Die Beobachtung des <strong>Sonne<\/strong> ist m\u00f6glich <strong>nur mit einem geeigneten und sicheren Sonnenfilter<\/strong><br \/>\n(nicht im Lieferumfang enthalten) - Solarsicherheit ist unerl\u00e4sslich.<\/p>\n<p>Um Ihre Erinnerungen festzuhalten, enth\u00e4lt das Paket einen <strong>universeller Fotoadapter f\u00fcr Smartphones<\/strong> : Machen Sie ganz einfach Bilder vom Mond, von hellen Planeten<br \/>\noder Gro\u00dffeldszenen direkt mit Ihrem Telefon.<\/p>\n<h3>Starke Punkte<\/h3>\n<ul>\n<li><strong>Go-To WiFi<\/strong> : drahtlose Steuerung \u00fcber die kostenlose App <strong>SynScan<\/strong> (iOS \/ Android).<\/li>\n<li><strong>Integriertes Wi-Fi-Netzwerk<\/strong> : Das Reittier schafft ein eigenes Netzwerk, das \u00fcberall genutzt werden kann.<\/li>\n<li><strong>Datenbank 10.000+ Objekte<\/strong> + Unterst\u00fctzungsfunktionen (Tonight's Best-Touren, Identifikation, Benutzerobjekte usw.).<\/li>\n<li><strong>Gro\u00dfes Feld<\/strong> : 102 mm L\u00fcnette bei <strong>f\/4,9<\/strong> ideal f\u00fcr Kometen, Sternhaufen, Nebel und Sternfelder.<\/li>\n<li><strong>Doppelte Achse<\/strong> : verfolgt auf <strong>2 Achsen<\/strong>, Die meisten Sch\u00fclerinnen und Sch\u00fcler sind in der Lage, die Geschwindigkeit, den Mond-, Sonnen- und Sideralmodus zu nutzen.<\/li>\n<li><strong>Smartphone-Adapter enthalten<\/strong> f\u00fcr die Bildgebung am Telefon.<\/li>\n<li><strong>Dreibeiniges Stativ aus Edelstahl<\/strong> einstellbar mit <strong>Zubeh\u00f6rtablett<\/strong>.<\/li>\n<\/ul>\n<h3>Optik &amp; Leistung<\/h3>\n<ul>\n<li><strong>Typ<\/strong> : Achromatisches Fernrohr (Refraktor) 2 Elemente, luftspaced, voll multi-couch\u00e9.<\/li>\n<li><strong>Durchmesser<\/strong> : 102 mm<\/li>\n<li><strong>Brennweite<\/strong> : 500 mm<\/li>\n<li><strong>Er\u00f6ffnung<\/strong> : f\/4,9<\/li>\n<li><strong>Vergr\u00f6\u00dferungen mit mitgeliefertem Zubeh\u00f6r<\/strong> : x25 und x50<\/li>\n<li><strong>Maximale praktische Vergr\u00f6\u00dferung (Potenzial)<\/strong> : x204<\/li>\n<li><strong>Nutzungen<\/strong> : Kometen, Sternfelder, Sternhaufen, Nebel, helle Galaxien, Mond, Planeten; Sonne <em>mit passendem Filter<\/em>.<\/li>\n<\/ul>\n<h3>AZ-Go2 WiFi-Montierung &amp; SynScan-Anwendung<\/h3>\n<ul>\n<li><strong>Art der Fassung<\/strong> : Alt-Azimuth Go-To <strong>AZ-Go2 WiFi<\/strong><\/li>\n<li><strong>Nachverfolgungsmodus<\/strong> : <strong>Dual Axis Tracking<\/strong> (Verfolgung auf 2 Achsen)<\/li>\n<li><strong>Motor<\/strong> : DC Servo Motor<\/li>\n<li><strong>Geschwindigkeiten (slewing)<\/strong> : 1.0x, 8.0x, 16x, 32x, 64x, 128x, 400x, 800x<\/li>\n<li><strong>Folgegeschwindigkeiten<\/strong> : Seitenlinie, Mondlinie, Sonnenlinie, Sonnenfolge ohne Ausrichtung<\/li>\n<li><strong>SynScan-Ausrichtungsmethoden<\/strong> : Brightest Star Alignment, North-Level Alignment<\/li>\n<li><strong>SynScan-Funktionen<\/strong> : Tonight's Best Sky Tour, Point and Go (Mobilger\u00e4t), Objektidentifikation, Fernsteuerung \u00fcber das Internet,<br \/>\nbenutzerdefinierte Objekte, Verbesserung der Zeigegenauigkeit (PAE)<\/li>\n<li><strong>SynScan-Datenbank<\/strong> :\n<ul>\n<li>Insgesamt : <strong>10.000+ Gegenst\u00e4nde<\/strong><\/li>\n<li>Deep-Sky-Objekte : <strong>10 759<\/strong> (Messier, NGC, IC, Caldwell, DSOs benannt)<\/li>\n<li>Nominierte Sterne : <strong>305<\/strong><\/li>\n<li>Doppelsterne : <strong>55<\/strong><\/li>\n<li>Sonnensystem : <strong>7 Planeten<\/strong> + Sonne + Mond<\/li>\n<li>Unbegrenzte Objekte \u00fcber kompatible Drittanbieter-Planetariumssoftware<\/li>\n<\/ul>\n<\/li>\n<li><strong>Kontrolle<\/strong> : kostenlose SynScan-App (iOS\/Android) oder <strong>SynScan-Schl\u00e4ger<\/strong> (optional, separat erh\u00e4ltlich)<\/li>\n<li><strong>Anschl\u00fcsse<\/strong> : SynScan-Racket-Anschluss, integriertes Wi-Fi-Modul<\/li>\n<li><strong>Kompatibilit\u00e4t<\/strong> : Plattform <strong>ASCOM<\/strong> (Windows), mobile iOS\/Android-Planetariums-Apps (z. B. SkySafari Plus\/Pro)<\/li>\n<li><strong>Schwalbenschwanz<\/strong> : Satteltyp <strong>Sky-Watcher \/ Vixen<\/strong> 45 mm<\/li>\n<\/ul>\n<h3>Inklusive Zubeh\u00f6r<\/h3>\n<ul>\n<li>2 Okulare <strong>1,25\u2033<\/strong> : <strong>10 mm<\/strong> und <strong>20 mm<\/strong> (Foto\/Video)<\/li>\n<li><strong>Forscher<\/strong> roter Punkt<\/li>\n<li><strong>Abgewinkelte Umlenkung 90\u00b0<\/strong> (1,25\u2033)<\/li>\n<li><strong>Universeller Smartphone-Fotoadapter<\/strong> (akzeptierte Breite : <strong>54 bis 90 mm<\/strong>)<\/li>\n<li><strong>Stativ<\/strong> Edelstahl verstellbar mit <strong>Zubeh\u00f6rtablett<\/strong><\/li>\n<\/ul>\n<h3>Ern\u00e4hrung<\/h3>\n<ul>\n<li><strong>Batterien<\/strong> : 8 \u00d7 AA (nicht im Lieferumfang enthalten)<\/li>\n<li><strong>Externe Stromversorgung<\/strong> : 12 V \/ 1 A, <strong>positiver Tipp<\/strong><\/li>\n<\/ul>\n<h3>Technische Daten<\/h3>\n<table>\n<tbody>\n<tr>\n<td><strong>Durchmesser<\/strong><\/td>\n<td>102 mm<\/td>\n<\/tr>\n<tr>\n<td><strong>Brennweite<\/strong><\/td>\n<td>500 mm<\/td>\n<\/tr>\n<tr>\n<td><strong>Er\u00f6ffnung<\/strong><\/td>\n<td>f\/4,9<\/td>\n<\/tr>\n<tr>\n<td><strong>Mitgelieferte Vergr\u00f6\u00dferungen<\/strong><\/td>\n<td>x25 und x50<\/td>\n<\/tr>\n<tr>\n<td><strong>Max. praktische Vergr\u00f6\u00dferung (Potenzial)<\/strong><\/td>\n<td>x204<\/td>\n<\/tr>\n<tr>\n<td><strong>Rahmen<\/strong><\/td>\n<td>AZ-Go2 WiFi Go-To Alt-Az<\/td>\n<\/tr>\n<tr>\n<td><strong>Folge<\/strong><\/td>\n<td>Dual Axis Tracking<\/td>\n<\/tr>\n<tr>\n<td><strong>Motor<\/strong><\/td>\n<td>DC Servo Motor<\/td>\n<\/tr>\n<tr>\n<td><strong>Slewing-Geschwindigkeiten<\/strong><\/td>\n<td>1.0x, 8.0x, 16x, 32x, 64x, 128x, 400x, 800x<\/td>\n<\/tr>\n<tr>\n<td><strong>Folgegeschwindigkeiten<\/strong><\/td>\n<td>Siderisch, lunar, solar, Sonnennachf\u00fchrung ohne Ausrichtung<\/td>\n<\/tr>\n<tr>\n<td><strong>SynScan-Ausrichtung<\/strong><\/td>\n<td>Brightest Star Alignment, North-Level Alignment<\/td>\n<\/tr>\n<tr>\n<td><strong>Datenbank<\/strong><\/td>\n<td>10.000+ Objekte (DSO, Sterne, Doppelg\u00e4nger, Sonnensystem)<\/td>\n<\/tr>\n<tr>\n<td><strong>Okulare<\/strong><\/td>\n<td>10 mm &amp; 20 mm (1,25\u2033)<\/td>\n<\/tr>\n<tr>\n<td><strong>Forscher<\/strong><\/td>\n<td>Roter Punkt<\/td>\n<\/tr>\n<tr>\n<td><strong>Abgewinkelte Umlenkung<\/strong><\/td>\n<td>90\u00b0 (1,25\u2033)<\/td>\n<\/tr>\n<tr>\n<td><strong>Smartphone-Adapter<\/strong><\/td>\n<td>Universell, Breite 54-90 mm<\/td>\n<\/tr>\n<tr>\n<td><strong>Schwalbenschwanz<\/strong><\/td>\n<td>Sky-Watcher\/Vixen-Sattel 45 mm<\/td>\n<\/tr>\n<tr>\n<td><strong>Schnittstelle<\/strong><\/td>\n<td>SynScan-Racket-Anschluss, integriertes Wi-Fi<\/td>\n<\/tr>\n<tr>\n<td><strong>Kompatibilit\u00e4t<\/strong><\/td>\n<td>ASCOM Windows, iOS\/Android-Planetarium-Apps (SkySafari Plus\/Pro, etc.)<\/td>\n<\/tr>\n<tr>\n<td><strong>Stativ<\/strong><\/td>\n<td>Edelstahl verstellbar + Ablage Zubeh\u00f6r<\/td>\n<\/tr>\n<tr>\n<td><strong>Ern\u00e4hrung<\/strong><\/td>\n<td>8\u00d7AA (nicht im Lieferumfang enthalten) oder 12 V \/ 1 A (tip positiv)<\/td>\n<\/tr>\n<\/tbody>\n<\/table>\n<p><strong>Tipp zur Verwendung :<\/strong> f\u00fcr die Sonnenbeobachtung verwenden Sie ausschlie\u00dflich ein <strong>Sonnenfilter<\/strong> zertifiziert und f\u00fcr den Durchmesser des Instruments geeignet.<br \/>\nBeobachten Sie die Sonne nie ungesch\u00fctzt.<\/p>","protected":false},"excerpt":{"rendered":"<p>Sky-Watcher STARTRAVEL 102 AZ-Go2 WiFi (SynScan) \u2014 lunette GoTo pilotable au smartphone La Sky-Watcher STARTRAVEL-102 (AZ-Go2) est une lunette achromatique 102 mm ultra transportable, pens\u00e9e pour l\u2019observation \u00ab rich-field \u00bb (grand champ) et pour une utilisation simple gr\u00e2ce au pilotage sans fil. La monture AZ-Go2 int\u00e8gre un module Wi-Fi qui cr\u00e9e son propre r\u00e9seau : [&hellip;]<\/p>\n","protected":false},"featured_media":13352,"comment_status":"open","ping_status":"closed","template":"","meta":[],"product_brand":[822],"product_cat":[754],"product_tag":[],"class_list":{"0":"post-13351","1":"product","2":"type-product","3":"status-publish","4":"has-post-thumbnail","6":"product_brand-sky-watcher","7":"product_cat-lunettes-achromatiques","9":"first","10":"on_supplier","11":"taxable","12":"shipping-taxable","13":"purchasable","14":"product-type-simple"},"_links":{"self":[{"href":"https:\/\/deep-space-astronomy.ch\/de\/wp-json\/wp\/v2\/product\/13351","targetHints":{"allow":["GET"]}}],"collection":[{"href":"https:\/\/deep-space-astronomy.ch\/de\/wp-json\/wp\/v2\/product"}],"about":[{"href":"https:\/\/deep-space-astronomy.ch\/de\/wp-json\/wp\/v2\/types\/product"}],"replies":[{"embeddable":true,"href":"https:\/\/deep-space-astronomy.ch\/de\/wp-json\/wp\/v2\/comments?post=13351"}],"wp:featuredmedia":[{"embeddable":true,"href":"https:\/\/deep-space-astronomy.ch\/de\/wp-json\/wp\/v2\/media\/13352"}],"wp:attachment":[{"href":"https:\/\/deep-space-astronomy.ch\/de\/wp-json\/wp\/v2\/media?parent=13351"}],"wp:term":[{"taxonomy":"product_brand","embeddable":true,"href":"https:\/\/deep-space-astronomy.ch\/de\/wp-json\/wp\/v2\/product_brand?post=13351"},{"taxonomy":"product_cat","embeddable":true,"href":"https:\/\/deep-space-astronomy.ch\/de\/wp-json\/wp\/v2\/product_cat?post=13351"},{"taxonomy":"product_tag","embeddable":true,"href":"https:\/\/deep-space-astronomy.ch\/de\/wp-json\/wp\/v2\/product_tag?post=13351"}],"curies":[{"name":"wp","href":"https:\/\/api.w.org\/{rel}","templated":true}]}}