{"id":13354,"date":"2026-02-01T18:24:51","date_gmt":"2026-02-01T17:24:51","guid":{"rendered":"https:\/\/deep-space-astronomy.ch\/?post_type=product&#038;p=13354"},"modified":"2026-04-22T01:05:46","modified_gmt":"2026-04-21T23:05:46","slug":"sky-watcher-explorer-130p-az-go2-wifi","status":"publish","type":"product","link":"https:\/\/deep-space-astronomy.ch\/de\/produkt\/sky-watcher-explorer-130p-az-go2-wifi\/","title":{"rendered":"Sky-Watcher EXPLORER 130P AZ-Go2 WiFi"},"content":{"rendered":"<h3>Sky-Watcher EXPLORER 130P AZ-Go2 WiFi - Newton GoTo-Teleskop, das mit dem Smartphone gesteuert werden kann<\/h3>\n<p>Die <strong>Sky-Watcher EXPLORER 130P AZ-Go2 WiFi<\/strong>\u00a0ist ein Newton-Teleskop <strong>130 mm<\/strong> kompakt und leistungsstark, entworfen, um<br \/>\n<strong>drahtlos gesteuert<\/strong> seit einem <strong>Smartphone<\/strong> oder eine <strong>Tablet<\/strong> dank der kostenlosen App<br \/>\n<strong>SynScan<\/strong> (iOS \/ Android). Das Gestell <strong>AZ-Go2<\/strong> integriert einen <strong>Wi-Fi-Modul<\/strong> der seinen<br \/>\n<strong>eigenes Netzwerk<\/strong>, Die Wi-Fi-Funktion erm\u00f6glicht eine v\u00f6llig unabh\u00e4ngige Nutzung, ohne auf ein externes Wi-Fi-Netzwerk angewiesen zu sein.<br \/>\noder einer mobilen Verbindung.<\/p>\n<p>Nachdem Sie Ihre Kontaktdaten in die Anwendung eingegeben und ein einfaches und schnelles Ausrichtungsverfahren durchgef\u00fchrt haben,<br \/>\nsind Sie bereit, den Himmel \u00fcber eine klare und intuitive Touchscreen-Schnittstelle zu erkunden. Das System <strong>AZ-Go2 + SynScan<\/strong><br \/>\nbietet einen <strong>vollst\u00e4ndig computergest\u00fctzte Go-To-Kontrolle<\/strong> : Das Teleskop bewegt sich automatisch zu einem der<br \/>\n<strong>10.000+ Himmelsobjekte<\/strong> der umfangreichen SynScan-Datenbank.<\/p>\n<p>Mit seinem <strong>parabolischer 130-mm-Prim\u00e4rspiegel<\/strong> und seine Brennweite von <strong>650 mm<\/strong> (<strong>f\/5<\/strong>), der EXPLORER-130P<br \/>\nist ein ausgezeichneter <strong>vielseitiges Instrument<\/strong>. Er bietet eine sehr sch\u00f6ne Helligkeit und eine ansehnliche Aufl\u00f6sung.<br \/>\nf\u00fcr die Beobachtung der <strong>Mond<\/strong>Die <strong>helle Planeten<\/strong>Die <strong>Sternhaufen<\/strong>Die<br \/>\n<strong>Nebel<\/strong> und viele <strong>Galaxien<\/strong>. Seine leistungsf\u00e4hige Optik macht ihn zur idealen Wahl f\u00fcr<br \/>\nernsthaft anfangen, aber immer noch viel Spielraum f\u00fcr Verbesserungen haben.<\/p>\n<p>Der Prim\u00e4r- und der Sekund\u00e4rspiegel profitieren von der Behandlung <strong>Radiant\u2122 Aluminum Quarz (RAQ\u2122)<\/strong>,<br \/>\nsichert bis zu <strong>94 % Reflektivit\u00e4t<\/strong> mit ausgezeichneter Haltbarkeit und langzeitstabiler Leistung.<br \/>\nUm Ihre Beobachtungen festzuhalten, ist ein <strong>universeller Fotoadapter f\u00fcr Smartphones<\/strong> enthalten ist,<br \/>\nmit dem Sie den Mond, helle Planeten oder bestimmte Deep-Sky-Objekte leicht einfangen k\u00f6nnen.<\/p>\n<h3>Starke Punkte<\/h3>\n<ul>\n<li><strong>Go-To WiFi<\/strong> : drahtlose Steuerung \u00fcber die kostenlose App <strong>SynScan<\/strong> (iOS \/ Android).<\/li>\n<li><strong>Integriertes Wi-Fi-Netzwerk<\/strong> : autonomer Betrieb, \u00fcberall einsetzbar.<\/li>\n<li><strong>130 mm Parabolspiegel<\/strong> mit Behandlung <strong>RAQ\u2122<\/strong> (bis zu 94 % Reflexionsverm\u00f6gen).<\/li>\n<li><strong>Au\u00dfergew\u00f6hnliche Vielseitigkeit<\/strong> : Mond, Planeten, Sternhaufen, Nebel und Galaxien.<\/li>\n<li><strong>Datenbank 10.000+ Objekte<\/strong> mit erweiterten Funktionen zur Unterst\u00fctzung der Beobachtung.<\/li>\n<li><strong>Doppelachsige Verfolgung<\/strong> und mehrere Geschwindigkeiten f\u00fcr genaues Zielen.<\/li>\n<li><strong>Smartphone-Adapter enthalten<\/strong> f\u00fcr die Astrofotografie am Telefon.<\/li>\n<li><strong>Verstellbares Edelstahl-Stativ<\/strong> mit Zubeh\u00f6rtablett.<\/li>\n<\/ul>\n<h3>Optik &amp; Leistung<\/h3>\n<ul>\n<li><strong>Typ<\/strong> : Newton-Teleskop mit parabolischem Spiegel<\/li>\n<li><strong>Durchmesser des Hauptspiegels<\/strong> : 130 mm<\/li>\n<li><strong>Brennweite<\/strong> : 650 mm<\/li>\n<li><strong>Er\u00f6ffnung<\/strong> : f\/5<\/li>\n<li><strong>Optische Verarbeitung<\/strong> : Radiant\u2122 Aluminum Quartz (RAQ\u2122), bis zu 94 % Reflexionsverm\u00f6gen<\/li>\n<li><strong>Vergr\u00f6\u00dferungen mit mitgeliefertem Zubeh\u00f6r<\/strong> : x32,5 und x65<\/li>\n<li><strong>Maximale praktische Vergr\u00f6\u00dferung (Potenzial)<\/strong> : x260<\/li>\n<\/ul>\n<h3>AZ-Go2 WiFi-Montierung &amp; SynScan-Anwendung<\/h3>\n<ul>\n<li><strong>Art der Fassung<\/strong> : Alt-Azimuth Go-To <strong>AZ-Go2 WiFi<\/strong><\/li>\n<li><strong>Nachverfolgungsmodus<\/strong> : <strong>Dual Axis Tracking<\/strong> (Doppelachse)<\/li>\n<li><strong>Motor<\/strong> : DC Servo Motor<\/li>\n<li><strong>Reisegeschwindigkeiten<\/strong> : 1.0x, 8.0x, 16x, 32x, 64x, 128x, 400x, 800x<\/li>\n<li><strong>Folgegeschwindigkeiten<\/strong> : Seitenlinie, Mondlinie, Sonnenlinie, Sonnennachf\u00fchrung ohne Ausrichtung<\/li>\n<li><strong>Methoden der Ausrichtung<\/strong> : Brightest Star Alignment, North-Level Alignment<\/li>\n<li><strong>SynScan-Funktionen<\/strong> : Tonight's Best Sky Tour, Point and Go, Identifizierung von Objekten,<br \/>\nFernsteuerung \u00fcber das Internet, benutzerdefinierte Objekte, Verbesserung der Zeigegenauigkeit (PAE)<\/li>\n<li><strong>Datenbank<\/strong> :\n<ul>\n<li>Insgesamt : <strong>10.000+ Gegenst\u00e4nde<\/strong><\/li>\n<li>Deep-Sky-Objekte : <strong>10 759<\/strong> (Messier, NGC, IC, Caldwell, benannte Objekte)<\/li>\n<li>Nominierte Sterne : <strong>305<\/strong><\/li>\n<li>Doppelsterne : <strong>55<\/strong><\/li>\n<li>Sonnensystem : <strong>7 Planeten<\/strong> + Sonne + Mond<\/li>\n<li>Unbegrenzte Objekte \u00fcber kompatible Planetariumssoftware von Drittanbietern<\/li>\n<\/ul>\n<\/li>\n<li><strong>Kontrolle<\/strong> : kostenlose SynScan-Anwendung oder <strong>SynScan-Schl\u00e4ger<\/strong> (optional)<\/li>\n<li><strong>Anschl\u00fcsse<\/strong> : SynScan-Racket-Anschluss, integriertes Wi-Fi-Modul<\/li>\n<li><strong>Kompatibilit\u00e4t<\/strong> : ASCOM (Windows), Planetarium-Apps iOS \/ Android<br \/>\n(SkySafari Plus \/ Pro, und weitere folgen)<\/li>\n<li><strong>Schwalbenschwanz<\/strong> : Satteltyp <strong>Sky-Watcher \/ Vixen<\/strong> 45 mm<\/li>\n<\/ul>\n<h3>Inklusive Zubeh\u00f6r<\/h3>\n<ul>\n<li>2 Okulare <strong>1,25\u2033<\/strong> : <strong>10 mm<\/strong> und <strong>20 mm<\/strong> (Foto \/ visuell)<\/li>\n<li><strong>Forscher<\/strong> roter Punkt<\/li>\n<li><strong>Universeller Smartphone-Fotoadapter<\/strong> (akzeptierte Breite : <strong>54 bis 90 mm<\/strong>)<\/li>\n<li><strong>Stativ<\/strong> Edelstahl verstellbar mit <strong>Zubeh\u00f6rtablett<\/strong><\/li>\n<\/ul>\n<h3>Ern\u00e4hrung<\/h3>\n<ul>\n<li><strong>Batterien<\/strong> : 8 \u00d7 AA (nicht im Lieferumfang enthalten)<\/li>\n<li><strong>Externe Stromversorgung<\/strong> : 12 V \/ 1 A, <strong>positiver Tipp<\/strong><\/li>\n<\/ul>\n<h3>Technische Daten<\/h3>\n<table>\n<tbody>\n<tr>\n<td><strong>Optischer Typ<\/strong><\/td>\n<td>Parabolischer Newton<\/td>\n<\/tr>\n<tr>\n<td><strong>Durchmesser<\/strong><\/td>\n<td>130 mm<\/td>\n<\/tr>\n<tr>\n<td><strong>Brennweite<\/strong><\/td>\n<td>650 mm<\/td>\n<\/tr>\n<tr>\n<td><strong>Er\u00f6ffnung<\/strong><\/td>\n<td>f\/5<\/td>\n<\/tr>\n<tr>\n<td><strong>Behandlung<\/strong><\/td>\n<td>RAQ\u2122 Aluminum Quarz, bis zu 94 %<\/td>\n<\/tr>\n<tr>\n<td><strong>Mitgelieferte Vergr\u00f6\u00dferungen<\/strong><\/td>\n<td>x32,5 und x65<\/td>\n<\/tr>\n<tr>\n<td><strong>Max. praktische Vergr\u00f6\u00dferung<\/strong><\/td>\n<td>x260<\/td>\n<\/tr>\n<tr>\n<td><strong>Rahmen<\/strong><\/td>\n<td>AZ-Go2 WiFi Go-To Alt-Az<\/td>\n<\/tr>\n<tr>\n<td><strong>Folge<\/strong><\/td>\n<td>Dual Axis Tracking (Zweiachsiges Tracking)<\/td>\n<\/tr>\n<tr>\n<td><strong>Motor<\/strong><\/td>\n<td>DC Servo Motor<\/td>\n<\/tr>\n<tr>\n<td><strong>Slewing-Geschwindigkeiten<\/strong><\/td>\n<td>1.0x bis 800x<\/td>\n<\/tr>\n<tr>\n<td><strong>Datenbank<\/strong><\/td>\n<td>10.000+ Gegenst\u00e4nde<\/td>\n<\/tr>\n<tr>\n<td><strong>Okulare<\/strong><\/td>\n<td>10 mm &amp; 20 mm (1,25\u2033)<\/td>\n<\/tr>\n<tr>\n<td><strong>Forscher<\/strong><\/td>\n<td>Roter Punkt<\/td>\n<\/tr>\n<tr>\n<td><strong>Smartphone-Adapter<\/strong><\/td>\n<td>Universal, 54-90 mm<\/td>\n<\/tr>\n<tr>\n<td><strong>Schwalbenschwanz<\/strong><\/td>\n<td>Sky-Watcher \/ Vixen 45 mm<\/td>\n<\/tr>\n<tr>\n<td><strong>Schnittstelle<\/strong><\/td>\n<td>SynScan-Anschluss + integriertes Wi-Fi<\/td>\n<\/tr>\n<tr>\n<td><strong>Kompatibilit\u00e4t<\/strong><\/td>\n<td>ASCOM Windows, Planetarium-Apps iOS \/ Android<\/td>\n<\/tr>\n<tr>\n<td><strong>Stativ<\/strong><\/td>\n<td>Edelstahl verstellbar mit Tablett<\/td>\n<\/tr>\n<tr>\n<td><strong>Ern\u00e4hrung<\/strong><\/td>\n<td>8\u00d7AA oder 12 V \/ 1 A<\/td>\n<\/tr>\n<\/tbody>\n<\/table>","protected":false},"excerpt":{"rendered":"<p>Sky-Watcher EXPLORER 130P AZ-Go2 WiFi \u2014 t\u00e9lescope Newton GoTo pilotable au smartphone Le Sky-Watcher EXPLORER 130P AZ-Go2 WiFi\u00a0est un t\u00e9lescope Newton 130 mm compact et puissant, con\u00e7u pour \u00eatre pilot\u00e9 sans fil depuis un smartphone ou une tablette gr\u00e2ce \u00e0 l\u2019application gratuite SynScan (iOS \/ Android). La monture AZ-Go2 int\u00e8gre un module Wi-Fi qui g\u00e9n\u00e8re [&hellip;]<\/p>\n","protected":false},"featured_media":13355,"comment_status":"open","ping_status":"closed","template":"","meta":[],"product_brand":[822],"product_cat":[816,747,815],"product_tag":[],"class_list":{"0":"post-13354","1":"product","2":"type-product","3":"status-publish","4":"has-post-thumbnail","6":"product_brand-sky-watcher","7":"product_cat-nouveautes","8":"product_cat-newton","9":"product_cat-debutants","11":"first","12":"on_supplier","13":"taxable","14":"shipping-taxable","15":"purchasable","16":"product-type-simple"},"_links":{"self":[{"href":"https:\/\/deep-space-astronomy.ch\/de\/wp-json\/wp\/v2\/product\/13354","targetHints":{"allow":["GET"]}}],"collection":[{"href":"https:\/\/deep-space-astronomy.ch\/de\/wp-json\/wp\/v2\/product"}],"about":[{"href":"https:\/\/deep-space-astronomy.ch\/de\/wp-json\/wp\/v2\/types\/product"}],"replies":[{"embeddable":true,"href":"https:\/\/deep-space-astronomy.ch\/de\/wp-json\/wp\/v2\/comments?post=13354"}],"wp:featuredmedia":[{"embeddable":true,"href":"https:\/\/deep-space-astronomy.ch\/de\/wp-json\/wp\/v2\/media\/13355"}],"wp:attachment":[{"href":"https:\/\/deep-space-astronomy.ch\/de\/wp-json\/wp\/v2\/media?parent=13354"}],"wp:term":[{"taxonomy":"product_brand","embeddable":true,"href":"https:\/\/deep-space-astronomy.ch\/de\/wp-json\/wp\/v2\/product_brand?post=13354"},{"taxonomy":"product_cat","embeddable":true,"href":"https:\/\/deep-space-astronomy.ch\/de\/wp-json\/wp\/v2\/product_cat?post=13354"},{"taxonomy":"product_tag","embeddable":true,"href":"https:\/\/deep-space-astronomy.ch\/de\/wp-json\/wp\/v2\/product_tag?post=13354"}],"curies":[{"name":"wp","href":"https:\/\/api.w.org\/{rel}","templated":true}]}}