{"id":13358,"date":"2026-02-01T18:32:14","date_gmt":"2026-02-01T17:32:14","guid":{"rendered":"https:\/\/deep-space-astronomy.ch\/?post_type=product&#038;p=13358"},"modified":"2026-02-01T18:32:27","modified_gmt":"2026-02-01T17:32:27","slug":"sky-watcher-skymax-127-az-gti-wifi","status":"publish","type":"product","link":"https:\/\/deep-space-astronomy.ch\/de\/produkt\/sky-watcher-skymax-127-az-gti-wifi\/","title":{"rendered":"Sky-Watcher SKYMAX 127 AZ-GTi WiFi"},"content":{"rendered":"<h3>Sky-Watcher SKYMAX 127 AZ-GTi WiFi - Maksutov-Cassegrain GoTo mit Freedom-Find\u2122 Doppel-Encoder<\/h3>\n<blockquote><p>\u00abDies ist ein System, das Spa\u00df macht. Obwohl es eine Option gibt, einen SynScan-Handcontroller anzuschlie\u00dfen, lohnt es sich, die SynScan-App f\u00fcr Ihr Smartphone herunterzuladen, um das Beste aus diesem Setup zu machen. Der SkyMax-127 f\u00fchlt sich an wie die Zukunft der Teleskopsteuerung, sicherlich f\u00fcr jeden, der Technologie liebt und gerade mit der Erkundung des Himmels beginnt.\u00bb<\/p>\n<p><em>BBC Sky at Night Magazine<\/em><\/p><\/blockquote>\n<p>Die <strong>Sky-Watcher SKYMAX-127 (AZ-GTi)<\/strong> ist ein Teleskop <strong>Maksutov-Cassegrain<\/strong> kompakt und leistungsstark,<br \/>\nentworfen, um <strong>drahtlos gesteuert<\/strong> seit einem <strong>Smartphone<\/strong> oder eine <strong>Tablet<\/strong> \u00fcber die kostenlose App<br \/>\n<strong>SynScan<\/strong> (iOS \/ Android). Das Gestell <strong>AZ-GTi<\/strong> integriert einen <strong>Wi-Fi-Modul<\/strong> der seinen<br \/>\n<strong>eigenes Netzwerk<\/strong>, Die Wi-Fi-Funktion erm\u00f6glicht eine v\u00f6llig unabh\u00e4ngige Nutzung, ohne auf ein externes Wi-Fi-Netzwerk angewiesen zu sein.<br \/>\nnoch eine mobile Verbindung.<\/p>\n<p>Nachdem Sie Ihre Daten in die Anwendung eingegeben und einen einfachen und schnellen Abgleich durchgef\u00fchrt haben,<br \/>\nhaben Sie Zugang zu einer intuitiven Touchscreen-Schnittstelle, mit der Sie den Himmel erkunden k\u00f6nnen. Das System <strong>AZ-GTi + SynScan<\/strong><br \/>\nbietet einen <strong>vollst\u00e4ndig computergest\u00fctzte Go-To-Kontrolle<\/strong>, Das Teleskop richtet sich automatisch aus<br \/>\neiner der <strong>10.000+ Himmelsobjekte<\/strong> der umfangreichen SynScan-Datenbank.<\/p>\n<p>Der AZ-GTi-Rahmen verf\u00fcgt \u00fcber die patentierte Technologie <strong>Freedom-Find\u2122 Dual-Encoder<\/strong>, ...ein gro\u00dfer Vorteil:<br \/>\nk\u00f6nnen Sie <strong>das Teleskop manuell in beiden Achsen bewegen<\/strong> zu jeder Zeit,<br \/>\n<strong>ohne Verlust der Ausrichtung oder der Positionsinformationen<\/strong>. Diese Freiheit bringt einen au\u00dfergew\u00f6hnlichen Komfort mit sich,<br \/>\ngro\u00dfe Flexibilit\u00e4t und echte Fl\u00fcssigkeit w\u00e4hrend der Beobachtungssitzungen, insbesondere f\u00fcr Anf\u00e4nger<br \/>\nwie f\u00fcr erfahrene Beobachter.<\/p>\n<p>Mit seinem <strong>127-mm-Prim\u00e4rspiegel<\/strong> und seine <strong>lange Brennweite von 1500 mm<\/strong> (<strong>f\/11,8<\/strong>),<br \/>\nist der SKYMAX-127 perfekt geeignet f\u00fcr <strong>starke Vergr\u00f6\u00dferungen<\/strong>. Er zeichnet sich durch die Beobachtung von<br \/>\n<strong>Oberfl\u00e4chendetails des Mondes<\/strong>Die <strong>helle Planeten<\/strong> (Jupiter, Saturn, Mars)<br \/>\nund <strong>Doppelsterne<\/strong>. Sein optisches System mit <strong>hohe Aufl\u00f6sung<\/strong> ist vollst\u00e4ndig<br \/>\n<strong>mehrfach behandelt<\/strong> um den Kontrast und die Sch\u00e4rfe der Bilder zu maximieren.<\/p>\n<p>Der Prim\u00e4r- und der Sekund\u00e4rspiegel profitieren von der Behandlung <strong>Radiant\u2122 Aluminum Quarz (RAQ\u2122)<\/strong>,<br \/>\nsichert bis zu <strong>94 % Reflektivit\u00e4t<\/strong>, Eine hervorragende Haltbarkeit und konstante Leistung<br \/>\nim Laufe der Zeit. Ein <strong>universeller Fotoadapter f\u00fcr Smartphones<\/strong> ist enthalten, um einfach zu erfassen<br \/>\nBilder des Mondes und der Planeten mit Ihrem Telefon.<\/p>\n<h3>Starke Punkte<\/h3>\n<ul>\n<li><strong>Integriertes Go-To WiFi<\/strong> : drahtlose Steuerung \u00fcber die kostenlose App <strong>SynScan<\/strong>.<\/li>\n<li><strong>Freedom-Find\u2122 Dual-Encoder<\/strong> : Manuelles Verschieben ohne Verlust der Ausrichtung m\u00f6glich.<\/li>\n<li><strong>Maksutov-Cassegrain-Optik<\/strong> kompakt in <strong>hohe Aufl\u00f6sung<\/strong>.<\/li>\n<li><strong>127 mm Durchmesser<\/strong> ideal f\u00fcr den Mond, die Planeten und Doppelsterne.<\/li>\n<li><strong>RAQ\u2122-Behandlung<\/strong> von Spiegeln (bis zu 94 % Reflektivit\u00e4t).<\/li>\n<li><strong>Datenbank 10.000+ Objekte<\/strong> mit erweiterten Hilfsfunktionen.<\/li>\n<li><strong>Doppelachsige Verfolgung<\/strong> pr\u00e4zise und leise.<\/li>\n<li><strong>Smartphone-Adapter enthalten<\/strong> f\u00fcr die einfache planetare Bildgebung.<\/li>\n<\/ul>\n<h3>Optik &amp; Leistung<\/h3>\n<ul>\n<li><strong>Typ<\/strong> Maksutov-Cassegrain<\/li>\n<li><strong>Durchmesser des Hauptspiegels<\/strong> : 127 mm<\/li>\n<li><strong>Brennweite<\/strong> : 1500 mm<\/li>\n<li><strong>Er\u00f6ffnung<\/strong> : f\/11,8<\/li>\n<li><strong>Behandlung von Spiegeln<\/strong> : Radiant\u2122 Aluminum Quartz (RAQ\u2122), bis zu 94 %<\/li>\n<li><strong>Vergr\u00f6\u00dferungen mit mitgeliefertem Zubeh\u00f6r<\/strong> : x75 und x150<\/li>\n<li><strong>Maximale praktische Vergr\u00f6\u00dferung (Potenzial)<\/strong> : x254<\/li>\n<\/ul>\n<h3>AZ-GTi WiFi-Montierung &amp; SynScan-Anwendung<\/h3>\n<ul>\n<li><strong>Art der Fassung<\/strong> : Alt-Azimuth Go-To <strong>AZ-GTi WiFi<\/strong> (3\/8\u2033-Gewinde)<\/li>\n<li><strong>Technologie<\/strong> : <strong>Freedom-Find\u2122 Dual-Encoder<\/strong><\/li>\n<li><strong>Genauigkeit beim Zeigen<\/strong> : bis zu 10 Bogenminuten (RMS)<\/li>\n<li><strong>Aufl\u00f6sung<\/strong> : 2 073 600 Schritte\/Umdrehung (0,625 Bogensekunden)<\/li>\n<li><strong>Encoder Hilfsachsen<\/strong> : 1068 Schritte\/Umdrehung (~20 Bogenminuten)<\/li>\n<li><strong>Nachverfolgungsmodus<\/strong> : <strong>Dual Axis Tracking<\/strong><\/li>\n<li><strong>Motor<\/strong> : DC Servo Motor, \u00dcbersetzungsverh\u00e4ltnis 6480<\/li>\n<li><strong>Reisegeschwindigkeiten<\/strong> : 0,5x, 1x, 8x, 16x, 32x, 64x, 128x, 400x, 800x<\/li>\n<li><strong>Folgegeschwindigkeiten<\/strong> : Seitenlinie, Mondlinie, Sonnenlinie, Sonnennachf\u00fchrung ohne Ausrichtung<\/li>\n<li><strong>Methoden der Ausrichtung<\/strong> : Brightest Star Alignment, North-Level Alignment<\/li>\n<li><strong>SynScan-Funktionen<\/strong> : Tonight's Best Sky Tour, Point and Go, Identifizierung von Objekten,<br \/>\nFernsteuerung \u00fcber das Internet, Benutzerobjekte, Verbesserung der Genauigkeit (PAE)<\/li>\n<li><strong>Datenbank<\/strong> :\n<ul>\n<li>Insgesamt : <strong>10.000+ Gegenst\u00e4nde<\/strong><\/li>\n<li>Deep-Sky-Objekte : <strong>10\u00a0759<\/strong> (Messier, NGC, IC, Caldwell, benannte Objekte)<\/li>\n<li>Nominierte Sterne : <strong>305<\/strong><\/li>\n<li>Doppelsterne : <strong>55<\/strong><\/li>\n<li>Sonnensystem : <strong>7 Planeten<\/strong> + Sonne + Mond<\/li>\n<li>Unbegrenzte Objekte \u00fcber kompatible Planetariumssoftware von Drittanbietern<\/li>\n<\/ul>\n<\/li>\n<li><strong>Kontrolle<\/strong> : kostenlose SynScan-Anwendung oder <strong>SynScan-Schl\u00e4ger<\/strong> (optional)<\/li>\n<li><strong>Anschl\u00fcsse<\/strong> : SynScan-Racket-Anschluss, DSLR-Trigger-Anschluss (optionale Kabel),<br \/>\neingebautes Wi-Fi-Modul<\/li>\n<li><strong>Kompatibilit\u00e4t<\/strong> : ASCOM (Windows), Planetarium-Apps iOS \/ Android<br \/>\n(SkySafari Plus \/ Pro, weitere folgen)<\/li>\n<li><strong>Netzwerkprotokoll<\/strong> : UDP, Port 11880<\/li>\n<li><strong>Schwalbenschwanz<\/strong> : Satteltyp <strong>Sky-Watcher \/ Vixen<\/strong> 45 mm<\/li>\n<\/ul>\n<h3>Inklusive Zubeh\u00f6r<\/h3>\n<ul>\n<li>2 Okulare <strong>1,25\u2033<\/strong> : <strong>10 mm<\/strong> und <strong>20 mm<\/strong> (Foto \/ visuell)<\/li>\n<li><strong>Forscher<\/strong> roter Punkt<\/li>\n<li><strong>Abgewinkelte Umlenkung 90\u00b0<\/strong> (1,25\u2033)<\/li>\n<li><strong>Universeller Smartphone-Fotoadapter<\/strong> (akzeptierte Breite : <strong>54 bis 90 mm<\/strong>)<\/li>\n<li><strong>Aluminium-Stativ<\/strong> einstellbar mit <strong>Zubeh\u00f6rtablett<\/strong><\/li>\n<\/ul>\n<h3>Ma\u00dfe, Gewicht &amp; Stromversorgung<\/h3>\n<ul>\n<li><strong>H\u00f6he Stativ\/Montierung (ohne Tubus)<\/strong> : 80,5 bis 152 cm<\/li>\n<li><strong>Gesamtgewicht mit Stativ<\/strong> : 7,45 kg<\/li>\n<li><strong>Ern\u00e4hrung<\/strong> : 8 \u00d7 AA-Batterien (nicht mitgeliefert) oder externes Netzteil<br \/>\nDC 7,5 bis 14 V \/ 0,75 A, <strong>positiver Tipp<\/strong><\/li>\n<li><strong>Empfehlung<\/strong> : Sky-Watcher Power Tank 7 Ah oder 17 Ah<\/li>\n<\/ul>\n<h3>Technische Daten<\/h3>\n<table>\n<tbody>\n<tr>\n<td><strong>Optischer Typ<\/strong><\/td>\n<td>Maksutov-Cassegrain<\/td>\n<\/tr>\n<tr>\n<td><strong>Durchmesser<\/strong><\/td>\n<td>127 mm<\/td>\n<\/tr>\n<tr>\n<td><strong>Brennweite<\/strong><\/td>\n<td>1500 mm<\/td>\n<\/tr>\n<tr>\n<td><strong>Er\u00f6ffnung<\/strong><\/td>\n<td>f\/11,8<\/td>\n<\/tr>\n<tr>\n<td><strong>Behandlung von Spiegeln<\/strong><\/td>\n<td>RAQ\u2122 Aluminum Quarz, bis zu 94 %<\/td>\n<\/tr>\n<tr>\n<td><strong>Mitgelieferte Vergr\u00f6\u00dferungen<\/strong><\/td>\n<td>x75 und x150<\/td>\n<\/tr>\n<tr>\n<td><strong>Max. praktische Vergr\u00f6\u00dferung<\/strong><\/td>\n<td>x254<\/td>\n<\/tr>\n<tr>\n<td><strong>Rahmen<\/strong><\/td>\n<td>AZ-GTi WiFi Go-To Alt-Az<\/td>\n<\/tr>\n<tr>\n<td><strong>Technologie<\/strong><\/td>\n<td>Freedom-Find\u2122 Dual-Encoder<\/td>\n<\/tr>\n<tr>\n<td><strong>Folge<\/strong><\/td>\n<td>Dual Axis Tracking (Zweiachsiges Tracking)<\/td>\n<\/tr>\n<tr>\n<td><strong>Motor<\/strong><\/td>\n<td>DC Servo Motor<\/td>\n<\/tr>\n<tr>\n<td><strong>Slewing-Geschwindigkeiten<\/strong><\/td>\n<td>0,5x bis 800x<\/td>\n<\/tr>\n<tr>\n<td><strong>Datenbank<\/strong><\/td>\n<td>10.000+ Gegenst\u00e4nde<\/td>\n<\/tr>\n<tr>\n<td><strong>Schnittstelle<\/strong><\/td>\n<td>SynScan-Anschluss, DSLR-Ausl\u00f6ser, integriertes Wi-Fi<\/td>\n<\/tr>\n<tr>\n<td><strong>Kompatibilit\u00e4t<\/strong><\/td>\n<td>ASCOM Windows, Planetarium-Apps iOS \/ Android<\/td>\n<\/tr>\n<tr>\n<td><strong>Gesamtgewicht<\/strong><\/td>\n<td>7,45 kg<\/td>\n<\/tr>\n<\/tbody>\n<\/table>","protected":false},"excerpt":{"rendered":"<p>Sky-Watcher SKYMAX 127 AZ-GTi WiFi \u2014 Maksutov-Cassegrain GoTo avec double encodeur Freedom-Find\u2122 \u00ab This is a fun system to use. Although there is an option to connect a SynScan hand controller, to get the most of this setup it\u2019s worth downloading the SynScan app for your smartphone. The SkyMax-127 feels like the future of telescope [&hellip;]<\/p>\n","protected":false},"featured_media":13359,"comment_status":"open","ping_status":"closed","template":"","meta":[],"product_brand":[822],"product_cat":[815,752],"product_tag":[],"class_list":{"0":"post-13358","1":"product","2":"type-product","3":"status-publish","4":"has-post-thumbnail","6":"product_brand-sky-watcher","7":"product_cat-debutants","8":"product_cat-maksutov-cassegrain","10":"first","11":"on_supplier","12":"taxable","13":"shipping-taxable","14":"purchasable","15":"product-type-simple"},"_links":{"self":[{"href":"https:\/\/deep-space-astronomy.ch\/de\/wp-json\/wp\/v2\/product\/13358","targetHints":{"allow":["GET"]}}],"collection":[{"href":"https:\/\/deep-space-astronomy.ch\/de\/wp-json\/wp\/v2\/product"}],"about":[{"href":"https:\/\/deep-space-astronomy.ch\/de\/wp-json\/wp\/v2\/types\/product"}],"replies":[{"embeddable":true,"href":"https:\/\/deep-space-astronomy.ch\/de\/wp-json\/wp\/v2\/comments?post=13358"}],"wp:featuredmedia":[{"embeddable":true,"href":"https:\/\/deep-space-astronomy.ch\/de\/wp-json\/wp\/v2\/media\/13359"}],"wp:attachment":[{"href":"https:\/\/deep-space-astronomy.ch\/de\/wp-json\/wp\/v2\/media?parent=13358"}],"wp:term":[{"taxonomy":"product_brand","embeddable":true,"href":"https:\/\/deep-space-astronomy.ch\/de\/wp-json\/wp\/v2\/product_brand?post=13358"},{"taxonomy":"product_cat","embeddable":true,"href":"https:\/\/deep-space-astronomy.ch\/de\/wp-json\/wp\/v2\/product_cat?post=13358"},{"taxonomy":"product_tag","embeddable":true,"href":"https:\/\/deep-space-astronomy.ch\/de\/wp-json\/wp\/v2\/product_tag?post=13358"}],"curies":[{"name":"wp","href":"https:\/\/api.w.org\/{rel}","templated":true}]}}