{"id":13368,"date":"2026-02-01T18:46:04","date_gmt":"2026-02-01T17:46:04","guid":{"rendered":"https:\/\/deep-space-astronomy.ch\/?post_type=product&#038;p=13368"},"modified":"2026-02-01T18:46:17","modified_gmt":"2026-02-01T17:46:17","slug":"sky-watcher-skymax-150-eq5","status":"publish","type":"product","link":"https:\/\/deep-space-astronomy.ch\/de\/produkt\/sky-watcher-skymax-150-eq5\/","title":{"rendered":"Sky-Watcher Skymax 150 EQ5"},"content":{"rendered":"<h3>Sky-Watcher Skymax 150 EQ5 - Hochaufl\u00f6sender Maksutov-Cassegrain auf \u00e4quatorialer Montierung<\/h3>\n<p>Die <strong>Sky-Watcher Skymax 150<\/strong> ist ein Teleskop <strong>Maksutov-Cassegrain<\/strong> von <strong>150 mm<\/strong> Durchmesser,<br \/>\nentworfen, um eine <strong>ausgezeichnete Aufl\u00f6sung<\/strong> und ein <strong>hoher Kontrast<\/strong> bei starker Vergr\u00f6\u00dferung.<br \/>\nDank seiner <strong>lange Brennweite von 1800 mm<\/strong> (<strong>f\/12<\/strong>), eignet er sich besonders f\u00fcr die Beobachtung<br \/>\nder <strong>Monddetails<\/strong>Die <strong>Planeten<\/strong>Die <strong>enge Doppelsterne<\/strong> und zur Feinuntersuchung<br \/>\nhelle Deep-Sky-Objekte.<\/p>\n<p>Seine Optik beruht auf einem <strong>150-mm-Prim\u00e4rspiegel<\/strong> verbunden mit einem Sekund\u00e4rspiegel,<br \/>\nbeide profitieren von der Behandlung <strong>Radiant\u2122 Aluminum Quarz (RAQ\u2122)<\/strong>.<br \/>\nDiese High-End-Behandlung sorgt f\u00fcr bis zu <strong>94 % Reflektivit\u00e4t<\/strong>, eine ausgezeichnete Haltbarkeit<br \/>\nund eine langfristig stabile optische Leistung mit hohem Kontrast und scharfen Bildern.<\/p>\n<p>Der Skymax 150 wird mit einer <strong>\u00e4quatoriale Montierung EQ5<\/strong>, Die meisten von ihnen sind f\u00fcr ihre Robustheit und Pr\u00e4zision bekannt,<br \/>\nideal f\u00fcr die Beobachtung der Gestirne dank seiner Polarachse. Sie ist auf einem <strong>Stativ aus rostfreiem Stahl<\/strong><br \/>\nmit R\u00f6hren von <strong>1,75\u2033<\/strong>, Das Ergebnis ist eine ausgezeichnete visuelle Stabilit\u00e4t.<br \/>\nEine <strong>integrierte Polsucherhalterung<\/strong> erleichtert das Einrichten von Stationen f\u00fcr eine genaue \u00dcberwachung.<\/p>\n<p>Die Fokussierung erfolgt durch <strong>Verschiebung des Hauptspiegels<\/strong>, ein gesch\u00fctztes internes System<br \/>\ndie die optische Ausrichtung bewahrt und die Staubbelastung einschr\u00e4nkt.<br \/>\nDas Teleskop wird mit einem <strong>28 mm 2\u2033 Weitfeldokular<\/strong>ein<br \/>\n<strong>abgewinkelte Umlenkung 2\u2033 \/ 50,8 mm<\/strong> und ein <strong>optischer Sucher 9\u00d750<\/strong>,<br \/>\ndie ein vollst\u00e4ndiges, beobachtungsbereites Set anbietet.<\/p>\n<h3>Starke Punkte<\/h3>\n<ul>\n<li><strong>Maksutov-Cassegrain-Optik 150 mm<\/strong> mit hoher Aufl\u00f6sung.<\/li>\n<li><strong>Lange Brennweite 1800 mm (f\/12)<\/strong> ideal f\u00fcr planetarisch und lunar.<\/li>\n<li><strong>RAQ\u2122-Behandlung<\/strong> von Spiegeln (bis zu 94 % Reflektivit\u00e4t).<\/li>\n<li><strong>\u00c4quatorialer Rahmen EQ5<\/strong> stabil und skalierbar.<\/li>\n<li><strong>Stativ Edelstahl 1,75\u2033<\/strong> f\u00fcr eine ausgezeichnete Steifigkeit.<\/li>\n<li><strong>Zubeh\u00f6r 2\u2033<\/strong> inbegriffen f\u00fcr optimalen Sehkomfort.<\/li>\n<\/ul>\n<h3>Optik &amp; Leistung<\/h3>\n<ul>\n<li><strong>Typ<\/strong> Maksutov-Cassegrain<\/li>\n<li><strong>Durchmesser des Hauptspiegels<\/strong> : 150 mm<\/li>\n<li><strong>Brennweite<\/strong> : 1800 mm<\/li>\n<li><strong>Er\u00f6ffnung<\/strong> : f\/12<\/li>\n<li><strong>Behandlung von Spiegeln<\/strong> : Radiant\u2122 Aluminum Quartz (RAQ\u2122), bis zu 94 %<\/li>\n<li><strong>Vergr\u00f6\u00dferung mit mitgeliefertem Okular<\/strong> : x64<\/li>\n<li><strong>Maximale praktische Vergr\u00f6\u00dferung (Potenzial)<\/strong> : x450<\/li>\n<\/ul>\n<h3>\u00c4quatorialer Rahmen EQ5<\/h3>\n<ul>\n<li><strong>Typ<\/strong> : \u00c4quatoriale Fassung <strong>EQ5<\/strong><\/li>\n<li><strong>Verwendung<\/strong> : genaue visuelle Beobachtung, Vorbereitung auf die Astrofotografie<\/li>\n<li><strong>Polsucherhalterung<\/strong> integriert<\/li>\n<li><strong>Stativ<\/strong> : Edelstahl, Rohre <strong>1,75\u2033<\/strong><\/li>\n<li><strong>Ablage f\u00fcr Zubeh\u00f6r<\/strong> enthalten<\/li>\n<\/ul>\n<h3>Inklusive Zubeh\u00f6r<\/h3>\n<ul>\n<li><strong>Okular 2\u2033 (50,8 mm)<\/strong> : <strong>28 mm<\/strong><\/li>\n<li><strong>Abgewinkelte Umlenkung 2\u2033 \/ 50,8 mm<\/strong><\/li>\n<li><strong>Optischer Sucher<\/strong> 9\u00d750 mit St\u00e4nder<\/li>\n<\/ul>\n<h3>Technische Daten<\/h3>\n<table>\n<tbody>\n<tr>\n<td><strong>Optischer Typ<\/strong><\/td>\n<td>Maksutov-Cassegrain<\/td>\n<\/tr>\n<tr>\n<td><strong>Durchmesser<\/strong><\/td>\n<td>150 mm<\/td>\n<\/tr>\n<tr>\n<td><strong>Brennweite<\/strong><\/td>\n<td>1800 mm<\/td>\n<\/tr>\n<tr>\n<td><strong>Er\u00f6ffnung<\/strong><\/td>\n<td>f\/12<\/td>\n<\/tr>\n<tr>\n<td><strong>Behandlung von Spiegeln<\/strong><\/td>\n<td>RAQ\u2122 Aluminum Quarz, bis zu 94 %<\/td>\n<\/tr>\n<tr>\n<td><strong>Gelieferte Vergr\u00f6\u00dferung<\/strong><\/td>\n<td>x64<\/td>\n<\/tr>\n<tr>\n<td><strong>Max. praktische Vergr\u00f6\u00dferung<\/strong><\/td>\n<td>x450<\/td>\n<\/tr>\n<tr>\n<td><strong>Inklusive Okular<\/strong><\/td>\n<td>28 mm (2\u2033)<\/td>\n<\/tr>\n<tr>\n<td><strong>Abgewinkelte Umlenkung<\/strong><\/td>\n<td>2\u2033 \/ 50,8 mm<\/td>\n<\/tr>\n<tr>\n<td><strong>Forscher<\/strong><\/td>\n<td>9\u00d750<\/td>\n<\/tr>\n<tr>\n<td><strong>Fokussieren<\/strong><\/td>\n<td>Durch Verschieben des Hauptspiegels<\/td>\n<\/tr>\n<tr>\n<td><strong>Rahmen<\/strong><\/td>\n<td>\u00c4quatorial EQ5<\/td>\n<\/tr>\n<tr>\n<td><strong>Stativ<\/strong><\/td>\n<td>Edelstahl 1,75\u2033 + Tablett<\/td>\n<\/tr>\n<\/tbody>\n<\/table>","protected":false},"excerpt":{"rendered":"<p>Sky-Watcher Skymax 150 EQ5 \u2014 Maksutov-Cassegrain haute r\u00e9solution sur monture \u00e9quatoriale Le Sky-Watcher Skymax 150 est un t\u00e9lescope Maksutov-Cassegrain de 150 mm de diam\u00e8tre, con\u00e7u pour offrir une excellente r\u00e9solution et un contraste \u00e9lev\u00e9 \u00e0 fort grossissement. Gr\u00e2ce \u00e0 sa longue focale de 1800 mm (f\/12), il est particuli\u00e8rement adapt\u00e9 \u00e0 l\u2019observation des d\u00e9tails lunaires, [&hellip;]<\/p>\n","protected":false},"featured_media":13369,"comment_status":"open","ping_status":"closed","template":"","meta":[],"product_brand":[822],"product_cat":[392,752],"product_tag":[],"class_list":{"0":"post-13368","1":"product","2":"type-product","3":"status-publish","4":"has-post-thumbnail","6":"product_brand-sky-watcher","7":"product_cat-telescopes_reflecteurs","8":"product_cat-maksutov-cassegrain","10":"first","11":"on_supplier","12":"taxable","13":"shipping-taxable","14":"purchasable","15":"product-type-simple"},"_links":{"self":[{"href":"https:\/\/deep-space-astronomy.ch\/de\/wp-json\/wp\/v2\/product\/13368","targetHints":{"allow":["GET"]}}],"collection":[{"href":"https:\/\/deep-space-astronomy.ch\/de\/wp-json\/wp\/v2\/product"}],"about":[{"href":"https:\/\/deep-space-astronomy.ch\/de\/wp-json\/wp\/v2\/types\/product"}],"replies":[{"embeddable":true,"href":"https:\/\/deep-space-astronomy.ch\/de\/wp-json\/wp\/v2\/comments?post=13368"}],"wp:featuredmedia":[{"embeddable":true,"href":"https:\/\/deep-space-astronomy.ch\/de\/wp-json\/wp\/v2\/media\/13369"}],"wp:attachment":[{"href":"https:\/\/deep-space-astronomy.ch\/de\/wp-json\/wp\/v2\/media?parent=13368"}],"wp:term":[{"taxonomy":"product_brand","embeddable":true,"href":"https:\/\/deep-space-astronomy.ch\/de\/wp-json\/wp\/v2\/product_brand?post=13368"},{"taxonomy":"product_cat","embeddable":true,"href":"https:\/\/deep-space-astronomy.ch\/de\/wp-json\/wp\/v2\/product_cat?post=13368"},{"taxonomy":"product_tag","embeddable":true,"href":"https:\/\/deep-space-astronomy.ch\/de\/wp-json\/wp\/v2\/product_tag?post=13368"}],"curies":[{"name":"wp","href":"https:\/\/api.w.org\/{rel}","templated":true}]}}