{"id":1342,"date":"2024-12-18T18:12:51","date_gmt":"2024-12-18T17:12:51","guid":{"rendered":"https:\/\/deep-space-astronomy.geekworkers.dev\/?post_type=product&#038;p=1342"},"modified":"2025-06-03T10:37:09","modified_gmt":"2025-06-03T08:37:09","slug":"explore-scientific-1-25-82-8-5mm","status":"publish","type":"product","link":"https:\/\/deep-space-astronomy.ch\/de\/produkt\/explore-scientific-1-25-82-8-5mm\/","title":{"rendered":"Explore Scientific 1.25\u2033 82\u00b0 - 8.5mm"},"content":{"rendered":"<div>\n<h3>Explore Scientific 82\u00b0 Gro\u00dffeld-Okulare<\/h3>\n<p>\n    Die Weitfeldokulare der Explore Scientific 82\u00b0-Serie wurden speziell f\u00fcr ein au\u00dfergew\u00f6hnliches Seherlebnis entwickelt und kombinieren hohen Kontrast, hervorragende Aufl\u00f6sung und \u00fcberlegene Feldflachheit. Mit einem gro\u00dfz\u00fcgigen Okularabstand und einem scheinbaren Gesichtsfeld von 82\u00b0 erm\u00f6glichen sie eine komfortable und detaillierte Beobachtung eines gro\u00dfen Himmelsausschnitts, selbst bei indirektem Sehen.\n  <\/p>\n<h3>Schwerpunkte<\/h3>\n<ul>\n<li>\n      <strong>Abdichten und F\u00fcllen mit Argon :<\/strong> Diese Okulare sind vollst\u00e4ndig abgedichtet und mit Argon-Gas gef\u00fcllt, was einen optimalen Schutz vor Feuchtigkeit und Staub gew\u00e4hrleistet und gleichzeitig die Haltbarkeit verl\u00e4ngert. Diese Technologie bewahrt die optische Leistung auch in schwierigen Umgebungen.\n    <\/li>\n<li>\n      <strong>Mehrschichtige EMD-Behandlung :<\/strong> Alle optischen Oberfl\u00e4chen sind mit einer hochwertigen Mehrschichtverg\u00fctung versehen, die die Lichtdurchl\u00e4ssigkeit erh\u00f6ht und Reflexionen reduziert.\n    <\/li>\n<li>\n      <strong>Geschw\u00e4rzte Linsenr\u00e4nder :<\/strong> Jede Linsenkante ist sorgf\u00e4ltig geschw\u00e4rzt, um interne Reflexionen zu minimieren und den Kontrast zu maximieren.\n    <\/li>\n<li>\n      <strong>Okularaufsatz aus rostfreiem Stahl :<\/strong> Sie ist robust und zuverl\u00e4ssig, gew\u00e4hrleistet eine perfekte Kompatibilit\u00e4t mit all Ihren Instrumenten und ist gleichzeitig verschlei\u00dffest.\n    <\/li>\n<li>\n      <strong>Umklappbare Gummiaugenmuscheln :<\/strong> Entwickelt, um sich an jeden Nutzer anzupassen, ob mit oder ohne Brille.\n    <\/li>\n<li>\n      <strong>Sauberes Design :<\/strong> Die Okulare werden in einer eleganten Transportbox mit Magnetverschluss geliefert und enthalten eine Lasergravur mit einer einmaligen Seriennummer, um ihre Echtheit zu garantieren.\n    <\/li>\n<\/ul>\n<h3>Engagement Explore Scientific<\/h3>\n<p>\n    Explore Scientific setzt alles daran, Okulare von h\u00f6chster Qualit\u00e4t zu liefern, die es Amateurastronomen und Experten gleicherma\u00dfen erm\u00f6glichen, die Grenzen der Beobachtung zu erweitern.\n  <\/p>\n<\/div>","protected":false},"excerpt":{"rendered":"<p>Oculaires Grand Champ Explore Scientific 82\u00b0 Les oculaires grand champ de la s\u00e9rie Explore Scientific 82\u00b0 ont \u00e9t\u00e9 sp\u00e9cialement con\u00e7us pour offrir une exp\u00e9rience visuelle exceptionnelle, combinant un contraste \u00e9lev\u00e9, une r\u00e9solution remarquable et une plan\u00e9it\u00e9 de champ sup\u00e9rieure. Avec un g\u00e9n\u00e9reux d\u00e9gagement oculaire et un champ apparent de 82\u00b0, ils permettent une observation confortable [&hellip;]<\/p>\n","protected":false},"featured_media":5774,"comment_status":"open","ping_status":"closed","template":"","meta":[],"product_brand":[403],"product_cat":[19,368,695],"product_tag":[],"class_list":{"0":"post-1342","1":"product","2":"type-product","3":"status-publish","4":"has-post-thumbnail","6":"product_brand-explore-scientific","7":"product_cat-accessoires","8":"product_cat-visuel","9":"product_cat-oculaires-et-smart-oculaires","11":"first","12":"on_supplier","13":"taxable","14":"shipping-taxable","15":"purchasable","16":"product-type-simple"},"_links":{"self":[{"href":"https:\/\/deep-space-astronomy.ch\/de\/wp-json\/wp\/v2\/product\/1342","targetHints":{"allow":["GET"]}}],"collection":[{"href":"https:\/\/deep-space-astronomy.ch\/de\/wp-json\/wp\/v2\/product"}],"about":[{"href":"https:\/\/deep-space-astronomy.ch\/de\/wp-json\/wp\/v2\/types\/product"}],"replies":[{"embeddable":true,"href":"https:\/\/deep-space-astronomy.ch\/de\/wp-json\/wp\/v2\/comments?post=1342"}],"wp:featuredmedia":[{"embeddable":true,"href":"https:\/\/deep-space-astronomy.ch\/de\/wp-json\/wp\/v2\/media\/5774"}],"wp:attachment":[{"href":"https:\/\/deep-space-astronomy.ch\/de\/wp-json\/wp\/v2\/media?parent=1342"}],"wp:term":[{"taxonomy":"product_brand","embeddable":true,"href":"https:\/\/deep-space-astronomy.ch\/de\/wp-json\/wp\/v2\/product_brand?post=1342"},{"taxonomy":"product_cat","embeddable":true,"href":"https:\/\/deep-space-astronomy.ch\/de\/wp-json\/wp\/v2\/product_cat?post=1342"},{"taxonomy":"product_tag","embeddable":true,"href":"https:\/\/deep-space-astronomy.ch\/de\/wp-json\/wp\/v2\/product_tag?post=1342"}],"curies":[{"name":"wp","href":"https:\/\/api.w.org\/{rel}","templated":true}]}}