{"id":13541,"date":"2026-02-17T11:20:35","date_gmt":"2026-02-17T10:20:35","guid":{"rendered":"https:\/\/deep-space-astronomy.ch\/?post_type=product&#038;p=13541"},"modified":"2026-02-17T11:20:49","modified_gmt":"2026-02-17T10:20:49","slug":"sky-watcher-esprit-70edx-2","status":"publish","type":"product","link":"https:\/\/deep-space-astronomy.ch\/de\/produkt\/sky-watcher-esprit-70edx-2\/","title":{"rendered":"Sky-Watcher Esprit-70EDX"},"content":{"rendered":"<h2 style=\"text-align: center;\">Sky-Watcher Esprit 70EDX - Der Geist der Perfektion<\/h2>\n<p>Die Serie <strong>Sky-Watcher Esprit EDX<\/strong> stellt den H\u00f6hepunkt des Know-hows der Marke im Bereich der apochromatischen Refraktoren dar. Die ESPRIT-Modelle wurden f\u00fcr die anspruchsvollsten Astrofotografen entwickelt und bieten eine au\u00dfergew\u00f6hnliche optische Qualit\u00e4t, die mit den renommiertesten High-End-Instrumenten auf dem Markt konkurrieren kann. Das <strong>Esprit 70EDX<\/strong> verk\u00f6rpert diese Philosophie perfekt in einem kompakten, leistungsstarken und vollformattauglichen Format.<\/p>\n<hr \/>\n<h3>Super APO Triplet-Optik - Absoluter Kontrast und Reinheit<\/h3>\n<p>Die <strong>Esprit 70EDX<\/strong> ist mit einem apochromatischen ED-Triplet-Objektiv mit integriertem Glaselement ausgestattet. <strong>Hoya FCD100<\/strong> aus japanischer Qualit\u00e4t. Diese Kombination garantiert eine bemerkenswerte Farbkorrektur ohne wahrnehmbare Farbs\u00e4ume, selbst bei den hellsten Objekten.<\/p>\n<p>Jede Luft-Glas-Oberfl\u00e4che profitiert von exklusiven Behandlungen <strong>MHTC (Metallic High-Transmission Coatings)<\/strong>, Die Lichtdurchl\u00e4ssigkeit betr\u00e4gt nahezu 99,5 % und der Kontrast ist maximal. Das Ergebnis sind gestochen scharfe Bilder, die reich an Details und Mikrokontrasten sind.<\/p>\n<ul>\n<li><strong>Durchmesser<\/strong> : 70 mm<\/li>\n<li><strong>Brennweite<\/strong> : 490 mm<\/li>\n<li><strong>Fokusbericht<\/strong> : f\/7<\/li>\n<li><strong>Ziel<\/strong> : Triplet ED mit Hoya-Element FCD100<\/li>\n<li><strong>Bildh\u00f6he<\/strong> : 44 mm (mit optionalem Korrektor)<\/li>\n<\/ul>\n<hr \/>\n<h3>Optimiert f\u00fcr die Vollformat-Astrofotografie<\/h3>\n<p>Der 70EDX ist <strong>Vollformat kompatibel<\/strong> und wurde entwickelt, um ein breites Feld zu liefern, das mit modernen Sensoren perfekt nutzbar ist. Ein optionaler 0,92\u00d7 Reducer\/Corrector (Bestellnummer 20332) ist erh\u00e4ltlich, um die fotografische Leistung noch weiter zu optimieren.<\/p>\n<p>Obwohl es auf die Bildgebung ausgerichtet ist, bleibt es dank seines hohen Kontrasts und seiner optischen Sch\u00e4rfe auch ein hervorragendes visuelles Instrument.<\/p>\n<hr \/>\n<h3>Hochwertige Mechanik und maximale Stabilit\u00e4t<\/h3>\n<p>Die Mechanik des 70EDX ist vollst\u00e4ndig CNC-gefr\u00e4st und auf Pr\u00e4zision und Robustheit ausgelegt. Er ist mit einem <strong>Linear Power 2.8\u201d Okularhalter mit Zahnstange und Hybridritzel<\/strong> mit doppelter Geschwindigkeit (Verh\u00e4ltnis 11:1), die hohe Belastungen ohne Durchbiegung oder Bildverschiebung aushalten kann.<\/p>\n<ul>\n<li>CNC-Okularhalter mit doppelter Geschwindigkeit 11:1<\/li>\n<li>Indexiertes Gleitrohr 2.8\u201d<\/li>\n<li>360\u00b0 drehbarer Adapter f\u00fcr pr\u00e4zises Framing<\/li>\n<li>Hohe Belastbarkeit ohne Bildshifting<\/li>\n<li>Einziehbarer Nebelf\u00e4nger<\/li>\n<li>Aluminiumr\u00f6hre mit entspiegelten Innenschalltrichtern<\/li>\n<\/ul>\n<p>Der Hauptfokussierer ist nicht drehbar, aber ein in das Gleitrohr integrierter Drehadapter erm\u00f6glicht es, die Kamera f\u00fcr den Bildausschnitt leicht zu drehen.<\/p>\n<hr \/>\n<h3>Enthaltene Ausstattung<\/h3>\n<p>Der Sky-Watcher Esprit 70EDX wird mit einem kompletten Satz an hochwertigem mechanischem Zubeh\u00f6r geliefert:<\/p>\n<ul>\n<li>CNC-gefr\u00e4ste Aluminiumrohrschellen<\/li>\n<li>Integrierter Tragegriff<\/li>\n<li>Schwalbenschwanzstange 45 mm Typ Vixen<\/li>\n<li>Sky-Watcher-kompatible Sucherhalterung<\/li>\n<li>Aluminium-Transportkoffer mit zugeschnittenem Schaumstoff-Innenleben<\/li>\n<\/ul>\n<p><strong>Bemerkung :<\/strong> wird ohne Okular, Winkelumlenkung und Sucher geliefert.<\/p>\n<hr \/>\n<h3>Technische Daten<\/h3>\n<table border=\"1\" cellspacing=\"0\" cellpadding=\"6\">\n<tbody>\n<tr>\n<td><strong>Durchmesser<\/strong><\/td>\n<td>70 mm<\/td>\n<\/tr>\n<tr>\n<td><strong>Brennweite<\/strong><\/td>\n<td>490 mm<\/td>\n<\/tr>\n<tr>\n<td><strong>Fokusbericht<\/strong><\/td>\n<td>f\/7<\/td>\n<\/tr>\n<tr>\n<td><strong>Ziel<\/strong><\/td>\n<td>Triplet ED Hoya FCD100<\/td>\n<\/tr>\n<tr>\n<td><strong>Okularhalter<\/strong><\/td>\n<td>2.8\u2033 Linear Power CNC Doppelgeschwindigkeit 11:1<\/td>\n<\/tr>\n<tr>\n<td><strong>Rotation<\/strong><\/td>\n<td>360\u00b0 drehbarer Adapter<\/td>\n<\/tr>\n<tr>\n<td><strong>Kompatibilit\u00e4t<\/strong><\/td>\n<td>Vollformat (mit optionaler Korrekturfunktion)<\/td>\n<\/tr>\n<tr>\n<td><strong>OTA-L\u00e4nge<\/strong><\/td>\n<td>368 mm (eingefahrener Windschutz) \/ 420 mm (ausgefahrener Windschutz)<\/td>\n<\/tr>\n<tr>\n<td><strong>OTA-Gewicht<\/strong><\/td>\n<td>3.2 kg<\/td>\n<\/tr>\n<tr>\n<td><strong>Lieferung<\/strong><\/td>\n<td>Aluminiumkoffer mit Schaumstoff<\/td>\n<\/tr>\n<\/tbody>\n<\/table>\n<hr \/>\n<h3>Warum sollte man sich f\u00fcr den Sky-Watcher Esprit 70EDX entscheiden?<\/h3>\n<ul>\n<li>Premium ED-Triplet-Optik mit Hoya-Glas FCD100<\/li>\n<li>MHTC-Behandlungen hohe Transmission<\/li>\n<li>Vollformat-kompatibel<\/li>\n<li>Robuste und pr\u00e4zise CNC-Mechanik<\/li>\n<li>Kompaktes, transportables und professionelles Instrument<\/li>\n<\/ul>\n<p>Die <strong>Sky-Watcher Esprit 70EDX<\/strong> ist ein au\u00dfergew\u00f6hnliches Fernrohr, ideal f\u00fcr anspruchsvolle Astrofotografen, die eine makellose optische Leistung in einem kompakten und transportablen Format w\u00fcnschen. Eine echte Synthese aus Pr\u00e4zision, Qualit\u00e4t und Zuverl\u00e4ssigkeit.<\/p>","protected":false},"excerpt":{"rendered":"<p>Sky-Watcher Esprit 70EDX \u2013 L\u2019esprit de la perfection La s\u00e9rie Sky-Watcher Esprit EDX repr\u00e9sente le sommet du savoir-faire de la marque en mati\u00e8re de r\u00e9fracteurs apochromatiques. Con\u00e7us pour les astrophotographes les plus exigeants, les mod\u00e8les ESPRIT offrent une qualit\u00e9 optique exceptionnelle, rivalisant avec les instruments haut de gamme les plus prestigieux du march\u00e9. Le Esprit [&hellip;]<\/p>\n","protected":false},"featured_media":13542,"comment_status":"open","ping_status":"closed","template":"","meta":[],"product_brand":[822],"product_cat":[816,384,755],"product_tag":[],"class_list":{"0":"post-13541","1":"product","2":"type-product","3":"status-publish","4":"has-post-thumbnail","6":"product_brand-sky-watcher","7":"product_cat-nouveautes","8":"product_cat-lunettes_refracteurs","9":"product_cat-lunettes-apochromatiques","11":"first","12":"on_supplier","13":"taxable","14":"shipping-taxable","15":"purchasable","16":"product-type-simple"},"_links":{"self":[{"href":"https:\/\/deep-space-astronomy.ch\/de\/wp-json\/wp\/v2\/product\/13541","targetHints":{"allow":["GET"]}}],"collection":[{"href":"https:\/\/deep-space-astronomy.ch\/de\/wp-json\/wp\/v2\/product"}],"about":[{"href":"https:\/\/deep-space-astronomy.ch\/de\/wp-json\/wp\/v2\/types\/product"}],"replies":[{"embeddable":true,"href":"https:\/\/deep-space-astronomy.ch\/de\/wp-json\/wp\/v2\/comments?post=13541"}],"wp:featuredmedia":[{"embeddable":true,"href":"https:\/\/deep-space-astronomy.ch\/de\/wp-json\/wp\/v2\/media\/13542"}],"wp:attachment":[{"href":"https:\/\/deep-space-astronomy.ch\/de\/wp-json\/wp\/v2\/media?parent=13541"}],"wp:term":[{"taxonomy":"product_brand","embeddable":true,"href":"https:\/\/deep-space-astronomy.ch\/de\/wp-json\/wp\/v2\/product_brand?post=13541"},{"taxonomy":"product_cat","embeddable":true,"href":"https:\/\/deep-space-astronomy.ch\/de\/wp-json\/wp\/v2\/product_cat?post=13541"},{"taxonomy":"product_tag","embeddable":true,"href":"https:\/\/deep-space-astronomy.ch\/de\/wp-json\/wp\/v2\/product_tag?post=13541"}],"curies":[{"name":"wp","href":"https:\/\/api.w.org\/{rel}","templated":true}]}}