{"id":13581,"date":"2026-02-22T16:15:27","date_gmt":"2026-02-22T15:15:27","guid":{"rendered":"https:\/\/deep-space-astronomy.ch\/?post_type=product&#038;p=13581"},"modified":"2026-02-22T16:15:40","modified_gmt":"2026-02-22T15:15:40","slug":"flatmaster-neo-120","status":"publish","type":"product","link":"https:\/\/deep-space-astronomy.ch\/de\/produkt\/flatmaster-neo-120\/","title":{"rendered":"FlatMaster Neo 120"},"content":{"rendered":"<h2 style=\"text-align: center;\">FlatMaster Neo 120 - Einziehbares LED-Panel f\u00fcr Flats bis zu 120 mm<\/h2>\n<p>Die <strong>FlatMaster Neo 120<\/strong> ist ein hochwertiges, einziehbares LED-Panel, das zur Erzeugung von<br \/>\neine <strong>perfekt gleichm\u00e4\u00dfige Ausleuchtung<\/strong> f\u00fcr Flats in der Astrofotografie<br \/>\nund pr\u00e4zisen photometrischen Erfassungen.<br \/>\nEr ist kompatibel mit Teleskopen bis zu <strong>120 mm Nutzdurchmesser<\/strong>.<\/p>\n<p>Seine motorisierte Haube, die zwischen <strong>0\u00b0 und 270\u00b0<\/strong> fungiert gleichzeitig als Beleuchtungspanel<br \/>\nund als <strong>Schutz vor Staub und Feuchtigkeit<\/strong> f\u00fcr Ihre Optik.<br \/>\nDas Ganze in einem robusten Chassis aus <strong>CNC-Aluminium in Flugzeugqualit\u00e4t<\/strong>, ohne jegliche Kunststoffteile.<\/p>\n<hr \/>\n<h3>Dimmbare LED-Beleuchtung 0-100 %<\/h3>\n<p>Im Gegensatz zu vielen anderen Schildern auf dem Markt erm\u00f6glicht der FlatMaster Neo eine<br \/>\n<strong>pr\u00e4zise Helligkeitseinstellung von 0 bis 100 %<\/strong>.<br \/>\nSie brauchen keine Bl\u00e4tter mehr oder improvisierte L\u00f6sungen, um das Licht zu reduzieren.<\/p>\n<ul>\n<li>Fernsteuerung der Intensit\u00e4t<\/li>\n<li>M\u00f6glichkeit von <strong>eine Helligkeit pro Filter speichern<\/strong><\/li>\n<li>Sofortiges Wiederherstellen von gespeicherten Einstellungen<\/li>\n<li>Sehr hohe verf\u00fcgbare Lichtst\u00e4rke f\u00fcr kurze Belichtungszeiten (2-3 s bei Blende 7 mit 3 nm Narrowband-Filtern)<\/li>\n<\/ul>\n<hr \/>\n<h3>Servo 0-270\u00b0 einziehbares Panel<\/h3>\n<p>Der motorisierte Deckel kann genau positioniert werden zwischen <strong>0\u00b0 und 270\u00b0<\/strong>.<br \/>\nEs ist m\u00f6glich, einen benutzerdefinierten maximalen \u00d6ffnungswinkel einzustellen, um zu verhindern, dass<br \/>\nKollisionen in beengten Umgebungen.<\/p>\n<p>Der FlatMaster Neo 120 integriert eine <strong>Spezifische Silikonmanschette<\/strong><br \/>\ndie eine perfekte Abdichtung gegen Licht und Staub um die Optik herum gew\u00e4hrleistet.<br \/>\nDies schr\u00e4nkt auch die Lichtstreuung in einem gemeinsam genutzten Observatorium ein<br \/>\nwenn das LED-Panel aktiviert ist.<\/p>\n<hr \/>\n<h3>Antibeschlagsheizung und intelligente Sensoren<\/h3>\n<p>Das Panel integriert einen <strong>Antibeschlagheizung einstellbar von 0 bis 100 %<\/strong>.<br \/>\nBei voller Leistung beseitigt er aktiv Feuchtigkeit und verhindert Kondensation<br \/>\nzwischen der Abdeckung und der Linse nach dem Schlie\u00dfen.<\/p>\n<ul>\n<li>Eingebauter Sensor <strong>Temperatur &amp; Luftfeuchtigkeit<\/strong><\/li>\n<li>Automatische Berechnung des Taupunkts<\/li>\n<li>Automatische Steuerung der Heizung m\u00f6glich<\/li>\n<li>Manuelle Einstellung und Speicherung der Intensit\u00e4t<\/li>\n<li>Eingebauter Lichtsensor (automatisches Schlie\u00dfen bei Sonnenaufgang)<\/li>\n<\/ul>\n<hr \/>\n<h3>Wi-Fi-Steuerung und integriertes Armaturenbrett<\/h3>\n<p>Der FlatMaster Neo 120 verf\u00fcgt \u00fcber einen <strong>Integriertes Wi-Fi<\/strong> :<\/p>\n<ul>\n<li>Modus <strong>Zugangspunkt<\/strong> (autonomer Hotspot)<\/li>\n<li>Modus <strong>Wi-Fi-Client<\/strong> auf bestehendem Netzwerk<\/li>\n<\/ul>\n<p>Eine <strong>eingebettetes Web-Dashboard<\/strong> erm\u00f6glicht eine umfassende Kontrolle seit<br \/>\njedes mobile Ger\u00e4t oder jeden Computer ohne spezielle Software.<\/p>\n<p>Es ist auch kompatibel <strong>ASCOM 7<\/strong> und <strong>ASCOM Alpaca<\/strong><br \/>\nf\u00fcr die native Integration in Astrofotografie-Suiten.<\/p>\n<hr \/>\n<h3>Ein einziges Kabel - maximale Einfachheit<\/h3>\n<p>Der FlatMaster Neo funktioniert \u00fcber <strong>ein einziges USB-C-Kabel<\/strong><br \/>\nder sowohl f\u00fcr die Ern\u00e4hrung als auch f\u00fcr die Kontrolle sorgt.<\/p>\n<p>Ein eingebauter manueller Knopf \u00f6ffnet\/schlie\u00dft das Panel und<br \/>\ndie Helligkeit bei Bedarf direkt auf dem Ger\u00e4t anzupassen.<\/p>\n<hr \/>\n<h3>Hauptmerkmale<\/h3>\n<ul>\n<li>CNC-Struktur aus Aluminium in Flugzeugqualit\u00e4t<\/li>\n<li>Wei\u00dfes dimmbares LED-Panel 0-100 %<\/li>\n<li>Motorisierter Servo 0-270\u00b0<\/li>\n<li>Integrierte Antibeschlagsheizung<\/li>\n<li>Sensoren f\u00fcr Temperatur, Luftfeuchtigkeit und Helligkeit<\/li>\n<li>Wi-Fi + eigenst\u00e4ndiges Web-Dashboard<\/li>\n<li>ASCOM 7 &amp; ASCOM Alpaca kompatibel<\/li>\n<li>Betrieb \u00fcber USB-C (nur ein Kabel)<\/li>\n<\/ul>\n<hr \/>\n<h3>Technische Spezifikationen<\/h3>\n<table border=\"1\" cellspacing=\"0\" cellpadding=\"6\">\n<tbody>\n<tr>\n<td><strong>Typ<\/strong><\/td>\n<td>0-270\u00b0 Servo mit wei\u00dfem LED-Panel<\/td>\n<\/tr>\n<tr>\n<td><strong>Abstufung<\/strong><\/td>\n<td>0-100 %<\/td>\n<\/tr>\n<tr>\n<td><strong>Beleuchteter Nutzdurchmesser<\/strong><\/td>\n<td>120 mm<\/td>\n<\/tr>\n<tr>\n<td><strong>Material<\/strong><\/td>\n<td>Aluminium in Flugzeugqualit\u00e4t<\/td>\n<\/tr>\n<tr>\n<td><strong>Ern\u00e4hrung<\/strong><\/td>\n<td>5V DC \u00fcber USB-C (1.5A max.)<\/td>\n<\/tr>\n<tr>\n<td><strong>Abmessungen<\/strong><\/td>\n<td>\u00d8 250 mm \u00d7 8 mm Dicke<\/td>\n<\/tr>\n<tr>\n<td><strong>Gewicht<\/strong><\/td>\n<td>400 g<\/td>\n<\/tr>\n<\/tbody>\n<\/table>\n<hr \/>\n<h3>Warum sollten Sie sich f\u00fcr den FlatMaster Neo 120 entscheiden?<\/h3>\n<ul>\n<li>Ideale Lichtuniformit\u00e4t f\u00fcr pr\u00e4zise Flats<\/li>\n<li>Integrierter mechanischer Schutz und Staubschutz<\/li>\n<li>Intelligentes Beschlagsmanagement<\/li>\n<li>Vollst\u00e4ndige Automatisierung (Wi-Fi + ASCOM)<\/li>\n<li>Einfache und saubere Installation mit nur einem Kabel<\/li>\n<\/ul>\n<p>Die <strong>FlatMaster Neo 120<\/strong> ist eine moderne, intelligente und robuste L\u00f6sung<br \/>\num Ihre Flatsequenzen vollst\u00e4ndig zu automatisieren,<br \/>\nund gleichzeitig Ihr Instrument zwischen den Sitzungen wirksam sch\u00fctzen.<\/p>","protected":false},"excerpt":{"rendered":"<p>FlatMaster Neo 120 \u2013 Panneau LED r\u00e9tractable pour flats jusqu\u2019\u00e0 120 mm Le FlatMaster Neo 120 est un panneau LED r\u00e9tractable haut de gamme con\u00e7u pour g\u00e9n\u00e9rer une illumination parfaitement uniforme destin\u00e9e aux flats en astrophotographie et aux acquisitions photom\u00e9triques de pr\u00e9cision. Il est compatible avec les t\u00e9lescopes jusqu\u2019\u00e0 120 mm de diam\u00e8tre utile. Son [&hellip;]<\/p>\n","protected":false},"featured_media":13582,"comment_status":"open","ping_status":"closed","template":"","meta":[],"product_brand":[517],"product_cat":[816,840,592],"product_tag":[],"class_list":{"0":"post-13581","1":"product","2":"type-product","3":"status-publish","4":"has-post-thumbnail","6":"product_brand-pegasus","7":"product_cat-nouveautes","8":"product_cat-fermeture-de-telescope","9":"product_cat-panneaux--flats","11":"first","12":"on_supplier","13":"taxable","14":"shipping-taxable","15":"purchasable","16":"product-type-simple"},"_links":{"self":[{"href":"https:\/\/deep-space-astronomy.ch\/de\/wp-json\/wp\/v2\/product\/13581","targetHints":{"allow":["GET"]}}],"collection":[{"href":"https:\/\/deep-space-astronomy.ch\/de\/wp-json\/wp\/v2\/product"}],"about":[{"href":"https:\/\/deep-space-astronomy.ch\/de\/wp-json\/wp\/v2\/types\/product"}],"replies":[{"embeddable":true,"href":"https:\/\/deep-space-astronomy.ch\/de\/wp-json\/wp\/v2\/comments?post=13581"}],"wp:featuredmedia":[{"embeddable":true,"href":"https:\/\/deep-space-astronomy.ch\/de\/wp-json\/wp\/v2\/media\/13582"}],"wp:attachment":[{"href":"https:\/\/deep-space-astronomy.ch\/de\/wp-json\/wp\/v2\/media?parent=13581"}],"wp:term":[{"taxonomy":"product_brand","embeddable":true,"href":"https:\/\/deep-space-astronomy.ch\/de\/wp-json\/wp\/v2\/product_brand?post=13581"},{"taxonomy":"product_cat","embeddable":true,"href":"https:\/\/deep-space-astronomy.ch\/de\/wp-json\/wp\/v2\/product_cat?post=13581"},{"taxonomy":"product_tag","embeddable":true,"href":"https:\/\/deep-space-astronomy.ch\/de\/wp-json\/wp\/v2\/product_tag?post=13581"}],"curies":[{"name":"wp","href":"https:\/\/api.w.org\/{rel}","templated":true}]}}