{"id":13588,"date":"2026-02-22T16:30:49","date_gmt":"2026-02-22T15:30:49","guid":{"rendered":"https:\/\/deep-space-astronomy.ch\/?post_type=product&#038;p=13588"},"modified":"2026-04-15T10:49:32","modified_gmt":"2026-04-15T08:49:32","slug":"ls40tha-b500rp","status":"publish","type":"product","link":"https:\/\/deep-space-astronomy.ch\/de\/produkt\/ls40tha-b500rp\/","title":{"rendered":"LS40THa\/B500R&amp;P (Neuer Standard \u2264 0,35 \u00c5)"},"content":{"rendered":"<h2>40 mm H-Alpha-Sonnenteleskop - B500 Sperrfilter &amp; Okularhalter Zahnstange<\/h2>\n<p>Diese <strong>40-mm-H-Alpha-Sonnenteleskop<\/strong> wurde speziell f\u00fcr die Beobachtung der Sonnenchromosph\u00e4re in der H-alpha-Linie (656,28 nm) entwickelt. Es ist kompakt, leistungsstark und einfach zu bedienen und erm\u00f6glicht die sichere Erkundung der dynamischen Ph\u00e4nomene der Sonne: Protuberanzen, Filamente, Sonnenflecken und feine Oberfl\u00e4chendetails.<\/p>\n<p>Ausgestattet mit einem <strong>Sperrfilter B500<\/strong> und einem <strong>Okularhalter mit Zahnstange (Rack &amp; Pinion)<\/strong>, Es bietet eine stabile und pr\u00e4zise Fokussierung, die ideal ist, um das optische Potenzial bei der visuellen Beobachtung voll auszusch\u00f6pfen.<\/p>\n<hr \/>\n<h3>Dedizierte und sichere H-Alpha-Beobachtung<\/h3>\n<p>Dieses f\u00fcr die Sonnenbeobachtung im H-Alpha-Bereich optimierte System enth\u00fcllt aktive Strukturen in der Chromosph\u00e4re, die im Wei\u00dflicht unsichtbar sind.<\/p>\n<ul>\n<li>Spektakul\u00e4re Protuberanzen am Rand der Scheibe<\/li>\n<li>Filamente und Sonneneruptionen<\/li>\n<li>Kontrastreiche Oberfl\u00e4chendetails<\/li>\n<li>Beobachtung der Entwicklung der Sonnenaktivit\u00e4t<\/li>\n<\/ul>\n<hr \/>\n<h3>Blocking-Filter B500<\/h3>\n<p>Die <strong>blocking filter B500<\/strong> garantiert die Sicherheit und spektrale Reinheit des Bildes. Es ist kompakt und leicht und eignet sich hervorragend f\u00fcr den visuellen Einsatz mit Okularen im Format 1,25\u2033.<\/p>\n<ul>\n<li>Optimierte \u00dcbertragung f\u00fcr das H-Alpha-Band<\/li>\n<li>Format kompatibel mit Standardzubeh\u00f6r 1,25\u2033.<\/li>\n<li>Entwickelt f\u00fcr eine sichere Sonnenbeobachtung<\/li>\n<\/ul>\n<hr \/>\n<h3>Rack &amp; Pinion Okularhalter - Stabilit\u00e4t und Pr\u00e4zision<\/h3>\n<p>Die <strong>Okularhalter mit Zahnstange<\/strong> sorgt f\u00fcr eine fl\u00fcssige, starre und schlupffreie Fokussierung. Im Vergleich zu einem Spiralfokussierer bietet er eine bessere mechanische Stabilit\u00e4t, insbesondere bei etwas schwererem Zubeh\u00f6r.<\/p>\n<ul>\n<li>Pr\u00e4zise und kontrollierte Fokussierung<\/li>\n<li>Ausgezeichnete mechanische Stabilit\u00e4t<\/li>\n<li>Geeignet f\u00fcr Zubeh\u00f6r 1,25\u2033.<\/li>\n<\/ul>\n<hr \/>\n<h3>Inklusive Zubeh\u00f6r<\/h3>\n<ul>\n<li><strong>TeleVue Sol Searcher<\/strong> f\u00fcr eine schnelle und sichere Sonnenausrichtung<\/li>\n<li><strong>Schwalbenschwanz 4\u2033<\/strong> zur Befestigung an kompatiblen Fassungen<\/li>\n<\/ul>\n<p>Die <strong>TeleVue Sol Searcher<\/strong> erm\u00f6glicht es Ihnen, das Teleskop auf die Sonne auszurichten, ohne direkt auf die Sonne zu schauen, und garantiert so eine sichere und effiziente Ausrichtung.<\/p>\n<hr \/>\n<h3>Hauptmerkmale<\/h3>\n<table border=\"1\" cellspacing=\"0\" cellpadding=\"6\">\n<tbody>\n<tr>\n<td><strong>Typ<\/strong><\/td>\n<td>H-Alpha-Sonnenteleskop<\/td>\n<\/tr>\n<tr>\n<td><strong>Er\u00f6ffnung<\/strong><\/td>\n<td>40 mm<\/td>\n<\/tr>\n<tr>\n<td><strong>Blockierender Filter<\/strong><\/td>\n<td>B500<\/td>\n<\/tr>\n<tr>\n<td><strong>Okularhalter<\/strong><\/td>\n<td>Rack &amp; Pinion (Zahnstange)<\/td>\n<\/tr>\n<tr>\n<td><strong>Inklusive Zubeh\u00f6r<\/strong><\/td>\n<td>TeleVue Sol Searcher, Schwalbenschwanz 4\u2033<\/td>\n<\/tr>\n<\/tbody>\n<\/table>\n<hr \/>\n<h3>Warum sollten Sie sich f\u00fcr dieses Modell entscheiden?<\/h3>\n<ul>\n<li>Kompakt und transportabel<\/li>\n<li>Detaillierte und sichere H-Alpha-Beobachtung<\/li>\n<li>Stabile Fokussierung dank Zahnstangenfokussierer<\/li>\n<li>Schnelle Installation auf Standardfassung<\/li>\n<\/ul>\n<p>Diese <strong>H-alpha 40mm Sonnenteleskop mit B500 Filter und Rack &amp; Pinion Okularhalter<\/strong> stellt eine zuverl\u00e4ssige und leistungsf\u00e4hige L\u00f6sung dar, um die Sonnenaktivit\u00e4t genau zu entdecken und zu verfolgen.<\/p>","protected":false},"excerpt":{"rendered":"<p>T\u00e9lescope solaire H-alpha 40 mm \u2013 Filtre bloquant B500 &amp; Porte-oculaire Cr\u00e9maill\u00e8re Ce t\u00e9lescope solaire H-alpha de 40 mm est sp\u00e9cialement con\u00e7u pour l\u2019observation de la chromosph\u00e8re solaire dans la raie H-alpha (656,28 nm). Compact, performant et simple \u00e0 utiliser, il permet d\u2019explorer en toute s\u00e9curit\u00e9 les ph\u00e9nom\u00e8nes dynamiques du Soleil : protub\u00e9rances, filaments, taches [&hellip;]<\/p>\n","protected":false},"featured_media":13586,"comment_status":"open","ping_status":"closed","template":"","meta":[],"product_brand":[880],"product_cat":[642,643],"product_tag":[],"class_list":{"0":"post-13588","1":"product","2":"type-product","3":"status-publish","4":"has-post-thumbnail","6":"product_brand-lunt-solar-systems","7":"product_cat-materiel-pour-lobservation-solaire","8":"product_cat-lunettes-solaires","10":"first","11":"on_supplier","12":"taxable","13":"shipping-taxable","14":"purchasable","15":"product-type-simple"},"_links":{"self":[{"href":"https:\/\/deep-space-astronomy.ch\/de\/wp-json\/wp\/v2\/product\/13588","targetHints":{"allow":["GET"]}}],"collection":[{"href":"https:\/\/deep-space-astronomy.ch\/de\/wp-json\/wp\/v2\/product"}],"about":[{"href":"https:\/\/deep-space-astronomy.ch\/de\/wp-json\/wp\/v2\/types\/product"}],"replies":[{"embeddable":true,"href":"https:\/\/deep-space-astronomy.ch\/de\/wp-json\/wp\/v2\/comments?post=13588"}],"wp:featuredmedia":[{"embeddable":true,"href":"https:\/\/deep-space-astronomy.ch\/de\/wp-json\/wp\/v2\/media\/13586"}],"wp:attachment":[{"href":"https:\/\/deep-space-astronomy.ch\/de\/wp-json\/wp\/v2\/media?parent=13588"}],"wp:term":[{"taxonomy":"product_brand","embeddable":true,"href":"https:\/\/deep-space-astronomy.ch\/de\/wp-json\/wp\/v2\/product_brand?post=13588"},{"taxonomy":"product_cat","embeddable":true,"href":"https:\/\/deep-space-astronomy.ch\/de\/wp-json\/wp\/v2\/product_cat?post=13588"},{"taxonomy":"product_tag","embeddable":true,"href":"https:\/\/deep-space-astronomy.ch\/de\/wp-json\/wp\/v2\/product_tag?post=13588"}],"curies":[{"name":"wp","href":"https:\/\/api.w.org\/{rel}","templated":true}]}}