{"id":13589,"date":"2026-02-22T16:30:50","date_gmt":"2026-02-22T15:30:50","guid":{"rendered":"https:\/\/deep-space-astronomy.ch\/?post_type=product&#038;p=13589"},"modified":"2026-04-15T10:50:31","modified_gmt":"2026-04-15T08:50:31","slug":"ls40tha-b500rp10-1","status":"publish","type":"product","link":"https:\/\/deep-space-astronomy.ch\/de\/produkt\/ls40tha-b500rp10-1\/","title":{"rendered":"LS40THa\/B500R&amp;P10-1 (Neuer Standard \u2264 0,35 \u00c5)"},"content":{"rendered":"<h2>40mm H-Alpha-Sonnenteleskop - B500 Sperrfilter &amp; Rack &amp; Pinion 10:1 Okularhalter<\/h2>\n<p>Diese <strong>40-mm-H-Alpha-Sonnenteleskop<\/strong> ist der detaillierten Beobachtung der Sonnenchromosph\u00e4re in der H-alpha-Linie (656,28 nm) gewidmet. Es ist kompakt, leicht und einfach zu bedienen und erm\u00f6glicht die sichere Erkundung der <strong>Ausst\u00fclpungen<\/strong>, <strong>Filamente<\/strong>, <strong>Sonnenflecken<\/strong> und feine Oberfl\u00e4chenstrukturen.<\/p>\n<p>Er ist mit einem <strong>Sperrfilter B500<\/strong> und einem <strong>Zahnstangen-Okularhalter (Rack &amp; Pinion) mit 10:1-\u00dcbersetzung<\/strong>, Die Kamera bietet eine ultrapr\u00e4zise Fokussierung, die f\u00fcr die Nutzung der feinen Details der Sonne unerl\u00e4sslich ist.<\/p>\n<hr \/>\n<h3>Dedizierte H-Alpha-Beobachtung<\/h3>\n<p>Optimiert f\u00fcr die Isolierung des H-Alpha-Bandes, enth\u00fcllt das System die dynamische Aktivit\u00e4t der Sonne, die im Wei\u00dflicht unsichtbar ist:<\/p>\n<ul>\n<li>Spektakul\u00e4re Protuberanzen am Rand der Scheibe<\/li>\n<li>Filamente und Eruptionen<\/li>\n<li>Chromosph\u00e4rische Granulation und Oberfl\u00e4chendetails<\/li>\n<li>Beobachtung der Entwicklung der Sonnenaktivit\u00e4t<\/li>\n<\/ul>\n<hr \/>\n<h3>Blocking-Filter B500<\/h3>\n<p>Die <strong>blocking filter B500<\/strong> garantiert die Sicherheit und spektrale Reinheit des Bildes. Es eignet sich hervorragend f\u00fcr die visuelle Beobachtung mit Zubeh\u00f6r im 1,25\u2033-Format.<\/p>\n<ul>\n<li>Optimierte \u00dcbertragung f\u00fcr das H-Alpha-Band<\/li>\n<li>Kompaktes und leichtes Format<\/li>\n<li>Vertr\u00e4glichkeit Augen 1,25\u2033<\/li>\n<\/ul>\n<hr \/>\n<h3>Rack &amp; Pinion 10:1-Okularhalter - h\u00f6chste Pr\u00e4zision<\/h3>\n<p>Der Zahnstangenfokussierer mit <strong>feine Untersetzung 10:1<\/strong> erm\u00f6glicht eine \u00e4u\u00dferst pr\u00e4zise Einstellung der Sch\u00e4rfe, die bei starker Vergr\u00f6\u00dferung besonders n\u00fctzlich ist.<\/p>\n<ul>\n<li>Fl\u00fcssige und stabile Fokussierung<\/li>\n<li>Gro\u00dfe Kapazit\u00e4t zur Aufbewahrung von Zubeh\u00f6r<\/li>\n<li>Mikrometereinstellung zur Optimierung der Sch\u00e4rfe<\/li>\n<\/ul>\n<hr \/>\n<h3>Inklusive Zubeh\u00f6r<\/h3>\n<ul>\n<li><strong>TeleVue Sol Searcher<\/strong> f\u00fcr eine schnelle und sichere Sonnenausrichtung<\/li>\n<li><strong>Schwalbenschwanz 4\u2033<\/strong> zur Befestigung an kompatiblen Fassungen<\/li>\n<\/ul>\n<p>Die <strong>TeleVue Sol Searcher<\/strong> erm\u00f6glicht es Ihnen, das Teleskop auf die Sonne auszurichten, ohne jemals direkt auf die Sonne zu schauen, und garantiert so eine sichere und effiziente Ausrichtung.<\/p>\n<hr \/>\n<h3>Hauptmerkmale<\/h3>\n<table border=\"1\" cellspacing=\"0\" cellpadding=\"6\">\n<tbody>\n<tr>\n<td><strong>Typ<\/strong><\/td>\n<td>H-Alpha-Sonnenteleskop<\/td>\n<\/tr>\n<tr>\n<td><strong>Er\u00f6ffnung<\/strong><\/td>\n<td>40 mm<\/td>\n<\/tr>\n<tr>\n<td><strong>Blockierender Filter<\/strong><\/td>\n<td>B500<\/td>\n<\/tr>\n<tr>\n<td><strong>Okularhalter<\/strong><\/td>\n<td>Rack &amp; Pinion mit 10:1-\u00dcbersetzung<\/td>\n<\/tr>\n<tr>\n<td><strong>Inklusive Zubeh\u00f6r<\/strong><\/td>\n<td>TeleVue Sol Searcher, Schwalbenschwanz 4\u2033<\/td>\n<\/tr>\n<\/tbody>\n<\/table>\n<hr \/>\n<h3>Warum sollten Sie sich f\u00fcr dieses Modell entscheiden?<\/h3>\n<ul>\n<li>Kompakt und leicht transportierbar<\/li>\n<li>Detaillierte und sichere H-Alpha-Sonnenbeobachtung<\/li>\n<li>10:1-Feinfokus f\u00fcr h\u00f6chste Pr\u00e4zision<\/li>\n<li>Schnelle Installation auf Standardfassung<\/li>\n<\/ul>\n<p>Diese <strong>40 mm H-Alpha-Sonnenteleskop mit B500 und 10:1-Fokussierer<\/strong> ist eine zuverl\u00e4ssige und leistungsf\u00e4hige L\u00f6sung, um die Sonnenaktivit\u00e4t mit maximaler Genauigkeit und Komfort zu entdecken und zu verfolgen.<\/p>","protected":false},"excerpt":{"rendered":"<p>T\u00e9lescope solaire H-alpha 40 mm \u2013 Filtre bloquant B500 &amp; Porte-oculaire Rack &amp; Pinion 10:1 Ce t\u00e9lescope solaire H-alpha de 40 mm est d\u00e9di\u00e9 \u00e0 l\u2019observation d\u00e9taill\u00e9e de la chromosph\u00e8re solaire dans la raie H-alpha (656,28 nm). Compact, l\u00e9ger et simple \u00e0 mettre en \u0153uvre, il permet d\u2019explorer en toute s\u00e9curit\u00e9 les protub\u00e9rances, filaments, taches [&hellip;]<\/p>\n","protected":false},"featured_media":13586,"comment_status":"open","ping_status":"closed","template":"","meta":[],"product_brand":[880],"product_cat":[642,643],"product_tag":[],"class_list":{"0":"post-13589","1":"product","2":"type-product","3":"status-publish","4":"has-post-thumbnail","6":"product_brand-lunt-solar-systems","7":"product_cat-materiel-pour-lobservation-solaire","8":"product_cat-lunettes-solaires","10":"first","11":"on_supplier","12":"taxable","13":"shipping-taxable","14":"purchasable","15":"product-type-simple"},"_links":{"self":[{"href":"https:\/\/deep-space-astronomy.ch\/de\/wp-json\/wp\/v2\/product\/13589","targetHints":{"allow":["GET"]}}],"collection":[{"href":"https:\/\/deep-space-astronomy.ch\/de\/wp-json\/wp\/v2\/product"}],"about":[{"href":"https:\/\/deep-space-astronomy.ch\/de\/wp-json\/wp\/v2\/types\/product"}],"replies":[{"embeddable":true,"href":"https:\/\/deep-space-astronomy.ch\/de\/wp-json\/wp\/v2\/comments?post=13589"}],"wp:featuredmedia":[{"embeddable":true,"href":"https:\/\/deep-space-astronomy.ch\/de\/wp-json\/wp\/v2\/media\/13586"}],"wp:attachment":[{"href":"https:\/\/deep-space-astronomy.ch\/de\/wp-json\/wp\/v2\/media?parent=13589"}],"wp:term":[{"taxonomy":"product_brand","embeddable":true,"href":"https:\/\/deep-space-astronomy.ch\/de\/wp-json\/wp\/v2\/product_brand?post=13589"},{"taxonomy":"product_cat","embeddable":true,"href":"https:\/\/deep-space-astronomy.ch\/de\/wp-json\/wp\/v2\/product_cat?post=13589"},{"taxonomy":"product_tag","embeddable":true,"href":"https:\/\/deep-space-astronomy.ch\/de\/wp-json\/wp\/v2\/product_tag?post=13589"}],"curies":[{"name":"wp","href":"https:\/\/api.w.org\/{rel}","templated":true}]}}