{"id":13590,"date":"2026-02-22T16:30:50","date_gmt":"2026-02-22T15:30:50","guid":{"rendered":"https:\/\/deep-space-astronomy.ch\/?post_type=product&#038;p=13590"},"modified":"2026-02-22T17:03:32","modified_gmt":"2026-02-22T16:03:32","slug":"ls40tha-b600","status":"publish","type":"product","link":"https:\/\/deep-space-astronomy.ch\/de\/produkt\/ls40tha-b600\/","title":{"rendered":"LS40THa\/B600"},"content":{"rendered":"<h2>40 mm H-Alpha-Sonnenteleskop - B600 Sperrfilter &amp; Helix-Okularhalter<\/h2>\n<p>Diese <strong>40-mm-H-Alpha-Sonnenteleskop<\/strong> wurde f\u00fcr die detaillierte Beobachtung der Sonnenchromosph\u00e4re in der H-alpha-Linie (656,28 nm) entwickelt. Es ist kompakt, leicht und einfach zu bedienen und erm\u00f6glicht die sichere Erkundung der spektakul\u00e4rsten Ph\u00e4nomene der Sonne : <strong>Ausst\u00fclpungen<\/strong>, <strong>Filamente<\/strong>, <strong>aktive Regionen<\/strong> und <strong>feine Oberfl\u00e4chendetails<\/strong>.<\/p>\n<p>Diese Version ist mit einem <strong>Sperrfilter B600<\/strong> die ein bequemeres Feld bietet, sowie ein <strong>spiralf\u00f6rmiger Okularhalter<\/strong> pr\u00e4zise und fl\u00fcssig.<\/p>\n<hr \/>\n<h3>Sonnenbeobachtung in H-alpha<\/h3>\n<p>Das System wurde f\u00fcr die Isolierung des H-Alpha-Bandes optimiert und enth\u00fcllt die Dynamik der Sonnenchromosph\u00e4re, die im Wei\u00dflicht unsichtbar ist:<\/p>\n<ul>\n<li>Vorw\u00f6lbungen am Scheibenrand<\/li>\n<li>Dunkle Filamente auf der Sonnenscheibe<\/li>\n<li>Kontrastreiche Oberfl\u00e4chendetails<\/li>\n<li>Verfolgung der Sonnenaktivit\u00e4t im Laufe der Tage<\/li>\n<\/ul>\n<hr \/>\n<h3>B600-Blocking-Filter - erh\u00f6hter Sehkomfort<\/h3>\n<p>Die <strong>blocking filter B600<\/strong> bietet einen gr\u00f6\u00dferen nutzbaren Durchmesser als das B500, wodurch ein h\u00f6herer Beobachtungskomfort und eine gr\u00f6\u00dfere Flexibilit\u00e4t mit verschiedenen Okularen oder Konfigurationen erm\u00f6glicht wird.<\/p>\n<ul>\n<li>Optimierte \u00dcbertragung f\u00fcr das H-Alpha-Band<\/li>\n<li>Format kompatibel Zubeh\u00f6r 1,25\u2033<\/li>\n<li>Komfortableres Feld als die Version B500<\/li>\n<\/ul>\n<hr \/>\n<h3>Spiralf\u00f6rmiger Okularhalter<\/h3>\n<p>Die <strong>Spiralfokussierer<\/strong> gew\u00e4hrleistet eine einfache und pr\u00e4zise Fokussierung durch Drehen. Es ist leicht und robust und eignet sich hervorragend f\u00fcr die visuelle Sonnenbeobachtung.<\/p>\n<ul>\n<li>Fl\u00fcssiger, progressiver Fokus<\/li>\n<li>Kompaktes Design<\/li>\n<li>Ideal f\u00fcr den visuellen Gebrauch<\/li>\n<\/ul>\n<hr \/>\n<h3>Inklusive Zubeh\u00f6r<\/h3>\n<ul>\n<li><strong>TeleVue Sol Searcher<\/strong> f\u00fcr eine sichere und schnelle Sonnenausrichtung<\/li>\n<li><strong>Schwalbenschwanz 4\u2033<\/strong> zur Befestigung an kompatiblen Fassungen<\/li>\n<\/ul>\n<p>Die <strong>Sol Searcher<\/strong> erm\u00f6glicht es Ihnen, das Teleskop auf die Sonne auszurichten, ohne direkt auf die Sonne zu schauen, und garantiert so eine sichere Ausrichtung.<\/p>\n<hr \/>\n<h3>Hauptmerkmale<\/h3>\n<table border=\"1\" cellspacing=\"0\" cellpadding=\"6\">\n<tbody>\n<tr>\n<td><strong>Typ<\/strong><\/td>\n<td>H-Alpha-Sonnenteleskop<\/td>\n<\/tr>\n<tr>\n<td><strong>Er\u00f6ffnung<\/strong><\/td>\n<td>40 mm<\/td>\n<\/tr>\n<tr>\n<td><strong>Blockierender Filter<\/strong><\/td>\n<td>B600<\/td>\n<\/tr>\n<tr>\n<td><strong>Okularhalter<\/strong><\/td>\n<td>Helikoidal<\/td>\n<\/tr>\n<tr>\n<td><strong>Inklusive Zubeh\u00f6r<\/strong><\/td>\n<td>TeleVue Sol Searcher, Schwalbenschwanz 4\u2033<\/td>\n<\/tr>\n<\/tbody>\n<\/table>\n<hr \/>\n<h3>Warum sollten Sie sich f\u00fcr diese Version B600 entscheiden?<\/h3>\n<ul>\n<li>Detaillierte und sichere H-Alpha-Sonnenbeobachtung<\/li>\n<li>Mehr Sehkomfort dank B600<\/li>\n<li>Kompaktes und transportables Instrument<\/li>\n<li>Schnelle Installation auf Standardfassung<\/li>\n<\/ul>\n<p>Die <strong>40 mm H-Alpha-Sonnenteleskop mit B600-Filter und Spiralfokussierer<\/strong> stellt eine leistungsf\u00e4hige und skalierbare L\u00f6sung dar, um die Sonnenaktivit\u00e4t pr\u00e4zise und komfortabel zu entdecken und zu verfolgen.<\/p>","protected":false},"excerpt":{"rendered":"<p>T\u00e9lescope solaire H-alpha 40 mm \u2013 Filtre bloquant B600 &amp; Porte-oculaire h\u00e9lico\u00efdal Ce t\u00e9lescope solaire H-alpha de 40 mm est con\u00e7u pour l\u2019observation d\u00e9taill\u00e9e de la chromosph\u00e8re solaire dans la raie H-alpha (656,28 nm). Compact, l\u00e9ger et simple \u00e0 utiliser, il permet d\u2019explorer en toute s\u00e9curit\u00e9 les ph\u00e9nom\u00e8nes les plus spectaculaires du Soleil : protub\u00e9rances, [&hellip;]<\/p>\n","protected":false},"featured_media":13586,"comment_status":"open","ping_status":"closed","template":"","meta":[],"product_brand":[880],"product_cat":[642,643],"product_tag":[],"class_list":{"0":"post-13590","1":"product","2":"type-product","3":"status-publish","4":"has-post-thumbnail","6":"product_brand-lunt-solar-systems","7":"product_cat-materiel-pour-lobservation-solaire","8":"product_cat-lunettes-solaires","10":"first","11":"on_supplier","12":"taxable","13":"shipping-taxable","14":"purchasable","15":"product-type-simple"},"_links":{"self":[{"href":"https:\/\/deep-space-astronomy.ch\/de\/wp-json\/wp\/v2\/product\/13590","targetHints":{"allow":["GET"]}}],"collection":[{"href":"https:\/\/deep-space-astronomy.ch\/de\/wp-json\/wp\/v2\/product"}],"about":[{"href":"https:\/\/deep-space-astronomy.ch\/de\/wp-json\/wp\/v2\/types\/product"}],"replies":[{"embeddable":true,"href":"https:\/\/deep-space-astronomy.ch\/de\/wp-json\/wp\/v2\/comments?post=13590"}],"wp:featuredmedia":[{"embeddable":true,"href":"https:\/\/deep-space-astronomy.ch\/de\/wp-json\/wp\/v2\/media\/13586"}],"wp:attachment":[{"href":"https:\/\/deep-space-astronomy.ch\/de\/wp-json\/wp\/v2\/media?parent=13590"}],"wp:term":[{"taxonomy":"product_brand","embeddable":true,"href":"https:\/\/deep-space-astronomy.ch\/de\/wp-json\/wp\/v2\/product_brand?post=13590"},{"taxonomy":"product_cat","embeddable":true,"href":"https:\/\/deep-space-astronomy.ch\/de\/wp-json\/wp\/v2\/product_cat?post=13590"},{"taxonomy":"product_tag","embeddable":true,"href":"https:\/\/deep-space-astronomy.ch\/de\/wp-json\/wp\/v2\/product_tag?post=13590"}],"curies":[{"name":"wp","href":"https:\/\/api.w.org\/{rel}","templated":true}]}}