{"id":13594,"date":"2026-02-22T16:30:51","date_gmt":"2026-02-22T15:30:51","guid":{"rendered":"https:\/\/deep-space-astronomy.ch\/?post_type=product&#038;p=13594"},"modified":"2026-04-15T10:56:32","modified_gmt":"2026-04-15T08:56:32","slug":"ls40tha-b1200rp","status":"publish","type":"product","link":"https:\/\/deep-space-astronomy.ch\/de\/produkt\/ls40tha-b1200rp\/","title":{"rendered":"LS40THa\/B1200R&amp;P (Neuer Standard \u2264 0,35 \u00c5)"},"content":{"rendered":"<h2>40mm H-Alpha-Sonnenteleskop - B1200 Blocking Filter &amp; Rack &amp; Pinion Okularhalter<\/h2>\n<p>Diese <strong>40-mm-H-Alpha-Sonnenteleskop<\/strong> wurde f\u00fcr die detaillierte Beobachtung der Sonnenchromosph\u00e4re in der H-alpha-Linie (656,28 nm) entwickelt. Es ist kompakt und leistungsstark und erm\u00f6glicht die sichere Erkundung der <strong>Ausst\u00fclpungen<\/strong>, <strong>Filamente<\/strong>, <strong>aktive Regionen<\/strong> und feine Oberfl\u00e4chenstrukturen.<\/p>\n<p>Diese Version verbindet einen <strong>Sperrfilter B1200<\/strong>, Die neue Version des Buches, die ein gr\u00f6\u00dferes Nutzfeld und mehr Sehkomfort bietet, ist zu einem g\u00fcnstigeren Preis erh\u00e4ltlich. <strong>Okularhalter mit Zahnstange (Rack &amp; Pinion)<\/strong> die eine stabile und pr\u00e4zise Fokussierung gew\u00e4hrleisten.<\/p>\n<hr \/>\n<h3>Dedizierte H-Alpha-Beobachtung<\/h3>\n<p>Das System ist f\u00fcr die Isolierung des H-Alpha-Bandes optimiert und enth\u00fcllt die dynamische Aktivit\u00e4t der Chromosph\u00e4re, die im Wei\u00dflicht unsichtbar ist:<\/p>\n<ul>\n<li>Vorw\u00f6lbungen am Scheibenrand<\/li>\n<li>Magnetische F\u00e4den und Strukturen<\/li>\n<li>Feine Oberfl\u00e4chendetails<\/li>\n<li>Genaue Verfolgung der Entwicklung der Sonnenaktivit\u00e4t<\/li>\n<\/ul>\n<hr \/>\n<h3>Blocking-Filter B1200 - Komfort und Skalierbarkeit<\/h3>\n<p>Die <strong>blocking filter B1200<\/strong> bietet einen gr\u00f6\u00dferen Nutzdurchmesser als die Versionen B500 und B600, was eine bequemere Beobachtung und eine bessere Kompatibilit\u00e4t mit verschiedenen Konfigurationen erm\u00f6glicht.<\/p>\n<ul>\n<li>Optimierte \u00dcbertragung f\u00fcr das H-Alpha-Band<\/li>\n<li>Format kompatibel Zubeh\u00f6r 1,25\u2033<\/li>\n<li>Gro\u00dfz\u00fcgigeres und skalierbares Feld<\/li>\n<\/ul>\n<hr \/>\n<h3>Okularhalter Rack &amp; Pinion<\/h3>\n<p>Die <strong>Focker mit Zahnstange<\/strong> sorgt f\u00fcr eine fl\u00fcssige, stabile und pr\u00e4zise Fokussierung. Das robuste Design sorgt f\u00fcr einen hervorragenden Halt des Zubeh\u00f6rs und eine hohe mechanische Zuverl\u00e4ssigkeit.<\/p>\n<ul>\n<li>Stabile, schlupffreie Fokussierung<\/li>\n<li>Robuste Struktur<\/li>\n<li>Kompatibel mit Zubeh\u00f6r 1,25\u2033.<\/li>\n<\/ul>\n<hr \/>\n<h3>Inklusive Zubeh\u00f6r<\/h3>\n<ul>\n<li><strong>TeleVue Sol Searcher<\/strong> f\u00fcr eine schnelle und sichere Sonnenausrichtung<\/li>\n<li><strong>Schwalbenschwanz 4\u2033<\/strong> zur Befestigung an kompatiblen Fassungen<\/li>\n<\/ul>\n<p>Die <strong>TeleVue Sol Searcher<\/strong> erm\u00f6glicht die Ausrichtung des Teleskops auf die Sonne ohne direkte Beobachtung des Himmelsk\u00f6rpers und garantiert eine sichere und effiziente Ausrichtung.<\/p>\n<hr \/>\n<h3>Hauptmerkmale<\/h3>\n<table border=\"1\" cellspacing=\"0\" cellpadding=\"6\">\n<tbody>\n<tr>\n<td><strong>Typ<\/strong><\/td>\n<td>H-Alpha-Sonnenteleskop<\/td>\n<\/tr>\n<tr>\n<td><strong>Er\u00f6ffnung<\/strong><\/td>\n<td>40 mm<\/td>\n<\/tr>\n<tr>\n<td><strong>Blockierender Filter<\/strong><\/td>\n<td>B1200<\/td>\n<\/tr>\n<tr>\n<td><strong>Okularhalter<\/strong><\/td>\n<td>Rack &amp; Pinion<\/td>\n<\/tr>\n<tr>\n<td><strong>Inklusive Zubeh\u00f6r<\/strong><\/td>\n<td>TeleVue Sol Searcher, Schwalbenschwanz 4\u2033<\/td>\n<\/tr>\n<\/tbody>\n<\/table>\n<hr \/>\n<h3>Warum sollten Sie sich f\u00fcr diese B1200-Version entscheiden?<\/h3>\n<ul>\n<li>Detaillierte und sichere H-Alpha-Sonnenbeobachtung<\/li>\n<li>Gr\u00f6\u00dferes Nutzfeld f\u00fcr maximalen Komfort<\/li>\n<li>Stabiler und pr\u00e4ziser Fokus<\/li>\n<li>Kompaktes und leicht transportierbares Instrument<\/li>\n<\/ul>\n<p>Die <strong>40 mm H-Alpha-Sonnenteleskop mit B1200-Filter und Rack &amp; Pinion-Okularhalter<\/strong> ist eine leistungsf\u00e4hige und skalierbare L\u00f6sung, um die Sonnenaktivit\u00e4t genau und komfortabel zu verfolgen.<\/p>","protected":false},"excerpt":{"rendered":"<p>T\u00e9lescope solaire H-alpha 40 mm \u2013 Filtre bloquant B1200 &amp; Porte-oculaire Rack &amp; Pinion Ce t\u00e9lescope solaire H-alpha de 40 mm est con\u00e7u pour l\u2019observation d\u00e9taill\u00e9e de la chromosph\u00e8re solaire dans la raie H-alpha (656,28 nm). Compact et performant, il permet d\u2019explorer en toute s\u00e9curit\u00e9 les protub\u00e9rances, filaments, r\u00e9gions actives et les fines structures de [&hellip;]<\/p>\n","protected":false},"featured_media":13586,"comment_status":"open","ping_status":"closed","template":"","meta":[],"product_brand":[880],"product_cat":[642,643],"product_tag":[],"class_list":{"0":"post-13594","1":"product","2":"type-product","3":"status-publish","4":"has-post-thumbnail","6":"product_brand-lunt-solar-systems","7":"product_cat-materiel-pour-lobservation-solaire","8":"product_cat-lunettes-solaires","10":"first","11":"on_supplier","12":"taxable","13":"shipping-taxable","14":"purchasable","15":"product-type-simple"},"_links":{"self":[{"href":"https:\/\/deep-space-astronomy.ch\/de\/wp-json\/wp\/v2\/product\/13594","targetHints":{"allow":["GET"]}}],"collection":[{"href":"https:\/\/deep-space-astronomy.ch\/de\/wp-json\/wp\/v2\/product"}],"about":[{"href":"https:\/\/deep-space-astronomy.ch\/de\/wp-json\/wp\/v2\/types\/product"}],"replies":[{"embeddable":true,"href":"https:\/\/deep-space-astronomy.ch\/de\/wp-json\/wp\/v2\/comments?post=13594"}],"wp:featuredmedia":[{"embeddable":true,"href":"https:\/\/deep-space-astronomy.ch\/de\/wp-json\/wp\/v2\/media\/13586"}],"wp:attachment":[{"href":"https:\/\/deep-space-astronomy.ch\/de\/wp-json\/wp\/v2\/media?parent=13594"}],"wp:term":[{"taxonomy":"product_brand","embeddable":true,"href":"https:\/\/deep-space-astronomy.ch\/de\/wp-json\/wp\/v2\/product_brand?post=13594"},{"taxonomy":"product_cat","embeddable":true,"href":"https:\/\/deep-space-astronomy.ch\/de\/wp-json\/wp\/v2\/product_cat?post=13594"},{"taxonomy":"product_tag","embeddable":true,"href":"https:\/\/deep-space-astronomy.ch\/de\/wp-json\/wp\/v2\/product_tag?post=13594"}],"curies":[{"name":"wp","href":"https:\/\/api.w.org\/{rel}","templated":true}]}}