{"id":13626,"date":"2026-02-22T18:19:49","date_gmt":"2026-02-22T17:19:49","guid":{"rendered":"https:\/\/deep-space-astronomy.ch\/?post_type=product&#038;p=13626"},"modified":"2026-04-15T10:53:38","modified_gmt":"2026-04-15T08:53:38","slug":"ls100mt-b3400rp","status":"publish","type":"product","link":"https:\/\/deep-space-astronomy.ch\/de\/produkt\/ls100mt-b3400rp\/","title":{"rendered":"LS100MT\/B3400RP (Neuer Standard \u2264 0,35 \u00c5)"},"content":{"rendered":"<h2>LS100MT - 100mm Tag &amp; Nacht Universal-Teleskop mit Sperrfilter und Rack &amp; Pinion Okularhalter<\/h2>\n<p>\nDie <strong>LS100MT 100 mm Universal Day &amp; Night<\/strong> ist ein modulares High-End-Instrument, das sowohl f\u00fcr die Sonnenbeobachtung im H-Alpha-Bereich als auch f\u00fcr die Nachtastronomie entwickelt wurde. Mit seiner 100-mm-\u00d6ffnung bietet es eine hervorragende Aufl\u00f6sung und Kontrast, sowohl bei den feinen Strukturen der Sonne als auch beim Mond und den Planeten.\n<\/p>\n<p>\nDiese Version wird mit einem <strong>Sperrfilter B1200<\/strong> und ein <strong>Okularhalter Rack &amp; Pinion<\/strong>. Sie ist auch in folgenden Konfigurationen erh\u00e4ltlich <strong>B1800<\/strong> und <strong>B3400<\/strong>, Sie k\u00f6nnen die verschiedenen Arten von Bildern je nach Ihren Anforderungen an das Feld und die Bildgebung ausw\u00e4hlen.\n<\/p>\n<hr>\n<h3>Verf\u00fcgbare Versionen<\/h3>\n<ul>\n<li><strong>B1200<\/strong> - Ideal f\u00fcr die visuelle Beobachtung und Bildgebung mit m\u00e4\u00dfig gro\u00dfen Sensoren.<\/li>\n<li><strong>B1800<\/strong> - Breiteres Feld, empfohlen f\u00fcr APS-C-Kameras und erweiterbare Konfigurationen.<\/li>\n<li><strong>B3400<\/strong> - High-End-Version, optimiert f\u00fcr gro\u00dfe Sensoren und anspruchsvolle Vollformat-Bildgebung.<\/li>\n<\/ul>\n<p>\nDie Wahl des Sperrfilters h\u00e4ngt haupts\u00e4chlich von der Gr\u00f6\u00dfe des verwendeten Sensors und den Anforderungen an die Sonnenbildgebung ab.\n<\/p>\n<hr>\n<h3>Optische Leistung - 100 mm Blende<\/h3>\n<ul>\n<li>Hohe Aufl\u00f6sung auf Protuberanzen und Filamenten<\/li>\n<li>Starke Kontraste auf aktiven Regionen<\/li>\n<li>Ausgezeichnete Haltbarkeit bei Vergr\u00f6\u00dferung<\/li>\n<li>Sehr gute Leistung bei der Mond- und Planetenbeobachtung<\/li>\n<\/ul>\n<p>\nDer Durchmesser von 100 mm ist eine leistungsf\u00e4hige Plattform f\u00fcr den fortgeschrittenen Beobachter, der ein vielseitiges und erweiterbares Instrument w\u00fcnscht.\n<\/p>\n<hr>\n<h3>Okularhalter Rack &amp; Pinion<\/h3>\n<ul>\n<li>Pr\u00e4zise und fl\u00fcssige Fokussierung<\/li>\n<li>Ausgezeichnete mechanische Steifigkeit<\/li>\n<li>Stabiles Halten von schwerem Zubeh\u00f6r<\/li>\n<\/ul>\n<p>\nDie Zahnstangenmechanik sorgt f\u00fcr eine optimale Stabilit\u00e4t, die besonders bei der Sonnenabbildung von Vorteil ist.\n<\/p>\n<hr>\n<h3>Inklusive Zubeh\u00f6r<\/h3>\n<ul>\n<li><strong>Satz Befestigungsschellen<\/strong><\/li>\n<li><strong>Red Dot Sun Finder<\/strong> f\u00fcr eine schnelle und sichere Sonnenausrichtung<\/li>\n<li><strong>Schwalbenschwanz 10\u2033<\/strong> f\u00fcr eine starre Befestigung an kompatiblen Fassungen<\/li>\n<\/ul>\n<p>\nDer 10\u2033-Schwalbenschwanz bietet eine bessere Gewichtsverteilung und erh\u00f6hte Stabilit\u00e4t bei \u00e4quatorialen oder alt-azimutalen Fassungen.\n<\/p>\n<hr>\n<h3>Hauptmerkmale<\/h3>\n<table border=\"1\" cellpadding=\"6\" cellspacing=\"0\">\n<tr>\n<td><strong>Modell<\/strong><\/td>\n<td>LS100MT \/ Rack &amp; Pinion<\/td>\n<\/tr>\n<tr>\n<td><strong>Er\u00f6ffnung<\/strong><\/td>\n<td>100 mm<\/td>\n<\/tr>\n<tr>\n<td><strong>H-alpha-Konfiguration<\/strong><\/td>\n<td>B1200 \/ B1800 \/ B3400 je nach Version<\/td>\n<\/tr>\n<tr>\n<td><strong>Okularhalter<\/strong><\/td>\n<td>Rack &amp; Pinion<\/td>\n<\/tr>\n<tr>\n<td><strong>Inklusive Montage<\/strong><\/td>\n<td>Schellen + Schwalbenschwanz 10\u2033<\/td>\n<\/tr>\n<tr>\n<td><strong>Sonnensucher<\/strong><\/td>\n<td>Red Dot Sun Finder enthalten<\/td>\n<\/tr>\n<\/table>\n<hr>\n<h3>Warum sollten Sie sich f\u00fcr den LS100MT entscheiden?<\/h3>\n<ul>\n<li>H\u00f6here Aufl\u00f6sung bei H-Alpha-Solar<\/li>\n<li>Erweiterte Imaging-Kompatibilit\u00e4t (je nach Version bis zum Vollformat)<\/li>\n<li>Vielseitigkeit Sonnen- und Nachtbeobachtung<\/li>\n<li>Komplette, einbaufertige Montage<\/li>\n<\/ul>\n<p>\nDie <strong>LS100MT 100 mm mit beliebigem Sperrfilter und Fokussierer Rack &amp; Pinion<\/strong> stellt eine skalierbare Premium-L\u00f6sung f\u00fcr den anspruchsvollen Betrachter dar, sowohl im visuellen als auch im bildgebenden Bereich.<\/p>","protected":false},"excerpt":{"rendered":"<p>LS100MT \u2013 T\u00e9lescope Universel Jour &#038; Nuit 100 mm avec Filtre Bloquant et Porte-oculaire Rack &amp; Pinion Le LS100MT 100 mm Universal Day &amp; Night est un instrument modulaire haut de gamme con\u00e7u pour l\u2019observation solaire en H-alpha ainsi que pour l\u2019astronomie nocturne. Avec son ouverture de 100 mm, il offre un excellent niveau de [&hellip;]<\/p>\n","protected":false},"featured_media":13623,"comment_status":"open","ping_status":"closed","template":"","meta":[],"product_brand":[880],"product_cat":[642,643],"product_tag":[],"class_list":{"0":"post-13626","1":"product","2":"type-product","3":"status-publish","4":"has-post-thumbnail","6":"product_brand-lunt-solar-systems","7":"product_cat-materiel-pour-lobservation-solaire","8":"product_cat-lunettes-solaires","10":"first","11":"on_supplier","12":"taxable","13":"shipping-taxable","14":"purchasable","15":"product-type-simple"},"_links":{"self":[{"href":"https:\/\/deep-space-astronomy.ch\/de\/wp-json\/wp\/v2\/product\/13626","targetHints":{"allow":["GET"]}}],"collection":[{"href":"https:\/\/deep-space-astronomy.ch\/de\/wp-json\/wp\/v2\/product"}],"about":[{"href":"https:\/\/deep-space-astronomy.ch\/de\/wp-json\/wp\/v2\/types\/product"}],"replies":[{"embeddable":true,"href":"https:\/\/deep-space-astronomy.ch\/de\/wp-json\/wp\/v2\/comments?post=13626"}],"wp:featuredmedia":[{"embeddable":true,"href":"https:\/\/deep-space-astronomy.ch\/de\/wp-json\/wp\/v2\/media\/13623"}],"wp:attachment":[{"href":"https:\/\/deep-space-astronomy.ch\/de\/wp-json\/wp\/v2\/media?parent=13626"}],"wp:term":[{"taxonomy":"product_brand","embeddable":true,"href":"https:\/\/deep-space-astronomy.ch\/de\/wp-json\/wp\/v2\/product_brand?post=13626"},{"taxonomy":"product_cat","embeddable":true,"href":"https:\/\/deep-space-astronomy.ch\/de\/wp-json\/wp\/v2\/product_cat?post=13626"},{"taxonomy":"product_tag","embeddable":true,"href":"https:\/\/deep-space-astronomy.ch\/de\/wp-json\/wp\/v2\/product_tag?post=13626"}],"curies":[{"name":"wp","href":"https:\/\/api.w.org\/{rel}","templated":true}]}}