{"id":13644,"date":"2026-02-24T11:27:08","date_gmt":"2026-02-24T10:27:08","guid":{"rendered":"https:\/\/deep-space-astronomy.ch\/?post_type=product&#038;p=13644"},"modified":"2026-02-24T11:32:24","modified_gmt":"2026-02-24T10:32:24","slug":"accessoire-ls130-module-cak-calcium","status":"publish","type":"product","link":"https:\/\/deep-space-astronomy.ch\/de\/produkt\/accessoire-ls130-module-cak-calcium\/","title":{"rendered":"Zubeh\u00f6r LS130: CaK-Modul (Calcium)"},"content":{"rendered":"<h2 style=\"text-align: center;\">CaK-Modul f\u00fcr LS130T<\/h2>\n<p>Die <strong>CaK-Modul f\u00fcr LS130T<\/strong> erm\u00f6glicht die Erforschung der Sonne in der Spektrallinie <strong>Kalzium K (CaK)<\/strong> um 393,4 nm, einer Wellenl\u00e4nge im nahen ultravioletten Bereich. Dieses Spektralband enth\u00fcllt Strukturen, die sich von den im H-Alpha-Bereich sichtbaren unterscheiden, darunter aktive Regionen und Sonnenflecken.<\/p>\n<hr \/>\n<h3>Beobachtung in Calcium K<\/h3>\n<p>Im Gegensatz zu H-alpha, das Ausst\u00fclpungen und Filamente hervorhebt, kann man bei CaK :<\/p>\n<ul>\n<li>Helle Str\u00e4nde um aktive Regionen<\/li>\n<li>Starke magnetische Zonen<\/li>\n<li>Die hohe chromosph\u00e4rische Granulation<\/li>\n<li>Die Entwicklung der Zyklen der Sonnenaktivit\u00e4t<\/li>\n<\/ul>\n<p>CaK ist besonders beliebt in <strong>Solar Imaging<\/strong>, In den aktiven Bereichen bietet er einen bemerkenswerten Kontrast.<\/p>\n<hr \/>\n<h3>Kompatibilit\u00e4t<\/h3>\n<ul>\n<li>Speziell entwickelt f\u00fcr den <strong>LS130T<\/strong><\/li>\n<li>Direkte Integration in das optische System<\/li>\n<li>Optimiert f\u00fcr die Arbeit mit der vollen Blende von 130 mm<\/li>\n<\/ul>\n<p>Das Modul nutzt die Aufl\u00f6sung des LS130T voll aus und bietet eine h\u00f6here Detailsch\u00e4rfe.<\/p>\n<hr \/>\n<h3>Empfohlene Verwendung<\/h3>\n<p>Die Wellenl\u00e4nge CaK liegt in einem Bereich des Spektrums, in dem die menschliche Sehempfindlichkeit gering ist. Daraus folgt:<\/p>\n<ul>\n<li>Die Nutzung ist haupts\u00e4chlich darauf ausgerichtet <strong>Bildgebung<\/strong><\/li>\n<li>Die visuelle Beobachtung kann je nach Empfindlichkeit des Beobachters eingeschr\u00e4nkt sein<\/li>\n<\/ul>\n<p>In der solaren Astrofotografie ist CaK eine ideale Erg\u00e4nzung zu H-alpha, um die Sonnenaktivit\u00e4t unter verschiedenen physikalischen Aspekten zu dokumentieren.<\/p>\n<hr \/>\n<h3>Warum ein CaK-Modul hinzuf\u00fcgen?<\/h3>\n<ul>\n<li>Perfekte Erg\u00e4nzung zu H-alpha<\/li>\n<li>Detaillierte Analyse der aktiven Regionen<\/li>\n<li>Wissenschaftlicher Ansatz zur Sonnenaktivit\u00e4t<\/li>\n<li>Maximale Ausnutzung des Potenzials des LS130T<\/li>\n<\/ul>\n<p>Die <strong>CaK-Modul f\u00fcr LS130T<\/strong> verwandelt Ihr Instrument in eine vollst\u00e4ndige Solarplattform, die mehrere Schichten und Ph\u00e4nomene unseres Sterns erforschen kann.<\/p>","protected":false},"excerpt":{"rendered":"<p>Module CaK pour LS130T Le module CaK pour LS130T permet d\u2019explorer le Soleil dans la raie Calcium K (CaK) autour de 393,4 nm, une longueur d\u2019onde situ\u00e9e dans le proche ultraviolet. Cette bande spectrale r\u00e9v\u00e8le des structures diff\u00e9rentes de celles visibles en H-alpha, notamment les r\u00e9gions actives et les plages solaires. Observation en Calcium K [&hellip;]<\/p>\n","protected":false},"featured_media":13645,"comment_status":"open","ping_status":"closed","template":"","meta":[],"product_brand":[880],"product_cat":[642,881,647],"product_tag":[],"class_list":{"0":"post-13644","1":"product","2":"type-product","3":"status-publish","4":"has-post-thumbnail","6":"product_brand-lunt-solar-systems","7":"product_cat-materiel-pour-lobservation-solaire","8":"product_cat-accessoires-pour-lunettes-solaires","9":"product_cat-filtres-bloquants-ha-ou-ca-k","11":"first","12":"on_supplier","13":"taxable","14":"shipping-taxable","15":"purchasable","16":"product-type-simple"},"_links":{"self":[{"href":"https:\/\/deep-space-astronomy.ch\/de\/wp-json\/wp\/v2\/product\/13644","targetHints":{"allow":["GET"]}}],"collection":[{"href":"https:\/\/deep-space-astronomy.ch\/de\/wp-json\/wp\/v2\/product"}],"about":[{"href":"https:\/\/deep-space-astronomy.ch\/de\/wp-json\/wp\/v2\/types\/product"}],"replies":[{"embeddable":true,"href":"https:\/\/deep-space-astronomy.ch\/de\/wp-json\/wp\/v2\/comments?post=13644"}],"wp:featuredmedia":[{"embeddable":true,"href":"https:\/\/deep-space-astronomy.ch\/de\/wp-json\/wp\/v2\/media\/13645"}],"wp:attachment":[{"href":"https:\/\/deep-space-astronomy.ch\/de\/wp-json\/wp\/v2\/media?parent=13644"}],"wp:term":[{"taxonomy":"product_brand","embeddable":true,"href":"https:\/\/deep-space-astronomy.ch\/de\/wp-json\/wp\/v2\/product_brand?post=13644"},{"taxonomy":"product_cat","embeddable":true,"href":"https:\/\/deep-space-astronomy.ch\/de\/wp-json\/wp\/v2\/product_cat?post=13644"},{"taxonomy":"product_tag","embeddable":true,"href":"https:\/\/deep-space-astronomy.ch\/de\/wp-json\/wp\/v2\/product_tag?post=13644"}],"curies":[{"name":"wp","href":"https:\/\/api.w.org\/{rel}","templated":true}]}}