{"id":13662,"date":"2026-02-24T11:59:18","date_gmt":"2026-02-24T10:59:18","guid":{"rendered":"https:\/\/deep-space-astronomy.ch\/?post_type=product&#038;p=13662"},"modified":"2026-04-15T11:00:56","modified_gmt":"2026-04-15T09:00:56","slug":"ls40fha-double-stack-pour-ls40tha","status":"publish","type":"product","link":"https:\/\/deep-space-astronomy.ch\/de\/produkt\/ls40fha-double-stack-pour-ls40tha\/","title":{"rendered":"LS40FHa: Double Stack f\u00fcr LS40THa (Neuer Standard \u2264 0,35 \u00c5)"},"content":{"rendered":"<h2>40mm Double Stack Filter f\u00fcr LS40THa<\/h2>\n<p>\nDie <strong>Filter Double Stack 40 mm<\/strong> ist speziell f\u00fcr den <strong>LS40THa<\/strong> um den Kontrast bei der H-alpha-Sonnenbeobachtung deutlich zu erh\u00f6hen. Durch Hinzuf\u00fcgen eines zweiten Standards wird die effektive Bandbreite des Systems verringert, wodurch die spektrale Selektivit\u00e4t verbessert wird und mehr Details auf der Sonnenoberfl\u00e4che sichtbar werden.\n<\/p>\n<hr>\n<h3>Warum sollte man einen Double Stack auf einem LS40 hinzuf\u00fcgen?<\/h3>\n<ul>\n<li>Verringerung der H-alpha-Bandbreite<\/li>\n<li>Deutlich erh\u00f6hter Kontrast auf der Sonnenscheibe<\/li>\n<li>Ausgepr\u00e4gtere Filamente<\/li>\n<li>Aktive Zeitr\u00e4ume besser definiert<\/li>\n<\/ul>\n<p>\nIn der einfachen Hengstkonfiguration sind die Protuberanzen hell und spektakul\u00e4r. In <strong>Dual Stack<\/strong>, Der Kontrast der Sonnenscheibe wird verst\u00e4rkt, wodurch die feinen Chromosph\u00e4renstrukturen hervorgehoben werden.\n<\/p>\n<hr>\n<h3>Kompatibilit\u00e4t<\/h3>\n<ul>\n<li><strong>LS40THa<\/strong><\/li>\n<\/ul>\n<p>\nDas Modul wird an der Vorderseite des kompatiblen Instruments angebracht und verwandelt Ihr LS40 in eine leistungsf\u00e4higere Doppelstandard-Konfiguration.\n<\/p>\n<hr>\n<h3>Vorteile in der Visualisierung und Bildgebung<\/h3>\n<ul>\n<li>Sofortige Verbesserung des Gesamtkontrasts<\/li>\n<li>Bessere Trennung von Feinstrukturen<\/li>\n<li>Optimierung f\u00fcr Sonnenbilder<\/li>\n<li>Einfache Weiterentwicklung eines bestehenden Systems<\/li>\n<\/ul>\n<hr>\n<h3>Hauptmerkmale<\/h3>\n<table border=\"1\" cellpadding=\"6\" cellspacing=\"0\">\n<tr>\n<td><strong>Durchmesser<\/strong><\/td>\n<td>40 mm<\/td>\n<\/tr>\n<tr>\n<td><strong>Typ<\/strong><\/td>\n<td>Double Stack H-Alpha-Filter<\/td>\n<\/tr>\n<tr>\n<td><strong>Kompatibilit\u00e4t<\/strong><\/td>\n<td>LS40THa<\/td>\n<\/tr>\n<tr>\n<td><strong>Installation<\/strong><\/td>\n<td>Frontaler Einbau<\/td>\n<\/tr>\n<\/table>\n<hr>\n<h3>Ein verst\u00e4rkter Kontrast f\u00fcr Ihren LS40<\/h3>\n<p>\nDie <strong>Double Stack 40 mm f\u00fcr LS40THa<\/strong> stellt eine direkte und effektive Verbesserung dar, um ein kontrastreicheres, reicheres und detailreicheres Sonnenbild zu erhalten.<\/p>","protected":false},"excerpt":{"rendered":"<p>Filtre Double Stack 40mm pour LS40THa Le filtre Double Stack 40 mm est sp\u00e9cialement con\u00e7u pour le LS40THa afin d\u2019augmenter significativement le contraste en observation solaire H-alpha. En ajoutant un second \u00e9talon, la bande passante effective du syst\u00e8me est r\u00e9duite, ce qui am\u00e9liore la s\u00e9lectivit\u00e9 spectrale et r\u00e9v\u00e8le davantage de d\u00e9tails \u00e0 la surface du [&hellip;]<\/p>\n","protected":false},"featured_media":13658,"comment_status":"open","ping_status":"closed","template":"","meta":[],"product_brand":[880],"product_cat":[642,881],"product_tag":[],"class_list":{"0":"post-13662","1":"product","2":"type-product","3":"status-publish","4":"has-post-thumbnail","6":"product_brand-lunt-solar-systems","7":"product_cat-materiel-pour-lobservation-solaire","8":"product_cat-accessoires-pour-lunettes-solaires","10":"first","11":"on_supplier","12":"taxable","13":"shipping-taxable","14":"purchasable","15":"product-type-simple"},"_links":{"self":[{"href":"https:\/\/deep-space-astronomy.ch\/de\/wp-json\/wp\/v2\/product\/13662","targetHints":{"allow":["GET"]}}],"collection":[{"href":"https:\/\/deep-space-astronomy.ch\/de\/wp-json\/wp\/v2\/product"}],"about":[{"href":"https:\/\/deep-space-astronomy.ch\/de\/wp-json\/wp\/v2\/types\/product"}],"replies":[{"embeddable":true,"href":"https:\/\/deep-space-astronomy.ch\/de\/wp-json\/wp\/v2\/comments?post=13662"}],"wp:featuredmedia":[{"embeddable":true,"href":"https:\/\/deep-space-astronomy.ch\/de\/wp-json\/wp\/v2\/media\/13658"}],"wp:attachment":[{"href":"https:\/\/deep-space-astronomy.ch\/de\/wp-json\/wp\/v2\/media?parent=13662"}],"wp:term":[{"taxonomy":"product_brand","embeddable":true,"href":"https:\/\/deep-space-astronomy.ch\/de\/wp-json\/wp\/v2\/product_brand?post=13662"},{"taxonomy":"product_cat","embeddable":true,"href":"https:\/\/deep-space-astronomy.ch\/de\/wp-json\/wp\/v2\/product_cat?post=13662"},{"taxonomy":"product_tag","embeddable":true,"href":"https:\/\/deep-space-astronomy.ch\/de\/wp-json\/wp\/v2\/product_tag?post=13662"}],"curies":[{"name":"wp","href":"https:\/\/api.w.org\/{rel}","templated":true}]}}