{"id":13789,"date":"2026-03-04T17:29:44","date_gmt":"2026-03-04T16:29:44","guid":{"rendered":"https:\/\/deep-space-astronomy.ch\/?post_type=product&#038;p=13789"},"modified":"2026-03-04T17:29:58","modified_gmt":"2026-03-04T16:29:58","slug":"renvoi-coude-baader-t-2-zeiss-prisme-avec-traitement-bbhs","status":"publish","type":"product","link":"https:\/\/deep-space-astronomy.ch\/de\/produkt\/renvoi-coude-baader-t-2-zeiss-prisme-avec-traitement-bbhs\/","title":{"rendered":"Abgewinkelte Umlenkung Baader T-2 (Zeiss) Prisma mit BBHS\u00ae -Beschichtung"},"content":{"rendered":"<h2 style=\"text-align: center;\">Abgewinkelte Umlenkung Baader T-2 (Zeiss) Prisma mit BBHS\u00ae -Beschichtung<\/h2>\n<p>Die <strong>Baader T-2 Stardiagonal Prism<\/strong> ist ein hochwertiger Winkeltrieb, der nach dem <strong>optische Standards von Zeiss<\/strong>. Ausgestattet mit einem Glasprisma <strong>BaK4<\/strong> und der ber\u00fchmten Behandlung <strong>BBHS\u00ae<\/strong>, Es bietet eine au\u00dfergew\u00f6hnliche Lichtdurchl\u00e4ssigkeit und maximalen Kontrast und ist ideal f\u00fcr die Beobachtung des Mondes, der Planeten und der Sonne.<\/p>\n<hr \/>\n<h3>Hochpr\u00e4zises Prisma gem\u00e4\u00df den Zeiss-Standards<\/h3>\n<p>Das Prisma wird nach Zeiss-Spezifikationen hergestellt, um eine extrem hohe optische Genauigkeit zu gew\u00e4hrleisten.<\/p>\n<ul>\n<li>Hochwertiges BaK4-Prisma<\/li>\n<li>Herstellung nach Zeiss-Standards<\/li>\n<li>Mehrfach behandelte optische Oberfl\u00e4chen<\/li>\n<li>Ebenheit und Genauigkeit ca. <strong>5-mal h\u00f6her<\/strong> zu Standardprismen<\/li>\n<\/ul>\n<p>Diese Pr\u00e4zision sorgt f\u00fcr ein besonders scharfes Bild mit hohem Kontrast und einer ausgezeichneten Wiedergabe feiner Details.<\/p>\n<hr \/>\n<h3>Hochleistungsf\u00e4hige BBHS\u00ae-Behandlung<\/h3>\n<p>Die Behandlung <strong>BBHS\u00ae (Broad Band Hard Silver)<\/strong> sorgt f\u00fcr eine maximale Lichtdurchl\u00e4ssigkeit und eine sehr hohe Haltbarkeit.<\/p>\n<ul>\n<li>Sehr hohe Lichtdurchl\u00e4ssigkeit<\/li>\n<li>Optimaler Kontrast<\/li>\n<li>Dauerhafte und widerstandsf\u00e4hige Behandlung<\/li>\n<li>Ideale Leistung f\u00fcr die Planeten- und Mondbeobachtung<\/li>\n<\/ul>\n<hr \/>\n<h3>Sehr kompaktes modulares T-2-Design<\/h3>\n<p>Dank der <strong>T-2-Gewinde auf beiden Seiten vorhanden<\/strong>, Die abgewinkelte Umlenkung l\u00e4sst sich leicht in viele optische Systeme integrieren, wobei die optische L\u00e4nge minimal bleibt.<\/p>\n<ul>\n<li>T-2-Anschluss auf beiden Seiten<\/li>\n<li>Extrem kompaktes Design<\/li>\n<li>Hohe Flexibilit\u00e4t bei der Integration in einen optischen Zug<\/li>\n<li>An verschiedene Arten von Teleskopen anpassbar<\/li>\n<\/ul>\n<hr \/>\n<h3>Gro\u00dfe freie \u00d6ffnung<\/h3>\n<ul>\n<li><strong>Freie \u00d6ffnung: 35 mm<\/strong><\/li>\n<li>Teleskopseitige Verbindung : <strong>2\u2033 oder 1,25\u2033.<\/strong> (je nach Adapter)<\/li>\n<li>Augenseitige Verbindung : <strong>1,25\u2033<\/strong><\/li>\n<\/ul>\n<p>Durch diese gro\u00dfz\u00fcgige \u00d6ffnung wird die Vignettierung minimiert und die volle Helligkeit des optischen Systems erhalten.<\/p>\n<hr \/>\n<h3>Robuste mechanische Konstruktion<\/h3>\n<p>Das Prisma wird in einem <strong>pr\u00e4zise bearbeitetes Metallgeh\u00e4use<\/strong>, Die Kosten f\u00fcr die Anschaffung eines Prismas sind deutlich h\u00f6her als die Kosten f\u00fcr die Anschaffung von Kunststoffgeh\u00e4usen, die h\u00e4ufig bei Standardprismen verwendet werden.<\/p>\n<ul>\n<li>Ganzmetallgeh\u00e4use<\/li>\n<li>Hohe mechanische Steifigkeit<\/li>\n<li>Pr\u00e4zise und dauerhafte optische Unterst\u00fctzung<\/li>\n<li>Premium-Verarbeitungsqualit\u00e4t<\/li>\n<\/ul>\n<hr \/>\n<h3>Hauptmerkmale<\/h3>\n<table border=\"1\" cellspacing=\"0\" cellpadding=\"6\">\n<tbody>\n<tr>\n<td><strong>Typ<\/strong><\/td>\n<td>Abgewinkelte Umlenkung mit 90\u00b0-Prisma<\/td>\n<\/tr>\n<tr>\n<td><strong>Prisma<\/strong><\/td>\n<td>BaK4 entspricht den Zeiss-Standards<\/td>\n<\/tr>\n<tr>\n<td><strong>Optische Verarbeitung<\/strong><\/td>\n<td>BBHS\u00ae Broad Band Hard Silver<\/td>\n<\/tr>\n<tr>\n<td><strong>Freie \u00d6ffnung<\/strong><\/td>\n<td>35 mm<\/td>\n<\/tr>\n<tr>\n<td><strong>Teleskop-Anschluss<\/strong><\/td>\n<td>T-2 (anpassbar auf 2\u2033 oder 1,25\u2033)<\/td>\n<\/tr>\n<tr>\n<td><strong>Augenverbindung<\/strong><\/td>\n<td>1,25\u2033<\/td>\n<\/tr>\n<tr>\n<td><strong>Gewinde<\/strong><\/td>\n<td>T-2 auf beiden Seiten<\/td>\n<\/tr>\n<\/tbody>\n<\/table>\n<hr \/>\n<h3>Ein abgewinkeltes Referenzumlenkst\u00fcck f\u00fcr die hochaufl\u00f6sende Beobachtung<\/h3>\n<p>Dank der Herstellung nach Zeiss-Standards, der Verarbeitung <strong>BBHS\u00ae<\/strong> und seinem \u00e4u\u00dferst kompakten modularen Design ist der <strong>Baader T-2 Stardiagonal Prism<\/strong> ist eine Referenzl\u00f6sung f\u00fcr Astronomen, die nach maximaler optischer Qualit\u00e4t und flexibler Integration in ihren optischen Zug suchen.<\/p>","protected":false},"excerpt":{"rendered":"<p>Renvoi coud\u00e9 Baader T-2 (Zeiss) Prisme avec traitement BBHS\u00ae Le Baader T-2 Stardiagonal Prism est un renvoi coud\u00e9 haut de gamme con\u00e7u selon les normes optiques Zeiss. \u00c9quip\u00e9 d\u2019un prisme en verre BaK4 et du c\u00e9l\u00e8bre traitement BBHS\u00ae, il offre une transmission lumineuse exceptionnelle et un contraste maximal, id\u00e9al pour l\u2019observation lunaire, plan\u00e9taire et solaire. [&hellip;]<\/p>\n","protected":false},"featured_media":13790,"comment_status":"open","ping_status":"closed","template":"","meta":[],"product_brand":[624],"product_cat":[627],"product_tag":[],"class_list":{"0":"post-13789","1":"product","2":"type-product","3":"status-publish","4":"has-post-thumbnail","6":"product_brand-baader","7":"product_cat-porte-oculaire","9":"first","10":"on_supplier","11":"sale","12":"taxable","13":"shipping-taxable","14":"purchasable","15":"product-type-simple"},"_links":{"self":[{"href":"https:\/\/deep-space-astronomy.ch\/de\/wp-json\/wp\/v2\/product\/13789","targetHints":{"allow":["GET"]}}],"collection":[{"href":"https:\/\/deep-space-astronomy.ch\/de\/wp-json\/wp\/v2\/product"}],"about":[{"href":"https:\/\/deep-space-astronomy.ch\/de\/wp-json\/wp\/v2\/types\/product"}],"replies":[{"embeddable":true,"href":"https:\/\/deep-space-astronomy.ch\/de\/wp-json\/wp\/v2\/comments?post=13789"}],"wp:featuredmedia":[{"embeddable":true,"href":"https:\/\/deep-space-astronomy.ch\/de\/wp-json\/wp\/v2\/media\/13790"}],"wp:attachment":[{"href":"https:\/\/deep-space-astronomy.ch\/de\/wp-json\/wp\/v2\/media?parent=13789"}],"wp:term":[{"taxonomy":"product_brand","embeddable":true,"href":"https:\/\/deep-space-astronomy.ch\/de\/wp-json\/wp\/v2\/product_brand?post=13789"},{"taxonomy":"product_cat","embeddable":true,"href":"https:\/\/deep-space-astronomy.ch\/de\/wp-json\/wp\/v2\/product_cat?post=13789"},{"taxonomy":"product_tag","embeddable":true,"href":"https:\/\/deep-space-astronomy.ch\/de\/wp-json\/wp\/v2\/product_tag?post=13789"}],"curies":[{"name":"wp","href":"https:\/\/api.w.org\/{rel}","templated":true}]}}