{"id":13791,"date":"2026-03-04T17:35:26","date_gmt":"2026-03-04T16:35:26","guid":{"rendered":"https:\/\/deep-space-astronomy.ch\/?post_type=product&#038;p=13791"},"modified":"2026-03-04T17:35:39","modified_gmt":"2026-03-04T16:35:39","slug":"baader-maxbright-ii-binocular-2-x-10mm","status":"publish","type":"product","link":"https:\/\/deep-space-astronomy.ch\/de\/produkt\/baader-maxbright-ii-binocular-2-x-10mm\/","title":{"rendered":"Baader Maxbright\u00ae II Binokular 2 x 10mm"},"content":{"rendered":"<h2>Baader MaxBright\u00ae II Binoviewer<\/h2>\n<p>Die <strong>Baader MaxBright\u00ae II Binoviewer<\/strong> erm\u00f6glicht die Beobachtung des Himmels mit beiden Augen und bietet eine nat\u00fcrlichere Wahrnehmung von Details, einen h\u00f6heren Kontrast und eine geringere Erm\u00fcdung der Augen. Entwickelt, um sich nahtlos in das \u00d6kosystem zu integrieren <strong>Baader Astro T-2 System\u2122<\/strong>, Es zeichnet sich durch seine Kompaktheit, seine mechanische Pr\u00e4zision und seine hohe Kompatibilit\u00e4t mit verschiedenen optischen Systemen aus.<\/p>\n<hr \/>\n<h3>Hochwertige Prismen f\u00fcr 1,25\u2033 Okulare<\/h3>\n<ul>\n<li>Prismen von <strong>27 mm<\/strong><\/li>\n<li><strong>Freie \u00d6ffnung von 26 \/ 25,5 mm<\/strong><\/li>\n<li>Kompatibel mit allen Okularen <strong>1,25\u2033<\/strong><\/li>\n<li>Optimiert f\u00fcr Okulare bis <strong>35 mm Brennweite<\/strong><\/li>\n<\/ul>\n<p>Diese gro\u00dfz\u00fcgige \u00d6ffnung gew\u00e4hrleistet eine hervorragende Lichtdurchl\u00e4ssigkeit und begrenzt die Vignettierung, selbst bei Weitfeldokularen.<\/p>\n<hr \/>\n<h3>Ergonomisches ClickLock\u00ae-System<\/h3>\n<p>Die Okulare werden von den ber\u00fchmten <strong>Baader ClickLock\u00ae-Klemmen<\/strong>, Sie sind f\u00fcr ihre Genauigkeit und Benutzerfreundlichkeit bekannt.<\/p>\n<ul>\n<li>Schnelles und sicheres Festklemmen der Okulare<\/li>\n<li>Einfache Handhabung auch mit Handschuhen<\/li>\n<li>Integrierte Dioptrieneinstellung<\/li>\n<li>Perfekte Ausrichtung der Okulare<\/li>\n<\/ul>\n<hr \/>\n<h3>Maximale Kompatibilit\u00e4t mit dem T-2-System<\/h3>\n<p>Das Binokular ist um den <strong>Baader Astro T-2 System\u2122<\/strong>, Dies erm\u00f6glicht eine \u00e4u\u00dferst flexible Integration in verschiedene optische Z\u00fcge.<\/p>\n<ul>\n<li>Gewinde <strong>T-2 (M42 x 0,75)<\/strong><\/li>\n<li><strong>Zeiss-Mikrobajonett<\/strong> f\u00fcr eine sehr kurze Verbindung<\/li>\n<li>Kompatibilit\u00e4t mit vielen Teleskopen<\/li>\n<li>Optimierung des optischen Ziehens<\/li>\n<\/ul>\n<p>Dieses Design erm\u00f6glicht eine kompakte und vollkommen starre mechanische Konfiguration.<\/p>\n<hr \/>\n<h3>Kompaktes und leichtes Design<\/h3>\n<ul>\n<li><strong>Optische L\u00e4nge: 110 mm<\/strong> (Toleranz \u00b11 mm)<\/li>\n<li><strong>Gewicht: 595 g<\/strong><\/li>\n<li>Etwa <strong>200 g leichter<\/strong> dass der Baader Mark V<\/li>\n<\/ul>\n<p>Das kompakte Design erleichtert das Ausbalancieren des Teleskops und reduziert die mechanische Belastung des Okularhalters.<\/p>\n<hr \/>\n<h3>Inhalt der Lieferung<\/h3>\n<ul>\n<li><strong>Baader MaxBright\u00ae II Binoviewer<\/strong><\/li>\n<li>Adapter <strong>T-2<\/strong><\/li>\n<li>Adapter <strong>Zeiss Mikro-Bajonett<\/strong><\/li>\n<li><strong>Gepolsterter Tragekoffer<\/strong><\/li>\n<li>2x Baader Clasic Ortho Okulare 10mm<\/li>\n<\/ul>\n<hr \/>\n<h3>Hauptmerkmale<\/h3>\n<table border=\"1\" cellspacing=\"0\" cellpadding=\"6\">\n<tbody>\n<tr>\n<td><strong>Typ<\/strong><\/td>\n<td>Astronomischer Binokular-Kopf<\/td>\n<\/tr>\n<tr>\n<td><strong>Prismendurchmesser<\/strong><\/td>\n<td>27 mm<\/td>\n<\/tr>\n<tr>\n<td><strong>Freie \u00d6ffnung<\/strong><\/td>\n<td>26 \/ 25,5 mm<\/td>\n<\/tr>\n<tr>\n<td><strong>Kompatibilit\u00e4t Augen<\/strong><\/td>\n<td>1,25\u2033<\/td>\n<\/tr>\n<tr>\n<td><strong>Verbindung<\/strong><\/td>\n<td>T-2 (M42 x 0,75) und Zeiss-Mikrobajonett<\/td>\n<\/tr>\n<tr>\n<td><strong>Optische L\u00e4nge<\/strong><\/td>\n<td>110 mm<\/td>\n<\/tr>\n<tr>\n<td><strong>Gewicht<\/strong><\/td>\n<td>595 g<\/td>\n<\/tr>\n<\/tbody>\n<\/table>\n<hr \/>\n<h3>Eine nat\u00fcrlichere und immersivere Beobachtung<\/h3>\n<p>Die <strong>Baader MaxBright\u00ae II<\/strong> erm\u00f6glicht eine komfortable und immersive binokulare Beobachtung, die ideal f\u00fcr den Mond, die Planeten und die Sonne ist. Sein hochpr\u00e4zises optisches Design und die umfassende Kompatibilit\u00e4t mit dem T-2 System machen es zu einer leistungsstarken und flexiblen L\u00f6sung f\u00fcr viele astronomische Konfigurationen.<\/p>","protected":false},"excerpt":{"rendered":"<p>Baader MaxBright\u00ae II Binoviewer Le Baader MaxBright\u00ae II Binoviewer permet d\u2019observer le ciel avec les deux yeux, offrant une perception plus naturelle des d\u00e9tails, un contraste accru et une fatigue visuelle r\u00e9duite. Con\u00e7u pour s\u2019int\u00e9grer parfaitement dans l\u2019\u00e9cosyst\u00e8me Baader Astro T-2 System\u2122, il se distingue par sa compacit\u00e9, sa pr\u00e9cision m\u00e9canique et sa grande compatibilit\u00e9 [&hellip;]<\/p>\n","protected":false},"featured_media":13792,"comment_status":"open","ping_status":"closed","template":"","meta":[],"product_brand":[624],"product_cat":[625],"product_tag":[],"class_list":{"0":"post-13791","1":"product","2":"type-product","3":"status-publish","4":"has-post-thumbnail","6":"product_brand-baader","7":"product_cat-binoculaires","9":"first","10":"on_supplier","11":"sale","12":"taxable","13":"shipping-taxable","14":"purchasable","15":"product-type-simple"},"_links":{"self":[{"href":"https:\/\/deep-space-astronomy.ch\/de\/wp-json\/wp\/v2\/product\/13791","targetHints":{"allow":["GET"]}}],"collection":[{"href":"https:\/\/deep-space-astronomy.ch\/de\/wp-json\/wp\/v2\/product"}],"about":[{"href":"https:\/\/deep-space-astronomy.ch\/de\/wp-json\/wp\/v2\/types\/product"}],"replies":[{"embeddable":true,"href":"https:\/\/deep-space-astronomy.ch\/de\/wp-json\/wp\/v2\/comments?post=13791"}],"wp:featuredmedia":[{"embeddable":true,"href":"https:\/\/deep-space-astronomy.ch\/de\/wp-json\/wp\/v2\/media\/13792"}],"wp:attachment":[{"href":"https:\/\/deep-space-astronomy.ch\/de\/wp-json\/wp\/v2\/media?parent=13791"}],"wp:term":[{"taxonomy":"product_brand","embeddable":true,"href":"https:\/\/deep-space-astronomy.ch\/de\/wp-json\/wp\/v2\/product_brand?post=13791"},{"taxonomy":"product_cat","embeddable":true,"href":"https:\/\/deep-space-astronomy.ch\/de\/wp-json\/wp\/v2\/product_cat?post=13791"},{"taxonomy":"product_tag","embeddable":true,"href":"https:\/\/deep-space-astronomy.ch\/de\/wp-json\/wp\/v2\/product_tag?post=13791"}],"curies":[{"name":"wp","href":"https:\/\/api.w.org\/{rel}","templated":true}]}}