{"id":13854,"date":"2026-03-10T11:01:16","date_gmt":"2026-03-10T10:01:16","guid":{"rendered":"https:\/\/deep-space-astronomy.ch\/?post_type=product&#038;p=13854"},"modified":"2026-03-10T11:01:31","modified_gmt":"2026-03-10T10:01:31","slug":"unistellar-odyssey","status":"publish","type":"product","link":"https:\/\/deep-space-astronomy.ch\/de\/produkt\/unistellar-odyssey\/","title":{"rendered":"Unistellar ODYSSEY"},"content":{"rendered":"<h2 style=\"text-align: center;\">Unistellar ODYSSEY - Kompaktes intelligentes Teleskop<\/h2>\n<p>Die <strong>Unistellar ODYSSEY<\/strong> ist ein intelligentes Teleskop, das entwickelt wurde, um ein einfaches, schnelles und spektakul\u00e4res Beobachtungserlebnis zu bieten. Es ist kompakt und tragbar und erm\u00f6glicht sowohl die Erkundung von <strong>Planeten<\/strong> dass die <strong>Deep-Sky-Objekte<\/strong> ohne komplizierte Einstellungen. Dank des automatischen Systems und der speziellen mobilen App dauert es nur wenige Augenblicke, bis Sie mit der Beobachtung des Universums beginnen k\u00f6nnen.<\/p>\n<p>Seine Echtzeit-Bildverarbeitung enth\u00fcllt nach und nach die Details der <strong>Nebel, Galaxien, Sternhaufen oder der Mond<\/strong>, sogar von st\u00e4dtischen Gebieten aus. Das Teleskop wird direkt von einem Smartphone oder Tablet aus gesteuert und bietet so ein intuitives Erlebnis, das f\u00fcr jeden zug\u00e4nglich ist.<\/p>\n<hr \/>\n<h3>Einfaches und intuitives Beobachten<\/h3>\n<ul>\n<li>Vollst\u00e4ndige Kontrolle \u00fcber Smartphone oder Tablet<\/li>\n<li>Kostenlose Anwendung verf\u00fcgbar auf <strong>iOS und Android<\/strong><\/li>\n<li>Auswahl von Objekten direkt aus dem Himmelskatalog<\/li>\n<li>Live-Bildverarbeitung zur schrittweisen Enth\u00fcllung von Details<\/li>\n<li>Einfaches Teilen von aufgenommenen Bildern<\/li>\n<\/ul>\n<p>Es sind keine astronomischen Kenntnisse erforderlich: Schalten Sie einfach das Teleskop ein, w\u00e4hlen Sie in der Anwendung ein Objekt aus und beginnen Sie mit der Erkundung.<\/p>\n<hr \/>\n<h3>Ein Teleskop, das entwickelt wurde, um \u00fcberall zu beobachten<\/h3>\n<p>Dank seines kompakten Designs und der schnellen Optik erm\u00f6glicht das ODYSSEY die Beobachtung zahlreicher Himmelsobjekte auch aus st\u00e4dtischen Umgebungen, die der Lichtverschmutzung ausgesetzt sind.<\/p>\n<ul>\n<li>Beobachtung der Planeten und des Mondes<\/li>\n<li>Erforschung von Nebeln und Galaxien<\/li>\n<li>Nutzung vom Garten, Balkon oder Dach aus m\u00f6glich<\/li>\n<\/ul>\n<hr \/>\n<h3>Leistungsstarke Optik und gro\u00dfes Feld<\/h3>\n<ul>\n<li>Spiegeldurchmesser : <strong>85 mm<\/strong><\/li>\n<li>Brennweite : <strong>320 mm<\/strong><\/li>\n<li>Fokusbericht : <strong>f\/3.9<\/strong><\/li>\n<li>Sichtfeld : <strong>33,6 \u00d7 45 Bogenminuten<\/strong><\/li>\n<li>Grenzmagnitude : <strong>17,2<\/strong><\/li>\n<\/ul>\n<p>Diese schnelle optische Konfiguration erm\u00f6glicht helle und detailreiche Bilder von Deep-Sky-Objekten.<\/p>\n<hr \/>\n<h3>Automatisiertes System und integrierte Datenbank<\/h3>\n<ul>\n<li>Rahmen <strong>alt-azimutale motorisierte<\/strong><\/li>\n<li>Himmelskatalog von <strong>5000+ Gegenst\u00e4nde<\/strong><\/li>\n<li>Sternendatenbank : <strong>37 Millionen<\/strong><\/li>\n<li>Interne Speicherung : <strong>64 GB<\/strong><\/li>\n<\/ul>\n<hr \/>\n<h3>Autonomie und Portabilit\u00e4t<\/h3>\n<ul>\n<li>Akkulaufzeit : <strong>5 Stunden<\/strong><\/li>\n<li>Gewicht des Teleskops : <strong>4 kg<\/strong><\/li>\n<li>Gewicht des Stativs : <strong>2,5 kg<\/strong><\/li>\n<\/ul>\n<p>Durch sein geringes Gewicht und die schnelle Installation ist es ideal f\u00fcr spontane Beobachtungen.<\/p>\n<hr \/>\n<h3>Inhalt der Schachtel<\/h3>\n<ul>\n<li>Teleskop <strong>Unistellar ODYSSEY<\/strong><\/li>\n<li>Original Unistellar Stativ<\/li>\n<li>Staubschutzkappe und Okularabdeckung<\/li>\n<li>Ladeger\u00e4t mit Adapter<\/li>\n<li>Werkzeuge zum Einstellen<\/li>\n<li>Dokumentation<\/li>\n<li>Herunterladen der mobilen App (iOS &amp; Android)<\/li>\n<\/ul>\n<hr \/>\n<h3>Eine neue Art, das Universum zu erforschen<\/h3>\n<p>Mit der ODYSSEY-Serie bietet Unistellar einen modernen Ansatz f\u00fcr die Astronomie: intelligente Instrumente, die das Universum mit einer einfachen Bedienung enth\u00fcllen k\u00f6nnen. Diese Teleskope wurden so konzipiert, dass sie sowohl f\u00fcr Anf\u00e4nger als auch f\u00fcr Enthusiasten zug\u00e4nglich sind. Sie bieten ein immersives Erlebnis und erm\u00f6glichen es, den Himmel mit beeindruckender Klarheit neu zu entdecken.<\/p>","protected":false},"excerpt":{"rendered":"<p>Unistellar ODYSSEY \u2013 T\u00e9lescope intelligent compact Le Unistellar ODYSSEY est un t\u00e9lescope intelligent con\u00e7u pour offrir une exp\u00e9rience d\u2019observation simple, rapide et spectaculaire. Compact et portable, il permet d\u2019explorer aussi bien les plan\u00e8tes que les objets du ciel profond sans r\u00e9glages complexes. Gr\u00e2ce \u00e0 son syst\u00e8me automatis\u00e9 et \u00e0 son application mobile d\u00e9di\u00e9e, il suffit [&hellip;]<\/p>\n","protected":false},"featured_media":13855,"comment_status":"open","ping_status":"closed","template":"","meta":[],"product_brand":[882],"product_cat":[753],"product_tag":[],"class_list":{"0":"post-13854","1":"product","2":"type-product","3":"status-publish","4":"has-post-thumbnail","6":"product_brand-unistellar","7":"product_cat-smart-telescopes-telescopes_reflecteurs","9":"first","10":"instock","11":"taxable","12":"shipping-taxable","13":"purchasable","14":"product-type-simple"},"_links":{"self":[{"href":"https:\/\/deep-space-astronomy.ch\/de\/wp-json\/wp\/v2\/product\/13854","targetHints":{"allow":["GET"]}}],"collection":[{"href":"https:\/\/deep-space-astronomy.ch\/de\/wp-json\/wp\/v2\/product"}],"about":[{"href":"https:\/\/deep-space-astronomy.ch\/de\/wp-json\/wp\/v2\/types\/product"}],"replies":[{"embeddable":true,"href":"https:\/\/deep-space-astronomy.ch\/de\/wp-json\/wp\/v2\/comments?post=13854"}],"wp:featuredmedia":[{"embeddable":true,"href":"https:\/\/deep-space-astronomy.ch\/de\/wp-json\/wp\/v2\/media\/13855"}],"wp:attachment":[{"href":"https:\/\/deep-space-astronomy.ch\/de\/wp-json\/wp\/v2\/media?parent=13854"}],"wp:term":[{"taxonomy":"product_brand","embeddable":true,"href":"https:\/\/deep-space-astronomy.ch\/de\/wp-json\/wp\/v2\/product_brand?post=13854"},{"taxonomy":"product_cat","embeddable":true,"href":"https:\/\/deep-space-astronomy.ch\/de\/wp-json\/wp\/v2\/product_cat?post=13854"},{"taxonomy":"product_tag","embeddable":true,"href":"https:\/\/deep-space-astronomy.ch\/de\/wp-json\/wp\/v2\/product_tag?post=13854"}],"curies":[{"name":"wp","href":"https:\/\/api.w.org\/{rel}","templated":true}]}}